{"id":103218,"date":"2024-11-14T14:45:59","date_gmt":"2024-11-14T13:45:59","guid":{"rendered":"https:\/\/foliobooks.pl\/sklep\/bmw-milestones\/"},"modified":"2026-01-20T10:18:44","modified_gmt":"2026-01-20T09:18:44","slug":"bmw-milestones","status":"publish","type":"product","link":"https:\/\/foliobooks.pl\/en\/shop\/bmw-milestones\/","title":{"rendered":"BMW Milestones"},"content":{"rendered":"<p>In his customary detailed manner,\u00a0<span class=\"a-text-bold\">Michael K\u00f6ckrit<\/span>z guides his readers through all the significant points of the company&#8217;s history in his latest coffee table book,<span class=\"a-text-bold\">\u00a0&#8220;BMW Milestones&#8221;<\/span>. He showcases the most significant and innovative 40 models, presented in chronological order and enriched with intriguing background information. The 3 Series, 5 Series, and 7 Series are covered, along with the popular M models, as well as the luxury and racing models. Starting from the early combustion engines, he progresses through automotive history to the latest electric vehicles.<\/p>\n<p>Naturally, this immense coffee table book shines with phenomenal photographs of each model.\u00a0<span class=\"a-text-bold\">K\u00f6ckritz\u00a0<\/span>skillfully portrays the cars, evoking the exact feeling that the well-known slogan of the car brand proclaims: &#8220;Sheer Driving Pleasure.&#8221;<\/p>\n<p>For all BMW enthusiasts who have always wanted to know more about their favorite car,\u00a0<span class=\"a-text-bold\">&#8220;BMW Milestones&#8221;<\/span>\u00a0is the perfect coffee table book. Those who want to dive into the history and heritage of Bayerische Motorenwerke will find in\u00a0<span class=\"a-text-bold\">K\u00f6ckritz&#8217;s\u00a0<\/span>latest volume an exciting collection of facts, extraordinary stories, and photographs.<\/p>\n","protected":false},"excerpt":{"rendered":"<p>In his customary detailed manner,\u00a0Michael K\u00f6ckritz guides his readers through all the significant points of the company&#8217;s history in his latest coffee table book,\u00a0&#8220;BMW Milestones&#8221;. He showcases the most significant and innovative 40 models, presented in chronological order and enriched with intriguing background information. The 3 Series, 5 Series, and 7 Series are covered, along&#8230;<\/p>\n","protected":false},"featured_media":103201,"comment_status":"closed","ping_status":"closed","template":"","meta":[],"product_brand":[],"product_cat":[13533,4520],"product_tag":[216],"class_list":{"0":"post-103218","1":"product","2":"type-product","3":"status-publish","4":"has-post-thumbnail","6":"product_cat-books","7":"product_cat-motorsport-en","8":"product_tag-cars-en","9":"pa_author_att-michael-kockritz-en","10":"pa_cover-hardcover","11":"pa_format-235-x-30-cm-en","12":"pa_isbn-9783961715602-en","13":"pa_language-eng","14":"pa_pages-224-2-en","15":"pa_published-2024-09-03-en","16":"pa_publisher-teneues-en","18":"first","19":"outofstock","20":"sold-individually","21":"shipping-taxable","22":"purchasable","23":"product-type-simple"},"yoast_head":"<!-- This site is optimized with the Yoast SEO plugin v27.4 - https:\/\/yoast.com\/product\/yoast-seo-wordpress\/ -->\n<title>BMW Milestones (Michael K\u00f6ckritz) - book \/ album - Folio<\/title>\n<meta name=\"description\" content=\"Wejd\u017a i kup ksi\u0105\u017ck\u0119 BMW Milestones autorstwa Michael K\u00f6ckritz wydan\u0105 przez teNeues (2024-09-03) w formacie 23,5 x 30 cm (ISBN: 9783961715602). Zapraszamy!\" \/>\n<meta name=\"robots\" content=\"index, follow, max-snippet:-1, max-image-preview:large, max-video-preview:-1\" \/>\n<link rel=\"canonical\" href=\"https:\/\/foliobooks.pl\/en\/shop\/bmw-milestones\/\" \/>\n<meta property=\"og:locale\" content=\"en_US\" \/>\n<meta property=\"og:type\" content=\"article\" \/>\n<meta property=\"og:title\" content=\"BMW Milestones (Michael K\u00f6ckritz) - book \/ album - Folio\" \/>\n<meta property=\"og:description\" content=\"Wejd\u017a i kup ksi\u0105\u017ck\u0119 BMW Milestones autorstwa Michael K\u00f6ckritz wydan\u0105 przez teNeues (2024-09-03) w formacie 23,5 x 30 cm (ISBN: 9783961715602). Zapraszamy!\" \/>\n<meta property=\"og:url\" content=\"https:\/\/foliobooks.pl\/en\/shop\/bmw-milestones\/\" \/>\n<meta property=\"og:site_name\" content=\"Folio\" \/>\n<meta property=\"article:modified_time\" content=\"2026-01-20T09:18:44+00:00\" \/>\n<meta property=\"og:image\" content=\"https:\/\/foliobooks.pl\/wp-content\/uploads\/2024\/11\/9783961715602.png\" \/>\n\t<meta property=\"og:image:width\" content=\"570\" \/>\n\t<meta property=\"og:image:height\" content=\"708\" \/>\n\t<meta property=\"og:image:type\" content=\"image\/png\" \/>\n<meta name=\"twitter:card\" content=\"summary_large_image\" \/>\n<meta name=\"twitter:label1\" content=\"Est. reading time\" \/>\n\t<meta name=\"twitter:data1\" content=\"2 minutes\" \/>\n<script type=\"application\/ld+json\" class=\"yoast-schema-graph\">{\"@context\":\"https:\\\/\\\/schema.org\",\"@graph\":[{\"@type\":\"WebPage\",\"@id\":\"https:\\\/\\\/foliobooks.pl\\\/en\\\/shop\\\/bmw-milestones\\\/\",\"url\":\"https:\\\/\\\/foliobooks.pl\\\/en\\\/shop\\\/bmw-milestones\\\/\",\"name\":\"BMW Milestones (Michael K\u00f6ckritz) - book \\\/ album - Folio\",\"isPartOf\":{\"@id\":\"https:\\\/\\\/foliobooks.pl\\\/en\\\/#website\"},\"primaryImageOfPage\":{\"@id\":\"https:\\\/\\\/foliobooks.pl\\\/en\\\/shop\\\/bmw-milestones\\\/#primaryimage\"},\"image\":{\"@id\":\"https:\\\/\\\/foliobooks.pl\\\/en\\\/shop\\\/bmw-milestones\\\/#primaryimage\"},\"thumbnailUrl\":\"https:\\\/\\\/foliobooks.pl\\\/wp-content\\\/uploads\\\/2024\\\/11\\\/9783961715602.png\",\"datePublished\":\"2024-11-14T13:45:59+00:00\",\"dateModified\":\"2026-01-20T09:18:44+00:00\",\"description\":\"Wejd\u017a i kup ksi\u0105\u017ck\u0119 BMW Milestones autorstwa Michael K\u00f6ckritz wydan\u0105 przez teNeues (2024-09-03) w formacie 23,5 x 30 cm (ISBN: 9783961715602). Zapraszamy!\",\"breadcrumb\":{\"@id\":\"https:\\\/\\\/foliobooks.pl\\\/en\\\/shop\\\/bmw-milestones\\\/#breadcrumb\"},\"inLanguage\":\"en-US\",\"potentialAction\":[{\"@type\":\"ReadAction\",\"target\":[\"https:\\\/\\\/foliobooks.pl\\\/en\\\/shop\\\/bmw-milestones\\\/\"]}]},{\"@type\":\"ImageObject\",\"inLanguage\":\"en-US\",\"@id\":\"https:\\\/\\\/foliobooks.pl\\\/en\\\/shop\\\/bmw-milestones\\\/#primaryimage\",\"url\":\"https:\\\/\\\/foliobooks.pl\\\/wp-content\\\/uploads\\\/2024\\\/11\\\/9783961715602.png\",\"contentUrl\":\"https:\\\/\\\/foliobooks.pl\\\/wp-content\\\/uploads\\\/2024\\\/11\\\/9783961715602.png\",\"width\":570,\"height\":708},{\"@type\":\"BreadcrumbList\",\"@id\":\"https:\\\/\\\/foliobooks.pl\\\/en\\\/shop\\\/bmw-milestones\\\/#breadcrumb\",\"itemListElement\":[{\"@type\":\"ListItem\",\"position\":1,\"name\":\"Strona g\u0142\u00f3wna\",\"item\":\"https:\\\/\\\/foliobooks.pl\\\/en\\\/\"},{\"@type\":\"ListItem\",\"position\":2,\"name\":\"Shop\",\"item\":\"https:\\\/\\\/foliobooks.pl\\\/en\\\/shop\\\/\"},{\"@type\":\"ListItem\",\"position\":3,\"name\":\"BMW Milestones\"}]},{\"@type\":\"WebSite\",\"@id\":\"https:\\\/\\\/foliobooks.pl\\\/en\\\/#website\",\"url\":\"https:\\\/\\\/foliobooks.pl\\\/en\\\/\",\"name\":\"Folio\",\"description\":\"Ksi\u0119garnia internetowa\",\"potentialAction\":[{\"@type\":\"SearchAction\",\"target\":{\"@type\":\"EntryPoint\",\"urlTemplate\":\"https:\\\/\\\/foliobooks.pl\\\/en\\\/?s={search_term_string}\"},\"query-input\":{\"@type\":\"PropertyValueSpecification\",\"valueRequired\":true,\"valueName\":\"search_term_string\"}}],\"inLanguage\":\"en-US\"}]}<\/script>\n<!-- \/ Yoast SEO plugin. -->","yoast_head_json":{"title":"BMW Milestones (Michael K\u00f6ckritz) - book \/ album - Folio","description":"Wejd\u017a i kup ksi\u0105\u017ck\u0119 BMW Milestones autorstwa Michael K\u00f6ckritz wydan\u0105 przez teNeues (2024-09-03) w formacie 23,5 x 30 cm (ISBN: 9783961715602). Zapraszamy!","robots":{"index":"index","follow":"follow","max-snippet":"max-snippet:-1","max-image-preview":"max-image-preview:large","max-video-preview":"max-video-preview:-1"},"canonical":"https:\/\/foliobooks.pl\/en\/shop\/bmw-milestones\/","og_locale":"en_US","og_type":"article","og_title":"BMW Milestones (Michael K\u00f6ckritz) - book \/ album - Folio","og_description":"Wejd\u017a i kup ksi\u0105\u017ck\u0119 BMW Milestones autorstwa Michael K\u00f6ckritz wydan\u0105 przez teNeues (2024-09-03) w formacie 23,5 x 30 cm (ISBN: 9783961715602). Zapraszamy!","og_url":"https:\/\/foliobooks.pl\/en\/shop\/bmw-milestones\/","og_site_name":"Folio","article_modified_time":"2026-01-20T09:18:44+00:00","og_image":[{"width":570,"height":708,"url":"https:\/\/foliobooks.pl\/wp-content\/uploads\/2024\/11\/9783961715602.png","type":"image\/png"}],"twitter_card":"summary_large_image","twitter_misc":{"Est. reading time":"2 minutes"},"schema":{"@context":"https:\/\/schema.org","@graph":[{"@type":"WebPage","@id":"https:\/\/foliobooks.pl\/en\/shop\/bmw-milestones\/","url":"https:\/\/foliobooks.pl\/en\/shop\/bmw-milestones\/","name":"BMW Milestones (Michael K\u00f6ckritz) - book \/ album - Folio","isPartOf":{"@id":"https:\/\/foliobooks.pl\/en\/#website"},"primaryImageOfPage":{"@id":"https:\/\/foliobooks.pl\/en\/shop\/bmw-milestones\/#primaryimage"},"image":{"@id":"https:\/\/foliobooks.pl\/en\/shop\/bmw-milestones\/#primaryimage"},"thumbnailUrl":"https:\/\/foliobooks.pl\/wp-content\/uploads\/2024\/11\/9783961715602.png","datePublished":"2024-11-14T13:45:59+00:00","dateModified":"2026-01-20T09:18:44+00:00","description":"Wejd\u017a i kup ksi\u0105\u017ck\u0119 BMW Milestones autorstwa Michael K\u00f6ckritz wydan\u0105 przez teNeues (2024-09-03) w formacie 23,5 x 30 cm (ISBN: 9783961715602). Zapraszamy!","breadcrumb":{"@id":"https:\/\/foliobooks.pl\/en\/shop\/bmw-milestones\/#breadcrumb"},"inLanguage":"en-US","potentialAction":[{"@type":"ReadAction","target":["https:\/\/foliobooks.pl\/en\/shop\/bmw-milestones\/"]}]},{"@type":"ImageObject","inLanguage":"en-US","@id":"https:\/\/foliobooks.pl\/en\/shop\/bmw-milestones\/#primaryimage","url":"https:\/\/foliobooks.pl\/wp-content\/uploads\/2024\/11\/9783961715602.png","contentUrl":"https:\/\/foliobooks.pl\/wp-content\/uploads\/2024\/11\/9783961715602.png","width":570,"height":708},{"@type":"BreadcrumbList","@id":"https:\/\/foliobooks.pl\/en\/shop\/bmw-milestones\/#breadcrumb","itemListElement":[{"@type":"ListItem","position":1,"name":"Strona g\u0142\u00f3wna","item":"https:\/\/foliobooks.pl\/en\/"},{"@type":"ListItem","position":2,"name":"Shop","item":"https:\/\/foliobooks.pl\/en\/shop\/"},{"@type":"ListItem","position":3,"name":"BMW Milestones"}]},{"@type":"WebSite","@id":"https:\/\/foliobooks.pl\/en\/#website","url":"https:\/\/foliobooks.pl\/en\/","name":"Folio","description":"Ksi\u0119garnia internetowa","potentialAction":[{"@type":"SearchAction","target":{"@type":"EntryPoint","urlTemplate":"https:\/\/foliobooks.pl\/en\/?s={search_term_string}"},"query-input":{"@type":"PropertyValueSpecification","valueRequired":true,"valueName":"search_term_string"}}],"inLanguage":"en-US"}]}},"_links":{"self":[{"href":"https:\/\/foliobooks.pl\/en\/wp-json\/wp\/v2\/product\/103218","targetHints":{"allow":["GET"]}}],"collection":[{"href":"https:\/\/foliobooks.pl\/en\/wp-json\/wp\/v2\/product"}],"about":[{"href":"https:\/\/foliobooks.pl\/en\/wp-json\/wp\/v2\/types\/product"}],"replies":[{"embeddable":true,"href":"https:\/\/foliobooks.pl\/en\/wp-json\/wp\/v2\/comments?post=103218"}],"wp:featuredmedia":[{"embeddable":true,"href":"https:\/\/foliobooks.pl\/en\/wp-json\/wp\/v2\/media\/103201"}],"wp:attachment":[{"href":"https:\/\/foliobooks.pl\/en\/wp-json\/wp\/v2\/media?parent=103218"}],"wp:term":[{"taxonomy":"product_brand","embeddable":true,"href":"https:\/\/foliobooks.pl\/en\/wp-json\/wp\/v2\/product_brand?post=103218"},{"taxonomy":"product_cat","embeddable":true,"href":"https:\/\/foliobooks.pl\/en\/wp-json\/wp\/v2\/product_cat?post=103218"},{"taxonomy":"product_tag","embeddable":true,"href":"https:\/\/foliobooks.pl\/en\/wp-json\/wp\/v2\/product_tag?post=103218"}],"curies":[{"name":"wp","href":"https:\/\/api.w.org\/{rel}","templated":true}]}}