{"id":103172,"date":"2024-11-13T15:27:57","date_gmt":"2024-11-13T14:27:57","guid":{"rendered":"https:\/\/foliobooks.pl\/sklep\/18th-century-style\/"},"modified":"2026-02-18T15:02:13","modified_gmt":"2026-02-18T14:02:13","slug":"18th-century-style","status":"publish","type":"product","link":"https:\/\/foliobooks.pl\/en\/shop\/18th-century-style\/","title":{"rendered":"18th Century Style"},"content":{"rendered":"<p>The eighteenth century epitomized aesthetic perfection through landmarks like Versailles and the opulence of Marie-Antoinette&#8217;s court, showcasing Enlightenment ideals of reason and freedom. From rococo to neoclassicism, it marked a dynamic era in arts, design, and literature, whose stylistic codes still inspire contemporary creators. Assouline&#8217;s Style series, curated by Sophie Motsch and Emmanuel Sarm\u00e9o, celebrates this enduring influence with captivating images across architecture, art, fashion, and design, capturing the timeless allure of 18th Century Style.<\/p>\n","protected":false},"excerpt":{"rendered":"<p>The eighteenth century epitomized aesthetic perfection through landmarks like Versailles and the opulence of Marie-Antoinette&#8217;s court, showcasing Enlightenment ideals of reason and freedom. From rococo to neoclassicism, it marked a dynamic era in arts, design, and literature, whose stylistic codes still inspire contemporary creators. Assouline&#8217;s Style series, curated by Sophie Motsch and Emmanuel Sarm\u00e9o, celebrates&#8230;<\/p>\n","protected":false},"featured_media":103157,"comment_status":"closed","ping_status":"closed","template":"","meta":[],"product_brand":[],"product_cat":[4522,13533],"product_tag":[9083,4900],"class_list":{"0":"post-103172","1":"product","2":"type-product","3":"status-publish","4":"has-post-thumbnail","6":"product_cat-art-en","7":"product_cat-books","8":"product_tag-art-en","9":"product_tag-style-en-en","10":"pa_author_att-sophie-motsch-en","11":"pa_cover-hardcover","12":"pa_format-246-x-254-cm-en","13":"pa_isbn-9781649803238-en","14":"pa_language-eng","15":"pa_pages-304-en-2","16":"pa_published-2024-06-01-en","17":"pa_publisher-assouline-en","19":"first","20":"instock","21":"sale","22":"sold-individually","23":"shipping-taxable","24":"purchasable","25":"product-type-simple"},"yoast_head":"<!-- This site is optimized with the Yoast SEO plugin v27.4 - https:\/\/yoast.com\/product\/yoast-seo-wordpress\/ -->\n<title>18th Century Style (Sophie Motsch) - book \/ album - Folio<\/title>\n<meta name=\"description\" content=\"Wejd\u017a i kup ksi\u0105\u017ck\u0119 18th Century Style autorstwa Sophie Motsch wydan\u0105 przez Assouline (2024-06-01) w formacie 24,6 x 25,4 cm (ISBN: 9781649803238). Zapraszamy!\" \/>\n<meta name=\"robots\" content=\"index, follow, max-snippet:-1, max-image-preview:large, max-video-preview:-1\" \/>\n<link rel=\"canonical\" href=\"https:\/\/foliobooks.pl\/en\/shop\/18th-century-style\/\" \/>\n<meta property=\"og:locale\" content=\"en_US\" \/>\n<meta property=\"og:type\" content=\"article\" \/>\n<meta property=\"og:title\" content=\"18th Century Style (Sophie Motsch) - book \/ album - Folio\" \/>\n<meta property=\"og:description\" content=\"Wejd\u017a i kup ksi\u0105\u017ck\u0119 18th Century Style autorstwa Sophie Motsch wydan\u0105 przez Assouline (2024-06-01) w formacie 24,6 x 25,4 cm (ISBN: 9781649803238). Zapraszamy!\" \/>\n<meta property=\"og:url\" content=\"https:\/\/foliobooks.pl\/en\/shop\/18th-century-style\/\" \/>\n<meta property=\"og:site_name\" content=\"Folio\" \/>\n<meta property=\"article:modified_time\" content=\"2026-02-18T14:02:13+00:00\" \/>\n<meta property=\"og:image\" content=\"https:\/\/foliobooks.pl\/wp-content\/uploads\/2024\/11\/9781649803238.png\" \/>\n\t<meta property=\"og:image:width\" content=\"570\" \/>\n\t<meta property=\"og:image:height\" content=\"708\" \/>\n\t<meta property=\"og:image:type\" content=\"image\/png\" \/>\n<meta name=\"twitter:card\" content=\"summary_large_image\" \/>\n<meta name=\"twitter:label1\" content=\"Est. reading time\" \/>\n\t<meta name=\"twitter:data1\" content=\"1 minute\" \/>\n<script type=\"application\/ld+json\" class=\"yoast-schema-graph\">{\"@context\":\"https:\\\/\\\/schema.org\",\"@graph\":[{\"@type\":\"WebPage\",\"@id\":\"https:\\\/\\\/foliobooks.pl\\\/en\\\/shop\\\/18th-century-style\\\/\",\"url\":\"https:\\\/\\\/foliobooks.pl\\\/en\\\/shop\\\/18th-century-style\\\/\",\"name\":\"18th Century Style (Sophie Motsch) - book \\\/ album - Folio\",\"isPartOf\":{\"@id\":\"https:\\\/\\\/foliobooks.pl\\\/en\\\/#website\"},\"primaryImageOfPage\":{\"@id\":\"https:\\\/\\\/foliobooks.pl\\\/en\\\/shop\\\/18th-century-style\\\/#primaryimage\"},\"image\":{\"@id\":\"https:\\\/\\\/foliobooks.pl\\\/en\\\/shop\\\/18th-century-style\\\/#primaryimage\"},\"thumbnailUrl\":\"https:\\\/\\\/foliobooks.pl\\\/wp-content\\\/uploads\\\/2024\\\/11\\\/9781649803238.png\",\"datePublished\":\"2024-11-13T14:27:57+00:00\",\"dateModified\":\"2026-02-18T14:02:13+00:00\",\"description\":\"Wejd\u017a i kup ksi\u0105\u017ck\u0119 18th Century Style autorstwa Sophie Motsch wydan\u0105 przez Assouline (2024-06-01) w formacie 24,6 x 25,4 cm (ISBN: 9781649803238). Zapraszamy!\",\"breadcrumb\":{\"@id\":\"https:\\\/\\\/foliobooks.pl\\\/en\\\/shop\\\/18th-century-style\\\/#breadcrumb\"},\"inLanguage\":\"en-US\",\"potentialAction\":[{\"@type\":\"ReadAction\",\"target\":[\"https:\\\/\\\/foliobooks.pl\\\/en\\\/shop\\\/18th-century-style\\\/\"]}]},{\"@type\":\"ImageObject\",\"inLanguage\":\"en-US\",\"@id\":\"https:\\\/\\\/foliobooks.pl\\\/en\\\/shop\\\/18th-century-style\\\/#primaryimage\",\"url\":\"https:\\\/\\\/foliobooks.pl\\\/wp-content\\\/uploads\\\/2024\\\/11\\\/9781649803238.png\",\"contentUrl\":\"https:\\\/\\\/foliobooks.pl\\\/wp-content\\\/uploads\\\/2024\\\/11\\\/9781649803238.png\",\"width\":570,\"height\":708},{\"@type\":\"BreadcrumbList\",\"@id\":\"https:\\\/\\\/foliobooks.pl\\\/en\\\/shop\\\/18th-century-style\\\/#breadcrumb\",\"itemListElement\":[{\"@type\":\"ListItem\",\"position\":1,\"name\":\"Strona g\u0142\u00f3wna\",\"item\":\"https:\\\/\\\/foliobooks.pl\\\/en\\\/\"},{\"@type\":\"ListItem\",\"position\":2,\"name\":\"Shop\",\"item\":\"https:\\\/\\\/foliobooks.pl\\\/en\\\/shop\\\/\"},{\"@type\":\"ListItem\",\"position\":3,\"name\":\"18th Century Style\"}]},{\"@type\":\"WebSite\",\"@id\":\"https:\\\/\\\/foliobooks.pl\\\/en\\\/#website\",\"url\":\"https:\\\/\\\/foliobooks.pl\\\/en\\\/\",\"name\":\"Folio\",\"description\":\"Ksi\u0119garnia internetowa\",\"potentialAction\":[{\"@type\":\"SearchAction\",\"target\":{\"@type\":\"EntryPoint\",\"urlTemplate\":\"https:\\\/\\\/foliobooks.pl\\\/en\\\/?s={search_term_string}\"},\"query-input\":{\"@type\":\"PropertyValueSpecification\",\"valueRequired\":true,\"valueName\":\"search_term_string\"}}],\"inLanguage\":\"en-US\"}]}<\/script>\n<!-- \/ Yoast SEO plugin. -->","yoast_head_json":{"title":"18th Century Style (Sophie Motsch) - book \/ album - Folio","description":"Wejd\u017a i kup ksi\u0105\u017ck\u0119 18th Century Style autorstwa Sophie Motsch wydan\u0105 przez Assouline (2024-06-01) w formacie 24,6 x 25,4 cm (ISBN: 9781649803238). Zapraszamy!","robots":{"index":"index","follow":"follow","max-snippet":"max-snippet:-1","max-image-preview":"max-image-preview:large","max-video-preview":"max-video-preview:-1"},"canonical":"https:\/\/foliobooks.pl\/en\/shop\/18th-century-style\/","og_locale":"en_US","og_type":"article","og_title":"18th Century Style (Sophie Motsch) - book \/ album - Folio","og_description":"Wejd\u017a i kup ksi\u0105\u017ck\u0119 18th Century Style autorstwa Sophie Motsch wydan\u0105 przez Assouline (2024-06-01) w formacie 24,6 x 25,4 cm (ISBN: 9781649803238). Zapraszamy!","og_url":"https:\/\/foliobooks.pl\/en\/shop\/18th-century-style\/","og_site_name":"Folio","article_modified_time":"2026-02-18T14:02:13+00:00","og_image":[{"width":570,"height":708,"url":"https:\/\/foliobooks.pl\/wp-content\/uploads\/2024\/11\/9781649803238.png","type":"image\/png"}],"twitter_card":"summary_large_image","twitter_misc":{"Est. reading time":"1 minute"},"schema":{"@context":"https:\/\/schema.org","@graph":[{"@type":"WebPage","@id":"https:\/\/foliobooks.pl\/en\/shop\/18th-century-style\/","url":"https:\/\/foliobooks.pl\/en\/shop\/18th-century-style\/","name":"18th Century Style (Sophie Motsch) - book \/ album - Folio","isPartOf":{"@id":"https:\/\/foliobooks.pl\/en\/#website"},"primaryImageOfPage":{"@id":"https:\/\/foliobooks.pl\/en\/shop\/18th-century-style\/#primaryimage"},"image":{"@id":"https:\/\/foliobooks.pl\/en\/shop\/18th-century-style\/#primaryimage"},"thumbnailUrl":"https:\/\/foliobooks.pl\/wp-content\/uploads\/2024\/11\/9781649803238.png","datePublished":"2024-11-13T14:27:57+00:00","dateModified":"2026-02-18T14:02:13+00:00","description":"Wejd\u017a i kup ksi\u0105\u017ck\u0119 18th Century Style autorstwa Sophie Motsch wydan\u0105 przez Assouline (2024-06-01) w formacie 24,6 x 25,4 cm (ISBN: 9781649803238). Zapraszamy!","breadcrumb":{"@id":"https:\/\/foliobooks.pl\/en\/shop\/18th-century-style\/#breadcrumb"},"inLanguage":"en-US","potentialAction":[{"@type":"ReadAction","target":["https:\/\/foliobooks.pl\/en\/shop\/18th-century-style\/"]}]},{"@type":"ImageObject","inLanguage":"en-US","@id":"https:\/\/foliobooks.pl\/en\/shop\/18th-century-style\/#primaryimage","url":"https:\/\/foliobooks.pl\/wp-content\/uploads\/2024\/11\/9781649803238.png","contentUrl":"https:\/\/foliobooks.pl\/wp-content\/uploads\/2024\/11\/9781649803238.png","width":570,"height":708},{"@type":"BreadcrumbList","@id":"https:\/\/foliobooks.pl\/en\/shop\/18th-century-style\/#breadcrumb","itemListElement":[{"@type":"ListItem","position":1,"name":"Strona g\u0142\u00f3wna","item":"https:\/\/foliobooks.pl\/en\/"},{"@type":"ListItem","position":2,"name":"Shop","item":"https:\/\/foliobooks.pl\/en\/shop\/"},{"@type":"ListItem","position":3,"name":"18th Century Style"}]},{"@type":"WebSite","@id":"https:\/\/foliobooks.pl\/en\/#website","url":"https:\/\/foliobooks.pl\/en\/","name":"Folio","description":"Ksi\u0119garnia internetowa","potentialAction":[{"@type":"SearchAction","target":{"@type":"EntryPoint","urlTemplate":"https:\/\/foliobooks.pl\/en\/?s={search_term_string}"},"query-input":{"@type":"PropertyValueSpecification","valueRequired":true,"valueName":"search_term_string"}}],"inLanguage":"en-US"}]}},"_links":{"self":[{"href":"https:\/\/foliobooks.pl\/en\/wp-json\/wp\/v2\/product\/103172","targetHints":{"allow":["GET"]}}],"collection":[{"href":"https:\/\/foliobooks.pl\/en\/wp-json\/wp\/v2\/product"}],"about":[{"href":"https:\/\/foliobooks.pl\/en\/wp-json\/wp\/v2\/types\/product"}],"replies":[{"embeddable":true,"href":"https:\/\/foliobooks.pl\/en\/wp-json\/wp\/v2\/comments?post=103172"}],"wp:featuredmedia":[{"embeddable":true,"href":"https:\/\/foliobooks.pl\/en\/wp-json\/wp\/v2\/media\/103157"}],"wp:attachment":[{"href":"https:\/\/foliobooks.pl\/en\/wp-json\/wp\/v2\/media?parent=103172"}],"wp:term":[{"taxonomy":"product_brand","embeddable":true,"href":"https:\/\/foliobooks.pl\/en\/wp-json\/wp\/v2\/product_brand?post=103172"},{"taxonomy":"product_cat","embeddable":true,"href":"https:\/\/foliobooks.pl\/en\/wp-json\/wp\/v2\/product_cat?post=103172"},{"taxonomy":"product_tag","embeddable":true,"href":"https:\/\/foliobooks.pl\/en\/wp-json\/wp\/v2\/product_tag?post=103172"}],"curies":[{"name":"wp","href":"https:\/\/api.w.org\/{rel}","templated":true}]}}