{"id":102841,"date":"2024-07-31T12:22:11","date_gmt":"2024-07-31T10:22:11","guid":{"rendered":"https:\/\/foliobooks.pl\/sklep\/style-photographs-for-vogue\/"},"modified":"2024-12-03T15:20:37","modified_gmt":"2024-12-03T14:20:37","slug":"style-photographs-for-vogue","status":"publish","type":"product","link":"https:\/\/foliobooks.pl\/en\/shop\/style-photographs-for-vogue\/","title":{"rendered":"Style: Photographs for Vogue"},"content":{"rendered":"<p>Meet the man who invented style. Through his beautiful photographs for British, American, French and Australian Vogue magazines, Norman Parkinson defined the way we saw fashion in 20th century, from the New Look of 1950s Paris to the Swinging Sixties in London.<\/p>\n<p>The breathtaking book collects hundreds of Parkinson&#8217;s greatest photographs taken for Vogue magazine, gathering pioneering fashion shoots, iconic cover images, royal portraits, celebrity pieces and more.<\/p>\n<p>Accompanied by detailed captions and features on key models and collaborators \u2013 from Grace Coddington and Jerry Hall to Iman and HRH Princess Anne \u2013 STYLE: Photographs for Vogue is a sublime, glamorous tribute to an eternally stylish magazine and the dazzling vision of a man who shaped the face of fashion across six decades.<\/p>\n","protected":false},"excerpt":{"rendered":"<p>Meet the man who invented style. Through his beautiful photographs for British, American, French and Australian Vogue magazines, Norman Parkinson defined the way we saw fashion in 20th century, from the New Look of 1950s Paris to the Swinging Sixties in London. The breathtaking book collects hundreds of Parkinson&#8217;s greatest photographs taken for Vogue magazine,&#8230;<\/p>\n","protected":false},"featured_media":102828,"comment_status":"closed","ping_status":"closed","template":"","meta":[],"product_brand":[],"product_cat":[13533,4519,4517],"product_tag":[6125,6121],"class_list":{"0":"post-102841","1":"product","2":"type-product","3":"status-publish","4":"has-post-thumbnail","6":"product_cat-books","7":"product_cat-fashion-en-en","8":"product_cat-photography-en","9":"product_tag-fashion","10":"product_tag-photography","11":"pa_author_att-norman-parkinson-en","12":"pa_cover-hardcover","13":"pa_format-218-x-282-cm-en","14":"pa_isbn-9781802797930-en","15":"pa_language-eng","16":"pa_pages-256-en-2","17":"pa_published-2024-05-14-en","18":"pa_publisher-welbeck-en","20":"first","21":"outofstock","22":"sold-individually","23":"shipping-taxable","24":"purchasable","25":"product-type-simple"},"yoast_head":"<!-- This site is optimized with the Yoast SEO plugin v27.4 - https:\/\/yoast.com\/product\/yoast-seo-wordpress\/ -->\n<title>Style: Photographs for Vogue (Norman Parkinson) - book \/ album - Folio<\/title>\n<meta name=\"description\" content=\"Wejd\u017a i kup ksi\u0105\u017ck\u0119 Style: Photographs for Vogue autorstwa Norman Parkinson wydan\u0105 przez Welbeck (2024-05-14) w formacie 21,8 x 28,2 cm (ISBN: 9781802797930). Zapraszamy!\" \/>\n<meta name=\"robots\" content=\"index, follow, max-snippet:-1, max-image-preview:large, max-video-preview:-1\" \/>\n<link rel=\"canonical\" href=\"https:\/\/foliobooks.pl\/en\/shop\/style-photographs-for-vogue\/\" \/>\n<meta property=\"og:locale\" content=\"en_US\" \/>\n<meta property=\"og:type\" content=\"article\" \/>\n<meta property=\"og:title\" content=\"Style: Photographs for Vogue (Norman Parkinson) - book \/ album - Folio\" \/>\n<meta property=\"og:description\" content=\"Wejd\u017a i kup ksi\u0105\u017ck\u0119 Style: Photographs for Vogue autorstwa Norman Parkinson wydan\u0105 przez Welbeck (2024-05-14) w formacie 21,8 x 28,2 cm (ISBN: 9781802797930). Zapraszamy!\" \/>\n<meta property=\"og:url\" content=\"https:\/\/foliobooks.pl\/en\/shop\/style-photographs-for-vogue\/\" \/>\n<meta property=\"og:site_name\" content=\"Folio\" \/>\n<meta property=\"article:modified_time\" content=\"2024-12-03T14:20:37+00:00\" \/>\n<meta property=\"og:image\" content=\"https:\/\/foliobooks.pl\/wp-content\/uploads\/2024\/07\/9781802797930.png\" \/>\n\t<meta property=\"og:image:width\" content=\"570\" \/>\n\t<meta property=\"og:image:height\" content=\"708\" \/>\n\t<meta property=\"og:image:type\" content=\"image\/png\" \/>\n<meta name=\"twitter:card\" content=\"summary_large_image\" \/>\n<meta name=\"twitter:label1\" content=\"Est. reading time\" \/>\n\t<meta name=\"twitter:data1\" content=\"1 minute\" \/>\n<script type=\"application\/ld+json\" class=\"yoast-schema-graph\">{\"@context\":\"https:\\\/\\\/schema.org\",\"@graph\":[{\"@type\":\"WebPage\",\"@id\":\"https:\\\/\\\/foliobooks.pl\\\/en\\\/shop\\\/style-photographs-for-vogue\\\/\",\"url\":\"https:\\\/\\\/foliobooks.pl\\\/en\\\/shop\\\/style-photographs-for-vogue\\\/\",\"name\":\"Style: Photographs for Vogue (Norman Parkinson) - book \\\/ album - Folio\",\"isPartOf\":{\"@id\":\"https:\\\/\\\/foliobooks.pl\\\/en\\\/#website\"},\"primaryImageOfPage\":{\"@id\":\"https:\\\/\\\/foliobooks.pl\\\/en\\\/shop\\\/style-photographs-for-vogue\\\/#primaryimage\"},\"image\":{\"@id\":\"https:\\\/\\\/foliobooks.pl\\\/en\\\/shop\\\/style-photographs-for-vogue\\\/#primaryimage\"},\"thumbnailUrl\":\"https:\\\/\\\/foliobooks.pl\\\/wp-content\\\/uploads\\\/2024\\\/07\\\/9781802797930.png\",\"datePublished\":\"2024-07-31T10:22:11+00:00\",\"dateModified\":\"2024-12-03T14:20:37+00:00\",\"description\":\"Wejd\u017a i kup ksi\u0105\u017ck\u0119 Style: Photographs for Vogue autorstwa Norman Parkinson wydan\u0105 przez Welbeck (2024-05-14) w formacie 21,8 x 28,2 cm (ISBN: 9781802797930). Zapraszamy!\",\"breadcrumb\":{\"@id\":\"https:\\\/\\\/foliobooks.pl\\\/en\\\/shop\\\/style-photographs-for-vogue\\\/#breadcrumb\"},\"inLanguage\":\"en-US\",\"potentialAction\":[{\"@type\":\"ReadAction\",\"target\":[\"https:\\\/\\\/foliobooks.pl\\\/en\\\/shop\\\/style-photographs-for-vogue\\\/\"]}]},{\"@type\":\"ImageObject\",\"inLanguage\":\"en-US\",\"@id\":\"https:\\\/\\\/foliobooks.pl\\\/en\\\/shop\\\/style-photographs-for-vogue\\\/#primaryimage\",\"url\":\"https:\\\/\\\/foliobooks.pl\\\/wp-content\\\/uploads\\\/2024\\\/07\\\/9781802797930.png\",\"contentUrl\":\"https:\\\/\\\/foliobooks.pl\\\/wp-content\\\/uploads\\\/2024\\\/07\\\/9781802797930.png\",\"width\":570,\"height\":708},{\"@type\":\"BreadcrumbList\",\"@id\":\"https:\\\/\\\/foliobooks.pl\\\/en\\\/shop\\\/style-photographs-for-vogue\\\/#breadcrumb\",\"itemListElement\":[{\"@type\":\"ListItem\",\"position\":1,\"name\":\"Strona g\u0142\u00f3wna\",\"item\":\"https:\\\/\\\/foliobooks.pl\\\/en\\\/\"},{\"@type\":\"ListItem\",\"position\":2,\"name\":\"Shop\",\"item\":\"https:\\\/\\\/foliobooks.pl\\\/en\\\/shop\\\/\"},{\"@type\":\"ListItem\",\"position\":3,\"name\":\"Style: Photographs for Vogue\"}]},{\"@type\":\"WebSite\",\"@id\":\"https:\\\/\\\/foliobooks.pl\\\/en\\\/#website\",\"url\":\"https:\\\/\\\/foliobooks.pl\\\/en\\\/\",\"name\":\"Folio\",\"description\":\"Ksi\u0119garnia internetowa\",\"potentialAction\":[{\"@type\":\"SearchAction\",\"target\":{\"@type\":\"EntryPoint\",\"urlTemplate\":\"https:\\\/\\\/foliobooks.pl\\\/en\\\/?s={search_term_string}\"},\"query-input\":{\"@type\":\"PropertyValueSpecification\",\"valueRequired\":true,\"valueName\":\"search_term_string\"}}],\"inLanguage\":\"en-US\"}]}<\/script>\n<!-- \/ Yoast SEO plugin. -->","yoast_head_json":{"title":"Style: Photographs for Vogue (Norman Parkinson) - book \/ album - Folio","description":"Wejd\u017a i kup ksi\u0105\u017ck\u0119 Style: Photographs for Vogue autorstwa Norman Parkinson wydan\u0105 przez Welbeck (2024-05-14) w formacie 21,8 x 28,2 cm (ISBN: 9781802797930). Zapraszamy!","robots":{"index":"index","follow":"follow","max-snippet":"max-snippet:-1","max-image-preview":"max-image-preview:large","max-video-preview":"max-video-preview:-1"},"canonical":"https:\/\/foliobooks.pl\/en\/shop\/style-photographs-for-vogue\/","og_locale":"en_US","og_type":"article","og_title":"Style: Photographs for Vogue (Norman Parkinson) - book \/ album - Folio","og_description":"Wejd\u017a i kup ksi\u0105\u017ck\u0119 Style: Photographs for Vogue autorstwa Norman Parkinson wydan\u0105 przez Welbeck (2024-05-14) w formacie 21,8 x 28,2 cm (ISBN: 9781802797930). Zapraszamy!","og_url":"https:\/\/foliobooks.pl\/en\/shop\/style-photographs-for-vogue\/","og_site_name":"Folio","article_modified_time":"2024-12-03T14:20:37+00:00","og_image":[{"width":570,"height":708,"url":"https:\/\/foliobooks.pl\/wp-content\/uploads\/2024\/07\/9781802797930.png","type":"image\/png"}],"twitter_card":"summary_large_image","twitter_misc":{"Est. reading time":"1 minute"},"schema":{"@context":"https:\/\/schema.org","@graph":[{"@type":"WebPage","@id":"https:\/\/foliobooks.pl\/en\/shop\/style-photographs-for-vogue\/","url":"https:\/\/foliobooks.pl\/en\/shop\/style-photographs-for-vogue\/","name":"Style: Photographs for Vogue (Norman Parkinson) - book \/ album - Folio","isPartOf":{"@id":"https:\/\/foliobooks.pl\/en\/#website"},"primaryImageOfPage":{"@id":"https:\/\/foliobooks.pl\/en\/shop\/style-photographs-for-vogue\/#primaryimage"},"image":{"@id":"https:\/\/foliobooks.pl\/en\/shop\/style-photographs-for-vogue\/#primaryimage"},"thumbnailUrl":"https:\/\/foliobooks.pl\/wp-content\/uploads\/2024\/07\/9781802797930.png","datePublished":"2024-07-31T10:22:11+00:00","dateModified":"2024-12-03T14:20:37+00:00","description":"Wejd\u017a i kup ksi\u0105\u017ck\u0119 Style: Photographs for Vogue autorstwa Norman Parkinson wydan\u0105 przez Welbeck (2024-05-14) w formacie 21,8 x 28,2 cm (ISBN: 9781802797930). Zapraszamy!","breadcrumb":{"@id":"https:\/\/foliobooks.pl\/en\/shop\/style-photographs-for-vogue\/#breadcrumb"},"inLanguage":"en-US","potentialAction":[{"@type":"ReadAction","target":["https:\/\/foliobooks.pl\/en\/shop\/style-photographs-for-vogue\/"]}]},{"@type":"ImageObject","inLanguage":"en-US","@id":"https:\/\/foliobooks.pl\/en\/shop\/style-photographs-for-vogue\/#primaryimage","url":"https:\/\/foliobooks.pl\/wp-content\/uploads\/2024\/07\/9781802797930.png","contentUrl":"https:\/\/foliobooks.pl\/wp-content\/uploads\/2024\/07\/9781802797930.png","width":570,"height":708},{"@type":"BreadcrumbList","@id":"https:\/\/foliobooks.pl\/en\/shop\/style-photographs-for-vogue\/#breadcrumb","itemListElement":[{"@type":"ListItem","position":1,"name":"Strona g\u0142\u00f3wna","item":"https:\/\/foliobooks.pl\/en\/"},{"@type":"ListItem","position":2,"name":"Shop","item":"https:\/\/foliobooks.pl\/en\/shop\/"},{"@type":"ListItem","position":3,"name":"Style: Photographs for Vogue"}]},{"@type":"WebSite","@id":"https:\/\/foliobooks.pl\/en\/#website","url":"https:\/\/foliobooks.pl\/en\/","name":"Folio","description":"Ksi\u0119garnia internetowa","potentialAction":[{"@type":"SearchAction","target":{"@type":"EntryPoint","urlTemplate":"https:\/\/foliobooks.pl\/en\/?s={search_term_string}"},"query-input":{"@type":"PropertyValueSpecification","valueRequired":true,"valueName":"search_term_string"}}],"inLanguage":"en-US"}]}},"_links":{"self":[{"href":"https:\/\/foliobooks.pl\/en\/wp-json\/wp\/v2\/product\/102841","targetHints":{"allow":["GET"]}}],"collection":[{"href":"https:\/\/foliobooks.pl\/en\/wp-json\/wp\/v2\/product"}],"about":[{"href":"https:\/\/foliobooks.pl\/en\/wp-json\/wp\/v2\/types\/product"}],"replies":[{"embeddable":true,"href":"https:\/\/foliobooks.pl\/en\/wp-json\/wp\/v2\/comments?post=102841"}],"wp:featuredmedia":[{"embeddable":true,"href":"https:\/\/foliobooks.pl\/en\/wp-json\/wp\/v2\/media\/102828"}],"wp:attachment":[{"href":"https:\/\/foliobooks.pl\/en\/wp-json\/wp\/v2\/media?parent=102841"}],"wp:term":[{"taxonomy":"product_brand","embeddable":true,"href":"https:\/\/foliobooks.pl\/en\/wp-json\/wp\/v2\/product_brand?post=102841"},{"taxonomy":"product_cat","embeddable":true,"href":"https:\/\/foliobooks.pl\/en\/wp-json\/wp\/v2\/product_cat?post=102841"},{"taxonomy":"product_tag","embeddable":true,"href":"https:\/\/foliobooks.pl\/en\/wp-json\/wp\/v2\/product_tag?post=102841"}],"curies":[{"name":"wp","href":"https:\/\/api.w.org\/{rel}","templated":true}]}}