{"id":102824,"date":"2024-07-31T12:05:59","date_gmt":"2024-07-31T10:05:59","guid":{"rendered":"https:\/\/foliobooks.pl\/sklep\/the-story-of-the-burberry-trench\/"},"modified":"2024-11-29T16:15:36","modified_gmt":"2024-11-29T15:15:36","slug":"the-story-of-the-burberry-trench","status":"publish","type":"product","link":"https:\/\/foliobooks.pl\/en\/shop\/the-story-of-the-burberry-trench\/","title":{"rendered":"The Story of the Burberry Trench"},"content":{"rendered":"<p>The epitome of British heritage fashion, the Burberry trench coat is a beloved wardrobe classic. Practical yet versatile; it is sleek and sexy but also a preppy favourite. Since the launch of the coat in 1912, Burberry has unveiled a selection of styles that has reached iconic stature \u2013 and here you will discover their original designs, seasonal adaptations and limited editions.<\/p>\n<p>The book also takes a behind-the-scenes look at the craftsmanship, the preloved market and how to authenticate a Burberry. So, whether you are considering buying retail or secondhand, dressing for weather or fashion, this is your ultimate guide to the world&#8217;s most famous coat.<\/p>\n","protected":false},"excerpt":{"rendered":"<p>The epitome of British heritage fashion, the Burberry trench coat is a beloved wardrobe classic. Practical yet versatile; it is sleek and sexy but also a preppy favourite. Since the launch of the coat in 1912, Burberry has unveiled a selection of styles that has reached iconic stature \u2013 and here you will discover their&#8230;<\/p>\n","protected":false},"featured_media":102813,"comment_status":"closed","ping_status":"closed","template":"","meta":[],"product_brand":[],"product_cat":[13533,4519],"product_tag":[6125],"class_list":{"0":"post-102824","1":"product","2":"type-product","3":"status-publish","4":"has-post-thumbnail","6":"product_cat-books","7":"product_cat-fashion-en-en","8":"product_tag-fashion","9":"pa_author_att-caroline-young-en","10":"pa_cover-hardcover","11":"pa_format-13-x-186-cm-en","12":"pa_isbn-9781838612306-en","13":"pa_language-eng","14":"pa_pages-160-en-2","15":"pa_published-2024-04-16-en","16":"pa_publisher-welbeck-en","18":"first","19":"outofstock","20":"sold-individually","21":"shipping-taxable","22":"purchasable","23":"product-type-simple"},"yoast_head":"<!-- This site is optimized with the Yoast SEO plugin v27.4 - https:\/\/yoast.com\/product\/yoast-seo-wordpress\/ -->\n<title>The Story of the Burberry Trench (Caroline Young) - book \/ album - Folio<\/title>\n<meta name=\"description\" content=\"Wejd\u017a i kup ksi\u0105\u017ck\u0119 The Story of the Burberry Trench autorstwa Caroline Young wydan\u0105 przez Welbeck (2024-04-16) w formacie 13 x 18,6 cm (ISBN: 9781838612306). Zapraszamy!\" \/>\n<meta name=\"robots\" content=\"index, follow, max-snippet:-1, max-image-preview:large, max-video-preview:-1\" \/>\n<link rel=\"canonical\" href=\"https:\/\/foliobooks.pl\/en\/shop\/the-story-of-the-burberry-trench\/\" \/>\n<meta property=\"og:locale\" content=\"en_US\" \/>\n<meta property=\"og:type\" content=\"article\" \/>\n<meta property=\"og:title\" content=\"The Story of the Burberry Trench (Caroline Young) - book \/ album - Folio\" \/>\n<meta property=\"og:description\" content=\"Wejd\u017a i kup ksi\u0105\u017ck\u0119 The Story of the Burberry Trench autorstwa Caroline Young wydan\u0105 przez Welbeck (2024-04-16) w formacie 13 x 18,6 cm (ISBN: 9781838612306). Zapraszamy!\" \/>\n<meta property=\"og:url\" content=\"https:\/\/foliobooks.pl\/en\/shop\/the-story-of-the-burberry-trench\/\" \/>\n<meta property=\"og:site_name\" content=\"Folio\" \/>\n<meta property=\"article:modified_time\" content=\"2024-11-29T15:15:36+00:00\" \/>\n<meta property=\"og:image\" content=\"https:\/\/foliobooks.pl\/wp-content\/uploads\/2024\/07\/9781838612306.png\" \/>\n\t<meta property=\"og:image:width\" content=\"570\" \/>\n\t<meta property=\"og:image:height\" content=\"708\" \/>\n\t<meta property=\"og:image:type\" content=\"image\/png\" \/>\n<meta name=\"twitter:card\" content=\"summary_large_image\" \/>\n<meta name=\"twitter:label1\" content=\"Est. reading time\" \/>\n\t<meta name=\"twitter:data1\" content=\"1 minute\" \/>\n<script type=\"application\/ld+json\" class=\"yoast-schema-graph\">{\"@context\":\"https:\\\/\\\/schema.org\",\"@graph\":[{\"@type\":\"WebPage\",\"@id\":\"https:\\\/\\\/foliobooks.pl\\\/en\\\/shop\\\/the-story-of-the-burberry-trench\\\/\",\"url\":\"https:\\\/\\\/foliobooks.pl\\\/en\\\/shop\\\/the-story-of-the-burberry-trench\\\/\",\"name\":\"The Story of the Burberry Trench (Caroline Young) - book \\\/ album - Folio\",\"isPartOf\":{\"@id\":\"https:\\\/\\\/foliobooks.pl\\\/en\\\/#website\"},\"primaryImageOfPage\":{\"@id\":\"https:\\\/\\\/foliobooks.pl\\\/en\\\/shop\\\/the-story-of-the-burberry-trench\\\/#primaryimage\"},\"image\":{\"@id\":\"https:\\\/\\\/foliobooks.pl\\\/en\\\/shop\\\/the-story-of-the-burberry-trench\\\/#primaryimage\"},\"thumbnailUrl\":\"https:\\\/\\\/foliobooks.pl\\\/wp-content\\\/uploads\\\/2024\\\/07\\\/9781838612306.png\",\"datePublished\":\"2024-07-31T10:05:59+00:00\",\"dateModified\":\"2024-11-29T15:15:36+00:00\",\"description\":\"Wejd\u017a i kup ksi\u0105\u017ck\u0119 The Story of the Burberry Trench autorstwa Caroline Young wydan\u0105 przez Welbeck (2024-04-16) w formacie 13 x 18,6 cm (ISBN: 9781838612306). Zapraszamy!\",\"breadcrumb\":{\"@id\":\"https:\\\/\\\/foliobooks.pl\\\/en\\\/shop\\\/the-story-of-the-burberry-trench\\\/#breadcrumb\"},\"inLanguage\":\"en-US\",\"potentialAction\":[{\"@type\":\"ReadAction\",\"target\":[\"https:\\\/\\\/foliobooks.pl\\\/en\\\/shop\\\/the-story-of-the-burberry-trench\\\/\"]}]},{\"@type\":\"ImageObject\",\"inLanguage\":\"en-US\",\"@id\":\"https:\\\/\\\/foliobooks.pl\\\/en\\\/shop\\\/the-story-of-the-burberry-trench\\\/#primaryimage\",\"url\":\"https:\\\/\\\/foliobooks.pl\\\/wp-content\\\/uploads\\\/2024\\\/07\\\/9781838612306.png\",\"contentUrl\":\"https:\\\/\\\/foliobooks.pl\\\/wp-content\\\/uploads\\\/2024\\\/07\\\/9781838612306.png\",\"width\":570,\"height\":708},{\"@type\":\"BreadcrumbList\",\"@id\":\"https:\\\/\\\/foliobooks.pl\\\/en\\\/shop\\\/the-story-of-the-burberry-trench\\\/#breadcrumb\",\"itemListElement\":[{\"@type\":\"ListItem\",\"position\":1,\"name\":\"Strona g\u0142\u00f3wna\",\"item\":\"https:\\\/\\\/foliobooks.pl\\\/en\\\/\"},{\"@type\":\"ListItem\",\"position\":2,\"name\":\"Shop\",\"item\":\"https:\\\/\\\/foliobooks.pl\\\/en\\\/shop\\\/\"},{\"@type\":\"ListItem\",\"position\":3,\"name\":\"The Story of the Burberry Trench\"}]},{\"@type\":\"WebSite\",\"@id\":\"https:\\\/\\\/foliobooks.pl\\\/en\\\/#website\",\"url\":\"https:\\\/\\\/foliobooks.pl\\\/en\\\/\",\"name\":\"Folio\",\"description\":\"Ksi\u0119garnia internetowa\",\"potentialAction\":[{\"@type\":\"SearchAction\",\"target\":{\"@type\":\"EntryPoint\",\"urlTemplate\":\"https:\\\/\\\/foliobooks.pl\\\/en\\\/?s={search_term_string}\"},\"query-input\":{\"@type\":\"PropertyValueSpecification\",\"valueRequired\":true,\"valueName\":\"search_term_string\"}}],\"inLanguage\":\"en-US\"}]}<\/script>\n<!-- \/ Yoast SEO plugin. -->","yoast_head_json":{"title":"The Story of the Burberry Trench (Caroline Young) - book \/ album - Folio","description":"Wejd\u017a i kup ksi\u0105\u017ck\u0119 The Story of the Burberry Trench autorstwa Caroline Young wydan\u0105 przez Welbeck (2024-04-16) w formacie 13 x 18,6 cm (ISBN: 9781838612306). Zapraszamy!","robots":{"index":"index","follow":"follow","max-snippet":"max-snippet:-1","max-image-preview":"max-image-preview:large","max-video-preview":"max-video-preview:-1"},"canonical":"https:\/\/foliobooks.pl\/en\/shop\/the-story-of-the-burberry-trench\/","og_locale":"en_US","og_type":"article","og_title":"The Story of the Burberry Trench (Caroline Young) - book \/ album - Folio","og_description":"Wejd\u017a i kup ksi\u0105\u017ck\u0119 The Story of the Burberry Trench autorstwa Caroline Young wydan\u0105 przez Welbeck (2024-04-16) w formacie 13 x 18,6 cm (ISBN: 9781838612306). Zapraszamy!","og_url":"https:\/\/foliobooks.pl\/en\/shop\/the-story-of-the-burberry-trench\/","og_site_name":"Folio","article_modified_time":"2024-11-29T15:15:36+00:00","og_image":[{"width":570,"height":708,"url":"https:\/\/foliobooks.pl\/wp-content\/uploads\/2024\/07\/9781838612306.png","type":"image\/png"}],"twitter_card":"summary_large_image","twitter_misc":{"Est. reading time":"1 minute"},"schema":{"@context":"https:\/\/schema.org","@graph":[{"@type":"WebPage","@id":"https:\/\/foliobooks.pl\/en\/shop\/the-story-of-the-burberry-trench\/","url":"https:\/\/foliobooks.pl\/en\/shop\/the-story-of-the-burberry-trench\/","name":"The Story of the Burberry Trench (Caroline Young) - book \/ album - Folio","isPartOf":{"@id":"https:\/\/foliobooks.pl\/en\/#website"},"primaryImageOfPage":{"@id":"https:\/\/foliobooks.pl\/en\/shop\/the-story-of-the-burberry-trench\/#primaryimage"},"image":{"@id":"https:\/\/foliobooks.pl\/en\/shop\/the-story-of-the-burberry-trench\/#primaryimage"},"thumbnailUrl":"https:\/\/foliobooks.pl\/wp-content\/uploads\/2024\/07\/9781838612306.png","datePublished":"2024-07-31T10:05:59+00:00","dateModified":"2024-11-29T15:15:36+00:00","description":"Wejd\u017a i kup ksi\u0105\u017ck\u0119 The Story of the Burberry Trench autorstwa Caroline Young wydan\u0105 przez Welbeck (2024-04-16) w formacie 13 x 18,6 cm (ISBN: 9781838612306). Zapraszamy!","breadcrumb":{"@id":"https:\/\/foliobooks.pl\/en\/shop\/the-story-of-the-burberry-trench\/#breadcrumb"},"inLanguage":"en-US","potentialAction":[{"@type":"ReadAction","target":["https:\/\/foliobooks.pl\/en\/shop\/the-story-of-the-burberry-trench\/"]}]},{"@type":"ImageObject","inLanguage":"en-US","@id":"https:\/\/foliobooks.pl\/en\/shop\/the-story-of-the-burberry-trench\/#primaryimage","url":"https:\/\/foliobooks.pl\/wp-content\/uploads\/2024\/07\/9781838612306.png","contentUrl":"https:\/\/foliobooks.pl\/wp-content\/uploads\/2024\/07\/9781838612306.png","width":570,"height":708},{"@type":"BreadcrumbList","@id":"https:\/\/foliobooks.pl\/en\/shop\/the-story-of-the-burberry-trench\/#breadcrumb","itemListElement":[{"@type":"ListItem","position":1,"name":"Strona g\u0142\u00f3wna","item":"https:\/\/foliobooks.pl\/en\/"},{"@type":"ListItem","position":2,"name":"Shop","item":"https:\/\/foliobooks.pl\/en\/shop\/"},{"@type":"ListItem","position":3,"name":"The Story of the Burberry Trench"}]},{"@type":"WebSite","@id":"https:\/\/foliobooks.pl\/en\/#website","url":"https:\/\/foliobooks.pl\/en\/","name":"Folio","description":"Ksi\u0119garnia internetowa","potentialAction":[{"@type":"SearchAction","target":{"@type":"EntryPoint","urlTemplate":"https:\/\/foliobooks.pl\/en\/?s={search_term_string}"},"query-input":{"@type":"PropertyValueSpecification","valueRequired":true,"valueName":"search_term_string"}}],"inLanguage":"en-US"}]}},"_links":{"self":[{"href":"https:\/\/foliobooks.pl\/en\/wp-json\/wp\/v2\/product\/102824","targetHints":{"allow":["GET"]}}],"collection":[{"href":"https:\/\/foliobooks.pl\/en\/wp-json\/wp\/v2\/product"}],"about":[{"href":"https:\/\/foliobooks.pl\/en\/wp-json\/wp\/v2\/types\/product"}],"replies":[{"embeddable":true,"href":"https:\/\/foliobooks.pl\/en\/wp-json\/wp\/v2\/comments?post=102824"}],"wp:featuredmedia":[{"embeddable":true,"href":"https:\/\/foliobooks.pl\/en\/wp-json\/wp\/v2\/media\/102813"}],"wp:attachment":[{"href":"https:\/\/foliobooks.pl\/en\/wp-json\/wp\/v2\/media?parent=102824"}],"wp:term":[{"taxonomy":"product_brand","embeddable":true,"href":"https:\/\/foliobooks.pl\/en\/wp-json\/wp\/v2\/product_brand?post=102824"},{"taxonomy":"product_cat","embeddable":true,"href":"https:\/\/foliobooks.pl\/en\/wp-json\/wp\/v2\/product_cat?post=102824"},{"taxonomy":"product_tag","embeddable":true,"href":"https:\/\/foliobooks.pl\/en\/wp-json\/wp\/v2\/product_tag?post=102824"}],"curies":[{"name":"wp","href":"https:\/\/api.w.org\/{rel}","templated":true}]}}