{"id":102810,"date":"2024-07-31T11:54:25","date_gmt":"2024-07-31T09:54:25","guid":{"rendered":"https:\/\/foliobooks.pl\/sklep\/story-of-the-louis-vuitton-luggage\/"},"modified":"2024-11-29T16:10:10","modified_gmt":"2024-11-29T15:10:10","slug":"story-of-the-louis-vuitton-luggage","status":"publish","type":"product","link":"https:\/\/foliobooks.pl\/en\/shop\/story-of-the-louis-vuitton-luggage\/","title":{"rendered":"Story of the Louis Vuitton Luggage"},"content":{"rendered":"<p>With a dedication to luxury and practicality, Louis Vuitton designed his unique lightweight, airtight luggage in 1854 and ensured that jetsetters all over the globe could travel in comfort and style. It was a creation that founded a fashion house and became a standard-bearer for all travel pieces of the future.<\/p>\n<p>Exploring the history from traditional box-making to the revolution of the stackable trunk to modern-day artistic collaborations, the book captures the story and craftmanship behind this status symbol and how the luggage continues to define the spirit of travel. From the unmistakable Monogram canvas to the unpickable lock, the steamer trunk to the Speedy, every detail and feature is unveiled.<\/p>\n","protected":false},"excerpt":{"rendered":"<p>With a dedication to luxury and practicality, Louis Vuitton designed his unique lightweight, airtight luggage in 1854 and ensured that jetsetters all over the globe could travel in comfort and style. It was a creation that founded a fashion house and became a standard-bearer for all travel pieces of the future. Exploring the history from&#8230;<\/p>\n","protected":false},"featured_media":102799,"comment_status":"closed","ping_status":"closed","template":"","meta":[],"product_brand":[],"product_cat":[13533,4519],"product_tag":[6125],"class_list":{"0":"post-102810","1":"product","2":"type-product","3":"status-publish","4":"has-post-thumbnail","6":"product_cat-books","7":"product_cat-fashion-en-en","8":"product_tag-fashion","9":"pa_author_att-laia-farran-graves-en","10":"pa_cover-hardcover","11":"pa_format-13-x-184-cm-en","12":"pa_isbn-9781838612313-en","13":"pa_language-eng","14":"pa_pages-160-en-en","15":"pa_published-2024-04-16-en","16":"pa_publisher-welbeck-en","18":"first","19":"outofstock","20":"sold-individually","21":"shipping-taxable","22":"purchasable","23":"product-type-simple"},"yoast_head":"<!-- This site is optimized with the Yoast SEO plugin v27.4 - https:\/\/yoast.com\/product\/yoast-seo-wordpress\/ -->\n<title>Story of the Louis Vuitton Luggage (Laia Farran Graves) - book \/ album - Folio<\/title>\n<meta name=\"description\" content=\"Wejd\u017a i kup ksi\u0105\u017ck\u0119 Story of the Louis Vuitton Luggage autorstwa Laia Farran Graves wydan\u0105 przez Welbeck (2024-04-16) w formacie 13 x 18,4 cm (ISBN: 9781838612313). Zapraszamy!\" \/>\n<meta name=\"robots\" content=\"index, follow, max-snippet:-1, max-image-preview:large, max-video-preview:-1\" \/>\n<link rel=\"canonical\" href=\"https:\/\/foliobooks.pl\/en\/shop\/story-of-the-louis-vuitton-luggage\/\" \/>\n<meta property=\"og:locale\" content=\"en_US\" \/>\n<meta property=\"og:type\" content=\"article\" \/>\n<meta property=\"og:title\" content=\"Story of the Louis Vuitton Luggage (Laia Farran Graves) - book \/ album - Folio\" \/>\n<meta property=\"og:description\" content=\"Wejd\u017a i kup ksi\u0105\u017ck\u0119 Story of the Louis Vuitton Luggage autorstwa Laia Farran Graves wydan\u0105 przez Welbeck (2024-04-16) w formacie 13 x 18,4 cm (ISBN: 9781838612313). Zapraszamy!\" \/>\n<meta property=\"og:url\" content=\"https:\/\/foliobooks.pl\/en\/shop\/story-of-the-louis-vuitton-luggage\/\" \/>\n<meta property=\"og:site_name\" content=\"Folio\" \/>\n<meta property=\"article:modified_time\" content=\"2024-11-29T15:10:10+00:00\" \/>\n<meta property=\"og:image\" content=\"https:\/\/foliobooks.pl\/wp-content\/uploads\/2024\/07\/9781838612313.png\" \/>\n\t<meta property=\"og:image:width\" content=\"570\" \/>\n\t<meta property=\"og:image:height\" content=\"708\" \/>\n\t<meta property=\"og:image:type\" content=\"image\/png\" \/>\n<meta name=\"twitter:card\" content=\"summary_large_image\" \/>\n<meta name=\"twitter:label1\" content=\"Est. reading time\" \/>\n\t<meta name=\"twitter:data1\" content=\"1 minute\" \/>\n<script type=\"application\/ld+json\" class=\"yoast-schema-graph\">{\"@context\":\"https:\\\/\\\/schema.org\",\"@graph\":[{\"@type\":\"WebPage\",\"@id\":\"https:\\\/\\\/foliobooks.pl\\\/en\\\/shop\\\/story-of-the-louis-vuitton-luggage\\\/\",\"url\":\"https:\\\/\\\/foliobooks.pl\\\/en\\\/shop\\\/story-of-the-louis-vuitton-luggage\\\/\",\"name\":\"Story of the Louis Vuitton Luggage (Laia Farran Graves) - book \\\/ album - Folio\",\"isPartOf\":{\"@id\":\"https:\\\/\\\/foliobooks.pl\\\/en\\\/#website\"},\"primaryImageOfPage\":{\"@id\":\"https:\\\/\\\/foliobooks.pl\\\/en\\\/shop\\\/story-of-the-louis-vuitton-luggage\\\/#primaryimage\"},\"image\":{\"@id\":\"https:\\\/\\\/foliobooks.pl\\\/en\\\/shop\\\/story-of-the-louis-vuitton-luggage\\\/#primaryimage\"},\"thumbnailUrl\":\"https:\\\/\\\/foliobooks.pl\\\/wp-content\\\/uploads\\\/2024\\\/07\\\/9781838612313.png\",\"datePublished\":\"2024-07-31T09:54:25+00:00\",\"dateModified\":\"2024-11-29T15:10:10+00:00\",\"description\":\"Wejd\u017a i kup ksi\u0105\u017ck\u0119 Story of the Louis Vuitton Luggage autorstwa Laia Farran Graves wydan\u0105 przez Welbeck (2024-04-16) w formacie 13 x 18,4 cm (ISBN: 9781838612313). Zapraszamy!\",\"breadcrumb\":{\"@id\":\"https:\\\/\\\/foliobooks.pl\\\/en\\\/shop\\\/story-of-the-louis-vuitton-luggage\\\/#breadcrumb\"},\"inLanguage\":\"en-US\",\"potentialAction\":[{\"@type\":\"ReadAction\",\"target\":[\"https:\\\/\\\/foliobooks.pl\\\/en\\\/shop\\\/story-of-the-louis-vuitton-luggage\\\/\"]}]},{\"@type\":\"ImageObject\",\"inLanguage\":\"en-US\",\"@id\":\"https:\\\/\\\/foliobooks.pl\\\/en\\\/shop\\\/story-of-the-louis-vuitton-luggage\\\/#primaryimage\",\"url\":\"https:\\\/\\\/foliobooks.pl\\\/wp-content\\\/uploads\\\/2024\\\/07\\\/9781838612313.png\",\"contentUrl\":\"https:\\\/\\\/foliobooks.pl\\\/wp-content\\\/uploads\\\/2024\\\/07\\\/9781838612313.png\",\"width\":570,\"height\":708},{\"@type\":\"BreadcrumbList\",\"@id\":\"https:\\\/\\\/foliobooks.pl\\\/en\\\/shop\\\/story-of-the-louis-vuitton-luggage\\\/#breadcrumb\",\"itemListElement\":[{\"@type\":\"ListItem\",\"position\":1,\"name\":\"Strona g\u0142\u00f3wna\",\"item\":\"https:\\\/\\\/foliobooks.pl\\\/en\\\/\"},{\"@type\":\"ListItem\",\"position\":2,\"name\":\"Shop\",\"item\":\"https:\\\/\\\/foliobooks.pl\\\/en\\\/shop\\\/\"},{\"@type\":\"ListItem\",\"position\":3,\"name\":\"Story of the Louis Vuitton Luggage\"}]},{\"@type\":\"WebSite\",\"@id\":\"https:\\\/\\\/foliobooks.pl\\\/en\\\/#website\",\"url\":\"https:\\\/\\\/foliobooks.pl\\\/en\\\/\",\"name\":\"Folio\",\"description\":\"Ksi\u0119garnia internetowa\",\"potentialAction\":[{\"@type\":\"SearchAction\",\"target\":{\"@type\":\"EntryPoint\",\"urlTemplate\":\"https:\\\/\\\/foliobooks.pl\\\/en\\\/?s={search_term_string}\"},\"query-input\":{\"@type\":\"PropertyValueSpecification\",\"valueRequired\":true,\"valueName\":\"search_term_string\"}}],\"inLanguage\":\"en-US\"}]}<\/script>\n<!-- \/ Yoast SEO plugin. -->","yoast_head_json":{"title":"Story of the Louis Vuitton Luggage (Laia Farran Graves) - book \/ album - Folio","description":"Wejd\u017a i kup ksi\u0105\u017ck\u0119 Story of the Louis Vuitton Luggage autorstwa Laia Farran Graves wydan\u0105 przez Welbeck (2024-04-16) w formacie 13 x 18,4 cm (ISBN: 9781838612313). Zapraszamy!","robots":{"index":"index","follow":"follow","max-snippet":"max-snippet:-1","max-image-preview":"max-image-preview:large","max-video-preview":"max-video-preview:-1"},"canonical":"https:\/\/foliobooks.pl\/en\/shop\/story-of-the-louis-vuitton-luggage\/","og_locale":"en_US","og_type":"article","og_title":"Story of the Louis Vuitton Luggage (Laia Farran Graves) - book \/ album - Folio","og_description":"Wejd\u017a i kup ksi\u0105\u017ck\u0119 Story of the Louis Vuitton Luggage autorstwa Laia Farran Graves wydan\u0105 przez Welbeck (2024-04-16) w formacie 13 x 18,4 cm (ISBN: 9781838612313). Zapraszamy!","og_url":"https:\/\/foliobooks.pl\/en\/shop\/story-of-the-louis-vuitton-luggage\/","og_site_name":"Folio","article_modified_time":"2024-11-29T15:10:10+00:00","og_image":[{"width":570,"height":708,"url":"https:\/\/foliobooks.pl\/wp-content\/uploads\/2024\/07\/9781838612313.png","type":"image\/png"}],"twitter_card":"summary_large_image","twitter_misc":{"Est. reading time":"1 minute"},"schema":{"@context":"https:\/\/schema.org","@graph":[{"@type":"WebPage","@id":"https:\/\/foliobooks.pl\/en\/shop\/story-of-the-louis-vuitton-luggage\/","url":"https:\/\/foliobooks.pl\/en\/shop\/story-of-the-louis-vuitton-luggage\/","name":"Story of the Louis Vuitton Luggage (Laia Farran Graves) - book \/ album - Folio","isPartOf":{"@id":"https:\/\/foliobooks.pl\/en\/#website"},"primaryImageOfPage":{"@id":"https:\/\/foliobooks.pl\/en\/shop\/story-of-the-louis-vuitton-luggage\/#primaryimage"},"image":{"@id":"https:\/\/foliobooks.pl\/en\/shop\/story-of-the-louis-vuitton-luggage\/#primaryimage"},"thumbnailUrl":"https:\/\/foliobooks.pl\/wp-content\/uploads\/2024\/07\/9781838612313.png","datePublished":"2024-07-31T09:54:25+00:00","dateModified":"2024-11-29T15:10:10+00:00","description":"Wejd\u017a i kup ksi\u0105\u017ck\u0119 Story of the Louis Vuitton Luggage autorstwa Laia Farran Graves wydan\u0105 przez Welbeck (2024-04-16) w formacie 13 x 18,4 cm (ISBN: 9781838612313). Zapraszamy!","breadcrumb":{"@id":"https:\/\/foliobooks.pl\/en\/shop\/story-of-the-louis-vuitton-luggage\/#breadcrumb"},"inLanguage":"en-US","potentialAction":[{"@type":"ReadAction","target":["https:\/\/foliobooks.pl\/en\/shop\/story-of-the-louis-vuitton-luggage\/"]}]},{"@type":"ImageObject","inLanguage":"en-US","@id":"https:\/\/foliobooks.pl\/en\/shop\/story-of-the-louis-vuitton-luggage\/#primaryimage","url":"https:\/\/foliobooks.pl\/wp-content\/uploads\/2024\/07\/9781838612313.png","contentUrl":"https:\/\/foliobooks.pl\/wp-content\/uploads\/2024\/07\/9781838612313.png","width":570,"height":708},{"@type":"BreadcrumbList","@id":"https:\/\/foliobooks.pl\/en\/shop\/story-of-the-louis-vuitton-luggage\/#breadcrumb","itemListElement":[{"@type":"ListItem","position":1,"name":"Strona g\u0142\u00f3wna","item":"https:\/\/foliobooks.pl\/en\/"},{"@type":"ListItem","position":2,"name":"Shop","item":"https:\/\/foliobooks.pl\/en\/shop\/"},{"@type":"ListItem","position":3,"name":"Story of the Louis Vuitton Luggage"}]},{"@type":"WebSite","@id":"https:\/\/foliobooks.pl\/en\/#website","url":"https:\/\/foliobooks.pl\/en\/","name":"Folio","description":"Ksi\u0119garnia internetowa","potentialAction":[{"@type":"SearchAction","target":{"@type":"EntryPoint","urlTemplate":"https:\/\/foliobooks.pl\/en\/?s={search_term_string}"},"query-input":{"@type":"PropertyValueSpecification","valueRequired":true,"valueName":"search_term_string"}}],"inLanguage":"en-US"}]}},"_links":{"self":[{"href":"https:\/\/foliobooks.pl\/en\/wp-json\/wp\/v2\/product\/102810","targetHints":{"allow":["GET"]}}],"collection":[{"href":"https:\/\/foliobooks.pl\/en\/wp-json\/wp\/v2\/product"}],"about":[{"href":"https:\/\/foliobooks.pl\/en\/wp-json\/wp\/v2\/types\/product"}],"replies":[{"embeddable":true,"href":"https:\/\/foliobooks.pl\/en\/wp-json\/wp\/v2\/comments?post=102810"}],"wp:featuredmedia":[{"embeddable":true,"href":"https:\/\/foliobooks.pl\/en\/wp-json\/wp\/v2\/media\/102799"}],"wp:attachment":[{"href":"https:\/\/foliobooks.pl\/en\/wp-json\/wp\/v2\/media?parent=102810"}],"wp:term":[{"taxonomy":"product_brand","embeddable":true,"href":"https:\/\/foliobooks.pl\/en\/wp-json\/wp\/v2\/product_brand?post=102810"},{"taxonomy":"product_cat","embeddable":true,"href":"https:\/\/foliobooks.pl\/en\/wp-json\/wp\/v2\/product_cat?post=102810"},{"taxonomy":"product_tag","embeddable":true,"href":"https:\/\/foliobooks.pl\/en\/wp-json\/wp\/v2\/product_tag?post=102810"}],"curies":[{"name":"wp","href":"https:\/\/api.w.org\/{rel}","templated":true}]}}