{"id":102792,"date":"2024-07-31T11:08:11","date_gmt":"2024-07-31T09:08:11","guid":{"rendered":"https:\/\/foliobooks.pl\/sklep\/plaza-athenee\/"},"modified":"2026-02-18T16:11:08","modified_gmt":"2026-02-18T15:11:08","slug":"plaza-athenee","status":"publish","type":"product","link":"https:\/\/foliobooks.pl\/en\/shop\/plaza-athenee\/","title":{"rendered":"Plaza Athenee"},"content":{"rendered":"<p>Discover the enchanting world of Plaza Ath\u00e9n\u00e9e, a twenty-first-century palace celebrated in collaboration with chef Jean Imbert. This book takes you on a journey through 220 destinations, showcasing the elegance and French hospitality that have made this Parisian landmark legendary. With sumptuous decor and refined cuisine, Plaza Ath\u00e9n\u00e9e continues to inspire and delight guests on prestigious Avenue Montaigne. Dive into this captivating story with stunning photography, an exclusive introduction from Jean Imbert, and memorable insights from French Academy member Marc Lambron.<\/p>\n","protected":false},"excerpt":{"rendered":"<p>Discover the enchanting world of Plaza Ath\u00e9n\u00e9e, a twenty-first-century palace celebrated in collaboration with chef Jean Imbert. This book takes you on a journey through 220 destinations, showcasing the elegance and French hospitality that have made this Parisian landmark legendary. With sumptuous decor and refined cuisine, Plaza Ath\u00e9n\u00e9e continues to inspire and delight guests on&#8230;<\/p>\n","protected":false},"featured_media":102781,"comment_status":"closed","ping_status":"closed","template":"","meta":[],"product_brand":[],"product_cat":[13533,4517],"product_tag":[6121],"class_list":{"0":"post-102792","1":"product","2":"type-product","3":"status-publish","4":"has-post-thumbnail","6":"product_cat-books","7":"product_cat-photography-en","8":"product_tag-photography","9":"pa_author_att-jean-imbert-en","10":"pa_cover-hardcover","11":"pa_format-247-x-33-cm-en","12":"pa_isbn-9781649802880-en","13":"pa_language-eng","14":"pa_pages-272-2-en","15":"pa_published-2023-11-01-en","16":"pa_publisher-assouline-en","18":"first","19":"outofstock","20":"sale","21":"sold-individually","22":"shipping-taxable","23":"purchasable","24":"product-type-simple"},"yoast_head":"<!-- This site is optimized with the Yoast SEO plugin v27.4 - https:\/\/yoast.com\/product\/yoast-seo-wordpress\/ -->\n<title>Plaza Athenee (Jean Imbert) - book \/ album - Folio<\/title>\n<meta name=\"description\" content=\"Wejd\u017a i kup ksi\u0105\u017ck\u0119 Plaza Athenee autorstwa Jean Imbert wydan\u0105 przez Assouline (2023-11-01) w formacie 24,7 x 33 cm (ISBN: 9781649802880). Zapraszamy!\" \/>\n<meta name=\"robots\" content=\"index, follow, max-snippet:-1, max-image-preview:large, max-video-preview:-1\" \/>\n<link rel=\"canonical\" href=\"https:\/\/foliobooks.pl\/en\/shop\/plaza-athenee\/\" \/>\n<meta property=\"og:locale\" content=\"en_US\" \/>\n<meta property=\"og:type\" content=\"article\" \/>\n<meta property=\"og:title\" content=\"Plaza Athenee (Jean Imbert) - book \/ album - Folio\" \/>\n<meta property=\"og:description\" content=\"Wejd\u017a i kup ksi\u0105\u017ck\u0119 Plaza Athenee autorstwa Jean Imbert wydan\u0105 przez Assouline (2023-11-01) w formacie 24,7 x 33 cm (ISBN: 9781649802880). Zapraszamy!\" \/>\n<meta property=\"og:url\" content=\"https:\/\/foliobooks.pl\/en\/shop\/plaza-athenee\/\" \/>\n<meta property=\"og:site_name\" content=\"Folio\" \/>\n<meta property=\"article:modified_time\" content=\"2026-02-18T15:11:08+00:00\" \/>\n<meta property=\"og:image\" content=\"https:\/\/foliobooks.pl\/wp-content\/uploads\/2024\/07\/9781649802880.png\" \/>\n\t<meta property=\"og:image:width\" content=\"570\" \/>\n\t<meta property=\"og:image:height\" content=\"708\" \/>\n\t<meta property=\"og:image:type\" content=\"image\/png\" \/>\n<meta name=\"twitter:card\" content=\"summary_large_image\" \/>\n<meta name=\"twitter:label1\" content=\"Est. reading time\" \/>\n\t<meta name=\"twitter:data1\" content=\"1 minute\" \/>\n<script type=\"application\/ld+json\" class=\"yoast-schema-graph\">{\"@context\":\"https:\\\/\\\/schema.org\",\"@graph\":[{\"@type\":\"WebPage\",\"@id\":\"https:\\\/\\\/foliobooks.pl\\\/en\\\/shop\\\/plaza-athenee\\\/\",\"url\":\"https:\\\/\\\/foliobooks.pl\\\/en\\\/shop\\\/plaza-athenee\\\/\",\"name\":\"Plaza Athenee (Jean Imbert) - book \\\/ album - Folio\",\"isPartOf\":{\"@id\":\"https:\\\/\\\/foliobooks.pl\\\/en\\\/#website\"},\"primaryImageOfPage\":{\"@id\":\"https:\\\/\\\/foliobooks.pl\\\/en\\\/shop\\\/plaza-athenee\\\/#primaryimage\"},\"image\":{\"@id\":\"https:\\\/\\\/foliobooks.pl\\\/en\\\/shop\\\/plaza-athenee\\\/#primaryimage\"},\"thumbnailUrl\":\"https:\\\/\\\/foliobooks.pl\\\/wp-content\\\/uploads\\\/2024\\\/07\\\/9781649802880.png\",\"datePublished\":\"2024-07-31T09:08:11+00:00\",\"dateModified\":\"2026-02-18T15:11:08+00:00\",\"description\":\"Wejd\u017a i kup ksi\u0105\u017ck\u0119 Plaza Athenee autorstwa Jean Imbert wydan\u0105 przez Assouline (2023-11-01) w formacie 24,7 x 33 cm (ISBN: 9781649802880). Zapraszamy!\",\"breadcrumb\":{\"@id\":\"https:\\\/\\\/foliobooks.pl\\\/en\\\/shop\\\/plaza-athenee\\\/#breadcrumb\"},\"inLanguage\":\"en-US\",\"potentialAction\":[{\"@type\":\"ReadAction\",\"target\":[\"https:\\\/\\\/foliobooks.pl\\\/en\\\/shop\\\/plaza-athenee\\\/\"]}]},{\"@type\":\"ImageObject\",\"inLanguage\":\"en-US\",\"@id\":\"https:\\\/\\\/foliobooks.pl\\\/en\\\/shop\\\/plaza-athenee\\\/#primaryimage\",\"url\":\"https:\\\/\\\/foliobooks.pl\\\/wp-content\\\/uploads\\\/2024\\\/07\\\/9781649802880.png\",\"contentUrl\":\"https:\\\/\\\/foliobooks.pl\\\/wp-content\\\/uploads\\\/2024\\\/07\\\/9781649802880.png\",\"width\":570,\"height\":708},{\"@type\":\"BreadcrumbList\",\"@id\":\"https:\\\/\\\/foliobooks.pl\\\/en\\\/shop\\\/plaza-athenee\\\/#breadcrumb\",\"itemListElement\":[{\"@type\":\"ListItem\",\"position\":1,\"name\":\"Strona g\u0142\u00f3wna\",\"item\":\"https:\\\/\\\/foliobooks.pl\\\/en\\\/\"},{\"@type\":\"ListItem\",\"position\":2,\"name\":\"Shop\",\"item\":\"https:\\\/\\\/foliobooks.pl\\\/en\\\/shop\\\/\"},{\"@type\":\"ListItem\",\"position\":3,\"name\":\"Plaza Athenee\"}]},{\"@type\":\"WebSite\",\"@id\":\"https:\\\/\\\/foliobooks.pl\\\/en\\\/#website\",\"url\":\"https:\\\/\\\/foliobooks.pl\\\/en\\\/\",\"name\":\"Folio\",\"description\":\"Ksi\u0119garnia internetowa\",\"potentialAction\":[{\"@type\":\"SearchAction\",\"target\":{\"@type\":\"EntryPoint\",\"urlTemplate\":\"https:\\\/\\\/foliobooks.pl\\\/en\\\/?s={search_term_string}\"},\"query-input\":{\"@type\":\"PropertyValueSpecification\",\"valueRequired\":true,\"valueName\":\"search_term_string\"}}],\"inLanguage\":\"en-US\"}]}<\/script>\n<!-- \/ Yoast SEO plugin. -->","yoast_head_json":{"title":"Plaza Athenee (Jean Imbert) - book \/ album - Folio","description":"Wejd\u017a i kup ksi\u0105\u017ck\u0119 Plaza Athenee autorstwa Jean Imbert wydan\u0105 przez Assouline (2023-11-01) w formacie 24,7 x 33 cm (ISBN: 9781649802880). Zapraszamy!","robots":{"index":"index","follow":"follow","max-snippet":"max-snippet:-1","max-image-preview":"max-image-preview:large","max-video-preview":"max-video-preview:-1"},"canonical":"https:\/\/foliobooks.pl\/en\/shop\/plaza-athenee\/","og_locale":"en_US","og_type":"article","og_title":"Plaza Athenee (Jean Imbert) - book \/ album - Folio","og_description":"Wejd\u017a i kup ksi\u0105\u017ck\u0119 Plaza Athenee autorstwa Jean Imbert wydan\u0105 przez Assouline (2023-11-01) w formacie 24,7 x 33 cm (ISBN: 9781649802880). Zapraszamy!","og_url":"https:\/\/foliobooks.pl\/en\/shop\/plaza-athenee\/","og_site_name":"Folio","article_modified_time":"2026-02-18T15:11:08+00:00","og_image":[{"width":570,"height":708,"url":"https:\/\/foliobooks.pl\/wp-content\/uploads\/2024\/07\/9781649802880.png","type":"image\/png"}],"twitter_card":"summary_large_image","twitter_misc":{"Est. reading time":"1 minute"},"schema":{"@context":"https:\/\/schema.org","@graph":[{"@type":"WebPage","@id":"https:\/\/foliobooks.pl\/en\/shop\/plaza-athenee\/","url":"https:\/\/foliobooks.pl\/en\/shop\/plaza-athenee\/","name":"Plaza Athenee (Jean Imbert) - book \/ album - Folio","isPartOf":{"@id":"https:\/\/foliobooks.pl\/en\/#website"},"primaryImageOfPage":{"@id":"https:\/\/foliobooks.pl\/en\/shop\/plaza-athenee\/#primaryimage"},"image":{"@id":"https:\/\/foliobooks.pl\/en\/shop\/plaza-athenee\/#primaryimage"},"thumbnailUrl":"https:\/\/foliobooks.pl\/wp-content\/uploads\/2024\/07\/9781649802880.png","datePublished":"2024-07-31T09:08:11+00:00","dateModified":"2026-02-18T15:11:08+00:00","description":"Wejd\u017a i kup ksi\u0105\u017ck\u0119 Plaza Athenee autorstwa Jean Imbert wydan\u0105 przez Assouline (2023-11-01) w formacie 24,7 x 33 cm (ISBN: 9781649802880). Zapraszamy!","breadcrumb":{"@id":"https:\/\/foliobooks.pl\/en\/shop\/plaza-athenee\/#breadcrumb"},"inLanguage":"en-US","potentialAction":[{"@type":"ReadAction","target":["https:\/\/foliobooks.pl\/en\/shop\/plaza-athenee\/"]}]},{"@type":"ImageObject","inLanguage":"en-US","@id":"https:\/\/foliobooks.pl\/en\/shop\/plaza-athenee\/#primaryimage","url":"https:\/\/foliobooks.pl\/wp-content\/uploads\/2024\/07\/9781649802880.png","contentUrl":"https:\/\/foliobooks.pl\/wp-content\/uploads\/2024\/07\/9781649802880.png","width":570,"height":708},{"@type":"BreadcrumbList","@id":"https:\/\/foliobooks.pl\/en\/shop\/plaza-athenee\/#breadcrumb","itemListElement":[{"@type":"ListItem","position":1,"name":"Strona g\u0142\u00f3wna","item":"https:\/\/foliobooks.pl\/en\/"},{"@type":"ListItem","position":2,"name":"Shop","item":"https:\/\/foliobooks.pl\/en\/shop\/"},{"@type":"ListItem","position":3,"name":"Plaza Athenee"}]},{"@type":"WebSite","@id":"https:\/\/foliobooks.pl\/en\/#website","url":"https:\/\/foliobooks.pl\/en\/","name":"Folio","description":"Ksi\u0119garnia internetowa","potentialAction":[{"@type":"SearchAction","target":{"@type":"EntryPoint","urlTemplate":"https:\/\/foliobooks.pl\/en\/?s={search_term_string}"},"query-input":{"@type":"PropertyValueSpecification","valueRequired":true,"valueName":"search_term_string"}}],"inLanguage":"en-US"}]}},"_links":{"self":[{"href":"https:\/\/foliobooks.pl\/en\/wp-json\/wp\/v2\/product\/102792","targetHints":{"allow":["GET"]}}],"collection":[{"href":"https:\/\/foliobooks.pl\/en\/wp-json\/wp\/v2\/product"}],"about":[{"href":"https:\/\/foliobooks.pl\/en\/wp-json\/wp\/v2\/types\/product"}],"replies":[{"embeddable":true,"href":"https:\/\/foliobooks.pl\/en\/wp-json\/wp\/v2\/comments?post=102792"}],"wp:featuredmedia":[{"embeddable":true,"href":"https:\/\/foliobooks.pl\/en\/wp-json\/wp\/v2\/media\/102781"}],"wp:attachment":[{"href":"https:\/\/foliobooks.pl\/en\/wp-json\/wp\/v2\/media?parent=102792"}],"wp:term":[{"taxonomy":"product_brand","embeddable":true,"href":"https:\/\/foliobooks.pl\/en\/wp-json\/wp\/v2\/product_brand?post=102792"},{"taxonomy":"product_cat","embeddable":true,"href":"https:\/\/foliobooks.pl\/en\/wp-json\/wp\/v2\/product_cat?post=102792"},{"taxonomy":"product_tag","embeddable":true,"href":"https:\/\/foliobooks.pl\/en\/wp-json\/wp\/v2\/product_tag?post=102792"}],"curies":[{"name":"wp","href":"https:\/\/api.w.org\/{rel}","templated":true}]}}