{"id":102763,"date":"2024-07-31T10:40:42","date_gmt":"2024-07-31T08:40:42","guid":{"rendered":"https:\/\/foliobooks.pl\/sklep\/hawaii\/"},"modified":"2026-04-24T15:03:55","modified_gmt":"2026-04-24T13:03:55","slug":"hawaii","status":"publish","type":"product","link":"https:\/\/foliobooks.pl\/en\/shop\/hawaii\/","title":{"rendered":"Hawaii"},"content":{"rendered":"<p>Photographer, artist and filmmaker Olaf Heine shows us Hawaii in all its beauty: the waves, surfers and landscapes. Over several years he traveled the islands and captured in timelessly beautiful photography what interested him. A mixture of impressions that portrays the special attitude to life of this area.<\/p>\n","protected":false},"excerpt":{"rendered":"<p>Photographer, artist and filmmaker Olaf Heine shows us Hawaii in all its beauty: the waves, surfers and landscapes. Over several years he traveled the islands and captured in timelessly beautiful photography what interested him. A mixture of impressions that portrays the special attitude to life of this area.<\/p>\n","protected":false},"featured_media":102754,"comment_status":"closed","ping_status":"closed","template":"","meta":[],"product_brand":[],"product_cat":[13533,4517],"product_tag":[6121],"class_list":{"0":"post-102763","1":"product","2":"type-product","3":"status-publish","4":"has-post-thumbnail","6":"product_cat-books","7":"product_cat-photography-en","8":"product_tag-photography","9":"pa_author_att-olaf-heine-en","10":"pa_cover-hardcover","11":"pa_format-292-x-419-cm-en","12":"pa_isbn-9783961715350-en","13":"pa_language-eng","14":"pa_pages-264-en","15":"pa_published-2024-05-14-en","16":"pa_publisher-teneues-en","18":"first","19":"instock","20":"sale","21":"sold-individually","22":"shipping-taxable","23":"purchasable","24":"product-type-simple"},"yoast_head":"<!-- This site is optimized with the Yoast SEO plugin v27.6 - https:\/\/yoast.com\/product\/yoast-seo-wordpress\/ -->\n<title>Hawaii (Olaf Heine) - book \/ album - Folio<\/title>\n<meta name=\"description\" content=\"Wejd\u017a i kup ksi\u0105\u017ck\u0119 Hawaii autorstwa Olaf Heine wydan\u0105 przez teNeues (2024-05-14) w formacie 29,2 x 41,9 cm (ISBN: 9783961715350). Zapraszamy!\" \/>\n<meta name=\"robots\" content=\"index, follow, max-snippet:-1, max-image-preview:large, max-video-preview:-1\" \/>\n<link rel=\"canonical\" href=\"https:\/\/foliobooks.pl\/en\/shop\/hawaii\/\" \/>\n<meta property=\"og:locale\" content=\"en_US\" \/>\n<meta property=\"og:type\" content=\"article\" \/>\n<meta property=\"og:title\" content=\"Hawaii (Olaf Heine) - book \/ album - Folio\" \/>\n<meta property=\"og:description\" content=\"Wejd\u017a i kup ksi\u0105\u017ck\u0119 Hawaii autorstwa Olaf Heine wydan\u0105 przez teNeues (2024-05-14) w formacie 29,2 x 41,9 cm (ISBN: 9783961715350). Zapraszamy!\" \/>\n<meta property=\"og:url\" content=\"https:\/\/foliobooks.pl\/en\/shop\/hawaii\/\" \/>\n<meta property=\"og:site_name\" content=\"Folio\" \/>\n<meta property=\"article:modified_time\" content=\"2026-04-24T13:03:55+00:00\" \/>\n<meta property=\"og:image\" content=\"https:\/\/foliobooks.pl\/wp-content\/uploads\/2024\/07\/9783961715350.png\" \/>\n\t<meta property=\"og:image:width\" content=\"570\" \/>\n\t<meta property=\"og:image:height\" content=\"708\" \/>\n\t<meta property=\"og:image:type\" content=\"image\/png\" \/>\n<meta name=\"twitter:card\" content=\"summary_large_image\" \/>\n<meta name=\"twitter:label1\" content=\"Est. reading time\" \/>\n\t<meta name=\"twitter:data1\" content=\"1 minute\" \/>\n<script type=\"application\/ld+json\" class=\"yoast-schema-graph\">{\"@context\":\"https:\\\/\\\/schema.org\",\"@graph\":[{\"@type\":\"WebPage\",\"@id\":\"https:\\\/\\\/foliobooks.pl\\\/en\\\/shop\\\/hawaii\\\/\",\"url\":\"https:\\\/\\\/foliobooks.pl\\\/en\\\/shop\\\/hawaii\\\/\",\"name\":\"Hawaii (Olaf Heine) - book \\\/ album - Folio\",\"isPartOf\":{\"@id\":\"https:\\\/\\\/foliobooks.pl\\\/en\\\/#website\"},\"primaryImageOfPage\":{\"@id\":\"https:\\\/\\\/foliobooks.pl\\\/en\\\/shop\\\/hawaii\\\/#primaryimage\"},\"image\":{\"@id\":\"https:\\\/\\\/foliobooks.pl\\\/en\\\/shop\\\/hawaii\\\/#primaryimage\"},\"thumbnailUrl\":\"https:\\\/\\\/foliobooks.pl\\\/wp-content\\\/uploads\\\/2024\\\/07\\\/9783961715350.png\",\"datePublished\":\"2024-07-31T08:40:42+00:00\",\"dateModified\":\"2026-04-24T13:03:55+00:00\",\"description\":\"Wejd\u017a i kup ksi\u0105\u017ck\u0119 Hawaii autorstwa Olaf Heine wydan\u0105 przez teNeues (2024-05-14) w formacie 29,2 x 41,9 cm (ISBN: 9783961715350). Zapraszamy!\",\"breadcrumb\":{\"@id\":\"https:\\\/\\\/foliobooks.pl\\\/en\\\/shop\\\/hawaii\\\/#breadcrumb\"},\"inLanguage\":\"en-US\",\"potentialAction\":[{\"@type\":\"ReadAction\",\"target\":[\"https:\\\/\\\/foliobooks.pl\\\/en\\\/shop\\\/hawaii\\\/\"]}]},{\"@type\":\"ImageObject\",\"inLanguage\":\"en-US\",\"@id\":\"https:\\\/\\\/foliobooks.pl\\\/en\\\/shop\\\/hawaii\\\/#primaryimage\",\"url\":\"https:\\\/\\\/foliobooks.pl\\\/wp-content\\\/uploads\\\/2024\\\/07\\\/9783961715350.png\",\"contentUrl\":\"https:\\\/\\\/foliobooks.pl\\\/wp-content\\\/uploads\\\/2024\\\/07\\\/9783961715350.png\",\"width\":570,\"height\":708},{\"@type\":\"BreadcrumbList\",\"@id\":\"https:\\\/\\\/foliobooks.pl\\\/en\\\/shop\\\/hawaii\\\/#breadcrumb\",\"itemListElement\":[{\"@type\":\"ListItem\",\"position\":1,\"name\":\"Strona g\u0142\u00f3wna\",\"item\":\"https:\\\/\\\/foliobooks.pl\\\/en\\\/\"},{\"@type\":\"ListItem\",\"position\":2,\"name\":\"Shop\",\"item\":\"https:\\\/\\\/foliobooks.pl\\\/en\\\/shop\\\/\"},{\"@type\":\"ListItem\",\"position\":3,\"name\":\"Hawaii\"}]},{\"@type\":\"WebSite\",\"@id\":\"https:\\\/\\\/foliobooks.pl\\\/en\\\/#website\",\"url\":\"https:\\\/\\\/foliobooks.pl\\\/en\\\/\",\"name\":\"Folio\",\"description\":\"Ksi\u0119garnia internetowa\",\"potentialAction\":[{\"@type\":\"SearchAction\",\"target\":{\"@type\":\"EntryPoint\",\"urlTemplate\":\"https:\\\/\\\/foliobooks.pl\\\/en\\\/?s={search_term_string}\"},\"query-input\":{\"@type\":\"PropertyValueSpecification\",\"valueRequired\":true,\"valueName\":\"search_term_string\"}}],\"inLanguage\":\"en-US\"}]}<\/script>\n<!-- \/ Yoast SEO plugin. -->","yoast_head_json":{"title":"Hawaii (Olaf Heine) - book \/ album - Folio","description":"Wejd\u017a i kup ksi\u0105\u017ck\u0119 Hawaii autorstwa Olaf Heine wydan\u0105 przez teNeues (2024-05-14) w formacie 29,2 x 41,9 cm (ISBN: 9783961715350). Zapraszamy!","robots":{"index":"index","follow":"follow","max-snippet":"max-snippet:-1","max-image-preview":"max-image-preview:large","max-video-preview":"max-video-preview:-1"},"canonical":"https:\/\/foliobooks.pl\/en\/shop\/hawaii\/","og_locale":"en_US","og_type":"article","og_title":"Hawaii (Olaf Heine) - book \/ album - Folio","og_description":"Wejd\u017a i kup ksi\u0105\u017ck\u0119 Hawaii autorstwa Olaf Heine wydan\u0105 przez teNeues (2024-05-14) w formacie 29,2 x 41,9 cm (ISBN: 9783961715350). Zapraszamy!","og_url":"https:\/\/foliobooks.pl\/en\/shop\/hawaii\/","og_site_name":"Folio","article_modified_time":"2026-04-24T13:03:55+00:00","og_image":[{"width":570,"height":708,"url":"https:\/\/foliobooks.pl\/wp-content\/uploads\/2024\/07\/9783961715350.png","type":"image\/png"}],"twitter_card":"summary_large_image","twitter_misc":{"Est. reading time":"1 minute"},"schema":{"@context":"https:\/\/schema.org","@graph":[{"@type":"WebPage","@id":"https:\/\/foliobooks.pl\/en\/shop\/hawaii\/","url":"https:\/\/foliobooks.pl\/en\/shop\/hawaii\/","name":"Hawaii (Olaf Heine) - book \/ album - Folio","isPartOf":{"@id":"https:\/\/foliobooks.pl\/en\/#website"},"primaryImageOfPage":{"@id":"https:\/\/foliobooks.pl\/en\/shop\/hawaii\/#primaryimage"},"image":{"@id":"https:\/\/foliobooks.pl\/en\/shop\/hawaii\/#primaryimage"},"thumbnailUrl":"https:\/\/foliobooks.pl\/wp-content\/uploads\/2024\/07\/9783961715350.png","datePublished":"2024-07-31T08:40:42+00:00","dateModified":"2026-04-24T13:03:55+00:00","description":"Wejd\u017a i kup ksi\u0105\u017ck\u0119 Hawaii autorstwa Olaf Heine wydan\u0105 przez teNeues (2024-05-14) w formacie 29,2 x 41,9 cm (ISBN: 9783961715350). Zapraszamy!","breadcrumb":{"@id":"https:\/\/foliobooks.pl\/en\/shop\/hawaii\/#breadcrumb"},"inLanguage":"en-US","potentialAction":[{"@type":"ReadAction","target":["https:\/\/foliobooks.pl\/en\/shop\/hawaii\/"]}]},{"@type":"ImageObject","inLanguage":"en-US","@id":"https:\/\/foliobooks.pl\/en\/shop\/hawaii\/#primaryimage","url":"https:\/\/foliobooks.pl\/wp-content\/uploads\/2024\/07\/9783961715350.png","contentUrl":"https:\/\/foliobooks.pl\/wp-content\/uploads\/2024\/07\/9783961715350.png","width":570,"height":708},{"@type":"BreadcrumbList","@id":"https:\/\/foliobooks.pl\/en\/shop\/hawaii\/#breadcrumb","itemListElement":[{"@type":"ListItem","position":1,"name":"Strona g\u0142\u00f3wna","item":"https:\/\/foliobooks.pl\/en\/"},{"@type":"ListItem","position":2,"name":"Shop","item":"https:\/\/foliobooks.pl\/en\/shop\/"},{"@type":"ListItem","position":3,"name":"Hawaii"}]},{"@type":"WebSite","@id":"https:\/\/foliobooks.pl\/en\/#website","url":"https:\/\/foliobooks.pl\/en\/","name":"Folio","description":"Ksi\u0119garnia internetowa","potentialAction":[{"@type":"SearchAction","target":{"@type":"EntryPoint","urlTemplate":"https:\/\/foliobooks.pl\/en\/?s={search_term_string}"},"query-input":{"@type":"PropertyValueSpecification","valueRequired":true,"valueName":"search_term_string"}}],"inLanguage":"en-US"}]}},"_links":{"self":[{"href":"https:\/\/foliobooks.pl\/en\/wp-json\/wp\/v2\/product\/102763","targetHints":{"allow":["GET"]}}],"collection":[{"href":"https:\/\/foliobooks.pl\/en\/wp-json\/wp\/v2\/product"}],"about":[{"href":"https:\/\/foliobooks.pl\/en\/wp-json\/wp\/v2\/types\/product"}],"replies":[{"embeddable":true,"href":"https:\/\/foliobooks.pl\/en\/wp-json\/wp\/v2\/comments?post=102763"}],"wp:featuredmedia":[{"embeddable":true,"href":"https:\/\/foliobooks.pl\/en\/wp-json\/wp\/v2\/media\/102754"}],"wp:attachment":[{"href":"https:\/\/foliobooks.pl\/en\/wp-json\/wp\/v2\/media?parent=102763"}],"wp:term":[{"taxonomy":"product_brand","embeddable":true,"href":"https:\/\/foliobooks.pl\/en\/wp-json\/wp\/v2\/product_brand?post=102763"},{"taxonomy":"product_cat","embeddable":true,"href":"https:\/\/foliobooks.pl\/en\/wp-json\/wp\/v2\/product_cat?post=102763"},{"taxonomy":"product_tag","embeddable":true,"href":"https:\/\/foliobooks.pl\/en\/wp-json\/wp\/v2\/product_tag?post=102763"}],"curies":[{"name":"wp","href":"https:\/\/api.w.org\/{rel}","templated":true}]}}