{"id":102733,"date":"2024-07-31T10:16:40","date_gmt":"2024-07-31T08:16:40","guid":{"rendered":"https:\/\/foliobooks.pl\/sklep\/re-framed-marc-hom\/"},"modified":"2026-04-24T14:57:36","modified_gmt":"2026-04-24T12:57:36","slug":"re-framed-marc-hom","status":"publish","type":"product","link":"https:\/\/foliobooks.pl\/en\/shop\/re-framed-marc-hom\/","title":{"rendered":"Re-Framed. Marc Hom"},"content":{"rendered":"<p>RE-FRAMED is Marc Hom&#8217;s first major museum show that plays with viewing conventions: A collection of his photographs will be shown classically and intimately in the interior of the museum, while larger-than-life reproductions of his works will interact with each other in moving frames in the picturesque outdoor area under the influence of wind and weather. The essence of the exhibition is summarized in this carefully crafted coffee table book<\/p>\n","protected":false},"excerpt":{"rendered":"<p>RE-FRAMED is Marc Hom&#8217;s first major museum show that plays with viewing conventions: A collection of his photographs will be shown classically and intimately in the interior of the museum, while larger-than-life reproductions of his works will interact with each other in moving frames in the picturesque outdoor area under the influence of wind and&#8230;<\/p>\n","protected":false},"featured_media":102722,"comment_status":"closed","ping_status":"closed","template":"","meta":[],"product_brand":[],"product_cat":[13533,4517],"product_tag":[6121],"class_list":{"0":"post-102733","1":"product","2":"type-product","3":"status-publish","4":"has-post-thumbnail","6":"product_cat-books","7":"product_cat-photography-en","8":"product_tag-photography","9":"pa_author_att-marc-hom-en","10":"pa_cover-hardcover","11":"pa_format-235-x-299-cm-en","12":"pa_isbn-9783961716180-en","13":"pa_language-eng","14":"pa_pages-160-en-2","15":"pa_published-2024-07-30-en","16":"pa_publisher-teneues-en","18":"first","19":"instock","20":"sale","21":"sold-individually","22":"shipping-taxable","23":"purchasable","24":"product-type-simple"},"yoast_head":"<!-- This site is optimized with the Yoast SEO plugin v27.6 - https:\/\/yoast.com\/product\/yoast-seo-wordpress\/ -->\n<title>Re-Framed. Marc Hom (Marc Hom) - book \/ album - Folio<\/title>\n<meta name=\"description\" content=\"Wejd\u017a i kup ksi\u0105\u017ck\u0119 Re-Framed. Marc Hom autorstwa Marc Hom wydan\u0105 przez teNeues (2024-07-30) w formacie 23,5 x 29,9 cm (ISBN: 9783961716180). Zapraszamy!\" \/>\n<meta name=\"robots\" content=\"index, follow, max-snippet:-1, max-image-preview:large, max-video-preview:-1\" \/>\n<link rel=\"canonical\" href=\"https:\/\/foliobooks.pl\/en\/shop\/re-framed-marc-hom\/\" \/>\n<meta property=\"og:locale\" content=\"en_US\" \/>\n<meta property=\"og:type\" content=\"article\" \/>\n<meta property=\"og:title\" content=\"Re-Framed. Marc Hom (Marc Hom) - book \/ album - Folio\" \/>\n<meta property=\"og:description\" content=\"Wejd\u017a i kup ksi\u0105\u017ck\u0119 Re-Framed. Marc Hom autorstwa Marc Hom wydan\u0105 przez teNeues (2024-07-30) w formacie 23,5 x 29,9 cm (ISBN: 9783961716180). Zapraszamy!\" \/>\n<meta property=\"og:url\" content=\"https:\/\/foliobooks.pl\/en\/shop\/re-framed-marc-hom\/\" \/>\n<meta property=\"og:site_name\" content=\"Folio\" \/>\n<meta property=\"article:modified_time\" content=\"2026-04-24T12:57:36+00:00\" \/>\n<meta property=\"og:image\" content=\"https:\/\/foliobooks.pl\/wp-content\/uploads\/2024\/07\/9783961716180.png\" \/>\n\t<meta property=\"og:image:width\" content=\"570\" \/>\n\t<meta property=\"og:image:height\" content=\"708\" \/>\n\t<meta property=\"og:image:type\" content=\"image\/png\" \/>\n<meta name=\"twitter:card\" content=\"summary_large_image\" \/>\n<meta name=\"twitter:label1\" content=\"Est. reading time\" \/>\n\t<meta name=\"twitter:data1\" content=\"1 minute\" \/>\n<script type=\"application\/ld+json\" class=\"yoast-schema-graph\">{\"@context\":\"https:\\\/\\\/schema.org\",\"@graph\":[{\"@type\":\"WebPage\",\"@id\":\"https:\\\/\\\/foliobooks.pl\\\/en\\\/shop\\\/re-framed-marc-hom\\\/\",\"url\":\"https:\\\/\\\/foliobooks.pl\\\/en\\\/shop\\\/re-framed-marc-hom\\\/\",\"name\":\"Re-Framed. Marc Hom (Marc Hom) - book \\\/ album - Folio\",\"isPartOf\":{\"@id\":\"https:\\\/\\\/foliobooks.pl\\\/en\\\/#website\"},\"primaryImageOfPage\":{\"@id\":\"https:\\\/\\\/foliobooks.pl\\\/en\\\/shop\\\/re-framed-marc-hom\\\/#primaryimage\"},\"image\":{\"@id\":\"https:\\\/\\\/foliobooks.pl\\\/en\\\/shop\\\/re-framed-marc-hom\\\/#primaryimage\"},\"thumbnailUrl\":\"https:\\\/\\\/foliobooks.pl\\\/wp-content\\\/uploads\\\/2024\\\/07\\\/9783961716180.png\",\"datePublished\":\"2024-07-31T08:16:40+00:00\",\"dateModified\":\"2026-04-24T12:57:36+00:00\",\"description\":\"Wejd\u017a i kup ksi\u0105\u017ck\u0119 Re-Framed. Marc Hom autorstwa Marc Hom wydan\u0105 przez teNeues (2024-07-30) w formacie 23,5 x 29,9 cm (ISBN: 9783961716180). Zapraszamy!\",\"breadcrumb\":{\"@id\":\"https:\\\/\\\/foliobooks.pl\\\/en\\\/shop\\\/re-framed-marc-hom\\\/#breadcrumb\"},\"inLanguage\":\"en-US\",\"potentialAction\":[{\"@type\":\"ReadAction\",\"target\":[\"https:\\\/\\\/foliobooks.pl\\\/en\\\/shop\\\/re-framed-marc-hom\\\/\"]}]},{\"@type\":\"ImageObject\",\"inLanguage\":\"en-US\",\"@id\":\"https:\\\/\\\/foliobooks.pl\\\/en\\\/shop\\\/re-framed-marc-hom\\\/#primaryimage\",\"url\":\"https:\\\/\\\/foliobooks.pl\\\/wp-content\\\/uploads\\\/2024\\\/07\\\/9783961716180.png\",\"contentUrl\":\"https:\\\/\\\/foliobooks.pl\\\/wp-content\\\/uploads\\\/2024\\\/07\\\/9783961716180.png\",\"width\":570,\"height\":708},{\"@type\":\"BreadcrumbList\",\"@id\":\"https:\\\/\\\/foliobooks.pl\\\/en\\\/shop\\\/re-framed-marc-hom\\\/#breadcrumb\",\"itemListElement\":[{\"@type\":\"ListItem\",\"position\":1,\"name\":\"Strona g\u0142\u00f3wna\",\"item\":\"https:\\\/\\\/foliobooks.pl\\\/en\\\/\"},{\"@type\":\"ListItem\",\"position\":2,\"name\":\"Shop\",\"item\":\"https:\\\/\\\/foliobooks.pl\\\/en\\\/shop\\\/\"},{\"@type\":\"ListItem\",\"position\":3,\"name\":\"Re-Framed. Marc Hom\"}]},{\"@type\":\"WebSite\",\"@id\":\"https:\\\/\\\/foliobooks.pl\\\/en\\\/#website\",\"url\":\"https:\\\/\\\/foliobooks.pl\\\/en\\\/\",\"name\":\"Folio\",\"description\":\"Ksi\u0119garnia internetowa\",\"potentialAction\":[{\"@type\":\"SearchAction\",\"target\":{\"@type\":\"EntryPoint\",\"urlTemplate\":\"https:\\\/\\\/foliobooks.pl\\\/en\\\/?s={search_term_string}\"},\"query-input\":{\"@type\":\"PropertyValueSpecification\",\"valueRequired\":true,\"valueName\":\"search_term_string\"}}],\"inLanguage\":\"en-US\"}]}<\/script>\n<!-- \/ Yoast SEO plugin. -->","yoast_head_json":{"title":"Re-Framed. Marc Hom (Marc Hom) - book \/ album - Folio","description":"Wejd\u017a i kup ksi\u0105\u017ck\u0119 Re-Framed. Marc Hom autorstwa Marc Hom wydan\u0105 przez teNeues (2024-07-30) w formacie 23,5 x 29,9 cm (ISBN: 9783961716180). Zapraszamy!","robots":{"index":"index","follow":"follow","max-snippet":"max-snippet:-1","max-image-preview":"max-image-preview:large","max-video-preview":"max-video-preview:-1"},"canonical":"https:\/\/foliobooks.pl\/en\/shop\/re-framed-marc-hom\/","og_locale":"en_US","og_type":"article","og_title":"Re-Framed. Marc Hom (Marc Hom) - book \/ album - Folio","og_description":"Wejd\u017a i kup ksi\u0105\u017ck\u0119 Re-Framed. Marc Hom autorstwa Marc Hom wydan\u0105 przez teNeues (2024-07-30) w formacie 23,5 x 29,9 cm (ISBN: 9783961716180). Zapraszamy!","og_url":"https:\/\/foliobooks.pl\/en\/shop\/re-framed-marc-hom\/","og_site_name":"Folio","article_modified_time":"2026-04-24T12:57:36+00:00","og_image":[{"width":570,"height":708,"url":"https:\/\/foliobooks.pl\/wp-content\/uploads\/2024\/07\/9783961716180.png","type":"image\/png"}],"twitter_card":"summary_large_image","twitter_misc":{"Est. reading time":"1 minute"},"schema":{"@context":"https:\/\/schema.org","@graph":[{"@type":"WebPage","@id":"https:\/\/foliobooks.pl\/en\/shop\/re-framed-marc-hom\/","url":"https:\/\/foliobooks.pl\/en\/shop\/re-framed-marc-hom\/","name":"Re-Framed. Marc Hom (Marc Hom) - book \/ album - Folio","isPartOf":{"@id":"https:\/\/foliobooks.pl\/en\/#website"},"primaryImageOfPage":{"@id":"https:\/\/foliobooks.pl\/en\/shop\/re-framed-marc-hom\/#primaryimage"},"image":{"@id":"https:\/\/foliobooks.pl\/en\/shop\/re-framed-marc-hom\/#primaryimage"},"thumbnailUrl":"https:\/\/foliobooks.pl\/wp-content\/uploads\/2024\/07\/9783961716180.png","datePublished":"2024-07-31T08:16:40+00:00","dateModified":"2026-04-24T12:57:36+00:00","description":"Wejd\u017a i kup ksi\u0105\u017ck\u0119 Re-Framed. Marc Hom autorstwa Marc Hom wydan\u0105 przez teNeues (2024-07-30) w formacie 23,5 x 29,9 cm (ISBN: 9783961716180). Zapraszamy!","breadcrumb":{"@id":"https:\/\/foliobooks.pl\/en\/shop\/re-framed-marc-hom\/#breadcrumb"},"inLanguage":"en-US","potentialAction":[{"@type":"ReadAction","target":["https:\/\/foliobooks.pl\/en\/shop\/re-framed-marc-hom\/"]}]},{"@type":"ImageObject","inLanguage":"en-US","@id":"https:\/\/foliobooks.pl\/en\/shop\/re-framed-marc-hom\/#primaryimage","url":"https:\/\/foliobooks.pl\/wp-content\/uploads\/2024\/07\/9783961716180.png","contentUrl":"https:\/\/foliobooks.pl\/wp-content\/uploads\/2024\/07\/9783961716180.png","width":570,"height":708},{"@type":"BreadcrumbList","@id":"https:\/\/foliobooks.pl\/en\/shop\/re-framed-marc-hom\/#breadcrumb","itemListElement":[{"@type":"ListItem","position":1,"name":"Strona g\u0142\u00f3wna","item":"https:\/\/foliobooks.pl\/en\/"},{"@type":"ListItem","position":2,"name":"Shop","item":"https:\/\/foliobooks.pl\/en\/shop\/"},{"@type":"ListItem","position":3,"name":"Re-Framed. Marc Hom"}]},{"@type":"WebSite","@id":"https:\/\/foliobooks.pl\/en\/#website","url":"https:\/\/foliobooks.pl\/en\/","name":"Folio","description":"Ksi\u0119garnia internetowa","potentialAction":[{"@type":"SearchAction","target":{"@type":"EntryPoint","urlTemplate":"https:\/\/foliobooks.pl\/en\/?s={search_term_string}"},"query-input":{"@type":"PropertyValueSpecification","valueRequired":true,"valueName":"search_term_string"}}],"inLanguage":"en-US"}]}},"_links":{"self":[{"href":"https:\/\/foliobooks.pl\/en\/wp-json\/wp\/v2\/product\/102733","targetHints":{"allow":["GET"]}}],"collection":[{"href":"https:\/\/foliobooks.pl\/en\/wp-json\/wp\/v2\/product"}],"about":[{"href":"https:\/\/foliobooks.pl\/en\/wp-json\/wp\/v2\/types\/product"}],"replies":[{"embeddable":true,"href":"https:\/\/foliobooks.pl\/en\/wp-json\/wp\/v2\/comments?post=102733"}],"wp:featuredmedia":[{"embeddable":true,"href":"https:\/\/foliobooks.pl\/en\/wp-json\/wp\/v2\/media\/102722"}],"wp:attachment":[{"href":"https:\/\/foliobooks.pl\/en\/wp-json\/wp\/v2\/media?parent=102733"}],"wp:term":[{"taxonomy":"product_brand","embeddable":true,"href":"https:\/\/foliobooks.pl\/en\/wp-json\/wp\/v2\/product_brand?post=102733"},{"taxonomy":"product_cat","embeddable":true,"href":"https:\/\/foliobooks.pl\/en\/wp-json\/wp\/v2\/product_cat?post=102733"},{"taxonomy":"product_tag","embeddable":true,"href":"https:\/\/foliobooks.pl\/en\/wp-json\/wp\/v2\/product_tag?post=102733"}],"curies":[{"name":"wp","href":"https:\/\/api.w.org\/{rel}","templated":true}]}}