{"id":102561,"date":"2024-07-30T15:39:05","date_gmt":"2024-07-30T13:39:05","guid":{"rendered":"https:\/\/foliobooks.pl\/sklep\/cartagena-grace\/"},"modified":"2025-03-12T11:54:31","modified_gmt":"2025-03-12T10:54:31","slug":"cartagena-grace","status":"publish","type":"product","link":"https:\/\/foliobooks.pl\/en\/shop\/cartagena-grace\/","title":{"rendered":"Cartagena Grace"},"content":{"rendered":"<p>Colonial splendor, Caribbean soul, and unfaltering pride, Cartagena has a spirit wholly its own. This Colombian treasure boasts numerous, can\u2019t-miss landmarks including the pastel Teatro Adolfo Mejia, the famous Clock Tower, and the church of San Pedro Claver, originally built by Spanish Jesuits in the 1600s. Dating to the 16th century, the walled Old Town, a UNESCO World Heritage Site, is full of cobblestone alleyways, bougainvillea and orange-yellow facades. However, the true spirit of the city is found in the quiet daily moments. Experience the quaint scenes and extraordinary vistas that make Cartagena a trove of wonders.<\/p>\n<p>A city of celebration, Cartagena is often the host of spectacular weddings and unforgettable parties. The city\u2019s vibrant flair and breathtaking architecture are captured in Cartagena Grace, unveiling a rich portrait of this lively destination.<\/p>\n","protected":false},"excerpt":{"rendered":"<p>Colonial splendor, Caribbean soul, and unfaltering pride, Cartagena has a spirit wholly its own. This Colombian treasure boasts numerous, can\u2019t-miss landmarks including the pastel Teatro Adolfo Mejia, the famous Clock Tower, and the church of San Pedro Claver, originally built by Spanish Jesuits in the 1600s. Dating to the 16th century, the walled Old Town,&#8230;<\/p>\n","protected":false},"featured_media":102548,"comment_status":"closed","ping_status":"closed","template":"","meta":[],"product_brand":[],"product_cat":[13533,4517],"product_tag":[6121],"class_list":{"0":"post-102561","1":"product","2":"type-product","3":"status-publish","4":"has-post-thumbnail","6":"product_cat-books","7":"product_cat-photography-en","8":"product_tag-photography","9":"pa_author_att-johanna-ortiz-en","10":"pa_cover-hardcover","11":"pa_format-25-x-33-cm-en","12":"pa_isbn-9781649801210-en","13":"pa_language-eng","14":"pa_pages-312-2-en","15":"pa_published-2022-10-25-en","16":"pa_publisher-assouline-en","18":"first","19":"outofstock","20":"sold-individually","21":"shipping-taxable","22":"purchasable","23":"product-type-simple"},"yoast_head":"<!-- This site is optimized with the Yoast SEO plugin v27.5 - https:\/\/yoast.com\/product\/yoast-seo-wordpress\/ -->\n<title>Cartagena Grace (Johanna Ortiz) - book \/ album - Folio<\/title>\n<meta name=\"description\" content=\"Wejd\u017a i kup ksi\u0105\u017ck\u0119 Cartagena Grace autorstwa Johanna Ortiz wydan\u0105 przez Assouline (2022-10-25) w formacie 25 x 33 cm (ISBN: 9781649801210). Zapraszamy!\" \/>\n<meta name=\"robots\" content=\"index, follow, max-snippet:-1, max-image-preview:large, max-video-preview:-1\" \/>\n<link rel=\"canonical\" href=\"https:\/\/foliobooks.pl\/en\/shop\/cartagena-grace\/\" \/>\n<meta property=\"og:locale\" content=\"en_US\" \/>\n<meta property=\"og:type\" content=\"article\" \/>\n<meta property=\"og:title\" content=\"Cartagena Grace (Johanna Ortiz) - book \/ album - Folio\" \/>\n<meta property=\"og:description\" content=\"Wejd\u017a i kup ksi\u0105\u017ck\u0119 Cartagena Grace autorstwa Johanna Ortiz wydan\u0105 przez Assouline (2022-10-25) w formacie 25 x 33 cm (ISBN: 9781649801210). Zapraszamy!\" \/>\n<meta property=\"og:url\" content=\"https:\/\/foliobooks.pl\/en\/shop\/cartagena-grace\/\" \/>\n<meta property=\"og:site_name\" content=\"Folio\" \/>\n<meta property=\"article:modified_time\" content=\"2025-03-12T10:54:31+00:00\" \/>\n<meta property=\"og:image\" content=\"https:\/\/foliobooks.pl\/wp-content\/uploads\/2024\/07\/9781649801210.png\" \/>\n\t<meta property=\"og:image:width\" content=\"570\" \/>\n\t<meta property=\"og:image:height\" content=\"708\" \/>\n\t<meta property=\"og:image:type\" content=\"image\/png\" \/>\n<meta name=\"twitter:card\" content=\"summary_large_image\" \/>\n<meta name=\"twitter:label1\" content=\"Est. reading time\" \/>\n\t<meta name=\"twitter:data1\" content=\"1 minute\" \/>\n<script type=\"application\/ld+json\" class=\"yoast-schema-graph\">{\"@context\":\"https:\\\/\\\/schema.org\",\"@graph\":[{\"@type\":\"WebPage\",\"@id\":\"https:\\\/\\\/foliobooks.pl\\\/en\\\/shop\\\/cartagena-grace\\\/\",\"url\":\"https:\\\/\\\/foliobooks.pl\\\/en\\\/shop\\\/cartagena-grace\\\/\",\"name\":\"Cartagena Grace (Johanna Ortiz) - book \\\/ album - Folio\",\"isPartOf\":{\"@id\":\"https:\\\/\\\/foliobooks.pl\\\/en\\\/#website\"},\"primaryImageOfPage\":{\"@id\":\"https:\\\/\\\/foliobooks.pl\\\/en\\\/shop\\\/cartagena-grace\\\/#primaryimage\"},\"image\":{\"@id\":\"https:\\\/\\\/foliobooks.pl\\\/en\\\/shop\\\/cartagena-grace\\\/#primaryimage\"},\"thumbnailUrl\":\"https:\\\/\\\/foliobooks.pl\\\/wp-content\\\/uploads\\\/2024\\\/07\\\/9781649801210.png\",\"datePublished\":\"2024-07-30T13:39:05+00:00\",\"dateModified\":\"2025-03-12T10:54:31+00:00\",\"description\":\"Wejd\u017a i kup ksi\u0105\u017ck\u0119 Cartagena Grace autorstwa Johanna Ortiz wydan\u0105 przez Assouline (2022-10-25) w formacie 25 x 33 cm (ISBN: 9781649801210). Zapraszamy!\",\"breadcrumb\":{\"@id\":\"https:\\\/\\\/foliobooks.pl\\\/en\\\/shop\\\/cartagena-grace\\\/#breadcrumb\"},\"inLanguage\":\"en-US\",\"potentialAction\":[{\"@type\":\"ReadAction\",\"target\":[\"https:\\\/\\\/foliobooks.pl\\\/en\\\/shop\\\/cartagena-grace\\\/\"]}]},{\"@type\":\"ImageObject\",\"inLanguage\":\"en-US\",\"@id\":\"https:\\\/\\\/foliobooks.pl\\\/en\\\/shop\\\/cartagena-grace\\\/#primaryimage\",\"url\":\"https:\\\/\\\/foliobooks.pl\\\/wp-content\\\/uploads\\\/2024\\\/07\\\/9781649801210.png\",\"contentUrl\":\"https:\\\/\\\/foliobooks.pl\\\/wp-content\\\/uploads\\\/2024\\\/07\\\/9781649801210.png\",\"width\":570,\"height\":708},{\"@type\":\"BreadcrumbList\",\"@id\":\"https:\\\/\\\/foliobooks.pl\\\/en\\\/shop\\\/cartagena-grace\\\/#breadcrumb\",\"itemListElement\":[{\"@type\":\"ListItem\",\"position\":1,\"name\":\"Strona g\u0142\u00f3wna\",\"item\":\"https:\\\/\\\/foliobooks.pl\\\/en\\\/\"},{\"@type\":\"ListItem\",\"position\":2,\"name\":\"Shop\",\"item\":\"https:\\\/\\\/foliobooks.pl\\\/en\\\/shop\\\/\"},{\"@type\":\"ListItem\",\"position\":3,\"name\":\"Cartagena Grace\"}]},{\"@type\":\"WebSite\",\"@id\":\"https:\\\/\\\/foliobooks.pl\\\/en\\\/#website\",\"url\":\"https:\\\/\\\/foliobooks.pl\\\/en\\\/\",\"name\":\"Folio\",\"description\":\"Ksi\u0119garnia internetowa\",\"potentialAction\":[{\"@type\":\"SearchAction\",\"target\":{\"@type\":\"EntryPoint\",\"urlTemplate\":\"https:\\\/\\\/foliobooks.pl\\\/en\\\/?s={search_term_string}\"},\"query-input\":{\"@type\":\"PropertyValueSpecification\",\"valueRequired\":true,\"valueName\":\"search_term_string\"}}],\"inLanguage\":\"en-US\"}]}<\/script>\n<!-- \/ Yoast SEO plugin. -->","yoast_head_json":{"title":"Cartagena Grace (Johanna Ortiz) - book \/ album - Folio","description":"Wejd\u017a i kup ksi\u0105\u017ck\u0119 Cartagena Grace autorstwa Johanna Ortiz wydan\u0105 przez Assouline (2022-10-25) w formacie 25 x 33 cm (ISBN: 9781649801210). Zapraszamy!","robots":{"index":"index","follow":"follow","max-snippet":"max-snippet:-1","max-image-preview":"max-image-preview:large","max-video-preview":"max-video-preview:-1"},"canonical":"https:\/\/foliobooks.pl\/en\/shop\/cartagena-grace\/","og_locale":"en_US","og_type":"article","og_title":"Cartagena Grace (Johanna Ortiz) - book \/ album - Folio","og_description":"Wejd\u017a i kup ksi\u0105\u017ck\u0119 Cartagena Grace autorstwa Johanna Ortiz wydan\u0105 przez Assouline (2022-10-25) w formacie 25 x 33 cm (ISBN: 9781649801210). Zapraszamy!","og_url":"https:\/\/foliobooks.pl\/en\/shop\/cartagena-grace\/","og_site_name":"Folio","article_modified_time":"2025-03-12T10:54:31+00:00","og_image":[{"width":570,"height":708,"url":"https:\/\/foliobooks.pl\/wp-content\/uploads\/2024\/07\/9781649801210.png","type":"image\/png"}],"twitter_card":"summary_large_image","twitter_misc":{"Est. reading time":"1 minute"},"schema":{"@context":"https:\/\/schema.org","@graph":[{"@type":"WebPage","@id":"https:\/\/foliobooks.pl\/en\/shop\/cartagena-grace\/","url":"https:\/\/foliobooks.pl\/en\/shop\/cartagena-grace\/","name":"Cartagena Grace (Johanna Ortiz) - book \/ album - Folio","isPartOf":{"@id":"https:\/\/foliobooks.pl\/en\/#website"},"primaryImageOfPage":{"@id":"https:\/\/foliobooks.pl\/en\/shop\/cartagena-grace\/#primaryimage"},"image":{"@id":"https:\/\/foliobooks.pl\/en\/shop\/cartagena-grace\/#primaryimage"},"thumbnailUrl":"https:\/\/foliobooks.pl\/wp-content\/uploads\/2024\/07\/9781649801210.png","datePublished":"2024-07-30T13:39:05+00:00","dateModified":"2025-03-12T10:54:31+00:00","description":"Wejd\u017a i kup ksi\u0105\u017ck\u0119 Cartagena Grace autorstwa Johanna Ortiz wydan\u0105 przez Assouline (2022-10-25) w formacie 25 x 33 cm (ISBN: 9781649801210). Zapraszamy!","breadcrumb":{"@id":"https:\/\/foliobooks.pl\/en\/shop\/cartagena-grace\/#breadcrumb"},"inLanguage":"en-US","potentialAction":[{"@type":"ReadAction","target":["https:\/\/foliobooks.pl\/en\/shop\/cartagena-grace\/"]}]},{"@type":"ImageObject","inLanguage":"en-US","@id":"https:\/\/foliobooks.pl\/en\/shop\/cartagena-grace\/#primaryimage","url":"https:\/\/foliobooks.pl\/wp-content\/uploads\/2024\/07\/9781649801210.png","contentUrl":"https:\/\/foliobooks.pl\/wp-content\/uploads\/2024\/07\/9781649801210.png","width":570,"height":708},{"@type":"BreadcrumbList","@id":"https:\/\/foliobooks.pl\/en\/shop\/cartagena-grace\/#breadcrumb","itemListElement":[{"@type":"ListItem","position":1,"name":"Strona g\u0142\u00f3wna","item":"https:\/\/foliobooks.pl\/en\/"},{"@type":"ListItem","position":2,"name":"Shop","item":"https:\/\/foliobooks.pl\/en\/shop\/"},{"@type":"ListItem","position":3,"name":"Cartagena Grace"}]},{"@type":"WebSite","@id":"https:\/\/foliobooks.pl\/en\/#website","url":"https:\/\/foliobooks.pl\/en\/","name":"Folio","description":"Ksi\u0119garnia internetowa","potentialAction":[{"@type":"SearchAction","target":{"@type":"EntryPoint","urlTemplate":"https:\/\/foliobooks.pl\/en\/?s={search_term_string}"},"query-input":{"@type":"PropertyValueSpecification","valueRequired":true,"valueName":"search_term_string"}}],"inLanguage":"en-US"}]}},"_links":{"self":[{"href":"https:\/\/foliobooks.pl\/en\/wp-json\/wp\/v2\/product\/102561","targetHints":{"allow":["GET"]}}],"collection":[{"href":"https:\/\/foliobooks.pl\/en\/wp-json\/wp\/v2\/product"}],"about":[{"href":"https:\/\/foliobooks.pl\/en\/wp-json\/wp\/v2\/types\/product"}],"replies":[{"embeddable":true,"href":"https:\/\/foliobooks.pl\/en\/wp-json\/wp\/v2\/comments?post=102561"}],"wp:featuredmedia":[{"embeddable":true,"href":"https:\/\/foliobooks.pl\/en\/wp-json\/wp\/v2\/media\/102548"}],"wp:attachment":[{"href":"https:\/\/foliobooks.pl\/en\/wp-json\/wp\/v2\/media?parent=102561"}],"wp:term":[{"taxonomy":"product_brand","embeddable":true,"href":"https:\/\/foliobooks.pl\/en\/wp-json\/wp\/v2\/product_brand?post=102561"},{"taxonomy":"product_cat","embeddable":true,"href":"https:\/\/foliobooks.pl\/en\/wp-json\/wp\/v2\/product_cat?post=102561"},{"taxonomy":"product_tag","embeddable":true,"href":"https:\/\/foliobooks.pl\/en\/wp-json\/wp\/v2\/product_tag?post=102561"}],"curies":[{"name":"wp","href":"https:\/\/api.w.org\/{rel}","templated":true}]}}