{"id":102543,"date":"2024-07-30T14:43:02","date_gmt":"2024-07-30T12:43:02","guid":{"rendered":"https:\/\/foliobooks.pl\/sklep\/budapest-gem\/"},"modified":"2025-11-26T14:22:28","modified_gmt":"2025-11-26T13:22:28","slug":"budapest-gem","status":"publish","type":"product","link":"https:\/\/foliobooks.pl\/en\/shop\/budapest-gem\/","title":{"rendered":"Budapest Gem"},"content":{"rendered":"<p>Budapest, the vibrant capital of Hungary, is a city of enchanting contrasts. In the western part of the city, Buda, landmarks like Fisherman\u2019s Bastion, Buda Castle, and Matthias Church stand as testaments to its rich history, while the Pest side boasts modern icons like the House of Parliament, the Opera House, and Heroes\u2019 Square. The Sz\u00e9chenyi Chain Bridge gracefully spans the Danube, linking the two halves of the city. Beyond its storied past, Budapest pulsates with a dynamic present, epitomized by cultural fusion and creative fervor. Artists, filmmakers, and innovators thrive here, blending nostalgia with a forward-looking energy. Budapest Gem, featuring original photography by Oliver Pilcher, captures the city&#8217;s essence, inspiring readers with its timeless allure.<\/p>\n","protected":false},"excerpt":{"rendered":"<p>Budapest, the vibrant capital of Hungary, is a city of enchanting contrasts. In the western part of the city, Buda, landmarks like Fisherman\u2019s Bastion, Buda Castle, and Matthias Church stand as testaments to its rich history, while the Pest side boasts modern icons like the House of Parliament, the Opera House, and Heroes\u2019 Square. The&#8230;<\/p>\n","protected":false},"featured_media":102530,"comment_status":"closed","ping_status":"closed","template":"","meta":[],"product_brand":[],"product_cat":[13533,4517],"product_tag":[11484,6121],"class_list":{"0":"post-102543","1":"product","2":"type-product","3":"status-publish","4":"has-post-thumbnail","6":"product_cat-books","7":"product_cat-photography-en","8":"product_tag-europe-en","9":"product_tag-photography","10":"pa_author_att-andras-torok-en","11":"pa_cover-softcover","12":"pa_format-25-x-33-cm-en","13":"pa_isbn-9781649803412-en","14":"pa_language-eng","15":"pa_pages-280-en-2","16":"pa_published-2024-04-18-en","17":"pa_publisher-assouline-en","19":"first","20":"outofstock","21":"sold-individually","22":"shipping-taxable","23":"purchasable","24":"product-type-simple"},"yoast_head":"<!-- This site is optimized with the Yoast SEO plugin v27.4 - https:\/\/yoast.com\/product\/yoast-seo-wordpress\/ -->\n<title>Budapest Gem (Andr\u00e0s T\u00f6r\u00f6k) - book \/ album - Folio<\/title>\n<meta name=\"description\" content=\"Wejd\u017a i kup ksi\u0105\u017ck\u0119 Budapest Gem autorstwa Andr\u00e0s T\u00f6r\u00f6k wydan\u0105 przez Assouline (2024-04-18) w formacie 25 x 33 cm (ISBN: 9781649803412). Zapraszamy!\" \/>\n<meta name=\"robots\" content=\"index, follow, max-snippet:-1, max-image-preview:large, max-video-preview:-1\" \/>\n<link rel=\"canonical\" href=\"https:\/\/foliobooks.pl\/en\/shop\/budapest-gem\/\" \/>\n<meta property=\"og:locale\" content=\"en_US\" \/>\n<meta property=\"og:type\" content=\"article\" \/>\n<meta property=\"og:title\" content=\"Budapest Gem (Andr\u00e0s T\u00f6r\u00f6k) - book \/ album - Folio\" \/>\n<meta property=\"og:description\" content=\"Wejd\u017a i kup ksi\u0105\u017ck\u0119 Budapest Gem autorstwa Andr\u00e0s T\u00f6r\u00f6k wydan\u0105 przez Assouline (2024-04-18) w formacie 25 x 33 cm (ISBN: 9781649803412). Zapraszamy!\" \/>\n<meta property=\"og:url\" content=\"https:\/\/foliobooks.pl\/en\/shop\/budapest-gem\/\" \/>\n<meta property=\"og:site_name\" content=\"Folio\" \/>\n<meta property=\"article:modified_time\" content=\"2025-11-26T13:22:28+00:00\" \/>\n<meta property=\"og:image\" content=\"https:\/\/foliobooks.pl\/wp-content\/uploads\/2024\/07\/9781649803412.png\" \/>\n\t<meta property=\"og:image:width\" content=\"570\" \/>\n\t<meta property=\"og:image:height\" content=\"708\" \/>\n\t<meta property=\"og:image:type\" content=\"image\/png\" \/>\n<meta name=\"twitter:card\" content=\"summary_large_image\" \/>\n<meta name=\"twitter:label1\" content=\"Est. reading time\" \/>\n\t<meta name=\"twitter:data1\" content=\"1 minute\" \/>\n<script type=\"application\/ld+json\" class=\"yoast-schema-graph\">{\"@context\":\"https:\\\/\\\/schema.org\",\"@graph\":[{\"@type\":\"WebPage\",\"@id\":\"https:\\\/\\\/foliobooks.pl\\\/en\\\/shop\\\/budapest-gem\\\/\",\"url\":\"https:\\\/\\\/foliobooks.pl\\\/en\\\/shop\\\/budapest-gem\\\/\",\"name\":\"Budapest Gem (Andr\u00e0s T\u00f6r\u00f6k) - book \\\/ album - Folio\",\"isPartOf\":{\"@id\":\"https:\\\/\\\/foliobooks.pl\\\/en\\\/#website\"},\"primaryImageOfPage\":{\"@id\":\"https:\\\/\\\/foliobooks.pl\\\/en\\\/shop\\\/budapest-gem\\\/#primaryimage\"},\"image\":{\"@id\":\"https:\\\/\\\/foliobooks.pl\\\/en\\\/shop\\\/budapest-gem\\\/#primaryimage\"},\"thumbnailUrl\":\"https:\\\/\\\/foliobooks.pl\\\/wp-content\\\/uploads\\\/2024\\\/07\\\/9781649803412.png\",\"datePublished\":\"2024-07-30T12:43:02+00:00\",\"dateModified\":\"2025-11-26T13:22:28+00:00\",\"description\":\"Wejd\u017a i kup ksi\u0105\u017ck\u0119 Budapest Gem autorstwa Andr\u00e0s T\u00f6r\u00f6k wydan\u0105 przez Assouline (2024-04-18) w formacie 25 x 33 cm (ISBN: 9781649803412). Zapraszamy!\",\"breadcrumb\":{\"@id\":\"https:\\\/\\\/foliobooks.pl\\\/en\\\/shop\\\/budapest-gem\\\/#breadcrumb\"},\"inLanguage\":\"en-US\",\"potentialAction\":[{\"@type\":\"ReadAction\",\"target\":[\"https:\\\/\\\/foliobooks.pl\\\/en\\\/shop\\\/budapest-gem\\\/\"]}]},{\"@type\":\"ImageObject\",\"inLanguage\":\"en-US\",\"@id\":\"https:\\\/\\\/foliobooks.pl\\\/en\\\/shop\\\/budapest-gem\\\/#primaryimage\",\"url\":\"https:\\\/\\\/foliobooks.pl\\\/wp-content\\\/uploads\\\/2024\\\/07\\\/9781649803412.png\",\"contentUrl\":\"https:\\\/\\\/foliobooks.pl\\\/wp-content\\\/uploads\\\/2024\\\/07\\\/9781649803412.png\",\"width\":570,\"height\":708},{\"@type\":\"BreadcrumbList\",\"@id\":\"https:\\\/\\\/foliobooks.pl\\\/en\\\/shop\\\/budapest-gem\\\/#breadcrumb\",\"itemListElement\":[{\"@type\":\"ListItem\",\"position\":1,\"name\":\"Strona g\u0142\u00f3wna\",\"item\":\"https:\\\/\\\/foliobooks.pl\\\/en\\\/\"},{\"@type\":\"ListItem\",\"position\":2,\"name\":\"Shop\",\"item\":\"https:\\\/\\\/foliobooks.pl\\\/en\\\/shop\\\/\"},{\"@type\":\"ListItem\",\"position\":3,\"name\":\"Budapest Gem\"}]},{\"@type\":\"WebSite\",\"@id\":\"https:\\\/\\\/foliobooks.pl\\\/en\\\/#website\",\"url\":\"https:\\\/\\\/foliobooks.pl\\\/en\\\/\",\"name\":\"Folio\",\"description\":\"Ksi\u0119garnia internetowa\",\"potentialAction\":[{\"@type\":\"SearchAction\",\"target\":{\"@type\":\"EntryPoint\",\"urlTemplate\":\"https:\\\/\\\/foliobooks.pl\\\/en\\\/?s={search_term_string}\"},\"query-input\":{\"@type\":\"PropertyValueSpecification\",\"valueRequired\":true,\"valueName\":\"search_term_string\"}}],\"inLanguage\":\"en-US\"}]}<\/script>\n<!-- \/ Yoast SEO plugin. -->","yoast_head_json":{"title":"Budapest Gem (Andr\u00e0s T\u00f6r\u00f6k) - book \/ album - Folio","description":"Wejd\u017a i kup ksi\u0105\u017ck\u0119 Budapest Gem autorstwa Andr\u00e0s T\u00f6r\u00f6k wydan\u0105 przez Assouline (2024-04-18) w formacie 25 x 33 cm (ISBN: 9781649803412). Zapraszamy!","robots":{"index":"index","follow":"follow","max-snippet":"max-snippet:-1","max-image-preview":"max-image-preview:large","max-video-preview":"max-video-preview:-1"},"canonical":"https:\/\/foliobooks.pl\/en\/shop\/budapest-gem\/","og_locale":"en_US","og_type":"article","og_title":"Budapest Gem (Andr\u00e0s T\u00f6r\u00f6k) - book \/ album - Folio","og_description":"Wejd\u017a i kup ksi\u0105\u017ck\u0119 Budapest Gem autorstwa Andr\u00e0s T\u00f6r\u00f6k wydan\u0105 przez Assouline (2024-04-18) w formacie 25 x 33 cm (ISBN: 9781649803412). Zapraszamy!","og_url":"https:\/\/foliobooks.pl\/en\/shop\/budapest-gem\/","og_site_name":"Folio","article_modified_time":"2025-11-26T13:22:28+00:00","og_image":[{"width":570,"height":708,"url":"https:\/\/foliobooks.pl\/wp-content\/uploads\/2024\/07\/9781649803412.png","type":"image\/png"}],"twitter_card":"summary_large_image","twitter_misc":{"Est. reading time":"1 minute"},"schema":{"@context":"https:\/\/schema.org","@graph":[{"@type":"WebPage","@id":"https:\/\/foliobooks.pl\/en\/shop\/budapest-gem\/","url":"https:\/\/foliobooks.pl\/en\/shop\/budapest-gem\/","name":"Budapest Gem (Andr\u00e0s T\u00f6r\u00f6k) - book \/ album - Folio","isPartOf":{"@id":"https:\/\/foliobooks.pl\/en\/#website"},"primaryImageOfPage":{"@id":"https:\/\/foliobooks.pl\/en\/shop\/budapest-gem\/#primaryimage"},"image":{"@id":"https:\/\/foliobooks.pl\/en\/shop\/budapest-gem\/#primaryimage"},"thumbnailUrl":"https:\/\/foliobooks.pl\/wp-content\/uploads\/2024\/07\/9781649803412.png","datePublished":"2024-07-30T12:43:02+00:00","dateModified":"2025-11-26T13:22:28+00:00","description":"Wejd\u017a i kup ksi\u0105\u017ck\u0119 Budapest Gem autorstwa Andr\u00e0s T\u00f6r\u00f6k wydan\u0105 przez Assouline (2024-04-18) w formacie 25 x 33 cm (ISBN: 9781649803412). Zapraszamy!","breadcrumb":{"@id":"https:\/\/foliobooks.pl\/en\/shop\/budapest-gem\/#breadcrumb"},"inLanguage":"en-US","potentialAction":[{"@type":"ReadAction","target":["https:\/\/foliobooks.pl\/en\/shop\/budapest-gem\/"]}]},{"@type":"ImageObject","inLanguage":"en-US","@id":"https:\/\/foliobooks.pl\/en\/shop\/budapest-gem\/#primaryimage","url":"https:\/\/foliobooks.pl\/wp-content\/uploads\/2024\/07\/9781649803412.png","contentUrl":"https:\/\/foliobooks.pl\/wp-content\/uploads\/2024\/07\/9781649803412.png","width":570,"height":708},{"@type":"BreadcrumbList","@id":"https:\/\/foliobooks.pl\/en\/shop\/budapest-gem\/#breadcrumb","itemListElement":[{"@type":"ListItem","position":1,"name":"Strona g\u0142\u00f3wna","item":"https:\/\/foliobooks.pl\/en\/"},{"@type":"ListItem","position":2,"name":"Shop","item":"https:\/\/foliobooks.pl\/en\/shop\/"},{"@type":"ListItem","position":3,"name":"Budapest Gem"}]},{"@type":"WebSite","@id":"https:\/\/foliobooks.pl\/en\/#website","url":"https:\/\/foliobooks.pl\/en\/","name":"Folio","description":"Ksi\u0119garnia internetowa","potentialAction":[{"@type":"SearchAction","target":{"@type":"EntryPoint","urlTemplate":"https:\/\/foliobooks.pl\/en\/?s={search_term_string}"},"query-input":{"@type":"PropertyValueSpecification","valueRequired":true,"valueName":"search_term_string"}}],"inLanguage":"en-US"}]}},"_links":{"self":[{"href":"https:\/\/foliobooks.pl\/en\/wp-json\/wp\/v2\/product\/102543","targetHints":{"allow":["GET"]}}],"collection":[{"href":"https:\/\/foliobooks.pl\/en\/wp-json\/wp\/v2\/product"}],"about":[{"href":"https:\/\/foliobooks.pl\/en\/wp-json\/wp\/v2\/types\/product"}],"replies":[{"embeddable":true,"href":"https:\/\/foliobooks.pl\/en\/wp-json\/wp\/v2\/comments?post=102543"}],"wp:featuredmedia":[{"embeddable":true,"href":"https:\/\/foliobooks.pl\/en\/wp-json\/wp\/v2\/media\/102530"}],"wp:attachment":[{"href":"https:\/\/foliobooks.pl\/en\/wp-json\/wp\/v2\/media?parent=102543"}],"wp:term":[{"taxonomy":"product_brand","embeddable":true,"href":"https:\/\/foliobooks.pl\/en\/wp-json\/wp\/v2\/product_brand?post=102543"},{"taxonomy":"product_cat","embeddable":true,"href":"https:\/\/foliobooks.pl\/en\/wp-json\/wp\/v2\/product_cat?post=102543"},{"taxonomy":"product_tag","embeddable":true,"href":"https:\/\/foliobooks.pl\/en\/wp-json\/wp\/v2\/product_tag?post=102543"}],"curies":[{"name":"wp","href":"https:\/\/api.w.org\/{rel}","templated":true}]}}