{"id":102293,"date":"2024-05-08T14:25:00","date_gmt":"2024-05-08T12:25:00","guid":{"rendered":"https:\/\/foliobooks.pl\/sklep\/my-passion-for-design\/"},"modified":"2026-04-20T16:35:21","modified_gmt":"2026-04-20T14:35:21","slug":"my-passion-for-design","status":"publish","type":"product","link":"https:\/\/foliobooks.pl\/en\/shop\/my-passion-for-design\/","title":{"rendered":"My Passion for Design"},"content":{"rendered":"<p>For nearly six decades Barbra Streisand has been one of the singular figures in American entertainment. From the cabaret to the Broadway stage, from television and film stardom to her acclaimed work as a director, from the recording studio to the concert hall, she has demonstrated that the extraordinary voice that launched her career was only one of her remarkable gifts.<\/p>\n<p>Now, in her first book, Barbra Streisand reveals another aspect of her talent: the taste and style that have inspired her beautiful homes and collections. My Passion for Design is her account of the creation and consturction of her newest home\u2014the dream refuge she has longed for since the days when she shared a small Brooklyn apartment with her mother, brother, and grandparents, and a culmination and reflection of her love of American architecture and design from the 18th to the 20th centuries. Whether she is seeking an elusive shade of blue for the paneling in a Federal lounge, tracking down a contemporary woodworker who was able to recreate the exquisite Greene &amp; Greene style, or choosing the roses to harmonize with both the interior and exterior of a given room, Barbra&#8217;s perseverance and attention to detail are remarkable\u2014and remarkably engaging. She is a wonderfully witty storyteller as well as a knowledgeable and charming guide.<\/p>\n<p>My Passion for Design contains not only Barbra&#8217;s own photographs of the rooms she has decorated, the furniture and art she has collected, and the ravishing gardens she has planted on her land on the California coast, but memories of her childhood, and insights into the development of her own sense of style. The millions of fans who have cherished her voice as a singer will find that she has an equally inimitable and compelling voice as a writer.<\/p>\n<p>Here is a rare and intimate private tour of the world of one of our most beloved stars, which will be welcomed by her fans and all lovers of the great achievements of American design.<\/p>\n","protected":false},"excerpt":{"rendered":"<p>For nearly six decades Barbra Streisand has been one of the singular figures in American entertainment. From the cabaret to the Broadway stage, from television and film stardom to her acclaimed work as a director, from the recording studio to the concert hall, she has demonstrated that the extraordinary voice that launched her career was&#8230;<\/p>\n","protected":false},"featured_media":102292,"comment_status":"closed","ping_status":"closed","template":"","meta":[],"product_brand":[],"product_cat":[13533,4523,4525,4526],"product_tag":[4524],"class_list":{"0":"post-102293","1":"product","2":"type-product","3":"status-publish","4":"has-post-thumbnail","6":"product_cat-books","7":"product_cat-design-en-en","8":"product_cat-graphic-design","9":"product_cat-industrial-design","10":"product_tag-design-en-en","11":"pa_author_att-barbra-streisand-en","12":"pa_cover-hardcover","13":"pa_format-24-x-31-cm-en","14":"pa_isbn-9780593831809-en","15":"pa_language-eng","16":"pa_pages-288-2-en","17":"pa_published-2024-02-02-en","18":"pa_publisher-viking-en","20":"first","21":"instock","22":"sale","23":"sold-individually","24":"shipping-taxable","25":"purchasable","26":"product-type-simple"},"yoast_head":"<!-- This site is optimized with the Yoast SEO plugin v27.5 - https:\/\/yoast.com\/product\/yoast-seo-wordpress\/ -->\n<title>My Passion for Design (Barbra Streisand) - book \/ album - Folio<\/title>\n<meta name=\"description\" content=\"Wejd\u017a i kup ksi\u0105\u017ck\u0119 My Passion for Design autorstwa Barbra Streisand wydan\u0105 przez Viking (2024-02-02) w formacie 24 x 31 cm (ISBN: 9780593831809). Zapraszamy!\" \/>\n<meta name=\"robots\" content=\"index, follow, max-snippet:-1, max-image-preview:large, max-video-preview:-1\" \/>\n<link rel=\"canonical\" href=\"https:\/\/foliobooks.pl\/en\/shop\/my-passion-for-design\/\" \/>\n<meta property=\"og:locale\" content=\"en_US\" \/>\n<meta property=\"og:type\" content=\"article\" \/>\n<meta property=\"og:title\" content=\"My Passion for Design (Barbra Streisand) - book \/ album - Folio\" \/>\n<meta property=\"og:description\" content=\"Wejd\u017a i kup ksi\u0105\u017ck\u0119 My Passion for Design autorstwa Barbra Streisand wydan\u0105 przez Viking (2024-02-02) w formacie 24 x 31 cm (ISBN: 9780593831809). Zapraszamy!\" \/>\n<meta property=\"og:url\" content=\"https:\/\/foliobooks.pl\/en\/shop\/my-passion-for-design\/\" \/>\n<meta property=\"og:site_name\" content=\"Folio\" \/>\n<meta property=\"article:modified_time\" content=\"2026-04-20T14:35:21+00:00\" \/>\n<meta property=\"og:image\" content=\"https:\/\/foliobooks.pl\/wp-content\/uploads\/2024\/05\/9780593831809.png\" \/>\n\t<meta property=\"og:image:width\" content=\"570\" \/>\n\t<meta property=\"og:image:height\" content=\"708\" \/>\n\t<meta property=\"og:image:type\" content=\"image\/png\" \/>\n<meta name=\"twitter:card\" content=\"summary_large_image\" \/>\n<meta name=\"twitter:label1\" content=\"Est. reading time\" \/>\n\t<meta name=\"twitter:data1\" content=\"3 minutes\" \/>\n<script type=\"application\/ld+json\" class=\"yoast-schema-graph\">{\"@context\":\"https:\\\/\\\/schema.org\",\"@graph\":[{\"@type\":\"WebPage\",\"@id\":\"https:\\\/\\\/foliobooks.pl\\\/en\\\/shop\\\/my-passion-for-design\\\/\",\"url\":\"https:\\\/\\\/foliobooks.pl\\\/en\\\/shop\\\/my-passion-for-design\\\/\",\"name\":\"My Passion for Design (Barbra Streisand) - book \\\/ album - Folio\",\"isPartOf\":{\"@id\":\"https:\\\/\\\/foliobooks.pl\\\/en\\\/#website\"},\"primaryImageOfPage\":{\"@id\":\"https:\\\/\\\/foliobooks.pl\\\/en\\\/shop\\\/my-passion-for-design\\\/#primaryimage\"},\"image\":{\"@id\":\"https:\\\/\\\/foliobooks.pl\\\/en\\\/shop\\\/my-passion-for-design\\\/#primaryimage\"},\"thumbnailUrl\":\"https:\\\/\\\/foliobooks.pl\\\/wp-content\\\/uploads\\\/2024\\\/05\\\/9780593831809.png\",\"datePublished\":\"2024-05-08T12:25:00+00:00\",\"dateModified\":\"2026-04-20T14:35:21+00:00\",\"description\":\"Wejd\u017a i kup ksi\u0105\u017ck\u0119 My Passion for Design autorstwa Barbra Streisand wydan\u0105 przez Viking (2024-02-02) w formacie 24 x 31 cm (ISBN: 9780593831809). Zapraszamy!\",\"breadcrumb\":{\"@id\":\"https:\\\/\\\/foliobooks.pl\\\/en\\\/shop\\\/my-passion-for-design\\\/#breadcrumb\"},\"inLanguage\":\"en-US\",\"potentialAction\":[{\"@type\":\"ReadAction\",\"target\":[\"https:\\\/\\\/foliobooks.pl\\\/en\\\/shop\\\/my-passion-for-design\\\/\"]}]},{\"@type\":\"ImageObject\",\"inLanguage\":\"en-US\",\"@id\":\"https:\\\/\\\/foliobooks.pl\\\/en\\\/shop\\\/my-passion-for-design\\\/#primaryimage\",\"url\":\"https:\\\/\\\/foliobooks.pl\\\/wp-content\\\/uploads\\\/2024\\\/05\\\/9780593831809.png\",\"contentUrl\":\"https:\\\/\\\/foliobooks.pl\\\/wp-content\\\/uploads\\\/2024\\\/05\\\/9780593831809.png\",\"width\":570,\"height\":708},{\"@type\":\"BreadcrumbList\",\"@id\":\"https:\\\/\\\/foliobooks.pl\\\/en\\\/shop\\\/my-passion-for-design\\\/#breadcrumb\",\"itemListElement\":[{\"@type\":\"ListItem\",\"position\":1,\"name\":\"Strona g\u0142\u00f3wna\",\"item\":\"https:\\\/\\\/foliobooks.pl\\\/en\\\/\"},{\"@type\":\"ListItem\",\"position\":2,\"name\":\"Shop\",\"item\":\"https:\\\/\\\/foliobooks.pl\\\/en\\\/shop\\\/\"},{\"@type\":\"ListItem\",\"position\":3,\"name\":\"My Passion for Design\"}]},{\"@type\":\"WebSite\",\"@id\":\"https:\\\/\\\/foliobooks.pl\\\/en\\\/#website\",\"url\":\"https:\\\/\\\/foliobooks.pl\\\/en\\\/\",\"name\":\"Folio\",\"description\":\"Ksi\u0119garnia internetowa\",\"potentialAction\":[{\"@type\":\"SearchAction\",\"target\":{\"@type\":\"EntryPoint\",\"urlTemplate\":\"https:\\\/\\\/foliobooks.pl\\\/en\\\/?s={search_term_string}\"},\"query-input\":{\"@type\":\"PropertyValueSpecification\",\"valueRequired\":true,\"valueName\":\"search_term_string\"}}],\"inLanguage\":\"en-US\"}]}<\/script>\n<!-- \/ Yoast SEO plugin. -->","yoast_head_json":{"title":"My Passion for Design (Barbra Streisand) - book \/ album - Folio","description":"Wejd\u017a i kup ksi\u0105\u017ck\u0119 My Passion for Design autorstwa Barbra Streisand wydan\u0105 przez Viking (2024-02-02) w formacie 24 x 31 cm (ISBN: 9780593831809). Zapraszamy!","robots":{"index":"index","follow":"follow","max-snippet":"max-snippet:-1","max-image-preview":"max-image-preview:large","max-video-preview":"max-video-preview:-1"},"canonical":"https:\/\/foliobooks.pl\/en\/shop\/my-passion-for-design\/","og_locale":"en_US","og_type":"article","og_title":"My Passion for Design (Barbra Streisand) - book \/ album - Folio","og_description":"Wejd\u017a i kup ksi\u0105\u017ck\u0119 My Passion for Design autorstwa Barbra Streisand wydan\u0105 przez Viking (2024-02-02) w formacie 24 x 31 cm (ISBN: 9780593831809). Zapraszamy!","og_url":"https:\/\/foliobooks.pl\/en\/shop\/my-passion-for-design\/","og_site_name":"Folio","article_modified_time":"2026-04-20T14:35:21+00:00","og_image":[{"width":570,"height":708,"url":"https:\/\/foliobooks.pl\/wp-content\/uploads\/2024\/05\/9780593831809.png","type":"image\/png"}],"twitter_card":"summary_large_image","twitter_misc":{"Est. reading time":"3 minutes"},"schema":{"@context":"https:\/\/schema.org","@graph":[{"@type":"WebPage","@id":"https:\/\/foliobooks.pl\/en\/shop\/my-passion-for-design\/","url":"https:\/\/foliobooks.pl\/en\/shop\/my-passion-for-design\/","name":"My Passion for Design (Barbra Streisand) - book \/ album - Folio","isPartOf":{"@id":"https:\/\/foliobooks.pl\/en\/#website"},"primaryImageOfPage":{"@id":"https:\/\/foliobooks.pl\/en\/shop\/my-passion-for-design\/#primaryimage"},"image":{"@id":"https:\/\/foliobooks.pl\/en\/shop\/my-passion-for-design\/#primaryimage"},"thumbnailUrl":"https:\/\/foliobooks.pl\/wp-content\/uploads\/2024\/05\/9780593831809.png","datePublished":"2024-05-08T12:25:00+00:00","dateModified":"2026-04-20T14:35:21+00:00","description":"Wejd\u017a i kup ksi\u0105\u017ck\u0119 My Passion for Design autorstwa Barbra Streisand wydan\u0105 przez Viking (2024-02-02) w formacie 24 x 31 cm (ISBN: 9780593831809). Zapraszamy!","breadcrumb":{"@id":"https:\/\/foliobooks.pl\/en\/shop\/my-passion-for-design\/#breadcrumb"},"inLanguage":"en-US","potentialAction":[{"@type":"ReadAction","target":["https:\/\/foliobooks.pl\/en\/shop\/my-passion-for-design\/"]}]},{"@type":"ImageObject","inLanguage":"en-US","@id":"https:\/\/foliobooks.pl\/en\/shop\/my-passion-for-design\/#primaryimage","url":"https:\/\/foliobooks.pl\/wp-content\/uploads\/2024\/05\/9780593831809.png","contentUrl":"https:\/\/foliobooks.pl\/wp-content\/uploads\/2024\/05\/9780593831809.png","width":570,"height":708},{"@type":"BreadcrumbList","@id":"https:\/\/foliobooks.pl\/en\/shop\/my-passion-for-design\/#breadcrumb","itemListElement":[{"@type":"ListItem","position":1,"name":"Strona g\u0142\u00f3wna","item":"https:\/\/foliobooks.pl\/en\/"},{"@type":"ListItem","position":2,"name":"Shop","item":"https:\/\/foliobooks.pl\/en\/shop\/"},{"@type":"ListItem","position":3,"name":"My Passion for Design"}]},{"@type":"WebSite","@id":"https:\/\/foliobooks.pl\/en\/#website","url":"https:\/\/foliobooks.pl\/en\/","name":"Folio","description":"Ksi\u0119garnia internetowa","potentialAction":[{"@type":"SearchAction","target":{"@type":"EntryPoint","urlTemplate":"https:\/\/foliobooks.pl\/en\/?s={search_term_string}"},"query-input":{"@type":"PropertyValueSpecification","valueRequired":true,"valueName":"search_term_string"}}],"inLanguage":"en-US"}]}},"_links":{"self":[{"href":"https:\/\/foliobooks.pl\/en\/wp-json\/wp\/v2\/product\/102293","targetHints":{"allow":["GET"]}}],"collection":[{"href":"https:\/\/foliobooks.pl\/en\/wp-json\/wp\/v2\/product"}],"about":[{"href":"https:\/\/foliobooks.pl\/en\/wp-json\/wp\/v2\/types\/product"}],"replies":[{"embeddable":true,"href":"https:\/\/foliobooks.pl\/en\/wp-json\/wp\/v2\/comments?post=102293"}],"wp:featuredmedia":[{"embeddable":true,"href":"https:\/\/foliobooks.pl\/en\/wp-json\/wp\/v2\/media\/102292"}],"wp:attachment":[{"href":"https:\/\/foliobooks.pl\/en\/wp-json\/wp\/v2\/media?parent=102293"}],"wp:term":[{"taxonomy":"product_brand","embeddable":true,"href":"https:\/\/foliobooks.pl\/en\/wp-json\/wp\/v2\/product_brand?post=102293"},{"taxonomy":"product_cat","embeddable":true,"href":"https:\/\/foliobooks.pl\/en\/wp-json\/wp\/v2\/product_cat?post=102293"},{"taxonomy":"product_tag","embeddable":true,"href":"https:\/\/foliobooks.pl\/en\/wp-json\/wp\/v2\/product_tag?post=102293"}],"curies":[{"name":"wp","href":"https:\/\/api.w.org\/{rel}","templated":true}]}}