{"id":102289,"date":"2024-05-08T14:20:05","date_gmt":"2024-05-08T12:20:05","guid":{"rendered":"https:\/\/foliobooks.pl\/sklep\/fashion-faux-parr\/"},"modified":"2024-05-08T14:20:19","modified_gmt":"2024-05-08T12:20:19","slug":"fashion-faux-parr","status":"publish","type":"product","link":"https:\/\/foliobooks.pl\/en\/shop\/fashion-faux-parr\/","title":{"rendered":"Fashion Faux Parr"},"content":{"rendered":"<p>The first book dedicated to the fashion photography of renowned British photographer Martin Parr<\/p>\n<p>Fashion Faux Parr showcases Martin Parr&#8217;s collection of fashion photography for the first time in one book. More than 250 color images, many previously unpublished, explore a wide variety of fashion work, from editorial collaborations with major magazines and houses, including Vogue, Balenciaga, and Gucci, to candid photographs from behind the scenes at major fashion events and portraits of industry icons.<\/p>\n<p>Two essays by influential fashion industry personalities Patrick Grant and Tabitha Simmons offer commentary on Parr&#8217;s unique view on the fashion world and set it within a wider context. This is the only book dedicated to Martin Parr&#8217;s highly original take on fashion, including both commissioned and personal photographs, as well as facsimiles of his published features in Vogue and other international fashion magazines.<\/p>\n","protected":false},"excerpt":{"rendered":"<p>The first book dedicated to the fashion photography of renowned British photographer Martin Parr Fashion Faux Parr showcases Martin Parr&#8217;s collection of fashion photography for the first time in one book. More than 250 color images, many previously unpublished, explore a wide variety of fashion work, from editorial collaborations with major magazines and houses, including&#8230;<\/p>\n","protected":false},"featured_media":102276,"comment_status":"closed","ping_status":"closed","template":"","meta":[],"product_brand":[],"product_cat":[13533,4519],"product_tag":[6125],"class_list":{"0":"post-102289","1":"product","2":"type-product","3":"status-publish","4":"has-post-thumbnail","6":"product_cat-books","7":"product_cat-fashion-en-en","8":"product_tag-fashion","9":"pa_author_att-martin-parr-en","10":"pa_cover-hardcover","11":"pa_format-209-x-288-cm-en","12":"pa_isbn-9781838667931-en","13":"pa_language-eng","14":"pa_pages-304-en-en","15":"pa_published-2024-04-04-en","16":"pa_publisher-phaidon-en","18":"first","19":"outofstock","20":"sold-individually","21":"shipping-taxable","22":"purchasable","23":"product-type-simple"},"yoast_head":"<!-- This site is optimized with the Yoast SEO plugin v27.4 - https:\/\/yoast.com\/product\/yoast-seo-wordpress\/ -->\n<title>Fashion Faux Parr (Martin Parr) - book \/ album - Folio<\/title>\n<meta name=\"description\" content=\"Wejd\u017a i kup ksi\u0105\u017ck\u0119 Fashion Faux Parr autorstwa Martin Parr wydan\u0105 przez PHAIDON (2024-04-04) w formacie 20,9 x 28,8 cm (ISBN: 9781838667931). Zapraszamy!\" \/>\n<meta name=\"robots\" content=\"index, follow, max-snippet:-1, max-image-preview:large, max-video-preview:-1\" \/>\n<link rel=\"canonical\" href=\"https:\/\/foliobooks.pl\/en\/shop\/fashion-faux-parr\/\" \/>\n<meta property=\"og:locale\" content=\"en_US\" \/>\n<meta property=\"og:type\" content=\"article\" \/>\n<meta property=\"og:title\" content=\"Fashion Faux Parr (Martin Parr) - book \/ album - Folio\" \/>\n<meta property=\"og:description\" content=\"Wejd\u017a i kup ksi\u0105\u017ck\u0119 Fashion Faux Parr autorstwa Martin Parr wydan\u0105 przez PHAIDON (2024-04-04) w formacie 20,9 x 28,8 cm (ISBN: 9781838667931). Zapraszamy!\" \/>\n<meta property=\"og:url\" content=\"https:\/\/foliobooks.pl\/en\/shop\/fashion-faux-parr\/\" \/>\n<meta property=\"og:site_name\" content=\"Folio\" \/>\n<meta property=\"article:modified_time\" content=\"2024-05-08T12:20:19+00:00\" \/>\n<meta property=\"og:image\" content=\"https:\/\/foliobooks.pl\/wp-content\/uploads\/2024\/05\/9781838667931.png\" \/>\n\t<meta property=\"og:image:width\" content=\"570\" \/>\n\t<meta property=\"og:image:height\" content=\"708\" \/>\n\t<meta property=\"og:image:type\" content=\"image\/png\" \/>\n<meta name=\"twitter:card\" content=\"summary_large_image\" \/>\n<meta name=\"twitter:label1\" content=\"Est. reading time\" \/>\n\t<meta name=\"twitter:data1\" content=\"2 minutes\" \/>\n<script type=\"application\/ld+json\" class=\"yoast-schema-graph\">{\"@context\":\"https:\\\/\\\/schema.org\",\"@graph\":[{\"@type\":\"WebPage\",\"@id\":\"https:\\\/\\\/foliobooks.pl\\\/en\\\/shop\\\/fashion-faux-parr\\\/\",\"url\":\"https:\\\/\\\/foliobooks.pl\\\/en\\\/shop\\\/fashion-faux-parr\\\/\",\"name\":\"Fashion Faux Parr (Martin Parr) - book \\\/ album - Folio\",\"isPartOf\":{\"@id\":\"https:\\\/\\\/foliobooks.pl\\\/en\\\/#website\"},\"primaryImageOfPage\":{\"@id\":\"https:\\\/\\\/foliobooks.pl\\\/en\\\/shop\\\/fashion-faux-parr\\\/#primaryimage\"},\"image\":{\"@id\":\"https:\\\/\\\/foliobooks.pl\\\/en\\\/shop\\\/fashion-faux-parr\\\/#primaryimage\"},\"thumbnailUrl\":\"https:\\\/\\\/foliobooks.pl\\\/wp-content\\\/uploads\\\/2024\\\/05\\\/9781838667931.png\",\"datePublished\":\"2024-05-08T12:20:05+00:00\",\"dateModified\":\"2024-05-08T12:20:19+00:00\",\"description\":\"Wejd\u017a i kup ksi\u0105\u017ck\u0119 Fashion Faux Parr autorstwa Martin Parr wydan\u0105 przez PHAIDON (2024-04-04) w formacie 20,9 x 28,8 cm (ISBN: 9781838667931). Zapraszamy!\",\"breadcrumb\":{\"@id\":\"https:\\\/\\\/foliobooks.pl\\\/en\\\/shop\\\/fashion-faux-parr\\\/#breadcrumb\"},\"inLanguage\":\"en-US\",\"potentialAction\":[{\"@type\":\"ReadAction\",\"target\":[\"https:\\\/\\\/foliobooks.pl\\\/en\\\/shop\\\/fashion-faux-parr\\\/\"]}]},{\"@type\":\"ImageObject\",\"inLanguage\":\"en-US\",\"@id\":\"https:\\\/\\\/foliobooks.pl\\\/en\\\/shop\\\/fashion-faux-parr\\\/#primaryimage\",\"url\":\"https:\\\/\\\/foliobooks.pl\\\/wp-content\\\/uploads\\\/2024\\\/05\\\/9781838667931.png\",\"contentUrl\":\"https:\\\/\\\/foliobooks.pl\\\/wp-content\\\/uploads\\\/2024\\\/05\\\/9781838667931.png\",\"width\":570,\"height\":708},{\"@type\":\"BreadcrumbList\",\"@id\":\"https:\\\/\\\/foliobooks.pl\\\/en\\\/shop\\\/fashion-faux-parr\\\/#breadcrumb\",\"itemListElement\":[{\"@type\":\"ListItem\",\"position\":1,\"name\":\"Strona g\u0142\u00f3wna\",\"item\":\"https:\\\/\\\/foliobooks.pl\\\/en\\\/\"},{\"@type\":\"ListItem\",\"position\":2,\"name\":\"Shop\",\"item\":\"https:\\\/\\\/foliobooks.pl\\\/en\\\/shop\\\/\"},{\"@type\":\"ListItem\",\"position\":3,\"name\":\"Fashion Faux Parr\"}]},{\"@type\":\"WebSite\",\"@id\":\"https:\\\/\\\/foliobooks.pl\\\/en\\\/#website\",\"url\":\"https:\\\/\\\/foliobooks.pl\\\/en\\\/\",\"name\":\"Folio\",\"description\":\"Ksi\u0119garnia internetowa\",\"potentialAction\":[{\"@type\":\"SearchAction\",\"target\":{\"@type\":\"EntryPoint\",\"urlTemplate\":\"https:\\\/\\\/foliobooks.pl\\\/en\\\/?s={search_term_string}\"},\"query-input\":{\"@type\":\"PropertyValueSpecification\",\"valueRequired\":true,\"valueName\":\"search_term_string\"}}],\"inLanguage\":\"en-US\"}]}<\/script>\n<!-- \/ Yoast SEO plugin. -->","yoast_head_json":{"title":"Fashion Faux Parr (Martin Parr) - book \/ album - Folio","description":"Wejd\u017a i kup ksi\u0105\u017ck\u0119 Fashion Faux Parr autorstwa Martin Parr wydan\u0105 przez PHAIDON (2024-04-04) w formacie 20,9 x 28,8 cm (ISBN: 9781838667931). Zapraszamy!","robots":{"index":"index","follow":"follow","max-snippet":"max-snippet:-1","max-image-preview":"max-image-preview:large","max-video-preview":"max-video-preview:-1"},"canonical":"https:\/\/foliobooks.pl\/en\/shop\/fashion-faux-parr\/","og_locale":"en_US","og_type":"article","og_title":"Fashion Faux Parr (Martin Parr) - book \/ album - Folio","og_description":"Wejd\u017a i kup ksi\u0105\u017ck\u0119 Fashion Faux Parr autorstwa Martin Parr wydan\u0105 przez PHAIDON (2024-04-04) w formacie 20,9 x 28,8 cm (ISBN: 9781838667931). Zapraszamy!","og_url":"https:\/\/foliobooks.pl\/en\/shop\/fashion-faux-parr\/","og_site_name":"Folio","article_modified_time":"2024-05-08T12:20:19+00:00","og_image":[{"width":570,"height":708,"url":"https:\/\/foliobooks.pl\/wp-content\/uploads\/2024\/05\/9781838667931.png","type":"image\/png"}],"twitter_card":"summary_large_image","twitter_misc":{"Est. reading time":"2 minutes"},"schema":{"@context":"https:\/\/schema.org","@graph":[{"@type":"WebPage","@id":"https:\/\/foliobooks.pl\/en\/shop\/fashion-faux-parr\/","url":"https:\/\/foliobooks.pl\/en\/shop\/fashion-faux-parr\/","name":"Fashion Faux Parr (Martin Parr) - book \/ album - Folio","isPartOf":{"@id":"https:\/\/foliobooks.pl\/en\/#website"},"primaryImageOfPage":{"@id":"https:\/\/foliobooks.pl\/en\/shop\/fashion-faux-parr\/#primaryimage"},"image":{"@id":"https:\/\/foliobooks.pl\/en\/shop\/fashion-faux-parr\/#primaryimage"},"thumbnailUrl":"https:\/\/foliobooks.pl\/wp-content\/uploads\/2024\/05\/9781838667931.png","datePublished":"2024-05-08T12:20:05+00:00","dateModified":"2024-05-08T12:20:19+00:00","description":"Wejd\u017a i kup ksi\u0105\u017ck\u0119 Fashion Faux Parr autorstwa Martin Parr wydan\u0105 przez PHAIDON (2024-04-04) w formacie 20,9 x 28,8 cm (ISBN: 9781838667931). Zapraszamy!","breadcrumb":{"@id":"https:\/\/foliobooks.pl\/en\/shop\/fashion-faux-parr\/#breadcrumb"},"inLanguage":"en-US","potentialAction":[{"@type":"ReadAction","target":["https:\/\/foliobooks.pl\/en\/shop\/fashion-faux-parr\/"]}]},{"@type":"ImageObject","inLanguage":"en-US","@id":"https:\/\/foliobooks.pl\/en\/shop\/fashion-faux-parr\/#primaryimage","url":"https:\/\/foliobooks.pl\/wp-content\/uploads\/2024\/05\/9781838667931.png","contentUrl":"https:\/\/foliobooks.pl\/wp-content\/uploads\/2024\/05\/9781838667931.png","width":570,"height":708},{"@type":"BreadcrumbList","@id":"https:\/\/foliobooks.pl\/en\/shop\/fashion-faux-parr\/#breadcrumb","itemListElement":[{"@type":"ListItem","position":1,"name":"Strona g\u0142\u00f3wna","item":"https:\/\/foliobooks.pl\/en\/"},{"@type":"ListItem","position":2,"name":"Shop","item":"https:\/\/foliobooks.pl\/en\/shop\/"},{"@type":"ListItem","position":3,"name":"Fashion Faux Parr"}]},{"@type":"WebSite","@id":"https:\/\/foliobooks.pl\/en\/#website","url":"https:\/\/foliobooks.pl\/en\/","name":"Folio","description":"Ksi\u0119garnia internetowa","potentialAction":[{"@type":"SearchAction","target":{"@type":"EntryPoint","urlTemplate":"https:\/\/foliobooks.pl\/en\/?s={search_term_string}"},"query-input":{"@type":"PropertyValueSpecification","valueRequired":true,"valueName":"search_term_string"}}],"inLanguage":"en-US"}]}},"_links":{"self":[{"href":"https:\/\/foliobooks.pl\/en\/wp-json\/wp\/v2\/product\/102289","targetHints":{"allow":["GET"]}}],"collection":[{"href":"https:\/\/foliobooks.pl\/en\/wp-json\/wp\/v2\/product"}],"about":[{"href":"https:\/\/foliobooks.pl\/en\/wp-json\/wp\/v2\/types\/product"}],"replies":[{"embeddable":true,"href":"https:\/\/foliobooks.pl\/en\/wp-json\/wp\/v2\/comments?post=102289"}],"wp:featuredmedia":[{"embeddable":true,"href":"https:\/\/foliobooks.pl\/en\/wp-json\/wp\/v2\/media\/102276"}],"wp:attachment":[{"href":"https:\/\/foliobooks.pl\/en\/wp-json\/wp\/v2\/media?parent=102289"}],"wp:term":[{"taxonomy":"product_brand","embeddable":true,"href":"https:\/\/foliobooks.pl\/en\/wp-json\/wp\/v2\/product_brand?post=102289"},{"taxonomy":"product_cat","embeddable":true,"href":"https:\/\/foliobooks.pl\/en\/wp-json\/wp\/v2\/product_cat?post=102289"},{"taxonomy":"product_tag","embeddable":true,"href":"https:\/\/foliobooks.pl\/en\/wp-json\/wp\/v2\/product_tag?post=102289"}],"curies":[{"name":"wp","href":"https:\/\/api.w.org\/{rel}","templated":true}]}}