{"id":102257,"date":"2024-05-08T14:11:19","date_gmt":"2024-05-08T12:11:19","guid":{"rendered":"https:\/\/foliobooks.pl\/sklep\/the-tarot-of-a-e-waite-and-p-colman-smith-2\/"},"modified":"2024-05-08T14:11:31","modified_gmt":"2024-05-08T12:11:31","slug":"the-tarot-of-a-e-waite-and-p-colman-smith","status":"publish","type":"product","link":"https:\/\/foliobooks.pl\/en\/shop\/the-tarot-of-a-e-waite-and-p-colman-smith\/","title":{"rendered":"The Tarot of A. E. Waite and P. Colman Smith"},"content":{"rendered":"<p>The Story of the World&#8217;s Most Popular Tarot<\/p>\n<p>A unique edition of bright texts, brilliant images, and historic reprints, this kit provides everything that both beginners and advanced Tarot users might need and want to read cards for themselves and to study and experience this cultural gem in all its beauty and significance.<\/p>\n<p>The valuable collector\u2019s box includes a complete deck of the Waite Smith Tarot cards and Waite\u2019s famous companion book The Key to the Tarot. In this illustrated book, with texts and images compiled by Johannes Fiebig, the Tarot cards become psychological mirrors and signposts leading toward new answers and personal solutions. The fact that this works well can be attributed to certain advantages inherent to the Waite-Smith cards, and these points are illuminated in an essay by Rachel Pollack.<\/p>\n<p>All 78 cards are presented individually and in detail. The explanatory texts provide several dimensions and levels of interpretation, including concrete practical tips. Further, the book offers a new feature: the quick check. This presents a concise hint regarding the meaning of each card in each possible position of all the spread patterns featured in the book.<\/p>\n<p>When Arthur E. Waite and Pamela Colman Smith developed their Tarot deck in London in 1909, nobody could have predicted that it would have an overwhelming renaissance starting around 60 years later. What were the lives, works, and passions of these creators like? Pamela Colman Smith and Arthur E. Waite are brought vividly back to life in essays by Mary K. Greer and Robert A. Gilbert.<\/p>\n","protected":false},"excerpt":{"rendered":"<p>The Story of the World&#8217;s Most Popular Tarot A unique edition of bright texts, brilliant images, and historic reprints, this kit provides everything that both beginners and advanced Tarot users might need and want to read cards for themselves and to study and experience this cultural gem in all its beauty and significance. The valuable&#8230;<\/p>\n","protected":false},"featured_media":102243,"comment_status":"closed","ping_status":"closed","template":"","meta":[],"product_brand":[],"product_cat":[13533,4517],"product_tag":[4068],"class_list":{"0":"post-102257","1":"product","2":"type-product","3":"status-publish","4":"has-post-thumbnail","6":"product_cat-books","7":"product_cat-photography-en","8":"product_tag-games","9":"pa_author_att-johannes-fiebig-en","10":"pa_cover-hardcover","11":"pa_format-23-x-287-cm-en","12":"pa_isbn-9783836586429-en","13":"pa_language-eng","14":"pa_pages-444-en","15":"pa_published-2013-10-25-en","16":"pa_publisher-taschen-en-en","18":"first","19":"instock","20":"sold-individually","21":"shipping-taxable","22":"purchasable","23":"product-type-simple"},"yoast_head":"<!-- This site is optimized with the Yoast SEO plugin v27.4 - https:\/\/yoast.com\/product\/yoast-seo-wordpress\/ -->\n<title>The Tarot of A. E. Waite and P. Colman Smith (Johannes Fiebig) - book \/ album - Folio<\/title>\n<meta name=\"description\" content=\"Wejd\u017a i kup ksi\u0105\u017ck\u0119 The Tarot of A. E. Waite and P. Colman Smith autorstwa Johannes Fiebig wydan\u0105 przez TASCHEN (2013-10-25) w formacie 23 x 28,7 cm (ISBN: 9783836586429). Zapraszamy!\" \/>\n<meta name=\"robots\" content=\"index, follow, max-snippet:-1, max-image-preview:large, max-video-preview:-1\" \/>\n<link rel=\"canonical\" href=\"https:\/\/foliobooks.pl\/en\/shop\/the-tarot-of-a-e-waite-and-p-colman-smith\/\" \/>\n<meta property=\"og:locale\" content=\"en_US\" \/>\n<meta property=\"og:type\" content=\"article\" \/>\n<meta property=\"og:title\" content=\"The Tarot of A. E. Waite and P. Colman Smith (Johannes Fiebig) - book \/ album - Folio\" \/>\n<meta property=\"og:description\" content=\"Wejd\u017a i kup ksi\u0105\u017ck\u0119 The Tarot of A. E. Waite and P. Colman Smith autorstwa Johannes Fiebig wydan\u0105 przez TASCHEN (2013-10-25) w formacie 23 x 28,7 cm (ISBN: 9783836586429). Zapraszamy!\" \/>\n<meta property=\"og:url\" content=\"https:\/\/foliobooks.pl\/en\/shop\/the-tarot-of-a-e-waite-and-p-colman-smith\/\" \/>\n<meta property=\"og:site_name\" content=\"Folio\" \/>\n<meta property=\"article:modified_time\" content=\"2024-05-08T12:11:31+00:00\" \/>\n<meta property=\"og:image\" content=\"https:\/\/foliobooks.pl\/wp-content\/uploads\/2024\/05\/9783836586429.png\" \/>\n\t<meta property=\"og:image:width\" content=\"570\" \/>\n\t<meta property=\"og:image:height\" content=\"708\" \/>\n\t<meta property=\"og:image:type\" content=\"image\/png\" \/>\n<meta name=\"twitter:card\" content=\"summary_large_image\" \/>\n<meta name=\"twitter:label1\" content=\"Est. reading time\" \/>\n\t<meta name=\"twitter:data1\" content=\"2 minutes\" \/>\n<script type=\"application\/ld+json\" class=\"yoast-schema-graph\">{\"@context\":\"https:\\\/\\\/schema.org\",\"@graph\":[{\"@type\":\"WebPage\",\"@id\":\"https:\\\/\\\/foliobooks.pl\\\/en\\\/shop\\\/the-tarot-of-a-e-waite-and-p-colman-smith\\\/\",\"url\":\"https:\\\/\\\/foliobooks.pl\\\/en\\\/shop\\\/the-tarot-of-a-e-waite-and-p-colman-smith\\\/\",\"name\":\"The Tarot of A. E. Waite and P. Colman Smith (Johannes Fiebig) - book \\\/ album - Folio\",\"isPartOf\":{\"@id\":\"https:\\\/\\\/foliobooks.pl\\\/en\\\/#website\"},\"primaryImageOfPage\":{\"@id\":\"https:\\\/\\\/foliobooks.pl\\\/en\\\/shop\\\/the-tarot-of-a-e-waite-and-p-colman-smith\\\/#primaryimage\"},\"image\":{\"@id\":\"https:\\\/\\\/foliobooks.pl\\\/en\\\/shop\\\/the-tarot-of-a-e-waite-and-p-colman-smith\\\/#primaryimage\"},\"thumbnailUrl\":\"https:\\\/\\\/foliobooks.pl\\\/wp-content\\\/uploads\\\/2024\\\/05\\\/9783836586429.png\",\"datePublished\":\"2024-05-08T12:11:19+00:00\",\"dateModified\":\"2024-05-08T12:11:31+00:00\",\"description\":\"Wejd\u017a i kup ksi\u0105\u017ck\u0119 The Tarot of A. E. Waite and P. Colman Smith autorstwa Johannes Fiebig wydan\u0105 przez TASCHEN (2013-10-25) w formacie 23 x 28,7 cm (ISBN: 9783836586429). Zapraszamy!\",\"breadcrumb\":{\"@id\":\"https:\\\/\\\/foliobooks.pl\\\/en\\\/shop\\\/the-tarot-of-a-e-waite-and-p-colman-smith\\\/#breadcrumb\"},\"inLanguage\":\"en-US\",\"potentialAction\":[{\"@type\":\"ReadAction\",\"target\":[\"https:\\\/\\\/foliobooks.pl\\\/en\\\/shop\\\/the-tarot-of-a-e-waite-and-p-colman-smith\\\/\"]}]},{\"@type\":\"ImageObject\",\"inLanguage\":\"en-US\",\"@id\":\"https:\\\/\\\/foliobooks.pl\\\/en\\\/shop\\\/the-tarot-of-a-e-waite-and-p-colman-smith\\\/#primaryimage\",\"url\":\"https:\\\/\\\/foliobooks.pl\\\/wp-content\\\/uploads\\\/2024\\\/05\\\/9783836586429.png\",\"contentUrl\":\"https:\\\/\\\/foliobooks.pl\\\/wp-content\\\/uploads\\\/2024\\\/05\\\/9783836586429.png\",\"width\":570,\"height\":708},{\"@type\":\"BreadcrumbList\",\"@id\":\"https:\\\/\\\/foliobooks.pl\\\/en\\\/shop\\\/the-tarot-of-a-e-waite-and-p-colman-smith\\\/#breadcrumb\",\"itemListElement\":[{\"@type\":\"ListItem\",\"position\":1,\"name\":\"Strona g\u0142\u00f3wna\",\"item\":\"https:\\\/\\\/foliobooks.pl\\\/en\\\/\"},{\"@type\":\"ListItem\",\"position\":2,\"name\":\"Shop\",\"item\":\"https:\\\/\\\/foliobooks.pl\\\/en\\\/shop\\\/\"},{\"@type\":\"ListItem\",\"position\":3,\"name\":\"The Tarot of A. E. Waite and P. Colman Smith\"}]},{\"@type\":\"WebSite\",\"@id\":\"https:\\\/\\\/foliobooks.pl\\\/en\\\/#website\",\"url\":\"https:\\\/\\\/foliobooks.pl\\\/en\\\/\",\"name\":\"Folio\",\"description\":\"Ksi\u0119garnia internetowa\",\"potentialAction\":[{\"@type\":\"SearchAction\",\"target\":{\"@type\":\"EntryPoint\",\"urlTemplate\":\"https:\\\/\\\/foliobooks.pl\\\/en\\\/?s={search_term_string}\"},\"query-input\":{\"@type\":\"PropertyValueSpecification\",\"valueRequired\":true,\"valueName\":\"search_term_string\"}}],\"inLanguage\":\"en-US\"}]}<\/script>\n<!-- \/ Yoast SEO plugin. -->","yoast_head_json":{"title":"The Tarot of A. E. Waite and P. Colman Smith (Johannes Fiebig) - book \/ album - Folio","description":"Wejd\u017a i kup ksi\u0105\u017ck\u0119 The Tarot of A. E. Waite and P. Colman Smith autorstwa Johannes Fiebig wydan\u0105 przez TASCHEN (2013-10-25) w formacie 23 x 28,7 cm (ISBN: 9783836586429). Zapraszamy!","robots":{"index":"index","follow":"follow","max-snippet":"max-snippet:-1","max-image-preview":"max-image-preview:large","max-video-preview":"max-video-preview:-1"},"canonical":"https:\/\/foliobooks.pl\/en\/shop\/the-tarot-of-a-e-waite-and-p-colman-smith\/","og_locale":"en_US","og_type":"article","og_title":"The Tarot of A. E. Waite and P. Colman Smith (Johannes Fiebig) - book \/ album - Folio","og_description":"Wejd\u017a i kup ksi\u0105\u017ck\u0119 The Tarot of A. E. Waite and P. Colman Smith autorstwa Johannes Fiebig wydan\u0105 przez TASCHEN (2013-10-25) w formacie 23 x 28,7 cm (ISBN: 9783836586429). Zapraszamy!","og_url":"https:\/\/foliobooks.pl\/en\/shop\/the-tarot-of-a-e-waite-and-p-colman-smith\/","og_site_name":"Folio","article_modified_time":"2024-05-08T12:11:31+00:00","og_image":[{"width":570,"height":708,"url":"https:\/\/foliobooks.pl\/wp-content\/uploads\/2024\/05\/9783836586429.png","type":"image\/png"}],"twitter_card":"summary_large_image","twitter_misc":{"Est. reading time":"2 minutes"},"schema":{"@context":"https:\/\/schema.org","@graph":[{"@type":"WebPage","@id":"https:\/\/foliobooks.pl\/en\/shop\/the-tarot-of-a-e-waite-and-p-colman-smith\/","url":"https:\/\/foliobooks.pl\/en\/shop\/the-tarot-of-a-e-waite-and-p-colman-smith\/","name":"The Tarot of A. E. Waite and P. Colman Smith (Johannes Fiebig) - book \/ album - Folio","isPartOf":{"@id":"https:\/\/foliobooks.pl\/en\/#website"},"primaryImageOfPage":{"@id":"https:\/\/foliobooks.pl\/en\/shop\/the-tarot-of-a-e-waite-and-p-colman-smith\/#primaryimage"},"image":{"@id":"https:\/\/foliobooks.pl\/en\/shop\/the-tarot-of-a-e-waite-and-p-colman-smith\/#primaryimage"},"thumbnailUrl":"https:\/\/foliobooks.pl\/wp-content\/uploads\/2024\/05\/9783836586429.png","datePublished":"2024-05-08T12:11:19+00:00","dateModified":"2024-05-08T12:11:31+00:00","description":"Wejd\u017a i kup ksi\u0105\u017ck\u0119 The Tarot of A. E. Waite and P. Colman Smith autorstwa Johannes Fiebig wydan\u0105 przez TASCHEN (2013-10-25) w formacie 23 x 28,7 cm (ISBN: 9783836586429). Zapraszamy!","breadcrumb":{"@id":"https:\/\/foliobooks.pl\/en\/shop\/the-tarot-of-a-e-waite-and-p-colman-smith\/#breadcrumb"},"inLanguage":"en-US","potentialAction":[{"@type":"ReadAction","target":["https:\/\/foliobooks.pl\/en\/shop\/the-tarot-of-a-e-waite-and-p-colman-smith\/"]}]},{"@type":"ImageObject","inLanguage":"en-US","@id":"https:\/\/foliobooks.pl\/en\/shop\/the-tarot-of-a-e-waite-and-p-colman-smith\/#primaryimage","url":"https:\/\/foliobooks.pl\/wp-content\/uploads\/2024\/05\/9783836586429.png","contentUrl":"https:\/\/foliobooks.pl\/wp-content\/uploads\/2024\/05\/9783836586429.png","width":570,"height":708},{"@type":"BreadcrumbList","@id":"https:\/\/foliobooks.pl\/en\/shop\/the-tarot-of-a-e-waite-and-p-colman-smith\/#breadcrumb","itemListElement":[{"@type":"ListItem","position":1,"name":"Strona g\u0142\u00f3wna","item":"https:\/\/foliobooks.pl\/en\/"},{"@type":"ListItem","position":2,"name":"Shop","item":"https:\/\/foliobooks.pl\/en\/shop\/"},{"@type":"ListItem","position":3,"name":"The Tarot of A. E. Waite and P. Colman Smith"}]},{"@type":"WebSite","@id":"https:\/\/foliobooks.pl\/en\/#website","url":"https:\/\/foliobooks.pl\/en\/","name":"Folio","description":"Ksi\u0119garnia internetowa","potentialAction":[{"@type":"SearchAction","target":{"@type":"EntryPoint","urlTemplate":"https:\/\/foliobooks.pl\/en\/?s={search_term_string}"},"query-input":{"@type":"PropertyValueSpecification","valueRequired":true,"valueName":"search_term_string"}}],"inLanguage":"en-US"}]}},"_links":{"self":[{"href":"https:\/\/foliobooks.pl\/en\/wp-json\/wp\/v2\/product\/102257","targetHints":{"allow":["GET"]}}],"collection":[{"href":"https:\/\/foliobooks.pl\/en\/wp-json\/wp\/v2\/product"}],"about":[{"href":"https:\/\/foliobooks.pl\/en\/wp-json\/wp\/v2\/types\/product"}],"replies":[{"embeddable":true,"href":"https:\/\/foliobooks.pl\/en\/wp-json\/wp\/v2\/comments?post=102257"}],"wp:featuredmedia":[{"embeddable":true,"href":"https:\/\/foliobooks.pl\/en\/wp-json\/wp\/v2\/media\/102243"}],"wp:attachment":[{"href":"https:\/\/foliobooks.pl\/en\/wp-json\/wp\/v2\/media?parent=102257"}],"wp:term":[{"taxonomy":"product_brand","embeddable":true,"href":"https:\/\/foliobooks.pl\/en\/wp-json\/wp\/v2\/product_brand?post=102257"},{"taxonomy":"product_cat","embeddable":true,"href":"https:\/\/foliobooks.pl\/en\/wp-json\/wp\/v2\/product_cat?post=102257"},{"taxonomy":"product_tag","embeddable":true,"href":"https:\/\/foliobooks.pl\/en\/wp-json\/wp\/v2\/product_tag?post=102257"}],"curies":[{"name":"wp","href":"https:\/\/api.w.org\/{rel}","templated":true}]}}