{"id":102190,"date":"2024-05-08T13:46:20","date_gmt":"2024-05-08T11:46:20","guid":{"rendered":"https:\/\/foliobooks.pl\/sklep\/julian-schnabel\/"},"modified":"2024-05-08T13:46:32","modified_gmt":"2024-05-08T11:46:32","slug":"julian-schnabel","status":"publish","type":"product","link":"https:\/\/foliobooks.pl\/en\/shop\/julian-schnabel\/","title":{"rendered":"Julian Schnabel"},"content":{"rendered":"<p>Meet the full range of Julian Schnabel\u2019s work<\/p>\n<p>Julian Schnabel makes art out of life, finding his materials in the fabric of the everyday. He uses broken plates as an improbable picture ground; he paints on velvet, market stall covers, army tarps, kabuki theater backdrops, and boxing ring floors, found surfaces that lend their own rich history to the artist\u2019s exploration. A figurehead for the return of painting after his overnight success with a first New York solo show in 1979, he has since worked in a wide variety of media: making sculptures that transpose his pictorial forms into space as raw, seemingly time-worn artifacts; directing award-winning movies that paint portraits of artists and other subtly heroic figures; and even building his own dream of a Venetian palace in New York. \u201cI want my life to be in my work, crushed into my painting like a pressed car. If it\u2019s not, my work is just some stuff,\u201d Schnabel has said, and this urgency permeates his oeuvre no matter what means or media the artist chooses.<\/p>\n<p>Now available in a popular edition, the complete range of Schnabel\u2019s work is portrayed in unprecedented depth in this TASCHEN monograph, made in dialog with the artist. The texts were contributed by friends and collaborators: Laurie Anderson draws an intimate portrait of Schnabel; in three essays by curators and art historians, \u00c9ric de Chassey discusses the paintings, Bonnie Clearwater the sculpture, and Max Hollein the site-specific work; Donatien Grau writes on the Palazzo Chupi, the artist\u2019s extravagant home in New York\u2019s West Village; while the novelist Daniel Kehlmann explores his cinematic oeuvre. This edition allows you to study the surfaces and artistic gestures and actions, offering the most generous opportunity to experience Schnabel\u2019s art outside of meeting it in person.<\/p>\n","protected":false},"excerpt":{"rendered":"<p>Meet the full range of Julian Schnabel\u2019s work Julian Schnabel makes art out of life, finding his materials in the fabric of the everyday. He uses broken plates as an improbable picture ground; he paints on velvet, market stall covers, army tarps, kabuki theater backdrops, and boxing ring floors, found surfaces that lend their own&#8230;<\/p>\n","protected":false},"featured_media":102175,"comment_status":"closed","ping_status":"closed","template":"","meta":[],"product_brand":[],"product_cat":[4522,13533],"product_tag":[9083],"class_list":{"0":"post-102190","1":"product","2":"type-product","3":"status-publish","4":"has-post-thumbnail","6":"product_cat-art-en","7":"product_cat-books","8":"product_tag-art-en","9":"pa_author_att-julian-schnabel-en","10":"pa_cover-hardcover","11":"pa_format-25-x-334-cm-en","12":"pa_isbn-9783836596305-en","13":"pa_language-eng-f-ger","14":"pa_pages-572-en","15":"pa_published-2023-12-15-en","16":"pa_publisher-taschen-en-en","18":"first","19":"instock","20":"sold-individually","21":"shipping-taxable","22":"purchasable","23":"product-type-simple"},"yoast_head":"<!-- This site is optimized with the Yoast SEO plugin v27.6 - https:\/\/yoast.com\/product\/yoast-seo-wordpress\/ -->\n<title>Julian Schnabel (Julian Schnabel) - book \/ album - Folio<\/title>\n<meta name=\"description\" content=\"Wejd\u017a i kup ksi\u0105\u017ck\u0119 Julian Schnabel autorstwa Julian Schnabel wydan\u0105 przez TASCHEN (2023-12-15) w formacie 25 x 33,4 cm (ISBN: 9783836596305). Zapraszamy!\" \/>\n<meta name=\"robots\" content=\"index, follow, max-snippet:-1, max-image-preview:large, max-video-preview:-1\" \/>\n<link rel=\"canonical\" href=\"https:\/\/foliobooks.pl\/en\/shop\/julian-schnabel\/\" \/>\n<meta property=\"og:locale\" content=\"en_US\" \/>\n<meta property=\"og:type\" content=\"article\" \/>\n<meta property=\"og:title\" content=\"Julian Schnabel (Julian Schnabel) - book \/ album - Folio\" \/>\n<meta property=\"og:description\" content=\"Wejd\u017a i kup ksi\u0105\u017ck\u0119 Julian Schnabel autorstwa Julian Schnabel wydan\u0105 przez TASCHEN (2023-12-15) w formacie 25 x 33,4 cm (ISBN: 9783836596305). Zapraszamy!\" \/>\n<meta property=\"og:url\" content=\"https:\/\/foliobooks.pl\/en\/shop\/julian-schnabel\/\" \/>\n<meta property=\"og:site_name\" content=\"Folio\" \/>\n<meta property=\"article:modified_time\" content=\"2024-05-08T11:46:32+00:00\" \/>\n<meta property=\"og:image\" content=\"https:\/\/foliobooks.pl\/wp-content\/uploads\/2024\/05\/9783836596305.png\" \/>\n\t<meta property=\"og:image:width\" content=\"570\" \/>\n\t<meta property=\"og:image:height\" content=\"708\" \/>\n\t<meta property=\"og:image:type\" content=\"image\/png\" \/>\n<meta name=\"twitter:card\" content=\"summary_large_image\" \/>\n<meta name=\"twitter:label1\" content=\"Est. reading time\" \/>\n\t<meta name=\"twitter:data1\" content=\"2 minutes\" \/>\n<script type=\"application\/ld+json\" class=\"yoast-schema-graph\">{\"@context\":\"https:\\\/\\\/schema.org\",\"@graph\":[{\"@type\":\"WebPage\",\"@id\":\"https:\\\/\\\/foliobooks.pl\\\/en\\\/shop\\\/julian-schnabel\\\/\",\"url\":\"https:\\\/\\\/foliobooks.pl\\\/en\\\/shop\\\/julian-schnabel\\\/\",\"name\":\"Julian Schnabel (Julian Schnabel) - book \\\/ album - Folio\",\"isPartOf\":{\"@id\":\"https:\\\/\\\/foliobooks.pl\\\/en\\\/#website\"},\"primaryImageOfPage\":{\"@id\":\"https:\\\/\\\/foliobooks.pl\\\/en\\\/shop\\\/julian-schnabel\\\/#primaryimage\"},\"image\":{\"@id\":\"https:\\\/\\\/foliobooks.pl\\\/en\\\/shop\\\/julian-schnabel\\\/#primaryimage\"},\"thumbnailUrl\":\"https:\\\/\\\/foliobooks.pl\\\/wp-content\\\/uploads\\\/2024\\\/05\\\/9783836596305.png\",\"datePublished\":\"2024-05-08T11:46:20+00:00\",\"dateModified\":\"2024-05-08T11:46:32+00:00\",\"description\":\"Wejd\u017a i kup ksi\u0105\u017ck\u0119 Julian Schnabel autorstwa Julian Schnabel wydan\u0105 przez TASCHEN (2023-12-15) w formacie 25 x 33,4 cm (ISBN: 9783836596305). Zapraszamy!\",\"breadcrumb\":{\"@id\":\"https:\\\/\\\/foliobooks.pl\\\/en\\\/shop\\\/julian-schnabel\\\/#breadcrumb\"},\"inLanguage\":\"en-US\",\"potentialAction\":[{\"@type\":\"ReadAction\",\"target\":[\"https:\\\/\\\/foliobooks.pl\\\/en\\\/shop\\\/julian-schnabel\\\/\"]}]},{\"@type\":\"ImageObject\",\"inLanguage\":\"en-US\",\"@id\":\"https:\\\/\\\/foliobooks.pl\\\/en\\\/shop\\\/julian-schnabel\\\/#primaryimage\",\"url\":\"https:\\\/\\\/foliobooks.pl\\\/wp-content\\\/uploads\\\/2024\\\/05\\\/9783836596305.png\",\"contentUrl\":\"https:\\\/\\\/foliobooks.pl\\\/wp-content\\\/uploads\\\/2024\\\/05\\\/9783836596305.png\",\"width\":570,\"height\":708},{\"@type\":\"BreadcrumbList\",\"@id\":\"https:\\\/\\\/foliobooks.pl\\\/en\\\/shop\\\/julian-schnabel\\\/#breadcrumb\",\"itemListElement\":[{\"@type\":\"ListItem\",\"position\":1,\"name\":\"Strona g\u0142\u00f3wna\",\"item\":\"https:\\\/\\\/foliobooks.pl\\\/en\\\/\"},{\"@type\":\"ListItem\",\"position\":2,\"name\":\"Shop\",\"item\":\"https:\\\/\\\/foliobooks.pl\\\/en\\\/shop\\\/\"},{\"@type\":\"ListItem\",\"position\":3,\"name\":\"Julian Schnabel\"}]},{\"@type\":\"WebSite\",\"@id\":\"https:\\\/\\\/foliobooks.pl\\\/en\\\/#website\",\"url\":\"https:\\\/\\\/foliobooks.pl\\\/en\\\/\",\"name\":\"Folio\",\"description\":\"Ksi\u0119garnia internetowa\",\"potentialAction\":[{\"@type\":\"SearchAction\",\"target\":{\"@type\":\"EntryPoint\",\"urlTemplate\":\"https:\\\/\\\/foliobooks.pl\\\/en\\\/?s={search_term_string}\"},\"query-input\":{\"@type\":\"PropertyValueSpecification\",\"valueRequired\":true,\"valueName\":\"search_term_string\"}}],\"inLanguage\":\"en-US\"}]}<\/script>\n<!-- \/ Yoast SEO plugin. -->","yoast_head_json":{"title":"Julian Schnabel (Julian Schnabel) - book \/ album - Folio","description":"Wejd\u017a i kup ksi\u0105\u017ck\u0119 Julian Schnabel autorstwa Julian Schnabel wydan\u0105 przez TASCHEN (2023-12-15) w formacie 25 x 33,4 cm (ISBN: 9783836596305). Zapraszamy!","robots":{"index":"index","follow":"follow","max-snippet":"max-snippet:-1","max-image-preview":"max-image-preview:large","max-video-preview":"max-video-preview:-1"},"canonical":"https:\/\/foliobooks.pl\/en\/shop\/julian-schnabel\/","og_locale":"en_US","og_type":"article","og_title":"Julian Schnabel (Julian Schnabel) - book \/ album - Folio","og_description":"Wejd\u017a i kup ksi\u0105\u017ck\u0119 Julian Schnabel autorstwa Julian Schnabel wydan\u0105 przez TASCHEN (2023-12-15) w formacie 25 x 33,4 cm (ISBN: 9783836596305). Zapraszamy!","og_url":"https:\/\/foliobooks.pl\/en\/shop\/julian-schnabel\/","og_site_name":"Folio","article_modified_time":"2024-05-08T11:46:32+00:00","og_image":[{"width":570,"height":708,"url":"https:\/\/foliobooks.pl\/wp-content\/uploads\/2024\/05\/9783836596305.png","type":"image\/png"}],"twitter_card":"summary_large_image","twitter_misc":{"Est. reading time":"2 minutes"},"schema":{"@context":"https:\/\/schema.org","@graph":[{"@type":"WebPage","@id":"https:\/\/foliobooks.pl\/en\/shop\/julian-schnabel\/","url":"https:\/\/foliobooks.pl\/en\/shop\/julian-schnabel\/","name":"Julian Schnabel (Julian Schnabel) - book \/ album - Folio","isPartOf":{"@id":"https:\/\/foliobooks.pl\/en\/#website"},"primaryImageOfPage":{"@id":"https:\/\/foliobooks.pl\/en\/shop\/julian-schnabel\/#primaryimage"},"image":{"@id":"https:\/\/foliobooks.pl\/en\/shop\/julian-schnabel\/#primaryimage"},"thumbnailUrl":"https:\/\/foliobooks.pl\/wp-content\/uploads\/2024\/05\/9783836596305.png","datePublished":"2024-05-08T11:46:20+00:00","dateModified":"2024-05-08T11:46:32+00:00","description":"Wejd\u017a i kup ksi\u0105\u017ck\u0119 Julian Schnabel autorstwa Julian Schnabel wydan\u0105 przez TASCHEN (2023-12-15) w formacie 25 x 33,4 cm (ISBN: 9783836596305). Zapraszamy!","breadcrumb":{"@id":"https:\/\/foliobooks.pl\/en\/shop\/julian-schnabel\/#breadcrumb"},"inLanguage":"en-US","potentialAction":[{"@type":"ReadAction","target":["https:\/\/foliobooks.pl\/en\/shop\/julian-schnabel\/"]}]},{"@type":"ImageObject","inLanguage":"en-US","@id":"https:\/\/foliobooks.pl\/en\/shop\/julian-schnabel\/#primaryimage","url":"https:\/\/foliobooks.pl\/wp-content\/uploads\/2024\/05\/9783836596305.png","contentUrl":"https:\/\/foliobooks.pl\/wp-content\/uploads\/2024\/05\/9783836596305.png","width":570,"height":708},{"@type":"BreadcrumbList","@id":"https:\/\/foliobooks.pl\/en\/shop\/julian-schnabel\/#breadcrumb","itemListElement":[{"@type":"ListItem","position":1,"name":"Strona g\u0142\u00f3wna","item":"https:\/\/foliobooks.pl\/en\/"},{"@type":"ListItem","position":2,"name":"Shop","item":"https:\/\/foliobooks.pl\/en\/shop\/"},{"@type":"ListItem","position":3,"name":"Julian Schnabel"}]},{"@type":"WebSite","@id":"https:\/\/foliobooks.pl\/en\/#website","url":"https:\/\/foliobooks.pl\/en\/","name":"Folio","description":"Ksi\u0119garnia internetowa","potentialAction":[{"@type":"SearchAction","target":{"@type":"EntryPoint","urlTemplate":"https:\/\/foliobooks.pl\/en\/?s={search_term_string}"},"query-input":{"@type":"PropertyValueSpecification","valueRequired":true,"valueName":"search_term_string"}}],"inLanguage":"en-US"}]}},"_links":{"self":[{"href":"https:\/\/foliobooks.pl\/en\/wp-json\/wp\/v2\/product\/102190","targetHints":{"allow":["GET"]}}],"collection":[{"href":"https:\/\/foliobooks.pl\/en\/wp-json\/wp\/v2\/product"}],"about":[{"href":"https:\/\/foliobooks.pl\/en\/wp-json\/wp\/v2\/types\/product"}],"replies":[{"embeddable":true,"href":"https:\/\/foliobooks.pl\/en\/wp-json\/wp\/v2\/comments?post=102190"}],"wp:featuredmedia":[{"embeddable":true,"href":"https:\/\/foliobooks.pl\/en\/wp-json\/wp\/v2\/media\/102175"}],"wp:attachment":[{"href":"https:\/\/foliobooks.pl\/en\/wp-json\/wp\/v2\/media?parent=102190"}],"wp:term":[{"taxonomy":"product_brand","embeddable":true,"href":"https:\/\/foliobooks.pl\/en\/wp-json\/wp\/v2\/product_brand?post=102190"},{"taxonomy":"product_cat","embeddable":true,"href":"https:\/\/foliobooks.pl\/en\/wp-json\/wp\/v2\/product_cat?post=102190"},{"taxonomy":"product_tag","embeddable":true,"href":"https:\/\/foliobooks.pl\/en\/wp-json\/wp\/v2\/product_tag?post=102190"}],"curies":[{"name":"wp","href":"https:\/\/api.w.org\/{rel}","templated":true}]}}