{"id":102103,"date":"2024-05-08T13:19:27","date_gmt":"2024-05-08T11:19:27","guid":{"rendered":"https:\/\/foliobooks.pl\/sklep\/the-star-wars-archives-1999-2005-40th-ed\/"},"modified":"2024-05-08T13:19:40","modified_gmt":"2024-05-08T11:19:40","slug":"the-star-wars-archives-1999-2005-40th-ed","status":"publish","type":"product","link":"https:\/\/foliobooks.pl\/en\/shop\/the-star-wars-archives-1999-2005-40th-ed\/","title":{"rendered":"The Star Wars Archives. 1999\u20132005. 40th Ed."},"content":{"rendered":"<p>Volume two of the definitive exploration of the Star Wars galaxy<\/p>\n<p>From the moment Star Wars burst onto the screen in 1977, audiences have been in equal parts fascinated and appalled by the half-man\/half-machine hybrid Darth Vader. In 1999, creator George Lucas began the story of how Anakin Skywalker grew up to train as a Jedi under Obi-Wan Kenobi, found love with the Queen of Naboo, Padm\u00e9 Amidala, before turning to the dark side of his nature and becoming more machine than man.<\/p>\n<p>After driving the development of nascent digital technology, George Lucas perceived how he could create new creatures and new worlds on a grander scale than ever before. He created the first digital blockbuster, and met fierce resistance when he pushed for widespread digital cameras, sets, characters, and projection \u2013 all of which are now used throughout the industry. He essentially popularized the modern way of making movies.<\/p>\n<p>Made with the full cooperation of George Lucas and Lucasfilm, this second volume covers the making of the prequel trilogy \u2014 Episode I The Phantom Menace, Episode II Attack of the Clones, and Episode III Revenge of the Sith \u2014 and features exclusive interviews with Lucas and his collaborators. The book is profusely illustrated with script pages, production documents, concept art, storyboards, on-set photography, stills, and posters.<\/p>\n","protected":false},"excerpt":{"rendered":"<p>Volume two of the definitive exploration of the Star Wars galaxy From the moment Star Wars burst onto the screen in 1977, audiences have been in equal parts fascinated and appalled by the half-man\/half-machine hybrid Darth Vader. In 1999, creator George Lucas began the story of how Anakin Skywalker grew up to train as a&#8230;<\/p>\n","protected":false},"featured_media":102088,"comment_status":"closed","ping_status":"closed","template":"","meta":[],"product_brand":[],"product_cat":[13533,4517],"product_tag":[18063],"class_list":{"0":"post-102103","1":"product","2":"type-product","3":"status-publish","4":"has-post-thumbnail","6":"product_cat-books","7":"product_cat-photography-en","8":"product_tag-film-en","9":"pa_author_att-paul-duncan-en","10":"pa_cover-hardcover","11":"pa_format-156-x-217-cm-en","12":"pa_isbn-9783836593274-en","13":"pa_language-eng","14":"pa_pages-512-en","15":"pa_published-2022-11-15-en","16":"pa_publisher-taschen-en-en","18":"first","19":"instock","20":"sold-individually","21":"shipping-taxable","22":"purchasable","23":"product-type-simple"},"yoast_head":"<!-- This site is optimized with the Yoast SEO plugin v27.4 - https:\/\/yoast.com\/product\/yoast-seo-wordpress\/ -->\n<title>The Star Wars Archives. 1999\u20132005. 40th Ed. (Paul Duncan) - book \/ album - Folio<\/title>\n<meta name=\"description\" content=\"Wejd\u017a i kup ksi\u0105\u017ck\u0119 The Star Wars Archives. 1999\u20132005. 40th Ed. autorstwa Paul Duncan wydan\u0105 przez TASCHEN (2022-11-15) w formacie 15,6 x 21,7 cm (ISBN: 9783836593274). Zapraszamy!\" \/>\n<meta name=\"robots\" content=\"index, follow, max-snippet:-1, max-image-preview:large, max-video-preview:-1\" \/>\n<link rel=\"canonical\" href=\"https:\/\/foliobooks.pl\/en\/shop\/the-star-wars-archives-1999-2005-40th-ed\/\" \/>\n<meta property=\"og:locale\" content=\"en_US\" \/>\n<meta property=\"og:type\" content=\"article\" \/>\n<meta property=\"og:title\" content=\"The Star Wars Archives. 1999\u20132005. 40th Ed. (Paul Duncan) - book \/ album - Folio\" \/>\n<meta property=\"og:description\" content=\"Wejd\u017a i kup ksi\u0105\u017ck\u0119 The Star Wars Archives. 1999\u20132005. 40th Ed. autorstwa Paul Duncan wydan\u0105 przez TASCHEN (2022-11-15) w formacie 15,6 x 21,7 cm (ISBN: 9783836593274). Zapraszamy!\" \/>\n<meta property=\"og:url\" content=\"https:\/\/foliobooks.pl\/en\/shop\/the-star-wars-archives-1999-2005-40th-ed\/\" \/>\n<meta property=\"og:site_name\" content=\"Folio\" \/>\n<meta property=\"article:modified_time\" content=\"2024-05-08T11:19:40+00:00\" \/>\n<meta property=\"og:image\" content=\"https:\/\/foliobooks.pl\/wp-content\/uploads\/2024\/05\/9783836593274.png\" \/>\n\t<meta property=\"og:image:width\" content=\"570\" \/>\n\t<meta property=\"og:image:height\" content=\"708\" \/>\n\t<meta property=\"og:image:type\" content=\"image\/png\" \/>\n<meta name=\"twitter:card\" content=\"summary_large_image\" \/>\n<meta name=\"twitter:label1\" content=\"Est. reading time\" \/>\n\t<meta name=\"twitter:data1\" content=\"2 minutes\" \/>\n<script type=\"application\/ld+json\" class=\"yoast-schema-graph\">{\"@context\":\"https:\\\/\\\/schema.org\",\"@graph\":[{\"@type\":\"WebPage\",\"@id\":\"https:\\\/\\\/foliobooks.pl\\\/en\\\/shop\\\/the-star-wars-archives-1999-2005-40th-ed\\\/\",\"url\":\"https:\\\/\\\/foliobooks.pl\\\/en\\\/shop\\\/the-star-wars-archives-1999-2005-40th-ed\\\/\",\"name\":\"The Star Wars Archives. 1999\u20132005. 40th Ed. (Paul Duncan) - book \\\/ album - Folio\",\"isPartOf\":{\"@id\":\"https:\\\/\\\/foliobooks.pl\\\/en\\\/#website\"},\"primaryImageOfPage\":{\"@id\":\"https:\\\/\\\/foliobooks.pl\\\/en\\\/shop\\\/the-star-wars-archives-1999-2005-40th-ed\\\/#primaryimage\"},\"image\":{\"@id\":\"https:\\\/\\\/foliobooks.pl\\\/en\\\/shop\\\/the-star-wars-archives-1999-2005-40th-ed\\\/#primaryimage\"},\"thumbnailUrl\":\"https:\\\/\\\/foliobooks.pl\\\/wp-content\\\/uploads\\\/2024\\\/05\\\/9783836593274.png\",\"datePublished\":\"2024-05-08T11:19:27+00:00\",\"dateModified\":\"2024-05-08T11:19:40+00:00\",\"description\":\"Wejd\u017a i kup ksi\u0105\u017ck\u0119 The Star Wars Archives. 1999\u20132005. 40th Ed. autorstwa Paul Duncan wydan\u0105 przez TASCHEN (2022-11-15) w formacie 15,6 x 21,7 cm (ISBN: 9783836593274). Zapraszamy!\",\"breadcrumb\":{\"@id\":\"https:\\\/\\\/foliobooks.pl\\\/en\\\/shop\\\/the-star-wars-archives-1999-2005-40th-ed\\\/#breadcrumb\"},\"inLanguage\":\"en-US\",\"potentialAction\":[{\"@type\":\"ReadAction\",\"target\":[\"https:\\\/\\\/foliobooks.pl\\\/en\\\/shop\\\/the-star-wars-archives-1999-2005-40th-ed\\\/\"]}]},{\"@type\":\"ImageObject\",\"inLanguage\":\"en-US\",\"@id\":\"https:\\\/\\\/foliobooks.pl\\\/en\\\/shop\\\/the-star-wars-archives-1999-2005-40th-ed\\\/#primaryimage\",\"url\":\"https:\\\/\\\/foliobooks.pl\\\/wp-content\\\/uploads\\\/2024\\\/05\\\/9783836593274.png\",\"contentUrl\":\"https:\\\/\\\/foliobooks.pl\\\/wp-content\\\/uploads\\\/2024\\\/05\\\/9783836593274.png\",\"width\":570,\"height\":708},{\"@type\":\"BreadcrumbList\",\"@id\":\"https:\\\/\\\/foliobooks.pl\\\/en\\\/shop\\\/the-star-wars-archives-1999-2005-40th-ed\\\/#breadcrumb\",\"itemListElement\":[{\"@type\":\"ListItem\",\"position\":1,\"name\":\"Strona g\u0142\u00f3wna\",\"item\":\"https:\\\/\\\/foliobooks.pl\\\/en\\\/\"},{\"@type\":\"ListItem\",\"position\":2,\"name\":\"Shop\",\"item\":\"https:\\\/\\\/foliobooks.pl\\\/en\\\/shop\\\/\"},{\"@type\":\"ListItem\",\"position\":3,\"name\":\"The Star Wars Archives. 1999\u20132005. 40th Ed.\"}]},{\"@type\":\"WebSite\",\"@id\":\"https:\\\/\\\/foliobooks.pl\\\/en\\\/#website\",\"url\":\"https:\\\/\\\/foliobooks.pl\\\/en\\\/\",\"name\":\"Folio\",\"description\":\"Ksi\u0119garnia internetowa\",\"potentialAction\":[{\"@type\":\"SearchAction\",\"target\":{\"@type\":\"EntryPoint\",\"urlTemplate\":\"https:\\\/\\\/foliobooks.pl\\\/en\\\/?s={search_term_string}\"},\"query-input\":{\"@type\":\"PropertyValueSpecification\",\"valueRequired\":true,\"valueName\":\"search_term_string\"}}],\"inLanguage\":\"en-US\"}]}<\/script>\n<!-- \/ Yoast SEO plugin. -->","yoast_head_json":{"title":"The Star Wars Archives. 1999\u20132005. 40th Ed. (Paul Duncan) - book \/ album - Folio","description":"Wejd\u017a i kup ksi\u0105\u017ck\u0119 The Star Wars Archives. 1999\u20132005. 40th Ed. autorstwa Paul Duncan wydan\u0105 przez TASCHEN (2022-11-15) w formacie 15,6 x 21,7 cm (ISBN: 9783836593274). Zapraszamy!","robots":{"index":"index","follow":"follow","max-snippet":"max-snippet:-1","max-image-preview":"max-image-preview:large","max-video-preview":"max-video-preview:-1"},"canonical":"https:\/\/foliobooks.pl\/en\/shop\/the-star-wars-archives-1999-2005-40th-ed\/","og_locale":"en_US","og_type":"article","og_title":"The Star Wars Archives. 1999\u20132005. 40th Ed. (Paul Duncan) - book \/ album - Folio","og_description":"Wejd\u017a i kup ksi\u0105\u017ck\u0119 The Star Wars Archives. 1999\u20132005. 40th Ed. autorstwa Paul Duncan wydan\u0105 przez TASCHEN (2022-11-15) w formacie 15,6 x 21,7 cm (ISBN: 9783836593274). Zapraszamy!","og_url":"https:\/\/foliobooks.pl\/en\/shop\/the-star-wars-archives-1999-2005-40th-ed\/","og_site_name":"Folio","article_modified_time":"2024-05-08T11:19:40+00:00","og_image":[{"width":570,"height":708,"url":"https:\/\/foliobooks.pl\/wp-content\/uploads\/2024\/05\/9783836593274.png","type":"image\/png"}],"twitter_card":"summary_large_image","twitter_misc":{"Est. reading time":"2 minutes"},"schema":{"@context":"https:\/\/schema.org","@graph":[{"@type":"WebPage","@id":"https:\/\/foliobooks.pl\/en\/shop\/the-star-wars-archives-1999-2005-40th-ed\/","url":"https:\/\/foliobooks.pl\/en\/shop\/the-star-wars-archives-1999-2005-40th-ed\/","name":"The Star Wars Archives. 1999\u20132005. 40th Ed. (Paul Duncan) - book \/ album - Folio","isPartOf":{"@id":"https:\/\/foliobooks.pl\/en\/#website"},"primaryImageOfPage":{"@id":"https:\/\/foliobooks.pl\/en\/shop\/the-star-wars-archives-1999-2005-40th-ed\/#primaryimage"},"image":{"@id":"https:\/\/foliobooks.pl\/en\/shop\/the-star-wars-archives-1999-2005-40th-ed\/#primaryimage"},"thumbnailUrl":"https:\/\/foliobooks.pl\/wp-content\/uploads\/2024\/05\/9783836593274.png","datePublished":"2024-05-08T11:19:27+00:00","dateModified":"2024-05-08T11:19:40+00:00","description":"Wejd\u017a i kup ksi\u0105\u017ck\u0119 The Star Wars Archives. 1999\u20132005. 40th Ed. autorstwa Paul Duncan wydan\u0105 przez TASCHEN (2022-11-15) w formacie 15,6 x 21,7 cm (ISBN: 9783836593274). Zapraszamy!","breadcrumb":{"@id":"https:\/\/foliobooks.pl\/en\/shop\/the-star-wars-archives-1999-2005-40th-ed\/#breadcrumb"},"inLanguage":"en-US","potentialAction":[{"@type":"ReadAction","target":["https:\/\/foliobooks.pl\/en\/shop\/the-star-wars-archives-1999-2005-40th-ed\/"]}]},{"@type":"ImageObject","inLanguage":"en-US","@id":"https:\/\/foliobooks.pl\/en\/shop\/the-star-wars-archives-1999-2005-40th-ed\/#primaryimage","url":"https:\/\/foliobooks.pl\/wp-content\/uploads\/2024\/05\/9783836593274.png","contentUrl":"https:\/\/foliobooks.pl\/wp-content\/uploads\/2024\/05\/9783836593274.png","width":570,"height":708},{"@type":"BreadcrumbList","@id":"https:\/\/foliobooks.pl\/en\/shop\/the-star-wars-archives-1999-2005-40th-ed\/#breadcrumb","itemListElement":[{"@type":"ListItem","position":1,"name":"Strona g\u0142\u00f3wna","item":"https:\/\/foliobooks.pl\/en\/"},{"@type":"ListItem","position":2,"name":"Shop","item":"https:\/\/foliobooks.pl\/en\/shop\/"},{"@type":"ListItem","position":3,"name":"The Star Wars Archives. 1999\u20132005. 40th Ed."}]},{"@type":"WebSite","@id":"https:\/\/foliobooks.pl\/en\/#website","url":"https:\/\/foliobooks.pl\/en\/","name":"Folio","description":"Ksi\u0119garnia internetowa","potentialAction":[{"@type":"SearchAction","target":{"@type":"EntryPoint","urlTemplate":"https:\/\/foliobooks.pl\/en\/?s={search_term_string}"},"query-input":{"@type":"PropertyValueSpecification","valueRequired":true,"valueName":"search_term_string"}}],"inLanguage":"en-US"}]}},"_links":{"self":[{"href":"https:\/\/foliobooks.pl\/en\/wp-json\/wp\/v2\/product\/102103","targetHints":{"allow":["GET"]}}],"collection":[{"href":"https:\/\/foliobooks.pl\/en\/wp-json\/wp\/v2\/product"}],"about":[{"href":"https:\/\/foliobooks.pl\/en\/wp-json\/wp\/v2\/types\/product"}],"replies":[{"embeddable":true,"href":"https:\/\/foliobooks.pl\/en\/wp-json\/wp\/v2\/comments?post=102103"}],"wp:featuredmedia":[{"embeddable":true,"href":"https:\/\/foliobooks.pl\/en\/wp-json\/wp\/v2\/media\/102088"}],"wp:attachment":[{"href":"https:\/\/foliobooks.pl\/en\/wp-json\/wp\/v2\/media?parent=102103"}],"wp:term":[{"taxonomy":"product_brand","embeddable":true,"href":"https:\/\/foliobooks.pl\/en\/wp-json\/wp\/v2\/product_brand?post=102103"},{"taxonomy":"product_cat","embeddable":true,"href":"https:\/\/foliobooks.pl\/en\/wp-json\/wp\/v2\/product_cat?post=102103"},{"taxonomy":"product_tag","embeddable":true,"href":"https:\/\/foliobooks.pl\/en\/wp-json\/wp\/v2\/product_tag?post=102103"}],"curies":[{"name":"wp","href":"https:\/\/api.w.org\/{rel}","templated":true}]}}