{"id":102002,"date":"2024-05-07T15:32:02","date_gmt":"2024-05-07T13:32:02","guid":{"rendered":"https:\/\/foliobooks.pl\/sklep\/mick-rock-the-rise-of-david-bowie-1972-1973-2\/"},"modified":"2024-07-22T12:37:47","modified_gmt":"2024-07-22T10:37:47","slug":"mick-rock-the-rise-of-david-bowie-1972-1973-2","status":"publish","type":"product","link":"https:\/\/foliobooks.pl\/en\/shop\/mick-rock-the-rise-of-david-bowie-1972-1973-2\/","title":{"rendered":"Mick Rock. The Rise of David Bowie. 1972\u20131973"},"content":{"rendered":"<p>Mick Rock\u2019s legendary photos of the late artist<\/p>\n<p>A unique tribute from David Bowie\u2019s official photographer and creative partner, Mick Rock, compiled in 2015, with Bowie\u2019s blessing.<\/p>\n<p>In 1972, David Bowie released his groundbreaking album The Rise and Fall of Ziggy Stardust and the Spiders from Mars. With it landed Bowie\u2019s Stardust alter ego: a glitter-clad, mascara-eyed, sexually ambiguous persona who kicked down the boundaries between male and female, straight and gay, fact and fiction into one shifting and sparkling phenomenon of \u201970s self-expression. Together, Ziggy the album and Ziggy the stage spectacular propelled the softly spoken Londoner into one of the world\u2019s biggest stars.<\/p>\n<p>A key passenger on this glam trip into the stratosphere was fellow Londoner and photographer Mick Rock. Rock bonded with Bowie artistically and personally, immersed himself in the singer\u2019s inner circle, and, between 1972 and 1973, worked as the singer\u2019s photographer and videographer.<\/p>\n<p>This collection brings together spectacular stage shots, iconic photo shoots, as well as intimate backstage portraits. It celebrates Bowie\u2019s fearless experimentation and reinvention, while offering privileged access to the many facets of his personality and fame. Through the aloof and approachable, the playful and serious, the candid and the contrived, the result is a passionate tribute to a brilliant and inspirational artist whose creative vision will never be forgotten.<\/p>\n","protected":false},"excerpt":{"rendered":"<p>Mick Rock\u2019s legendary photos of the late artist A unique tribute from David Bowie\u2019s official photographer and creative partner, Mick Rock, compiled in 2015, with Bowie\u2019s blessing. In 1972, David Bowie released his groundbreaking album The Rise and Fall of Ziggy Stardust and the Spiders from Mars. With it landed Bowie\u2019s Stardust alter ego: a&#8230;<\/p>\n","protected":false},"featured_media":101985,"comment_status":"closed","ping_status":"closed","template":"","meta":[],"product_brand":[],"product_cat":[4522,13533,4517],"product_tag":[1269],"class_list":{"0":"post-102002","1":"product","2":"type-product","3":"status-publish","4":"has-post-thumbnail","6":"product_cat-art-en","7":"product_cat-books","8":"product_cat-photography-en","9":"product_tag-musicians","10":"pa_author_att-mick-rock-en","11":"pa_cover-hardcover","12":"pa_format-145-x-195-cm-en","13":"pa_isbn-9783836594035-en","14":"pa_language-eng","15":"pa_pages-192-en","16":"pa_published-2023-11-21-en","17":"pa_publisher-taschen-en-en","19":"first","20":"instock","21":"sold-individually","22":"shipping-taxable","23":"purchasable","24":"product-type-simple"},"yoast_head":"<!-- This site is optimized with the Yoast SEO plugin v27.6 - https:\/\/yoast.com\/product\/yoast-seo-wordpress\/ -->\n<title>Mick Rock. The Rise of David Bowie. 1972\u20131973 (Mick Rock) - book \/ album - Folio<\/title>\n<meta name=\"description\" content=\"Wejd\u017a i kup ksi\u0105\u017ck\u0119 Mick Rock. The Rise of David Bowie. 1972\u20131973 autorstwa Mick Rock wydan\u0105 przez TASCHEN (2023-11-21) w formacie 14,5 x 19,5 cm (ISBN: 9783836594035). Zapraszamy!\" \/>\n<meta name=\"robots\" content=\"index, follow, max-snippet:-1, max-image-preview:large, max-video-preview:-1\" \/>\n<link rel=\"canonical\" href=\"https:\/\/foliobooks.pl\/en\/shop\/mick-rock-the-rise-of-david-bowie-1972-1973-2\/\" \/>\n<meta property=\"og:locale\" content=\"en_US\" \/>\n<meta property=\"og:type\" content=\"article\" \/>\n<meta property=\"og:title\" content=\"Mick Rock. The Rise of David Bowie. 1972\u20131973 (Mick Rock) - book \/ album - Folio\" \/>\n<meta property=\"og:description\" content=\"Wejd\u017a i kup ksi\u0105\u017ck\u0119 Mick Rock. The Rise of David Bowie. 1972\u20131973 autorstwa Mick Rock wydan\u0105 przez TASCHEN (2023-11-21) w formacie 14,5 x 19,5 cm (ISBN: 9783836594035). Zapraszamy!\" \/>\n<meta property=\"og:url\" content=\"https:\/\/foliobooks.pl\/en\/shop\/mick-rock-the-rise-of-david-bowie-1972-1973-2\/\" \/>\n<meta property=\"og:site_name\" content=\"Folio\" \/>\n<meta property=\"article:modified_time\" content=\"2024-07-22T10:37:47+00:00\" \/>\n<meta property=\"og:image\" content=\"https:\/\/foliobooks.pl\/wp-content\/uploads\/2024\/05\/9783836594035.png\" \/>\n\t<meta property=\"og:image:width\" content=\"570\" \/>\n\t<meta property=\"og:image:height\" content=\"708\" \/>\n\t<meta property=\"og:image:type\" content=\"image\/png\" \/>\n<meta name=\"twitter:card\" content=\"summary_large_image\" \/>\n<meta name=\"twitter:label1\" content=\"Est. reading time\" \/>\n\t<meta name=\"twitter:data1\" content=\"2 minutes\" \/>\n<script type=\"application\/ld+json\" class=\"yoast-schema-graph\">{\"@context\":\"https:\\\/\\\/schema.org\",\"@graph\":[{\"@type\":\"WebPage\",\"@id\":\"https:\\\/\\\/foliobooks.pl\\\/en\\\/shop\\\/mick-rock-the-rise-of-david-bowie-1972-1973-2\\\/\",\"url\":\"https:\\\/\\\/foliobooks.pl\\\/en\\\/shop\\\/mick-rock-the-rise-of-david-bowie-1972-1973-2\\\/\",\"name\":\"Mick Rock. The Rise of David Bowie. 1972\u20131973 (Mick Rock) - book \\\/ album - Folio\",\"isPartOf\":{\"@id\":\"https:\\\/\\\/foliobooks.pl\\\/en\\\/#website\"},\"primaryImageOfPage\":{\"@id\":\"https:\\\/\\\/foliobooks.pl\\\/en\\\/shop\\\/mick-rock-the-rise-of-david-bowie-1972-1973-2\\\/#primaryimage\"},\"image\":{\"@id\":\"https:\\\/\\\/foliobooks.pl\\\/en\\\/shop\\\/mick-rock-the-rise-of-david-bowie-1972-1973-2\\\/#primaryimage\"},\"thumbnailUrl\":\"https:\\\/\\\/foliobooks.pl\\\/wp-content\\\/uploads\\\/2024\\\/05\\\/9783836594035.png\",\"datePublished\":\"2024-05-07T13:32:02+00:00\",\"dateModified\":\"2024-07-22T10:37:47+00:00\",\"description\":\"Wejd\u017a i kup ksi\u0105\u017ck\u0119 Mick Rock. The Rise of David Bowie. 1972\u20131973 autorstwa Mick Rock wydan\u0105 przez TASCHEN (2023-11-21) w formacie 14,5 x 19,5 cm (ISBN: 9783836594035). Zapraszamy!\",\"breadcrumb\":{\"@id\":\"https:\\\/\\\/foliobooks.pl\\\/en\\\/shop\\\/mick-rock-the-rise-of-david-bowie-1972-1973-2\\\/#breadcrumb\"},\"inLanguage\":\"en-US\",\"potentialAction\":[{\"@type\":\"ReadAction\",\"target\":[\"https:\\\/\\\/foliobooks.pl\\\/en\\\/shop\\\/mick-rock-the-rise-of-david-bowie-1972-1973-2\\\/\"]}]},{\"@type\":\"ImageObject\",\"inLanguage\":\"en-US\",\"@id\":\"https:\\\/\\\/foliobooks.pl\\\/en\\\/shop\\\/mick-rock-the-rise-of-david-bowie-1972-1973-2\\\/#primaryimage\",\"url\":\"https:\\\/\\\/foliobooks.pl\\\/wp-content\\\/uploads\\\/2024\\\/05\\\/9783836594035.png\",\"contentUrl\":\"https:\\\/\\\/foliobooks.pl\\\/wp-content\\\/uploads\\\/2024\\\/05\\\/9783836594035.png\",\"width\":570,\"height\":708},{\"@type\":\"BreadcrumbList\",\"@id\":\"https:\\\/\\\/foliobooks.pl\\\/en\\\/shop\\\/mick-rock-the-rise-of-david-bowie-1972-1973-2\\\/#breadcrumb\",\"itemListElement\":[{\"@type\":\"ListItem\",\"position\":1,\"name\":\"Strona g\u0142\u00f3wna\",\"item\":\"https:\\\/\\\/foliobooks.pl\\\/en\\\/\"},{\"@type\":\"ListItem\",\"position\":2,\"name\":\"Shop\",\"item\":\"https:\\\/\\\/foliobooks.pl\\\/en\\\/shop\\\/\"},{\"@type\":\"ListItem\",\"position\":3,\"name\":\"Mick Rock. The Rise of David Bowie. 1972\u20131973\"}]},{\"@type\":\"WebSite\",\"@id\":\"https:\\\/\\\/foliobooks.pl\\\/en\\\/#website\",\"url\":\"https:\\\/\\\/foliobooks.pl\\\/en\\\/\",\"name\":\"Folio\",\"description\":\"Ksi\u0119garnia internetowa\",\"potentialAction\":[{\"@type\":\"SearchAction\",\"target\":{\"@type\":\"EntryPoint\",\"urlTemplate\":\"https:\\\/\\\/foliobooks.pl\\\/en\\\/?s={search_term_string}\"},\"query-input\":{\"@type\":\"PropertyValueSpecification\",\"valueRequired\":true,\"valueName\":\"search_term_string\"}}],\"inLanguage\":\"en-US\"}]}<\/script>\n<!-- \/ Yoast SEO plugin. -->","yoast_head_json":{"title":"Mick Rock. The Rise of David Bowie. 1972\u20131973 (Mick Rock) - book \/ album - Folio","description":"Wejd\u017a i kup ksi\u0105\u017ck\u0119 Mick Rock. The Rise of David Bowie. 1972\u20131973 autorstwa Mick Rock wydan\u0105 przez TASCHEN (2023-11-21) w formacie 14,5 x 19,5 cm (ISBN: 9783836594035). Zapraszamy!","robots":{"index":"index","follow":"follow","max-snippet":"max-snippet:-1","max-image-preview":"max-image-preview:large","max-video-preview":"max-video-preview:-1"},"canonical":"https:\/\/foliobooks.pl\/en\/shop\/mick-rock-the-rise-of-david-bowie-1972-1973-2\/","og_locale":"en_US","og_type":"article","og_title":"Mick Rock. The Rise of David Bowie. 1972\u20131973 (Mick Rock) - book \/ album - Folio","og_description":"Wejd\u017a i kup ksi\u0105\u017ck\u0119 Mick Rock. The Rise of David Bowie. 1972\u20131973 autorstwa Mick Rock wydan\u0105 przez TASCHEN (2023-11-21) w formacie 14,5 x 19,5 cm (ISBN: 9783836594035). Zapraszamy!","og_url":"https:\/\/foliobooks.pl\/en\/shop\/mick-rock-the-rise-of-david-bowie-1972-1973-2\/","og_site_name":"Folio","article_modified_time":"2024-07-22T10:37:47+00:00","og_image":[{"width":570,"height":708,"url":"https:\/\/foliobooks.pl\/wp-content\/uploads\/2024\/05\/9783836594035.png","type":"image\/png"}],"twitter_card":"summary_large_image","twitter_misc":{"Est. reading time":"2 minutes"},"schema":{"@context":"https:\/\/schema.org","@graph":[{"@type":"WebPage","@id":"https:\/\/foliobooks.pl\/en\/shop\/mick-rock-the-rise-of-david-bowie-1972-1973-2\/","url":"https:\/\/foliobooks.pl\/en\/shop\/mick-rock-the-rise-of-david-bowie-1972-1973-2\/","name":"Mick Rock. The Rise of David Bowie. 1972\u20131973 (Mick Rock) - book \/ album - Folio","isPartOf":{"@id":"https:\/\/foliobooks.pl\/en\/#website"},"primaryImageOfPage":{"@id":"https:\/\/foliobooks.pl\/en\/shop\/mick-rock-the-rise-of-david-bowie-1972-1973-2\/#primaryimage"},"image":{"@id":"https:\/\/foliobooks.pl\/en\/shop\/mick-rock-the-rise-of-david-bowie-1972-1973-2\/#primaryimage"},"thumbnailUrl":"https:\/\/foliobooks.pl\/wp-content\/uploads\/2024\/05\/9783836594035.png","datePublished":"2024-05-07T13:32:02+00:00","dateModified":"2024-07-22T10:37:47+00:00","description":"Wejd\u017a i kup ksi\u0105\u017ck\u0119 Mick Rock. The Rise of David Bowie. 1972\u20131973 autorstwa Mick Rock wydan\u0105 przez TASCHEN (2023-11-21) w formacie 14,5 x 19,5 cm (ISBN: 9783836594035). Zapraszamy!","breadcrumb":{"@id":"https:\/\/foliobooks.pl\/en\/shop\/mick-rock-the-rise-of-david-bowie-1972-1973-2\/#breadcrumb"},"inLanguage":"en-US","potentialAction":[{"@type":"ReadAction","target":["https:\/\/foliobooks.pl\/en\/shop\/mick-rock-the-rise-of-david-bowie-1972-1973-2\/"]}]},{"@type":"ImageObject","inLanguage":"en-US","@id":"https:\/\/foliobooks.pl\/en\/shop\/mick-rock-the-rise-of-david-bowie-1972-1973-2\/#primaryimage","url":"https:\/\/foliobooks.pl\/wp-content\/uploads\/2024\/05\/9783836594035.png","contentUrl":"https:\/\/foliobooks.pl\/wp-content\/uploads\/2024\/05\/9783836594035.png","width":570,"height":708},{"@type":"BreadcrumbList","@id":"https:\/\/foliobooks.pl\/en\/shop\/mick-rock-the-rise-of-david-bowie-1972-1973-2\/#breadcrumb","itemListElement":[{"@type":"ListItem","position":1,"name":"Strona g\u0142\u00f3wna","item":"https:\/\/foliobooks.pl\/en\/"},{"@type":"ListItem","position":2,"name":"Shop","item":"https:\/\/foliobooks.pl\/en\/shop\/"},{"@type":"ListItem","position":3,"name":"Mick Rock. The Rise of David Bowie. 1972\u20131973"}]},{"@type":"WebSite","@id":"https:\/\/foliobooks.pl\/en\/#website","url":"https:\/\/foliobooks.pl\/en\/","name":"Folio","description":"Ksi\u0119garnia internetowa","potentialAction":[{"@type":"SearchAction","target":{"@type":"EntryPoint","urlTemplate":"https:\/\/foliobooks.pl\/en\/?s={search_term_string}"},"query-input":{"@type":"PropertyValueSpecification","valueRequired":true,"valueName":"search_term_string"}}],"inLanguage":"en-US"}]}},"_links":{"self":[{"href":"https:\/\/foliobooks.pl\/en\/wp-json\/wp\/v2\/product\/102002","targetHints":{"allow":["GET"]}}],"collection":[{"href":"https:\/\/foliobooks.pl\/en\/wp-json\/wp\/v2\/product"}],"about":[{"href":"https:\/\/foliobooks.pl\/en\/wp-json\/wp\/v2\/types\/product"}],"replies":[{"embeddable":true,"href":"https:\/\/foliobooks.pl\/en\/wp-json\/wp\/v2\/comments?post=102002"}],"wp:featuredmedia":[{"embeddable":true,"href":"https:\/\/foliobooks.pl\/en\/wp-json\/wp\/v2\/media\/101985"}],"wp:attachment":[{"href":"https:\/\/foliobooks.pl\/en\/wp-json\/wp\/v2\/media?parent=102002"}],"wp:term":[{"taxonomy":"product_brand","embeddable":true,"href":"https:\/\/foliobooks.pl\/en\/wp-json\/wp\/v2\/product_brand?post=102002"},{"taxonomy":"product_cat","embeddable":true,"href":"https:\/\/foliobooks.pl\/en\/wp-json\/wp\/v2\/product_cat?post=102002"},{"taxonomy":"product_tag","embeddable":true,"href":"https:\/\/foliobooks.pl\/en\/wp-json\/wp\/v2\/product_tag?post=102002"}],"curies":[{"name":"wp","href":"https:\/\/api.w.org\/{rel}","templated":true}]}}