{"id":101962,"date":"2024-05-07T15:06:53","date_gmt":"2024-05-07T13:06:53","guid":{"rendered":"https:\/\/foliobooks.pl\/sklep\/andy-warhol-polaroids-1958-1987\/"},"modified":"2024-12-10T10:57:30","modified_gmt":"2024-12-10T09:57:30","slug":"andy-warhol-polaroids-1958-1987","status":"publish","type":"product","link":"https:\/\/foliobooks.pl\/en\/shop\/andy-warhol-polaroids-1958-1987\/","title":{"rendered":"Andy Warhol. Polaroids 1958\u20131987"},"content":{"rendered":"<p>Before there was Instagram, there was Warhol<\/p>\n<p>Andy Warhol was a relentless chronicler of life and its encounters. Carrying a Polaroid camera from the late 1950s until his death in 1987, he amassed a huge collection of instant pictures of friends, lovers, patrons, the famous, the obscure, the scenic, the fashionable, and himself. Created in collaboration with the Andy Warhol Foundation, this book features more than hundred of these instant photos.<\/p>\n<p>Portraits of celebrities such as Mick Jagger, Alfred Hitchcock, Jack Nicholson, Yves Saint Laurent, Pel\u00e9, Debbie Harry are included alongside images of Warhol\u2019s entourage and high life, landscapes, and still lifes. Often raw and impromptu, the Polaroids document Warhol\u2019s era like Instagram captures our own, offering a unique record of the life, world, and vision behind the Pop Art maestro and modernist giant.<\/p>\n","protected":false},"excerpt":{"rendered":"<p>Before there was Instagram, there was Warhol Andy Warhol was a relentless chronicler of life and its encounters. Carrying a Polaroid camera from the late 1950s until his death in 1987, he amassed a huge collection of instant pictures of friends, lovers, patrons, the famous, the obscure, the scenic, the fashionable, and himself. Created in&#8230;<\/p>\n","protected":false},"featured_media":101945,"comment_status":"closed","ping_status":"closed","template":"","meta":[],"product_brand":[],"product_cat":[13533,4517],"product_tag":[6121],"class_list":{"0":"post-101962","1":"product","2":"type-product","3":"status-publish","4":"has-post-thumbnail","6":"product_cat-books","7":"product_cat-photography-en","8":"product_tag-photography","9":"pa_author_att-richard-b-woodward-en","10":"pa_cover-hardcover","11":"pa_format-14-x-195-cm-en","12":"pa_isbn-9783836590747-en","13":"pa_language-eng","14":"pa_pages-192-en","15":"pa_published-2023-12-15-en","16":"pa_publisher-taschen-en-en","18":"first","19":"outofstock","20":"sold-individually","21":"shipping-taxable","22":"purchasable","23":"product-type-simple"},"yoast_head":"<!-- This site is optimized with the Yoast SEO plugin v27.4 - https:\/\/yoast.com\/product\/yoast-seo-wordpress\/ -->\n<title>Andy Warhol. Polaroids 1958\u20131987 (Richard B. Woodward) - book \/ album - Folio<\/title>\n<meta name=\"description\" content=\"Wejd\u017a i kup ksi\u0105\u017ck\u0119 Andy Warhol. Polaroids 1958\u20131987 autorstwa Richard B. Woodward wydan\u0105 przez TASCHEN (2023-12-15) w formacie 14 x 19,5 cm (ISBN: 9783836590747). Zapraszamy!\" \/>\n<meta name=\"robots\" content=\"index, follow, max-snippet:-1, max-image-preview:large, max-video-preview:-1\" \/>\n<link rel=\"canonical\" href=\"https:\/\/foliobooks.pl\/en\/shop\/andy-warhol-polaroids-1958-1987\/\" \/>\n<meta property=\"og:locale\" content=\"en_US\" \/>\n<meta property=\"og:type\" content=\"article\" \/>\n<meta property=\"og:title\" content=\"Andy Warhol. Polaroids 1958\u20131987 (Richard B. Woodward) - book \/ album - Folio\" \/>\n<meta property=\"og:description\" content=\"Wejd\u017a i kup ksi\u0105\u017ck\u0119 Andy Warhol. Polaroids 1958\u20131987 autorstwa Richard B. Woodward wydan\u0105 przez TASCHEN (2023-12-15) w formacie 14 x 19,5 cm (ISBN: 9783836590747). Zapraszamy!\" \/>\n<meta property=\"og:url\" content=\"https:\/\/foliobooks.pl\/en\/shop\/andy-warhol-polaroids-1958-1987\/\" \/>\n<meta property=\"og:site_name\" content=\"Folio\" \/>\n<meta property=\"article:modified_time\" content=\"2024-12-10T09:57:30+00:00\" \/>\n<meta property=\"og:image\" content=\"https:\/\/foliobooks.pl\/wp-content\/uploads\/2024\/05\/9783836590747.png\" \/>\n\t<meta property=\"og:image:width\" content=\"570\" \/>\n\t<meta property=\"og:image:height\" content=\"708\" \/>\n\t<meta property=\"og:image:type\" content=\"image\/png\" \/>\n<meta name=\"twitter:card\" content=\"summary_large_image\" \/>\n<meta name=\"twitter:label1\" content=\"Est. reading time\" \/>\n\t<meta name=\"twitter:data1\" content=\"2 minutes\" \/>\n<script type=\"application\/ld+json\" class=\"yoast-schema-graph\">{\"@context\":\"https:\\\/\\\/schema.org\",\"@graph\":[{\"@type\":\"WebPage\",\"@id\":\"https:\\\/\\\/foliobooks.pl\\\/en\\\/shop\\\/andy-warhol-polaroids-1958-1987\\\/\",\"url\":\"https:\\\/\\\/foliobooks.pl\\\/en\\\/shop\\\/andy-warhol-polaroids-1958-1987\\\/\",\"name\":\"Andy Warhol. Polaroids 1958\u20131987 (Richard B. Woodward) - book \\\/ album - Folio\",\"isPartOf\":{\"@id\":\"https:\\\/\\\/foliobooks.pl\\\/en\\\/#website\"},\"primaryImageOfPage\":{\"@id\":\"https:\\\/\\\/foliobooks.pl\\\/en\\\/shop\\\/andy-warhol-polaroids-1958-1987\\\/#primaryimage\"},\"image\":{\"@id\":\"https:\\\/\\\/foliobooks.pl\\\/en\\\/shop\\\/andy-warhol-polaroids-1958-1987\\\/#primaryimage\"},\"thumbnailUrl\":\"https:\\\/\\\/foliobooks.pl\\\/wp-content\\\/uploads\\\/2024\\\/05\\\/9783836590747.png\",\"datePublished\":\"2024-05-07T13:06:53+00:00\",\"dateModified\":\"2024-12-10T09:57:30+00:00\",\"description\":\"Wejd\u017a i kup ksi\u0105\u017ck\u0119 Andy Warhol. Polaroids 1958\u20131987 autorstwa Richard B. Woodward wydan\u0105 przez TASCHEN (2023-12-15) w formacie 14 x 19,5 cm (ISBN: 9783836590747). Zapraszamy!\",\"breadcrumb\":{\"@id\":\"https:\\\/\\\/foliobooks.pl\\\/en\\\/shop\\\/andy-warhol-polaroids-1958-1987\\\/#breadcrumb\"},\"inLanguage\":\"en-US\",\"potentialAction\":[{\"@type\":\"ReadAction\",\"target\":[\"https:\\\/\\\/foliobooks.pl\\\/en\\\/shop\\\/andy-warhol-polaroids-1958-1987\\\/\"]}]},{\"@type\":\"ImageObject\",\"inLanguage\":\"en-US\",\"@id\":\"https:\\\/\\\/foliobooks.pl\\\/en\\\/shop\\\/andy-warhol-polaroids-1958-1987\\\/#primaryimage\",\"url\":\"https:\\\/\\\/foliobooks.pl\\\/wp-content\\\/uploads\\\/2024\\\/05\\\/9783836590747.png\",\"contentUrl\":\"https:\\\/\\\/foliobooks.pl\\\/wp-content\\\/uploads\\\/2024\\\/05\\\/9783836590747.png\",\"width\":570,\"height\":708},{\"@type\":\"BreadcrumbList\",\"@id\":\"https:\\\/\\\/foliobooks.pl\\\/en\\\/shop\\\/andy-warhol-polaroids-1958-1987\\\/#breadcrumb\",\"itemListElement\":[{\"@type\":\"ListItem\",\"position\":1,\"name\":\"Strona g\u0142\u00f3wna\",\"item\":\"https:\\\/\\\/foliobooks.pl\\\/en\\\/\"},{\"@type\":\"ListItem\",\"position\":2,\"name\":\"Shop\",\"item\":\"https:\\\/\\\/foliobooks.pl\\\/en\\\/shop\\\/\"},{\"@type\":\"ListItem\",\"position\":3,\"name\":\"Andy Warhol. Polaroids 1958\u20131987\"}]},{\"@type\":\"WebSite\",\"@id\":\"https:\\\/\\\/foliobooks.pl\\\/en\\\/#website\",\"url\":\"https:\\\/\\\/foliobooks.pl\\\/en\\\/\",\"name\":\"Folio\",\"description\":\"Ksi\u0119garnia internetowa\",\"potentialAction\":[{\"@type\":\"SearchAction\",\"target\":{\"@type\":\"EntryPoint\",\"urlTemplate\":\"https:\\\/\\\/foliobooks.pl\\\/en\\\/?s={search_term_string}\"},\"query-input\":{\"@type\":\"PropertyValueSpecification\",\"valueRequired\":true,\"valueName\":\"search_term_string\"}}],\"inLanguage\":\"en-US\"}]}<\/script>\n<!-- \/ Yoast SEO plugin. -->","yoast_head_json":{"title":"Andy Warhol. Polaroids 1958\u20131987 (Richard B. Woodward) - book \/ album - Folio","description":"Wejd\u017a i kup ksi\u0105\u017ck\u0119 Andy Warhol. Polaroids 1958\u20131987 autorstwa Richard B. Woodward wydan\u0105 przez TASCHEN (2023-12-15) w formacie 14 x 19,5 cm (ISBN: 9783836590747). Zapraszamy!","robots":{"index":"index","follow":"follow","max-snippet":"max-snippet:-1","max-image-preview":"max-image-preview:large","max-video-preview":"max-video-preview:-1"},"canonical":"https:\/\/foliobooks.pl\/en\/shop\/andy-warhol-polaroids-1958-1987\/","og_locale":"en_US","og_type":"article","og_title":"Andy Warhol. Polaroids 1958\u20131987 (Richard B. Woodward) - book \/ album - Folio","og_description":"Wejd\u017a i kup ksi\u0105\u017ck\u0119 Andy Warhol. Polaroids 1958\u20131987 autorstwa Richard B. Woodward wydan\u0105 przez TASCHEN (2023-12-15) w formacie 14 x 19,5 cm (ISBN: 9783836590747). Zapraszamy!","og_url":"https:\/\/foliobooks.pl\/en\/shop\/andy-warhol-polaroids-1958-1987\/","og_site_name":"Folio","article_modified_time":"2024-12-10T09:57:30+00:00","og_image":[{"width":570,"height":708,"url":"https:\/\/foliobooks.pl\/wp-content\/uploads\/2024\/05\/9783836590747.png","type":"image\/png"}],"twitter_card":"summary_large_image","twitter_misc":{"Est. reading time":"2 minutes"},"schema":{"@context":"https:\/\/schema.org","@graph":[{"@type":"WebPage","@id":"https:\/\/foliobooks.pl\/en\/shop\/andy-warhol-polaroids-1958-1987\/","url":"https:\/\/foliobooks.pl\/en\/shop\/andy-warhol-polaroids-1958-1987\/","name":"Andy Warhol. Polaroids 1958\u20131987 (Richard B. Woodward) - book \/ album - Folio","isPartOf":{"@id":"https:\/\/foliobooks.pl\/en\/#website"},"primaryImageOfPage":{"@id":"https:\/\/foliobooks.pl\/en\/shop\/andy-warhol-polaroids-1958-1987\/#primaryimage"},"image":{"@id":"https:\/\/foliobooks.pl\/en\/shop\/andy-warhol-polaroids-1958-1987\/#primaryimage"},"thumbnailUrl":"https:\/\/foliobooks.pl\/wp-content\/uploads\/2024\/05\/9783836590747.png","datePublished":"2024-05-07T13:06:53+00:00","dateModified":"2024-12-10T09:57:30+00:00","description":"Wejd\u017a i kup ksi\u0105\u017ck\u0119 Andy Warhol. Polaroids 1958\u20131987 autorstwa Richard B. Woodward wydan\u0105 przez TASCHEN (2023-12-15) w formacie 14 x 19,5 cm (ISBN: 9783836590747). Zapraszamy!","breadcrumb":{"@id":"https:\/\/foliobooks.pl\/en\/shop\/andy-warhol-polaroids-1958-1987\/#breadcrumb"},"inLanguage":"en-US","potentialAction":[{"@type":"ReadAction","target":["https:\/\/foliobooks.pl\/en\/shop\/andy-warhol-polaroids-1958-1987\/"]}]},{"@type":"ImageObject","inLanguage":"en-US","@id":"https:\/\/foliobooks.pl\/en\/shop\/andy-warhol-polaroids-1958-1987\/#primaryimage","url":"https:\/\/foliobooks.pl\/wp-content\/uploads\/2024\/05\/9783836590747.png","contentUrl":"https:\/\/foliobooks.pl\/wp-content\/uploads\/2024\/05\/9783836590747.png","width":570,"height":708},{"@type":"BreadcrumbList","@id":"https:\/\/foliobooks.pl\/en\/shop\/andy-warhol-polaroids-1958-1987\/#breadcrumb","itemListElement":[{"@type":"ListItem","position":1,"name":"Strona g\u0142\u00f3wna","item":"https:\/\/foliobooks.pl\/en\/"},{"@type":"ListItem","position":2,"name":"Shop","item":"https:\/\/foliobooks.pl\/en\/shop\/"},{"@type":"ListItem","position":3,"name":"Andy Warhol. Polaroids 1958\u20131987"}]},{"@type":"WebSite","@id":"https:\/\/foliobooks.pl\/en\/#website","url":"https:\/\/foliobooks.pl\/en\/","name":"Folio","description":"Ksi\u0119garnia internetowa","potentialAction":[{"@type":"SearchAction","target":{"@type":"EntryPoint","urlTemplate":"https:\/\/foliobooks.pl\/en\/?s={search_term_string}"},"query-input":{"@type":"PropertyValueSpecification","valueRequired":true,"valueName":"search_term_string"}}],"inLanguage":"en-US"}]}},"_links":{"self":[{"href":"https:\/\/foliobooks.pl\/en\/wp-json\/wp\/v2\/product\/101962","targetHints":{"allow":["GET"]}}],"collection":[{"href":"https:\/\/foliobooks.pl\/en\/wp-json\/wp\/v2\/product"}],"about":[{"href":"https:\/\/foliobooks.pl\/en\/wp-json\/wp\/v2\/types\/product"}],"replies":[{"embeddable":true,"href":"https:\/\/foliobooks.pl\/en\/wp-json\/wp\/v2\/comments?post=101962"}],"wp:featuredmedia":[{"embeddable":true,"href":"https:\/\/foliobooks.pl\/en\/wp-json\/wp\/v2\/media\/101945"}],"wp:attachment":[{"href":"https:\/\/foliobooks.pl\/en\/wp-json\/wp\/v2\/media?parent=101962"}],"wp:term":[{"taxonomy":"product_brand","embeddable":true,"href":"https:\/\/foliobooks.pl\/en\/wp-json\/wp\/v2\/product_brand?post=101962"},{"taxonomy":"product_cat","embeddable":true,"href":"https:\/\/foliobooks.pl\/en\/wp-json\/wp\/v2\/product_cat?post=101962"},{"taxonomy":"product_tag","embeddable":true,"href":"https:\/\/foliobooks.pl\/en\/wp-json\/wp\/v2\/product_tag?post=101962"}],"curies":[{"name":"wp","href":"https:\/\/api.w.org\/{rel}","templated":true}]}}