{"id":101942,"date":"2024-05-07T15:00:37","date_gmt":"2024-05-07T13:00:37","guid":{"rendered":"https:\/\/foliobooks.pl\/sklep\/redoute-roses\/"},"modified":"2025-12-02T13:48:57","modified_gmt":"2025-12-02T12:48:57","slug":"redoute-roses","status":"publish","type":"product","link":"https:\/\/foliobooks.pl\/en\/shop\/redoute-roses\/","title":{"rendered":"Redout\u00e9. Roses"},"content":{"rendered":"<p>Magnificent illustrations of the queen of flowers<\/p>\n<p>The revered tradition of botanical illustration dates back to the Renaissance. It emerged from the desire to catalog nature in its unpredictable splendor, and the process demanded the most precise and talented of artists.<\/p>\n<p>With a remarkable skill that captured the most intricate subjects in nature, Pierre-Joseph Redout\u00e9 is widely considered the best painter and engraver of botanical illustration. Working from live plants rather than from the herbarium specimens gave his watercolors unusual subtlety and freshness. He was also an innovator in printing techniques, introducing &#8220;stipple-engraving&#8221; to France, always striving for greater exactitude in his art. Redout\u00e9 fortuitously acquired some of the most influential patrons of the time, including Marie Antoinette and Empress Josephine Bonaparte, thus ensuring that his work was well-funded and displayed.<\/p>\n<p>His impressive collection comprises over 2,000 paintings of plants rendered with great accuracy and strict adherence to nature. In this exquisite edition of Les Roses, Redout\u00e9 turns his attention to the most romantic, desirable, and evocative flower. Originally published in three volumes between 1817 and 1824, it remains his most famous and celebrated work.<\/p>\n","protected":false},"excerpt":{"rendered":"<p>Magnificent illustrations of the queen of flowers The revered tradition of botanical illustration dates back to the Renaissance. It emerged from the desire to catalog nature in its unpredictable splendor, and the process demanded the most precise and talented of artists. With a remarkable skill that captured the most intricate subjects in nature, Pierre-Joseph Redout\u00e9&#8230;<\/p>\n","protected":false},"featured_media":101929,"comment_status":"closed","ping_status":"closed","template":"","meta":[],"product_brand":[],"product_cat":[13533,4523,4525],"product_tag":[2834,1649],"class_list":{"0":"post-101942","1":"product","2":"type-product","3":"status-publish","4":"has-post-thumbnail","6":"product_cat-books","7":"product_cat-design-en-en","8":"product_cat-graphic-design","9":"product_tag-flora","10":"product_tag-illustration","11":"pa_author_att-h-walter-lack-en","12":"pa_cover-hardcover","13":"pa_format-14-x-195-cm-en","14":"pa_isbn-9783836595711-en","15":"pa_language-eng-f-ger","16":"pa_pages-192-en","17":"pa_published-2023-07-29-en","18":"pa_publisher-taschen-en-en","20":"first","21":"outofstock","22":"sold-individually","23":"shipping-taxable","24":"purchasable","25":"product-type-simple"},"yoast_head":"<!-- This site is optimized with the Yoast SEO plugin v27.4 - https:\/\/yoast.com\/product\/yoast-seo-wordpress\/ -->\n<title>Redout\u00e9. Roses (H. Walter Lack) - book \/ album - Folio<\/title>\n<meta name=\"description\" content=\"Wejd\u017a i kup ksi\u0105\u017ck\u0119 Redout\u00e9. Roses autorstwa H. Walter Lack wydan\u0105 przez TASCHEN (2023-07-29) w formacie 14 x 19,5 cm (ISBN: 9783836595711). Zapraszamy!\" \/>\n<meta name=\"robots\" content=\"index, follow, max-snippet:-1, max-image-preview:large, max-video-preview:-1\" \/>\n<link rel=\"canonical\" href=\"https:\/\/foliobooks.pl\/en\/shop\/redoute-roses\/\" \/>\n<meta property=\"og:locale\" content=\"en_US\" \/>\n<meta property=\"og:type\" content=\"article\" \/>\n<meta property=\"og:title\" content=\"Redout\u00e9. Roses (H. Walter Lack) - book \/ album - Folio\" \/>\n<meta property=\"og:description\" content=\"Wejd\u017a i kup ksi\u0105\u017ck\u0119 Redout\u00e9. Roses autorstwa H. Walter Lack wydan\u0105 przez TASCHEN (2023-07-29) w formacie 14 x 19,5 cm (ISBN: 9783836595711). Zapraszamy!\" \/>\n<meta property=\"og:url\" content=\"https:\/\/foliobooks.pl\/en\/shop\/redoute-roses\/\" \/>\n<meta property=\"og:site_name\" content=\"Folio\" \/>\n<meta property=\"article:modified_time\" content=\"2025-12-02T12:48:57+00:00\" \/>\n<meta property=\"og:image\" content=\"https:\/\/foliobooks.pl\/wp-content\/uploads\/2024\/05\/9783836595711.png\" \/>\n\t<meta property=\"og:image:width\" content=\"570\" \/>\n\t<meta property=\"og:image:height\" content=\"708\" \/>\n\t<meta property=\"og:image:type\" content=\"image\/png\" \/>\n<meta name=\"twitter:card\" content=\"summary_large_image\" \/>\n<meta name=\"twitter:label1\" content=\"Est. reading time\" \/>\n\t<meta name=\"twitter:data1\" content=\"2 minutes\" \/>\n<script type=\"application\/ld+json\" class=\"yoast-schema-graph\">{\"@context\":\"https:\\\/\\\/schema.org\",\"@graph\":[{\"@type\":\"WebPage\",\"@id\":\"https:\\\/\\\/foliobooks.pl\\\/en\\\/shop\\\/redoute-roses\\\/\",\"url\":\"https:\\\/\\\/foliobooks.pl\\\/en\\\/shop\\\/redoute-roses\\\/\",\"name\":\"Redout\u00e9. Roses (H. Walter Lack) - book \\\/ album - Folio\",\"isPartOf\":{\"@id\":\"https:\\\/\\\/foliobooks.pl\\\/en\\\/#website\"},\"primaryImageOfPage\":{\"@id\":\"https:\\\/\\\/foliobooks.pl\\\/en\\\/shop\\\/redoute-roses\\\/#primaryimage\"},\"image\":{\"@id\":\"https:\\\/\\\/foliobooks.pl\\\/en\\\/shop\\\/redoute-roses\\\/#primaryimage\"},\"thumbnailUrl\":\"https:\\\/\\\/foliobooks.pl\\\/wp-content\\\/uploads\\\/2024\\\/05\\\/9783836595711.png\",\"datePublished\":\"2024-05-07T13:00:37+00:00\",\"dateModified\":\"2025-12-02T12:48:57+00:00\",\"description\":\"Wejd\u017a i kup ksi\u0105\u017ck\u0119 Redout\u00e9. Roses autorstwa H. Walter Lack wydan\u0105 przez TASCHEN (2023-07-29) w formacie 14 x 19,5 cm (ISBN: 9783836595711). Zapraszamy!\",\"breadcrumb\":{\"@id\":\"https:\\\/\\\/foliobooks.pl\\\/en\\\/shop\\\/redoute-roses\\\/#breadcrumb\"},\"inLanguage\":\"en-US\",\"potentialAction\":[{\"@type\":\"ReadAction\",\"target\":[\"https:\\\/\\\/foliobooks.pl\\\/en\\\/shop\\\/redoute-roses\\\/\"]}]},{\"@type\":\"ImageObject\",\"inLanguage\":\"en-US\",\"@id\":\"https:\\\/\\\/foliobooks.pl\\\/en\\\/shop\\\/redoute-roses\\\/#primaryimage\",\"url\":\"https:\\\/\\\/foliobooks.pl\\\/wp-content\\\/uploads\\\/2024\\\/05\\\/9783836595711.png\",\"contentUrl\":\"https:\\\/\\\/foliobooks.pl\\\/wp-content\\\/uploads\\\/2024\\\/05\\\/9783836595711.png\",\"width\":570,\"height\":708},{\"@type\":\"BreadcrumbList\",\"@id\":\"https:\\\/\\\/foliobooks.pl\\\/en\\\/shop\\\/redoute-roses\\\/#breadcrumb\",\"itemListElement\":[{\"@type\":\"ListItem\",\"position\":1,\"name\":\"Strona g\u0142\u00f3wna\",\"item\":\"https:\\\/\\\/foliobooks.pl\\\/en\\\/\"},{\"@type\":\"ListItem\",\"position\":2,\"name\":\"Shop\",\"item\":\"https:\\\/\\\/foliobooks.pl\\\/en\\\/shop\\\/\"},{\"@type\":\"ListItem\",\"position\":3,\"name\":\"Redout\u00e9. Roses\"}]},{\"@type\":\"WebSite\",\"@id\":\"https:\\\/\\\/foliobooks.pl\\\/en\\\/#website\",\"url\":\"https:\\\/\\\/foliobooks.pl\\\/en\\\/\",\"name\":\"Folio\",\"description\":\"Ksi\u0119garnia internetowa\",\"potentialAction\":[{\"@type\":\"SearchAction\",\"target\":{\"@type\":\"EntryPoint\",\"urlTemplate\":\"https:\\\/\\\/foliobooks.pl\\\/en\\\/?s={search_term_string}\"},\"query-input\":{\"@type\":\"PropertyValueSpecification\",\"valueRequired\":true,\"valueName\":\"search_term_string\"}}],\"inLanguage\":\"en-US\"}]}<\/script>\n<!-- \/ Yoast SEO plugin. -->","yoast_head_json":{"title":"Redout\u00e9. Roses (H. Walter Lack) - book \/ album - Folio","description":"Wejd\u017a i kup ksi\u0105\u017ck\u0119 Redout\u00e9. Roses autorstwa H. Walter Lack wydan\u0105 przez TASCHEN (2023-07-29) w formacie 14 x 19,5 cm (ISBN: 9783836595711). Zapraszamy!","robots":{"index":"index","follow":"follow","max-snippet":"max-snippet:-1","max-image-preview":"max-image-preview:large","max-video-preview":"max-video-preview:-1"},"canonical":"https:\/\/foliobooks.pl\/en\/shop\/redoute-roses\/","og_locale":"en_US","og_type":"article","og_title":"Redout\u00e9. Roses (H. Walter Lack) - book \/ album - Folio","og_description":"Wejd\u017a i kup ksi\u0105\u017ck\u0119 Redout\u00e9. Roses autorstwa H. Walter Lack wydan\u0105 przez TASCHEN (2023-07-29) w formacie 14 x 19,5 cm (ISBN: 9783836595711). Zapraszamy!","og_url":"https:\/\/foliobooks.pl\/en\/shop\/redoute-roses\/","og_site_name":"Folio","article_modified_time":"2025-12-02T12:48:57+00:00","og_image":[{"width":570,"height":708,"url":"https:\/\/foliobooks.pl\/wp-content\/uploads\/2024\/05\/9783836595711.png","type":"image\/png"}],"twitter_card":"summary_large_image","twitter_misc":{"Est. reading time":"2 minutes"},"schema":{"@context":"https:\/\/schema.org","@graph":[{"@type":"WebPage","@id":"https:\/\/foliobooks.pl\/en\/shop\/redoute-roses\/","url":"https:\/\/foliobooks.pl\/en\/shop\/redoute-roses\/","name":"Redout\u00e9. Roses (H. Walter Lack) - book \/ album - Folio","isPartOf":{"@id":"https:\/\/foliobooks.pl\/en\/#website"},"primaryImageOfPage":{"@id":"https:\/\/foliobooks.pl\/en\/shop\/redoute-roses\/#primaryimage"},"image":{"@id":"https:\/\/foliobooks.pl\/en\/shop\/redoute-roses\/#primaryimage"},"thumbnailUrl":"https:\/\/foliobooks.pl\/wp-content\/uploads\/2024\/05\/9783836595711.png","datePublished":"2024-05-07T13:00:37+00:00","dateModified":"2025-12-02T12:48:57+00:00","description":"Wejd\u017a i kup ksi\u0105\u017ck\u0119 Redout\u00e9. Roses autorstwa H. Walter Lack wydan\u0105 przez TASCHEN (2023-07-29) w formacie 14 x 19,5 cm (ISBN: 9783836595711). Zapraszamy!","breadcrumb":{"@id":"https:\/\/foliobooks.pl\/en\/shop\/redoute-roses\/#breadcrumb"},"inLanguage":"en-US","potentialAction":[{"@type":"ReadAction","target":["https:\/\/foliobooks.pl\/en\/shop\/redoute-roses\/"]}]},{"@type":"ImageObject","inLanguage":"en-US","@id":"https:\/\/foliobooks.pl\/en\/shop\/redoute-roses\/#primaryimage","url":"https:\/\/foliobooks.pl\/wp-content\/uploads\/2024\/05\/9783836595711.png","contentUrl":"https:\/\/foliobooks.pl\/wp-content\/uploads\/2024\/05\/9783836595711.png","width":570,"height":708},{"@type":"BreadcrumbList","@id":"https:\/\/foliobooks.pl\/en\/shop\/redoute-roses\/#breadcrumb","itemListElement":[{"@type":"ListItem","position":1,"name":"Strona g\u0142\u00f3wna","item":"https:\/\/foliobooks.pl\/en\/"},{"@type":"ListItem","position":2,"name":"Shop","item":"https:\/\/foliobooks.pl\/en\/shop\/"},{"@type":"ListItem","position":3,"name":"Redout\u00e9. Roses"}]},{"@type":"WebSite","@id":"https:\/\/foliobooks.pl\/en\/#website","url":"https:\/\/foliobooks.pl\/en\/","name":"Folio","description":"Ksi\u0119garnia internetowa","potentialAction":[{"@type":"SearchAction","target":{"@type":"EntryPoint","urlTemplate":"https:\/\/foliobooks.pl\/en\/?s={search_term_string}"},"query-input":{"@type":"PropertyValueSpecification","valueRequired":true,"valueName":"search_term_string"}}],"inLanguage":"en-US"}]}},"_links":{"self":[{"href":"https:\/\/foliobooks.pl\/en\/wp-json\/wp\/v2\/product\/101942","targetHints":{"allow":["GET"]}}],"collection":[{"href":"https:\/\/foliobooks.pl\/en\/wp-json\/wp\/v2\/product"}],"about":[{"href":"https:\/\/foliobooks.pl\/en\/wp-json\/wp\/v2\/types\/product"}],"replies":[{"embeddable":true,"href":"https:\/\/foliobooks.pl\/en\/wp-json\/wp\/v2\/comments?post=101942"}],"wp:featuredmedia":[{"embeddable":true,"href":"https:\/\/foliobooks.pl\/en\/wp-json\/wp\/v2\/media\/101929"}],"wp:attachment":[{"href":"https:\/\/foliobooks.pl\/en\/wp-json\/wp\/v2\/media?parent=101942"}],"wp:term":[{"taxonomy":"product_brand","embeddable":true,"href":"https:\/\/foliobooks.pl\/en\/wp-json\/wp\/v2\/product_brand?post=101942"},{"taxonomy":"product_cat","embeddable":true,"href":"https:\/\/foliobooks.pl\/en\/wp-json\/wp\/v2\/product_cat?post=101942"},{"taxonomy":"product_tag","embeddable":true,"href":"https:\/\/foliobooks.pl\/en\/wp-json\/wp\/v2\/product_tag?post=101942"}],"curies":[{"name":"wp","href":"https:\/\/api.w.org\/{rel}","templated":true}]}}