{"id":101519,"date":"2024-04-09T08:08:04","date_gmt":"2024-04-09T06:08:04","guid":{"rendered":"https:\/\/foliobooks.pl\/sklep\/dolcegabbana-from-the-heart-to-the-hands\/"},"modified":"2025-07-17T14:38:35","modified_gmt":"2025-07-17T12:38:35","slug":"dolcegabbana-from-the-heart-to-the-hands","status":"publish","type":"product","link":"https:\/\/foliobooks.pl\/en\/shop\/dolcegabbana-from-the-heart-to-the-hands\/","title":{"rendered":"Dolce&#038;Gabbana. From the Heart to the Hands"},"content":{"rendered":"<p>From the Heart to the Hands pays tribute to the values of Fatto a Mano (hand-made), an essential part of Dolce&amp;Gabbana since its founding in 1985. The book brings together a unique collection of Alta Moda and Alta Sartoria garments, exquisite jewelry, and archival treasures for the first time.<\/p>\n<p>Curator Florence M\u00fcller explores Dolce&amp;Gabbana\u2019s Italian heritage and the enduring influence of Italian culture in inspiring some of the brand\u2019s most iconic and innovative collections. The book\u2019s ten chapters\u2014handcraft, artistic glass, the leopard, devotion, the workshop, architecture, the white baroque, Sicilian traditions, goddesses and opera\u2014combine runway and editorial photography with images of art, architecture, movies, and artisanal craft. An open love letter to Italian culture and Dolce&amp;Gabbana design, this project serves as a translation of Domenico Dolce\u2019s and Stefano Gabbana\u2019s ideas, from the heart through to their realization by hand. Behind-the-scenes images reveal the intricate fabric inlays, leatherwork, embroidery, lacework, crochet, beadwork, and multitude of other techniques that brings each garment to life.<\/p>\n","protected":false},"excerpt":{"rendered":"<p>From the Heart to the Hands pays tribute to the values of Fatto a Mano (hand-made), an essential part of Dolce&amp;Gabbana since its founding in 1985. The book brings together a unique collection of Alta Moda and Alta Sartoria garments, exquisite jewelry, and archival treasures for the first time. Curator Florence M\u00fcller explores Dolce&amp;Gabbana\u2019s Italian&#8230;<\/p>\n","protected":false},"featured_media":101518,"comment_status":"closed","ping_status":"closed","template":"","meta":[],"product_brand":[],"product_cat":[13533,4523,4519,4525],"product_tag":[4524,6125,4900],"class_list":{"0":"post-101519","1":"product","2":"type-product","3":"status-publish","4":"has-post-thumbnail","6":"product_cat-books","7":"product_cat-design-en-en","8":"product_cat-fashion-en-en","9":"product_cat-graphic-design","10":"product_tag-design-en-en","11":"product_tag-fashion","12":"product_tag-style-en-en","13":"pa_author_att-florence-muller-en","14":"pa_cover-softcover","15":"pa_isbn-9780847839773-en","16":"pa_language-eng","17":"pa_pages-264-en","18":"pa_published-2024-09-10-en","19":"pa_publisher-rizzoli-en","21":"first","22":"outofstock","23":"sold-individually","24":"shipping-taxable","25":"purchasable","26":"product-type-simple"},"yoast_head":"<!-- This site is optimized with the Yoast SEO plugin v27.6 - https:\/\/yoast.com\/product\/yoast-seo-wordpress\/ -->\n<title>Dolce&amp;Gabbana. From the Heart to the Hands (Florence M\u00fcller) - book \/ album - Folio<\/title>\n<meta name=\"description\" content=\"Wejd\u017a i kup ksi\u0105\u017ck\u0119 Dolce&amp;Gabbana. From the Heart to the Hands autorstwa Florence M\u00fcller wydan\u0105 przez Rizzoli (2024-09-10) w formacie (ISBN: 9780847839773). Zapraszamy!\" \/>\n<meta name=\"robots\" content=\"index, follow, max-snippet:-1, max-image-preview:large, max-video-preview:-1\" \/>\n<link rel=\"canonical\" href=\"https:\/\/foliobooks.pl\/en\/shop\/dolcegabbana-from-the-heart-to-the-hands\/\" \/>\n<meta property=\"og:locale\" content=\"en_US\" \/>\n<meta property=\"og:type\" content=\"article\" \/>\n<meta property=\"og:title\" content=\"Dolce&amp;Gabbana. From the Heart to the Hands (Florence M\u00fcller) - book \/ album - Folio\" \/>\n<meta property=\"og:description\" content=\"Wejd\u017a i kup ksi\u0105\u017ck\u0119 Dolce&amp;Gabbana. From the Heart to the Hands autorstwa Florence M\u00fcller wydan\u0105 przez Rizzoli (2024-09-10) w formacie (ISBN: 9780847839773). Zapraszamy!\" \/>\n<meta property=\"og:url\" content=\"https:\/\/foliobooks.pl\/en\/shop\/dolcegabbana-from-the-heart-to-the-hands\/\" \/>\n<meta property=\"og:site_name\" content=\"Folio\" \/>\n<meta property=\"article:modified_time\" content=\"2025-07-17T12:38:35+00:00\" \/>\n<meta property=\"og:image\" content=\"https:\/\/foliobooks.pl\/wp-content\/uploads\/2024\/04\/9780847839773.png\" \/>\n\t<meta property=\"og:image:width\" content=\"570\" \/>\n\t<meta property=\"og:image:height\" content=\"708\" \/>\n\t<meta property=\"og:image:type\" content=\"image\/png\" \/>\n<meta name=\"twitter:card\" content=\"summary_large_image\" \/>\n<meta name=\"twitter:label1\" content=\"Est. reading time\" \/>\n\t<meta name=\"twitter:data1\" content=\"2 minutes\" \/>\n<script type=\"application\/ld+json\" class=\"yoast-schema-graph\">{\"@context\":\"https:\\\/\\\/schema.org\",\"@graph\":[{\"@type\":\"WebPage\",\"@id\":\"https:\\\/\\\/foliobooks.pl\\\/en\\\/shop\\\/dolcegabbana-from-the-heart-to-the-hands\\\/\",\"url\":\"https:\\\/\\\/foliobooks.pl\\\/en\\\/shop\\\/dolcegabbana-from-the-heart-to-the-hands\\\/\",\"name\":\"Dolce&Gabbana. From the Heart to the Hands (Florence M\u00fcller) - book \\\/ album - Folio\",\"isPartOf\":{\"@id\":\"https:\\\/\\\/foliobooks.pl\\\/en\\\/#website\"},\"primaryImageOfPage\":{\"@id\":\"https:\\\/\\\/foliobooks.pl\\\/en\\\/shop\\\/dolcegabbana-from-the-heart-to-the-hands\\\/#primaryimage\"},\"image\":{\"@id\":\"https:\\\/\\\/foliobooks.pl\\\/en\\\/shop\\\/dolcegabbana-from-the-heart-to-the-hands\\\/#primaryimage\"},\"thumbnailUrl\":\"https:\\\/\\\/foliobooks.pl\\\/wp-content\\\/uploads\\\/2024\\\/04\\\/9780847839773.png\",\"datePublished\":\"2024-04-09T06:08:04+00:00\",\"dateModified\":\"2025-07-17T12:38:35+00:00\",\"description\":\"Wejd\u017a i kup ksi\u0105\u017ck\u0119 Dolce&Gabbana. From the Heart to the Hands autorstwa Florence M\u00fcller wydan\u0105 przez Rizzoli (2024-09-10) w formacie (ISBN: 9780847839773). Zapraszamy!\",\"breadcrumb\":{\"@id\":\"https:\\\/\\\/foliobooks.pl\\\/en\\\/shop\\\/dolcegabbana-from-the-heart-to-the-hands\\\/#breadcrumb\"},\"inLanguage\":\"en-US\",\"potentialAction\":[{\"@type\":\"ReadAction\",\"target\":[\"https:\\\/\\\/foliobooks.pl\\\/en\\\/shop\\\/dolcegabbana-from-the-heart-to-the-hands\\\/\"]}]},{\"@type\":\"ImageObject\",\"inLanguage\":\"en-US\",\"@id\":\"https:\\\/\\\/foliobooks.pl\\\/en\\\/shop\\\/dolcegabbana-from-the-heart-to-the-hands\\\/#primaryimage\",\"url\":\"https:\\\/\\\/foliobooks.pl\\\/wp-content\\\/uploads\\\/2024\\\/04\\\/9780847839773.png\",\"contentUrl\":\"https:\\\/\\\/foliobooks.pl\\\/wp-content\\\/uploads\\\/2024\\\/04\\\/9780847839773.png\",\"width\":570,\"height\":708},{\"@type\":\"BreadcrumbList\",\"@id\":\"https:\\\/\\\/foliobooks.pl\\\/en\\\/shop\\\/dolcegabbana-from-the-heart-to-the-hands\\\/#breadcrumb\",\"itemListElement\":[{\"@type\":\"ListItem\",\"position\":1,\"name\":\"Strona g\u0142\u00f3wna\",\"item\":\"https:\\\/\\\/foliobooks.pl\\\/en\\\/\"},{\"@type\":\"ListItem\",\"position\":2,\"name\":\"Shop\",\"item\":\"https:\\\/\\\/foliobooks.pl\\\/en\\\/shop\\\/\"},{\"@type\":\"ListItem\",\"position\":3,\"name\":\"Dolce&#038;Gabbana. From the Heart to the Hands\"}]},{\"@type\":\"WebSite\",\"@id\":\"https:\\\/\\\/foliobooks.pl\\\/en\\\/#website\",\"url\":\"https:\\\/\\\/foliobooks.pl\\\/en\\\/\",\"name\":\"Folio\",\"description\":\"Ksi\u0119garnia internetowa\",\"potentialAction\":[{\"@type\":\"SearchAction\",\"target\":{\"@type\":\"EntryPoint\",\"urlTemplate\":\"https:\\\/\\\/foliobooks.pl\\\/en\\\/?s={search_term_string}\"},\"query-input\":{\"@type\":\"PropertyValueSpecification\",\"valueRequired\":true,\"valueName\":\"search_term_string\"}}],\"inLanguage\":\"en-US\"}]}<\/script>\n<!-- \/ Yoast SEO plugin. -->","yoast_head_json":{"title":"Dolce&Gabbana. From the Heart to the Hands (Florence M\u00fcller) - book \/ album - Folio","description":"Wejd\u017a i kup ksi\u0105\u017ck\u0119 Dolce&Gabbana. From the Heart to the Hands autorstwa Florence M\u00fcller wydan\u0105 przez Rizzoli (2024-09-10) w formacie (ISBN: 9780847839773). Zapraszamy!","robots":{"index":"index","follow":"follow","max-snippet":"max-snippet:-1","max-image-preview":"max-image-preview:large","max-video-preview":"max-video-preview:-1"},"canonical":"https:\/\/foliobooks.pl\/en\/shop\/dolcegabbana-from-the-heart-to-the-hands\/","og_locale":"en_US","og_type":"article","og_title":"Dolce&Gabbana. From the Heart to the Hands (Florence M\u00fcller) - book \/ album - Folio","og_description":"Wejd\u017a i kup ksi\u0105\u017ck\u0119 Dolce&Gabbana. From the Heart to the Hands autorstwa Florence M\u00fcller wydan\u0105 przez Rizzoli (2024-09-10) w formacie (ISBN: 9780847839773). Zapraszamy!","og_url":"https:\/\/foliobooks.pl\/en\/shop\/dolcegabbana-from-the-heart-to-the-hands\/","og_site_name":"Folio","article_modified_time":"2025-07-17T12:38:35+00:00","og_image":[{"width":570,"height":708,"url":"https:\/\/foliobooks.pl\/wp-content\/uploads\/2024\/04\/9780847839773.png","type":"image\/png"}],"twitter_card":"summary_large_image","twitter_misc":{"Est. reading time":"2 minutes"},"schema":{"@context":"https:\/\/schema.org","@graph":[{"@type":"WebPage","@id":"https:\/\/foliobooks.pl\/en\/shop\/dolcegabbana-from-the-heart-to-the-hands\/","url":"https:\/\/foliobooks.pl\/en\/shop\/dolcegabbana-from-the-heart-to-the-hands\/","name":"Dolce&Gabbana. From the Heart to the Hands (Florence M\u00fcller) - book \/ album - Folio","isPartOf":{"@id":"https:\/\/foliobooks.pl\/en\/#website"},"primaryImageOfPage":{"@id":"https:\/\/foliobooks.pl\/en\/shop\/dolcegabbana-from-the-heart-to-the-hands\/#primaryimage"},"image":{"@id":"https:\/\/foliobooks.pl\/en\/shop\/dolcegabbana-from-the-heart-to-the-hands\/#primaryimage"},"thumbnailUrl":"https:\/\/foliobooks.pl\/wp-content\/uploads\/2024\/04\/9780847839773.png","datePublished":"2024-04-09T06:08:04+00:00","dateModified":"2025-07-17T12:38:35+00:00","description":"Wejd\u017a i kup ksi\u0105\u017ck\u0119 Dolce&Gabbana. From the Heart to the Hands autorstwa Florence M\u00fcller wydan\u0105 przez Rizzoli (2024-09-10) w formacie (ISBN: 9780847839773). Zapraszamy!","breadcrumb":{"@id":"https:\/\/foliobooks.pl\/en\/shop\/dolcegabbana-from-the-heart-to-the-hands\/#breadcrumb"},"inLanguage":"en-US","potentialAction":[{"@type":"ReadAction","target":["https:\/\/foliobooks.pl\/en\/shop\/dolcegabbana-from-the-heart-to-the-hands\/"]}]},{"@type":"ImageObject","inLanguage":"en-US","@id":"https:\/\/foliobooks.pl\/en\/shop\/dolcegabbana-from-the-heart-to-the-hands\/#primaryimage","url":"https:\/\/foliobooks.pl\/wp-content\/uploads\/2024\/04\/9780847839773.png","contentUrl":"https:\/\/foliobooks.pl\/wp-content\/uploads\/2024\/04\/9780847839773.png","width":570,"height":708},{"@type":"BreadcrumbList","@id":"https:\/\/foliobooks.pl\/en\/shop\/dolcegabbana-from-the-heart-to-the-hands\/#breadcrumb","itemListElement":[{"@type":"ListItem","position":1,"name":"Strona g\u0142\u00f3wna","item":"https:\/\/foliobooks.pl\/en\/"},{"@type":"ListItem","position":2,"name":"Shop","item":"https:\/\/foliobooks.pl\/en\/shop\/"},{"@type":"ListItem","position":3,"name":"Dolce&#038;Gabbana. From the Heart to the Hands"}]},{"@type":"WebSite","@id":"https:\/\/foliobooks.pl\/en\/#website","url":"https:\/\/foliobooks.pl\/en\/","name":"Folio","description":"Ksi\u0119garnia internetowa","potentialAction":[{"@type":"SearchAction","target":{"@type":"EntryPoint","urlTemplate":"https:\/\/foliobooks.pl\/en\/?s={search_term_string}"},"query-input":{"@type":"PropertyValueSpecification","valueRequired":true,"valueName":"search_term_string"}}],"inLanguage":"en-US"}]}},"_links":{"self":[{"href":"https:\/\/foliobooks.pl\/en\/wp-json\/wp\/v2\/product\/101519","targetHints":{"allow":["GET"]}}],"collection":[{"href":"https:\/\/foliobooks.pl\/en\/wp-json\/wp\/v2\/product"}],"about":[{"href":"https:\/\/foliobooks.pl\/en\/wp-json\/wp\/v2\/types\/product"}],"replies":[{"embeddable":true,"href":"https:\/\/foliobooks.pl\/en\/wp-json\/wp\/v2\/comments?post=101519"}],"wp:featuredmedia":[{"embeddable":true,"href":"https:\/\/foliobooks.pl\/en\/wp-json\/wp\/v2\/media\/101518"}],"wp:attachment":[{"href":"https:\/\/foliobooks.pl\/en\/wp-json\/wp\/v2\/media?parent=101519"}],"wp:term":[{"taxonomy":"product_brand","embeddable":true,"href":"https:\/\/foliobooks.pl\/en\/wp-json\/wp\/v2\/product_brand?post=101519"},{"taxonomy":"product_cat","embeddable":true,"href":"https:\/\/foliobooks.pl\/en\/wp-json\/wp\/v2\/product_cat?post=101519"},{"taxonomy":"product_tag","embeddable":true,"href":"https:\/\/foliobooks.pl\/en\/wp-json\/wp\/v2\/product_tag?post=101519"}],"curies":[{"name":"wp","href":"https:\/\/api.w.org\/{rel}","templated":true}]}}