{"id":101463,"date":"2024-03-22T20:28:41","date_gmt":"2024-03-22T19:28:41","guid":{"rendered":"https:\/\/foliobooks.pl\/sklep\/st-catherines-monastery-behind-sacred-doors\/"},"modified":"2026-02-18T16:40:22","modified_gmt":"2026-02-18T15:40:22","slug":"st-catherines-monastery-behind-sacred-doors","status":"publish","type":"product","link":"https:\/\/foliobooks.pl\/en\/shop\/st-catherines-monastery-behind-sacred-doors\/","title":{"rendered":"St. Catherine\u2019s Monastery: Behind Sacred Doors"},"content":{"rendered":"<p>Stepping through the ancient Justinian door of St. Catherine&#8217;s Monastery at the base of Mount Sinai in Egypt is an unforgettable experience. This living UNESCO World Heritage site has stood for nearly fifteen centuries, embracing Judaism, Islam, and Christianity. Originally built by Emperor Justinian in 545 CE, it safeguards the very spot where God appeared to Moses in the Burning Bush. Greek photographer Lizy Manola offers an exclusive glimpse into the monastery, capturing its inhabitants, daily life, and priceless relics. This unique volume, narrated by Archbishop Damianos, takes readers on a remarkable journey through the Sinai Peninsula, where history, culture, and spirituality converge.<\/p>\n","protected":false},"excerpt":{"rendered":"<p>Stepping through the ancient Justinian door of St. Catherine&#8217;s Monastery at the base of Mount Sinai in Egypt is an unforgettable experience. This living UNESCO World Heritage site has stood for nearly fifteen centuries, embracing Judaism, Islam, and Christianity. Originally built by Emperor Justinian in 545 CE, it safeguards the very spot where God appeared&#8230;<\/p>\n","protected":false},"featured_media":101446,"comment_status":"closed","ping_status":"closed","template":"","meta":[],"product_brand":[],"product_cat":[13533,4517],"product_tag":[516,19525],"class_list":{"0":"post-101463","1":"product","2":"type-product","3":"status-publish","4":"has-post-thumbnail","6":"product_cat-books","7":"product_cat-photography-en","8":"product_tag-places-en","9":"product_tag-wiar-en","10":"pa_author_att-lizy-manola-en","11":"pa_cover-hardcover","12":"pa_format-30-x-38-cm-en","13":"pa_isbn-9781649802958-en","14":"pa_language-eng","15":"pa_pages-296-en","16":"pa_published-2023-12-05-en","17":"pa_publisher-assouline-en","19":"first","20":"instock","21":"sale","22":"sold-individually","23":"shipping-taxable","24":"purchasable","25":"product-type-simple"},"yoast_head":"<!-- This site is optimized with the Yoast SEO plugin v27.4 - https:\/\/yoast.com\/product\/yoast-seo-wordpress\/ -->\n<title>St. Catherine\u2019s Monastery: Behind Sacred Doors (Lizy Manola) - book \/ album - Folio<\/title>\n<meta name=\"description\" content=\"Wejd\u017a i kup ksi\u0105\u017ck\u0119 St. Catherine\u2019s Monastery: Behind Sacred Doors autorstwa Lizy Manola wydan\u0105 przez Assouline (2023-12-05) w formacie 30 x 38 cm (ISBN: 9781649802958). Zapraszamy!\" \/>\n<meta name=\"robots\" content=\"index, follow, max-snippet:-1, max-image-preview:large, max-video-preview:-1\" \/>\n<link rel=\"canonical\" href=\"https:\/\/foliobooks.pl\/en\/shop\/st-catherines-monastery-behind-sacred-doors\/\" \/>\n<meta property=\"og:locale\" content=\"en_US\" \/>\n<meta property=\"og:type\" content=\"article\" \/>\n<meta property=\"og:title\" content=\"St. Catherine\u2019s Monastery: Behind Sacred Doors (Lizy Manola) - book \/ album - Folio\" \/>\n<meta property=\"og:description\" content=\"Wejd\u017a i kup ksi\u0105\u017ck\u0119 St. Catherine\u2019s Monastery: Behind Sacred Doors autorstwa Lizy Manola wydan\u0105 przez Assouline (2023-12-05) w formacie 30 x 38 cm (ISBN: 9781649802958). Zapraszamy!\" \/>\n<meta property=\"og:url\" content=\"https:\/\/foliobooks.pl\/en\/shop\/st-catherines-monastery-behind-sacred-doors\/\" \/>\n<meta property=\"og:site_name\" content=\"Folio\" \/>\n<meta property=\"article:modified_time\" content=\"2026-02-18T15:40:22+00:00\" \/>\n<meta property=\"og:image\" content=\"https:\/\/foliobooks.pl\/wp-content\/uploads\/2024\/03\/9781649802958.png\" \/>\n\t<meta property=\"og:image:width\" content=\"570\" \/>\n\t<meta property=\"og:image:height\" content=\"708\" \/>\n\t<meta property=\"og:image:type\" content=\"image\/png\" \/>\n<meta name=\"twitter:card\" content=\"summary_large_image\" \/>\n<meta name=\"twitter:label1\" content=\"Est. reading time\" \/>\n\t<meta name=\"twitter:data1\" content=\"1 minute\" \/>\n<script type=\"application\/ld+json\" class=\"yoast-schema-graph\">{\"@context\":\"https:\\\/\\\/schema.org\",\"@graph\":[{\"@type\":\"WebPage\",\"@id\":\"https:\\\/\\\/foliobooks.pl\\\/en\\\/shop\\\/st-catherines-monastery-behind-sacred-doors\\\/\",\"url\":\"https:\\\/\\\/foliobooks.pl\\\/en\\\/shop\\\/st-catherines-monastery-behind-sacred-doors\\\/\",\"name\":\"St. Catherine\u2019s Monastery: Behind Sacred Doors (Lizy Manola) - book \\\/ album - Folio\",\"isPartOf\":{\"@id\":\"https:\\\/\\\/foliobooks.pl\\\/en\\\/#website\"},\"primaryImageOfPage\":{\"@id\":\"https:\\\/\\\/foliobooks.pl\\\/en\\\/shop\\\/st-catherines-monastery-behind-sacred-doors\\\/#primaryimage\"},\"image\":{\"@id\":\"https:\\\/\\\/foliobooks.pl\\\/en\\\/shop\\\/st-catherines-monastery-behind-sacred-doors\\\/#primaryimage\"},\"thumbnailUrl\":\"https:\\\/\\\/foliobooks.pl\\\/wp-content\\\/uploads\\\/2024\\\/03\\\/9781649802958.png\",\"datePublished\":\"2024-03-22T19:28:41+00:00\",\"dateModified\":\"2026-02-18T15:40:22+00:00\",\"description\":\"Wejd\u017a i kup ksi\u0105\u017ck\u0119 St. Catherine\u2019s Monastery: Behind Sacred Doors autorstwa Lizy Manola wydan\u0105 przez Assouline (2023-12-05) w formacie 30 x 38 cm (ISBN: 9781649802958). Zapraszamy!\",\"breadcrumb\":{\"@id\":\"https:\\\/\\\/foliobooks.pl\\\/en\\\/shop\\\/st-catherines-monastery-behind-sacred-doors\\\/#breadcrumb\"},\"inLanguage\":\"en-US\",\"potentialAction\":[{\"@type\":\"ReadAction\",\"target\":[\"https:\\\/\\\/foliobooks.pl\\\/en\\\/shop\\\/st-catherines-monastery-behind-sacred-doors\\\/\"]}]},{\"@type\":\"ImageObject\",\"inLanguage\":\"en-US\",\"@id\":\"https:\\\/\\\/foliobooks.pl\\\/en\\\/shop\\\/st-catherines-monastery-behind-sacred-doors\\\/#primaryimage\",\"url\":\"https:\\\/\\\/foliobooks.pl\\\/wp-content\\\/uploads\\\/2024\\\/03\\\/9781649802958.png\",\"contentUrl\":\"https:\\\/\\\/foliobooks.pl\\\/wp-content\\\/uploads\\\/2024\\\/03\\\/9781649802958.png\",\"width\":570,\"height\":708},{\"@type\":\"BreadcrumbList\",\"@id\":\"https:\\\/\\\/foliobooks.pl\\\/en\\\/shop\\\/st-catherines-monastery-behind-sacred-doors\\\/#breadcrumb\",\"itemListElement\":[{\"@type\":\"ListItem\",\"position\":1,\"name\":\"Strona g\u0142\u00f3wna\",\"item\":\"https:\\\/\\\/foliobooks.pl\\\/en\\\/\"},{\"@type\":\"ListItem\",\"position\":2,\"name\":\"Shop\",\"item\":\"https:\\\/\\\/foliobooks.pl\\\/en\\\/shop\\\/\"},{\"@type\":\"ListItem\",\"position\":3,\"name\":\"St. Catherine\u2019s Monastery: Behind Sacred Doors\"}]},{\"@type\":\"WebSite\",\"@id\":\"https:\\\/\\\/foliobooks.pl\\\/en\\\/#website\",\"url\":\"https:\\\/\\\/foliobooks.pl\\\/en\\\/\",\"name\":\"Folio\",\"description\":\"Ksi\u0119garnia internetowa\",\"potentialAction\":[{\"@type\":\"SearchAction\",\"target\":{\"@type\":\"EntryPoint\",\"urlTemplate\":\"https:\\\/\\\/foliobooks.pl\\\/en\\\/?s={search_term_string}\"},\"query-input\":{\"@type\":\"PropertyValueSpecification\",\"valueRequired\":true,\"valueName\":\"search_term_string\"}}],\"inLanguage\":\"en-US\"}]}<\/script>\n<!-- \/ Yoast SEO plugin. -->","yoast_head_json":{"title":"St. Catherine\u2019s Monastery: Behind Sacred Doors (Lizy Manola) - book \/ album - Folio","description":"Wejd\u017a i kup ksi\u0105\u017ck\u0119 St. Catherine\u2019s Monastery: Behind Sacred Doors autorstwa Lizy Manola wydan\u0105 przez Assouline (2023-12-05) w formacie 30 x 38 cm (ISBN: 9781649802958). Zapraszamy!","robots":{"index":"index","follow":"follow","max-snippet":"max-snippet:-1","max-image-preview":"max-image-preview:large","max-video-preview":"max-video-preview:-1"},"canonical":"https:\/\/foliobooks.pl\/en\/shop\/st-catherines-monastery-behind-sacred-doors\/","og_locale":"en_US","og_type":"article","og_title":"St. Catherine\u2019s Monastery: Behind Sacred Doors (Lizy Manola) - book \/ album - Folio","og_description":"Wejd\u017a i kup ksi\u0105\u017ck\u0119 St. Catherine\u2019s Monastery: Behind Sacred Doors autorstwa Lizy Manola wydan\u0105 przez Assouline (2023-12-05) w formacie 30 x 38 cm (ISBN: 9781649802958). Zapraszamy!","og_url":"https:\/\/foliobooks.pl\/en\/shop\/st-catherines-monastery-behind-sacred-doors\/","og_site_name":"Folio","article_modified_time":"2026-02-18T15:40:22+00:00","og_image":[{"width":570,"height":708,"url":"https:\/\/foliobooks.pl\/wp-content\/uploads\/2024\/03\/9781649802958.png","type":"image\/png"}],"twitter_card":"summary_large_image","twitter_misc":{"Est. reading time":"1 minute"},"schema":{"@context":"https:\/\/schema.org","@graph":[{"@type":"WebPage","@id":"https:\/\/foliobooks.pl\/en\/shop\/st-catherines-monastery-behind-sacred-doors\/","url":"https:\/\/foliobooks.pl\/en\/shop\/st-catherines-monastery-behind-sacred-doors\/","name":"St. Catherine\u2019s Monastery: Behind Sacred Doors (Lizy Manola) - book \/ album - Folio","isPartOf":{"@id":"https:\/\/foliobooks.pl\/en\/#website"},"primaryImageOfPage":{"@id":"https:\/\/foliobooks.pl\/en\/shop\/st-catherines-monastery-behind-sacred-doors\/#primaryimage"},"image":{"@id":"https:\/\/foliobooks.pl\/en\/shop\/st-catherines-monastery-behind-sacred-doors\/#primaryimage"},"thumbnailUrl":"https:\/\/foliobooks.pl\/wp-content\/uploads\/2024\/03\/9781649802958.png","datePublished":"2024-03-22T19:28:41+00:00","dateModified":"2026-02-18T15:40:22+00:00","description":"Wejd\u017a i kup ksi\u0105\u017ck\u0119 St. Catherine\u2019s Monastery: Behind Sacred Doors autorstwa Lizy Manola wydan\u0105 przez Assouline (2023-12-05) w formacie 30 x 38 cm (ISBN: 9781649802958). Zapraszamy!","breadcrumb":{"@id":"https:\/\/foliobooks.pl\/en\/shop\/st-catherines-monastery-behind-sacred-doors\/#breadcrumb"},"inLanguage":"en-US","potentialAction":[{"@type":"ReadAction","target":["https:\/\/foliobooks.pl\/en\/shop\/st-catherines-monastery-behind-sacred-doors\/"]}]},{"@type":"ImageObject","inLanguage":"en-US","@id":"https:\/\/foliobooks.pl\/en\/shop\/st-catherines-monastery-behind-sacred-doors\/#primaryimage","url":"https:\/\/foliobooks.pl\/wp-content\/uploads\/2024\/03\/9781649802958.png","contentUrl":"https:\/\/foliobooks.pl\/wp-content\/uploads\/2024\/03\/9781649802958.png","width":570,"height":708},{"@type":"BreadcrumbList","@id":"https:\/\/foliobooks.pl\/en\/shop\/st-catherines-monastery-behind-sacred-doors\/#breadcrumb","itemListElement":[{"@type":"ListItem","position":1,"name":"Strona g\u0142\u00f3wna","item":"https:\/\/foliobooks.pl\/en\/"},{"@type":"ListItem","position":2,"name":"Shop","item":"https:\/\/foliobooks.pl\/en\/shop\/"},{"@type":"ListItem","position":3,"name":"St. Catherine\u2019s Monastery: Behind Sacred Doors"}]},{"@type":"WebSite","@id":"https:\/\/foliobooks.pl\/en\/#website","url":"https:\/\/foliobooks.pl\/en\/","name":"Folio","description":"Ksi\u0119garnia internetowa","potentialAction":[{"@type":"SearchAction","target":{"@type":"EntryPoint","urlTemplate":"https:\/\/foliobooks.pl\/en\/?s={search_term_string}"},"query-input":{"@type":"PropertyValueSpecification","valueRequired":true,"valueName":"search_term_string"}}],"inLanguage":"en-US"}]}},"_links":{"self":[{"href":"https:\/\/foliobooks.pl\/en\/wp-json\/wp\/v2\/product\/101463","targetHints":{"allow":["GET"]}}],"collection":[{"href":"https:\/\/foliobooks.pl\/en\/wp-json\/wp\/v2\/product"}],"about":[{"href":"https:\/\/foliobooks.pl\/en\/wp-json\/wp\/v2\/types\/product"}],"replies":[{"embeddable":true,"href":"https:\/\/foliobooks.pl\/en\/wp-json\/wp\/v2\/comments?post=101463"}],"wp:featuredmedia":[{"embeddable":true,"href":"https:\/\/foliobooks.pl\/en\/wp-json\/wp\/v2\/media\/101446"}],"wp:attachment":[{"href":"https:\/\/foliobooks.pl\/en\/wp-json\/wp\/v2\/media?parent=101463"}],"wp:term":[{"taxonomy":"product_brand","embeddable":true,"href":"https:\/\/foliobooks.pl\/en\/wp-json\/wp\/v2\/product_brand?post=101463"},{"taxonomy":"product_cat","embeddable":true,"href":"https:\/\/foliobooks.pl\/en\/wp-json\/wp\/v2\/product_cat?post=101463"},{"taxonomy":"product_tag","embeddable":true,"href":"https:\/\/foliobooks.pl\/en\/wp-json\/wp\/v2\/product_tag?post=101463"}],"curies":[{"name":"wp","href":"https:\/\/api.w.org\/{rel}","templated":true}]}}