{"id":101443,"date":"2024-03-22T20:22:48","date_gmt":"2024-03-22T19:22:48","guid":{"rendered":"https:\/\/foliobooks.pl\/sklep\/the-spirit-of-cognac\/"},"modified":"2026-04-20T16:14:02","modified_gmt":"2026-04-20T14:14:02","slug":"the-spirit-of-cognac","status":"publish","type":"product","link":"https:\/\/foliobooks.pl\/en\/shop\/the-spirit-of-cognac\/","title":{"rendered":"The Spirit of Cognac"},"content":{"rendered":"<p>In 1724, the young French winemaker R\u00e9my Martin first began to sell cognac under his own name. Three hundred years later, R\u00e9my Martin has become the foremost brand of cognac, and its prestigious products are famous the world over, from their Fine Champagne R\u00e9my Martin XO to the emblematic Louis XIII.<\/p>\n<p>To celebrate the brand\u2019s tercentenary, this book invites readers to step inside the historic wineries, to explore the vineyards of the Cognac region, and to dive into the fascinating story of R\u00e9my Martin.<\/p>\n<p>Previously unpublished archival documents are combined with a contemporary perspective provided through newly commissioned images by Magnum photographer Harry Gruyaert. The beautifully produced volume, which includes five color printing throughout, is completed by a cognac pairing guide and cocktail recipes. This work offers an exceptional occasion to discover the history, savoir faire, and traditions of one of the greatest spirit brands in the world.<\/p>\n","protected":false},"excerpt":{"rendered":"<p>In 1724, the young French winemaker R\u00e9my Martin first began to sell cognac under his own name. Three hundred years later, R\u00e9my Martin has become the foremost brand of cognac, and its prestigious products are famous the world over, from their Fine Champagne R\u00e9my Martin XO to the emblematic Louis XIII. To celebrate the brand\u2019s&#8230;<\/p>\n","protected":false},"featured_media":101426,"comment_status":"closed","ping_status":"closed","template":"","meta":[],"product_brand":[],"product_cat":[13533,4518],"product_tag":[7273],"class_list":{"0":"post-101443","1":"product","2":"type-product","3":"status-publish","4":"has-post-thumbnail","6":"product_cat-books","7":"product_cat-cookery-en","8":"product_tag-alcohol-en","9":"pa_author_att-thomas-laurenceau-en","10":"pa_cover-hardcover","11":"pa_format-229-x-306-cm-en","12":"pa_isbn-9782080297099-en","13":"pa_language-eng","14":"pa_pages-208-en-3","15":"pa_published-2023-10-10-en","16":"pa_publisher-flammarion-en","18":"first","19":"instock","20":"sale","21":"sold-individually","22":"shipping-taxable","23":"purchasable","24":"product-type-simple"},"yoast_head":"<!-- This site is optimized with the Yoast SEO plugin v27.4 - https:\/\/yoast.com\/product\/yoast-seo-wordpress\/ -->\n<title>The Spirit of Cognac (Thomas Laurenceau) - book \/ album - Folio<\/title>\n<meta name=\"description\" content=\"Wejd\u017a i kup ksi\u0105\u017ck\u0119 The Spirit of Cognac autorstwa Thomas Laurenceau wydan\u0105 przez Flammarion (2023-10-10) w formacie 22,9 x 30,6 cm (ISBN: 9782080297099). Zapraszamy!\" \/>\n<meta name=\"robots\" content=\"index, follow, max-snippet:-1, max-image-preview:large, max-video-preview:-1\" \/>\n<link rel=\"canonical\" href=\"https:\/\/foliobooks.pl\/en\/shop\/the-spirit-of-cognac\/\" \/>\n<meta property=\"og:locale\" content=\"en_US\" \/>\n<meta property=\"og:type\" content=\"article\" \/>\n<meta property=\"og:title\" content=\"The Spirit of Cognac (Thomas Laurenceau) - book \/ album - Folio\" \/>\n<meta property=\"og:description\" content=\"Wejd\u017a i kup ksi\u0105\u017ck\u0119 The Spirit of Cognac autorstwa Thomas Laurenceau wydan\u0105 przez Flammarion (2023-10-10) w formacie 22,9 x 30,6 cm (ISBN: 9782080297099). Zapraszamy!\" \/>\n<meta property=\"og:url\" content=\"https:\/\/foliobooks.pl\/en\/shop\/the-spirit-of-cognac\/\" \/>\n<meta property=\"og:site_name\" content=\"Folio\" \/>\n<meta property=\"article:modified_time\" content=\"2026-04-20T14:14:02+00:00\" \/>\n<meta property=\"og:image\" content=\"https:\/\/foliobooks.pl\/wp-content\/uploads\/2024\/03\/9782080297099.png\" \/>\n\t<meta property=\"og:image:width\" content=\"570\" \/>\n\t<meta property=\"og:image:height\" content=\"708\" \/>\n\t<meta property=\"og:image:type\" content=\"image\/png\" \/>\n<meta name=\"twitter:card\" content=\"summary_large_image\" \/>\n<meta name=\"twitter:label1\" content=\"Est. reading time\" \/>\n\t<meta name=\"twitter:data1\" content=\"2 minutes\" \/>\n<script type=\"application\/ld+json\" class=\"yoast-schema-graph\">{\"@context\":\"https:\\\/\\\/schema.org\",\"@graph\":[{\"@type\":\"WebPage\",\"@id\":\"https:\\\/\\\/foliobooks.pl\\\/en\\\/shop\\\/the-spirit-of-cognac\\\/\",\"url\":\"https:\\\/\\\/foliobooks.pl\\\/en\\\/shop\\\/the-spirit-of-cognac\\\/\",\"name\":\"The Spirit of Cognac (Thomas Laurenceau) - book \\\/ album - Folio\",\"isPartOf\":{\"@id\":\"https:\\\/\\\/foliobooks.pl\\\/en\\\/#website\"},\"primaryImageOfPage\":{\"@id\":\"https:\\\/\\\/foliobooks.pl\\\/en\\\/shop\\\/the-spirit-of-cognac\\\/#primaryimage\"},\"image\":{\"@id\":\"https:\\\/\\\/foliobooks.pl\\\/en\\\/shop\\\/the-spirit-of-cognac\\\/#primaryimage\"},\"thumbnailUrl\":\"https:\\\/\\\/foliobooks.pl\\\/wp-content\\\/uploads\\\/2024\\\/03\\\/9782080297099.png\",\"datePublished\":\"2024-03-22T19:22:48+00:00\",\"dateModified\":\"2026-04-20T14:14:02+00:00\",\"description\":\"Wejd\u017a i kup ksi\u0105\u017ck\u0119 The Spirit of Cognac autorstwa Thomas Laurenceau wydan\u0105 przez Flammarion (2023-10-10) w formacie 22,9 x 30,6 cm (ISBN: 9782080297099). Zapraszamy!\",\"breadcrumb\":{\"@id\":\"https:\\\/\\\/foliobooks.pl\\\/en\\\/shop\\\/the-spirit-of-cognac\\\/#breadcrumb\"},\"inLanguage\":\"en-US\",\"potentialAction\":[{\"@type\":\"ReadAction\",\"target\":[\"https:\\\/\\\/foliobooks.pl\\\/en\\\/shop\\\/the-spirit-of-cognac\\\/\"]}]},{\"@type\":\"ImageObject\",\"inLanguage\":\"en-US\",\"@id\":\"https:\\\/\\\/foliobooks.pl\\\/en\\\/shop\\\/the-spirit-of-cognac\\\/#primaryimage\",\"url\":\"https:\\\/\\\/foliobooks.pl\\\/wp-content\\\/uploads\\\/2024\\\/03\\\/9782080297099.png\",\"contentUrl\":\"https:\\\/\\\/foliobooks.pl\\\/wp-content\\\/uploads\\\/2024\\\/03\\\/9782080297099.png\",\"width\":570,\"height\":708},{\"@type\":\"BreadcrumbList\",\"@id\":\"https:\\\/\\\/foliobooks.pl\\\/en\\\/shop\\\/the-spirit-of-cognac\\\/#breadcrumb\",\"itemListElement\":[{\"@type\":\"ListItem\",\"position\":1,\"name\":\"Strona g\u0142\u00f3wna\",\"item\":\"https:\\\/\\\/foliobooks.pl\\\/en\\\/\"},{\"@type\":\"ListItem\",\"position\":2,\"name\":\"Shop\",\"item\":\"https:\\\/\\\/foliobooks.pl\\\/en\\\/shop\\\/\"},{\"@type\":\"ListItem\",\"position\":3,\"name\":\"The Spirit of Cognac\"}]},{\"@type\":\"WebSite\",\"@id\":\"https:\\\/\\\/foliobooks.pl\\\/en\\\/#website\",\"url\":\"https:\\\/\\\/foliobooks.pl\\\/en\\\/\",\"name\":\"Folio\",\"description\":\"Ksi\u0119garnia internetowa\",\"potentialAction\":[{\"@type\":\"SearchAction\",\"target\":{\"@type\":\"EntryPoint\",\"urlTemplate\":\"https:\\\/\\\/foliobooks.pl\\\/en\\\/?s={search_term_string}\"},\"query-input\":{\"@type\":\"PropertyValueSpecification\",\"valueRequired\":true,\"valueName\":\"search_term_string\"}}],\"inLanguage\":\"en-US\"}]}<\/script>\n<!-- \/ Yoast SEO plugin. -->","yoast_head_json":{"title":"The Spirit of Cognac (Thomas Laurenceau) - book \/ album - Folio","description":"Wejd\u017a i kup ksi\u0105\u017ck\u0119 The Spirit of Cognac autorstwa Thomas Laurenceau wydan\u0105 przez Flammarion (2023-10-10) w formacie 22,9 x 30,6 cm (ISBN: 9782080297099). Zapraszamy!","robots":{"index":"index","follow":"follow","max-snippet":"max-snippet:-1","max-image-preview":"max-image-preview:large","max-video-preview":"max-video-preview:-1"},"canonical":"https:\/\/foliobooks.pl\/en\/shop\/the-spirit-of-cognac\/","og_locale":"en_US","og_type":"article","og_title":"The Spirit of Cognac (Thomas Laurenceau) - book \/ album - Folio","og_description":"Wejd\u017a i kup ksi\u0105\u017ck\u0119 The Spirit of Cognac autorstwa Thomas Laurenceau wydan\u0105 przez Flammarion (2023-10-10) w formacie 22,9 x 30,6 cm (ISBN: 9782080297099). Zapraszamy!","og_url":"https:\/\/foliobooks.pl\/en\/shop\/the-spirit-of-cognac\/","og_site_name":"Folio","article_modified_time":"2026-04-20T14:14:02+00:00","og_image":[{"width":570,"height":708,"url":"https:\/\/foliobooks.pl\/wp-content\/uploads\/2024\/03\/9782080297099.png","type":"image\/png"}],"twitter_card":"summary_large_image","twitter_misc":{"Est. reading time":"2 minutes"},"schema":{"@context":"https:\/\/schema.org","@graph":[{"@type":"WebPage","@id":"https:\/\/foliobooks.pl\/en\/shop\/the-spirit-of-cognac\/","url":"https:\/\/foliobooks.pl\/en\/shop\/the-spirit-of-cognac\/","name":"The Spirit of Cognac (Thomas Laurenceau) - book \/ album - Folio","isPartOf":{"@id":"https:\/\/foliobooks.pl\/en\/#website"},"primaryImageOfPage":{"@id":"https:\/\/foliobooks.pl\/en\/shop\/the-spirit-of-cognac\/#primaryimage"},"image":{"@id":"https:\/\/foliobooks.pl\/en\/shop\/the-spirit-of-cognac\/#primaryimage"},"thumbnailUrl":"https:\/\/foliobooks.pl\/wp-content\/uploads\/2024\/03\/9782080297099.png","datePublished":"2024-03-22T19:22:48+00:00","dateModified":"2026-04-20T14:14:02+00:00","description":"Wejd\u017a i kup ksi\u0105\u017ck\u0119 The Spirit of Cognac autorstwa Thomas Laurenceau wydan\u0105 przez Flammarion (2023-10-10) w formacie 22,9 x 30,6 cm (ISBN: 9782080297099). Zapraszamy!","breadcrumb":{"@id":"https:\/\/foliobooks.pl\/en\/shop\/the-spirit-of-cognac\/#breadcrumb"},"inLanguage":"en-US","potentialAction":[{"@type":"ReadAction","target":["https:\/\/foliobooks.pl\/en\/shop\/the-spirit-of-cognac\/"]}]},{"@type":"ImageObject","inLanguage":"en-US","@id":"https:\/\/foliobooks.pl\/en\/shop\/the-spirit-of-cognac\/#primaryimage","url":"https:\/\/foliobooks.pl\/wp-content\/uploads\/2024\/03\/9782080297099.png","contentUrl":"https:\/\/foliobooks.pl\/wp-content\/uploads\/2024\/03\/9782080297099.png","width":570,"height":708},{"@type":"BreadcrumbList","@id":"https:\/\/foliobooks.pl\/en\/shop\/the-spirit-of-cognac\/#breadcrumb","itemListElement":[{"@type":"ListItem","position":1,"name":"Strona g\u0142\u00f3wna","item":"https:\/\/foliobooks.pl\/en\/"},{"@type":"ListItem","position":2,"name":"Shop","item":"https:\/\/foliobooks.pl\/en\/shop\/"},{"@type":"ListItem","position":3,"name":"The Spirit of Cognac"}]},{"@type":"WebSite","@id":"https:\/\/foliobooks.pl\/en\/#website","url":"https:\/\/foliobooks.pl\/en\/","name":"Folio","description":"Ksi\u0119garnia internetowa","potentialAction":[{"@type":"SearchAction","target":{"@type":"EntryPoint","urlTemplate":"https:\/\/foliobooks.pl\/en\/?s={search_term_string}"},"query-input":{"@type":"PropertyValueSpecification","valueRequired":true,"valueName":"search_term_string"}}],"inLanguage":"en-US"}]}},"_links":{"self":[{"href":"https:\/\/foliobooks.pl\/en\/wp-json\/wp\/v2\/product\/101443","targetHints":{"allow":["GET"]}}],"collection":[{"href":"https:\/\/foliobooks.pl\/en\/wp-json\/wp\/v2\/product"}],"about":[{"href":"https:\/\/foliobooks.pl\/en\/wp-json\/wp\/v2\/types\/product"}],"replies":[{"embeddable":true,"href":"https:\/\/foliobooks.pl\/en\/wp-json\/wp\/v2\/comments?post=101443"}],"wp:featuredmedia":[{"embeddable":true,"href":"https:\/\/foliobooks.pl\/en\/wp-json\/wp\/v2\/media\/101426"}],"wp:attachment":[{"href":"https:\/\/foliobooks.pl\/en\/wp-json\/wp\/v2\/media?parent=101443"}],"wp:term":[{"taxonomy":"product_brand","embeddable":true,"href":"https:\/\/foliobooks.pl\/en\/wp-json\/wp\/v2\/product_brand?post=101443"},{"taxonomy":"product_cat","embeddable":true,"href":"https:\/\/foliobooks.pl\/en\/wp-json\/wp\/v2\/product_cat?post=101443"},{"taxonomy":"product_tag","embeddable":true,"href":"https:\/\/foliobooks.pl\/en\/wp-json\/wp\/v2\/product_tag?post=101443"}],"curies":[{"name":"wp","href":"https:\/\/api.w.org\/{rel}","templated":true}]}}