{"id":101423,"date":"2024-03-22T20:16:25","date_gmt":"2024-03-22T19:16:25","guid":{"rendered":"https:\/\/foliobooks.pl\/sklep\/shoes-a-z-the-collection-of-the-museum-at-fit\/"},"modified":"2024-09-02T13:45:14","modified_gmt":"2024-09-02T11:45:14","slug":"shoes-a-z-the-collection-of-the-museum-at-fit","status":"publish","type":"product","link":"https:\/\/foliobooks.pl\/en\/shop\/shoes-a-z-the-collection-of-the-museum-at-fit\/","title":{"rendered":"Shoes A-Z. The Collection of The Museum at FIT"},"content":{"rendered":"<p>Sky-high, ornate, and the pinnacle of glamour, both restrictive and liberating, art object and deeply ordinary, shoes tell the story of shifting attitudes toward desire, power, and wealth throughout history. Lace up for a journey through the most enviable shoe closet from the permanent collection at The Museum at the Fashion Institute of Technology\u2014 and four centuries of fashion\u2019s hardest working accessory.Featuring designs from the likes of Salvatore Ferragamo, Christian Louboutin, Manolo Blahn\u00edk, and Roger Vivier, Shoes A\u2013Z. The Collection of The Museum at FIT celebrates fashion\u2019s most revolutionary and coveted labels with more than 400 styles selected from the Museum\u2019s pristinely preserved collection. Texts from Daphne Guinness, Valerie Steele, Colleen Hill, and The Museum\u2019s expert team of curators explore the unique legacy of each of the featured designers and the lasting cultural impact of the shoe. Also featured are custom illustrations by Robert Nippoldt. Exclusive access to original sketches, advertisements, and photographs from the designers\u2019 private archives further illuminate the genius behind the functional, sculptural delights we cannot live without. Also available as Collector\u2019s Edition of 1,000 numbered copies, including three prints by Manolo Blahn\u00edk created exclusively for this edition with a hallmark stamp. The 6\/8 color drawings are printed on 100% cotton paper, by famed Italian company Fabriano, and are housed in a luxury portfolio with gold foil embossing and with a ribbon closure.<\/p>\n","protected":false},"excerpt":{"rendered":"<p>Sky-high, ornate, and the pinnacle of glamour, both restrictive and liberating, art object and deeply ordinary, shoes tell the story of shifting attitudes toward desire, power, and wealth throughout history. Lace up for a journey through the most enviable shoe closet from the permanent collection at The Museum at the Fashion Institute of Technology\u2014 and&#8230;<\/p>\n","protected":false},"featured_media":101406,"comment_status":"closed","ping_status":"closed","template":"","meta":[],"product_brand":[],"product_cat":[13533,4519],"product_tag":[6125],"class_list":{"0":"post-101423","1":"product","2":"type-product","3":"status-publish","4":"has-post-thumbnail","6":"product_cat-books","7":"product_cat-fashion-en-en","8":"product_tag-fashion","9":"pa_author_att-colleen-hill-en","10":"pa_cover-hardcover","11":"pa_format-26-x-33-cm-en","12":"pa_isbn-9783836596244-en","13":"pa_language-eng-f-ger","14":"pa_published-2023-09-06-en","15":"pa_publisher-taschen-en-en","17":"first","18":"instock","19":"sold-individually","20":"shipping-taxable","21":"purchasable","22":"product-type-simple"},"yoast_head":"<!-- This site is optimized with the Yoast SEO plugin v27.4 - https:\/\/yoast.com\/product\/yoast-seo-wordpress\/ -->\n<title>Shoes A-Z. The Collection of The Museum at FIT (Colleen Hill) - book \/ album - Folio<\/title>\n<meta name=\"description\" content=\"Wejd\u017a i kup ksi\u0105\u017ck\u0119 Shoes A-Z. The Collection of The Museum at FIT autorstwa Colleen Hill wydan\u0105 przez TASCHEN (2023-09-06) w formacie 26 x 33 cm (ISBN: 9783836596244). Zapraszamy!\" \/>\n<meta name=\"robots\" content=\"index, follow, max-snippet:-1, max-image-preview:large, max-video-preview:-1\" \/>\n<link rel=\"canonical\" href=\"https:\/\/foliobooks.pl\/en\/shop\/shoes-a-z-the-collection-of-the-museum-at-fit\/\" \/>\n<meta property=\"og:locale\" content=\"en_US\" \/>\n<meta property=\"og:type\" content=\"article\" \/>\n<meta property=\"og:title\" content=\"Shoes A-Z. The Collection of The Museum at FIT (Colleen Hill) - book \/ album - Folio\" \/>\n<meta property=\"og:description\" content=\"Wejd\u017a i kup ksi\u0105\u017ck\u0119 Shoes A-Z. The Collection of The Museum at FIT autorstwa Colleen Hill wydan\u0105 przez TASCHEN (2023-09-06) w formacie 26 x 33 cm (ISBN: 9783836596244). Zapraszamy!\" \/>\n<meta property=\"og:url\" content=\"https:\/\/foliobooks.pl\/en\/shop\/shoes-a-z-the-collection-of-the-museum-at-fit\/\" \/>\n<meta property=\"og:site_name\" content=\"Folio\" \/>\n<meta property=\"article:modified_time\" content=\"2024-09-02T11:45:14+00:00\" \/>\n<meta property=\"og:image\" content=\"https:\/\/foliobooks.pl\/wp-content\/uploads\/2024\/03\/9783836596244.png\" \/>\n\t<meta property=\"og:image:width\" content=\"570\" \/>\n\t<meta property=\"og:image:height\" content=\"708\" \/>\n\t<meta property=\"og:image:type\" content=\"image\/png\" \/>\n<meta name=\"twitter:card\" content=\"summary_large_image\" \/>\n<meta name=\"twitter:label1\" content=\"Est. reading time\" \/>\n\t<meta name=\"twitter:data1\" content=\"2 minutes\" \/>\n<script type=\"application\/ld+json\" class=\"yoast-schema-graph\">{\"@context\":\"https:\\\/\\\/schema.org\",\"@graph\":[{\"@type\":\"WebPage\",\"@id\":\"https:\\\/\\\/foliobooks.pl\\\/en\\\/shop\\\/shoes-a-z-the-collection-of-the-museum-at-fit\\\/\",\"url\":\"https:\\\/\\\/foliobooks.pl\\\/en\\\/shop\\\/shoes-a-z-the-collection-of-the-museum-at-fit\\\/\",\"name\":\"Shoes A-Z. The Collection of The Museum at FIT (Colleen Hill) - book \\\/ album - Folio\",\"isPartOf\":{\"@id\":\"https:\\\/\\\/foliobooks.pl\\\/en\\\/#website\"},\"primaryImageOfPage\":{\"@id\":\"https:\\\/\\\/foliobooks.pl\\\/en\\\/shop\\\/shoes-a-z-the-collection-of-the-museum-at-fit\\\/#primaryimage\"},\"image\":{\"@id\":\"https:\\\/\\\/foliobooks.pl\\\/en\\\/shop\\\/shoes-a-z-the-collection-of-the-museum-at-fit\\\/#primaryimage\"},\"thumbnailUrl\":\"https:\\\/\\\/foliobooks.pl\\\/wp-content\\\/uploads\\\/2024\\\/03\\\/9783836596244.png\",\"datePublished\":\"2024-03-22T19:16:25+00:00\",\"dateModified\":\"2024-09-02T11:45:14+00:00\",\"description\":\"Wejd\u017a i kup ksi\u0105\u017ck\u0119 Shoes A-Z. The Collection of The Museum at FIT autorstwa Colleen Hill wydan\u0105 przez TASCHEN (2023-09-06) w formacie 26 x 33 cm (ISBN: 9783836596244). Zapraszamy!\",\"breadcrumb\":{\"@id\":\"https:\\\/\\\/foliobooks.pl\\\/en\\\/shop\\\/shoes-a-z-the-collection-of-the-museum-at-fit\\\/#breadcrumb\"},\"inLanguage\":\"en-US\",\"potentialAction\":[{\"@type\":\"ReadAction\",\"target\":[\"https:\\\/\\\/foliobooks.pl\\\/en\\\/shop\\\/shoes-a-z-the-collection-of-the-museum-at-fit\\\/\"]}]},{\"@type\":\"ImageObject\",\"inLanguage\":\"en-US\",\"@id\":\"https:\\\/\\\/foliobooks.pl\\\/en\\\/shop\\\/shoes-a-z-the-collection-of-the-museum-at-fit\\\/#primaryimage\",\"url\":\"https:\\\/\\\/foliobooks.pl\\\/wp-content\\\/uploads\\\/2024\\\/03\\\/9783836596244.png\",\"contentUrl\":\"https:\\\/\\\/foliobooks.pl\\\/wp-content\\\/uploads\\\/2024\\\/03\\\/9783836596244.png\",\"width\":570,\"height\":708},{\"@type\":\"BreadcrumbList\",\"@id\":\"https:\\\/\\\/foliobooks.pl\\\/en\\\/shop\\\/shoes-a-z-the-collection-of-the-museum-at-fit\\\/#breadcrumb\",\"itemListElement\":[{\"@type\":\"ListItem\",\"position\":1,\"name\":\"Strona g\u0142\u00f3wna\",\"item\":\"https:\\\/\\\/foliobooks.pl\\\/en\\\/\"},{\"@type\":\"ListItem\",\"position\":2,\"name\":\"Shop\",\"item\":\"https:\\\/\\\/foliobooks.pl\\\/en\\\/shop\\\/\"},{\"@type\":\"ListItem\",\"position\":3,\"name\":\"Shoes A-Z. The Collection of The Museum at FIT\"}]},{\"@type\":\"WebSite\",\"@id\":\"https:\\\/\\\/foliobooks.pl\\\/en\\\/#website\",\"url\":\"https:\\\/\\\/foliobooks.pl\\\/en\\\/\",\"name\":\"Folio\",\"description\":\"Ksi\u0119garnia internetowa\",\"potentialAction\":[{\"@type\":\"SearchAction\",\"target\":{\"@type\":\"EntryPoint\",\"urlTemplate\":\"https:\\\/\\\/foliobooks.pl\\\/en\\\/?s={search_term_string}\"},\"query-input\":{\"@type\":\"PropertyValueSpecification\",\"valueRequired\":true,\"valueName\":\"search_term_string\"}}],\"inLanguage\":\"en-US\"}]}<\/script>\n<!-- \/ Yoast SEO plugin. -->","yoast_head_json":{"title":"Shoes A-Z. The Collection of The Museum at FIT (Colleen Hill) - book \/ album - Folio","description":"Wejd\u017a i kup ksi\u0105\u017ck\u0119 Shoes A-Z. The Collection of The Museum at FIT autorstwa Colleen Hill wydan\u0105 przez TASCHEN (2023-09-06) w formacie 26 x 33 cm (ISBN: 9783836596244). Zapraszamy!","robots":{"index":"index","follow":"follow","max-snippet":"max-snippet:-1","max-image-preview":"max-image-preview:large","max-video-preview":"max-video-preview:-1"},"canonical":"https:\/\/foliobooks.pl\/en\/shop\/shoes-a-z-the-collection-of-the-museum-at-fit\/","og_locale":"en_US","og_type":"article","og_title":"Shoes A-Z. The Collection of The Museum at FIT (Colleen Hill) - book \/ album - Folio","og_description":"Wejd\u017a i kup ksi\u0105\u017ck\u0119 Shoes A-Z. The Collection of The Museum at FIT autorstwa Colleen Hill wydan\u0105 przez TASCHEN (2023-09-06) w formacie 26 x 33 cm (ISBN: 9783836596244). Zapraszamy!","og_url":"https:\/\/foliobooks.pl\/en\/shop\/shoes-a-z-the-collection-of-the-museum-at-fit\/","og_site_name":"Folio","article_modified_time":"2024-09-02T11:45:14+00:00","og_image":[{"width":570,"height":708,"url":"https:\/\/foliobooks.pl\/wp-content\/uploads\/2024\/03\/9783836596244.png","type":"image\/png"}],"twitter_card":"summary_large_image","twitter_misc":{"Est. reading time":"2 minutes"},"schema":{"@context":"https:\/\/schema.org","@graph":[{"@type":"WebPage","@id":"https:\/\/foliobooks.pl\/en\/shop\/shoes-a-z-the-collection-of-the-museum-at-fit\/","url":"https:\/\/foliobooks.pl\/en\/shop\/shoes-a-z-the-collection-of-the-museum-at-fit\/","name":"Shoes A-Z. The Collection of The Museum at FIT (Colleen Hill) - book \/ album - Folio","isPartOf":{"@id":"https:\/\/foliobooks.pl\/en\/#website"},"primaryImageOfPage":{"@id":"https:\/\/foliobooks.pl\/en\/shop\/shoes-a-z-the-collection-of-the-museum-at-fit\/#primaryimage"},"image":{"@id":"https:\/\/foliobooks.pl\/en\/shop\/shoes-a-z-the-collection-of-the-museum-at-fit\/#primaryimage"},"thumbnailUrl":"https:\/\/foliobooks.pl\/wp-content\/uploads\/2024\/03\/9783836596244.png","datePublished":"2024-03-22T19:16:25+00:00","dateModified":"2024-09-02T11:45:14+00:00","description":"Wejd\u017a i kup ksi\u0105\u017ck\u0119 Shoes A-Z. The Collection of The Museum at FIT autorstwa Colleen Hill wydan\u0105 przez TASCHEN (2023-09-06) w formacie 26 x 33 cm (ISBN: 9783836596244). Zapraszamy!","breadcrumb":{"@id":"https:\/\/foliobooks.pl\/en\/shop\/shoes-a-z-the-collection-of-the-museum-at-fit\/#breadcrumb"},"inLanguage":"en-US","potentialAction":[{"@type":"ReadAction","target":["https:\/\/foliobooks.pl\/en\/shop\/shoes-a-z-the-collection-of-the-museum-at-fit\/"]}]},{"@type":"ImageObject","inLanguage":"en-US","@id":"https:\/\/foliobooks.pl\/en\/shop\/shoes-a-z-the-collection-of-the-museum-at-fit\/#primaryimage","url":"https:\/\/foliobooks.pl\/wp-content\/uploads\/2024\/03\/9783836596244.png","contentUrl":"https:\/\/foliobooks.pl\/wp-content\/uploads\/2024\/03\/9783836596244.png","width":570,"height":708},{"@type":"BreadcrumbList","@id":"https:\/\/foliobooks.pl\/en\/shop\/shoes-a-z-the-collection-of-the-museum-at-fit\/#breadcrumb","itemListElement":[{"@type":"ListItem","position":1,"name":"Strona g\u0142\u00f3wna","item":"https:\/\/foliobooks.pl\/en\/"},{"@type":"ListItem","position":2,"name":"Shop","item":"https:\/\/foliobooks.pl\/en\/shop\/"},{"@type":"ListItem","position":3,"name":"Shoes A-Z. The Collection of The Museum at FIT"}]},{"@type":"WebSite","@id":"https:\/\/foliobooks.pl\/en\/#website","url":"https:\/\/foliobooks.pl\/en\/","name":"Folio","description":"Ksi\u0119garnia internetowa","potentialAction":[{"@type":"SearchAction","target":{"@type":"EntryPoint","urlTemplate":"https:\/\/foliobooks.pl\/en\/?s={search_term_string}"},"query-input":{"@type":"PropertyValueSpecification","valueRequired":true,"valueName":"search_term_string"}}],"inLanguage":"en-US"}]}},"_links":{"self":[{"href":"https:\/\/foliobooks.pl\/en\/wp-json\/wp\/v2\/product\/101423","targetHints":{"allow":["GET"]}}],"collection":[{"href":"https:\/\/foliobooks.pl\/en\/wp-json\/wp\/v2\/product"}],"about":[{"href":"https:\/\/foliobooks.pl\/en\/wp-json\/wp\/v2\/types\/product"}],"replies":[{"embeddable":true,"href":"https:\/\/foliobooks.pl\/en\/wp-json\/wp\/v2\/comments?post=101423"}],"wp:featuredmedia":[{"embeddable":true,"href":"https:\/\/foliobooks.pl\/en\/wp-json\/wp\/v2\/media\/101406"}],"wp:attachment":[{"href":"https:\/\/foliobooks.pl\/en\/wp-json\/wp\/v2\/media?parent=101423"}],"wp:term":[{"taxonomy":"product_brand","embeddable":true,"href":"https:\/\/foliobooks.pl\/en\/wp-json\/wp\/v2\/product_brand?post=101423"},{"taxonomy":"product_cat","embeddable":true,"href":"https:\/\/foliobooks.pl\/en\/wp-json\/wp\/v2\/product_cat?post=101423"},{"taxonomy":"product_tag","embeddable":true,"href":"https:\/\/foliobooks.pl\/en\/wp-json\/wp\/v2\/product_tag?post=101423"}],"curies":[{"name":"wp","href":"https:\/\/api.w.org\/{rel}","templated":true}]}}