{"id":101403,"date":"2024-03-22T20:12:09","date_gmt":"2024-03-22T19:12:09","guid":{"rendered":"https:\/\/foliobooks.pl\/sklep\/sheer-yves-saint-laurent\/"},"modified":"2026-04-20T16:13:33","modified_gmt":"2026-04-20T14:13:33","slug":"sheer-yves-saint-laurent","status":"publish","type":"product","link":"https:\/\/foliobooks.pl\/en\/shop\/sheer-yves-saint-laurent\/","title":{"rendered":"Sheer. Yves Saint Laurent"},"content":{"rendered":"<p>Showcasing more than sixty pieces from the Pierre Berg\u00e9-Yves Saint Laurent Foundation and the Museum of Lace and Fashion collections, Sheer: Yves Saint Laurent highlights the designer\u2019s mastery over transparent fabrics.<\/p>\n<p>Published to celebrate a major exhibition at the Museum of Lace and Fashion, Calais, and Mus\u00e9e Yves Saint Laurent Paris, this book will highlight Yves Saint Laurent\u2019s pioneering work in lace and other sheer fabrics, revealing how the couturier was able to overturn codes of unveiling the female body.<\/p>\n<p>Through some sixty beautifully photographed examples from the collections of the Pierre Berg\u00e9\u2013Yves Saint Laurent Foundation and the Museum of Lace and Fashion, as well as drawings, photographs, and videos, Sheer demonstrates how Saint Laurent knew the effects of transparent fabrics and how to use them to present a new, powerful, and sensual feminine figure.<\/p>\n","protected":false},"excerpt":{"rendered":"<p>Showcasing more than sixty pieces from the Pierre Berg\u00e9-Yves Saint Laurent Foundation and the Museum of Lace and Fashion collections, Sheer: Yves Saint Laurent highlights the designer\u2019s mastery over transparent fabrics. Published to celebrate a major exhibition at the Museum of Lace and Fashion, Calais, and Mus\u00e9e Yves Saint Laurent Paris, this book will highlight&#8230;<\/p>\n","protected":false},"featured_media":101386,"comment_status":"closed","ping_status":"closed","template":"","meta":[],"product_brand":[],"product_cat":[13533,4519],"product_tag":[6125],"class_list":{"0":"post-101403","1":"product","2":"type-product","3":"status-publish","4":"has-post-thumbnail","6":"product_cat-books","7":"product_cat-fashion-en-en","8":"product_tag-fashion","9":"pa_author_att-emilie-hammen-en","10":"pa_cover-hardcover","11":"pa_format-205-x-269-cm-en","12":"pa_isbn-9780500028001-en","13":"pa_language-eng","14":"pa_pages-128-en","15":"pa_published-2024-02-20-en","16":"pa_publisher-thames-hudson-en","18":"first","19":"instock","20":"sale","21":"sold-individually","22":"shipping-taxable","23":"purchasable","24":"product-type-simple"},"yoast_head":"<!-- This site is optimized with the Yoast SEO plugin v27.4 - https:\/\/yoast.com\/product\/yoast-seo-wordpress\/ -->\n<title>Sheer. Yves Saint Laurent (Emilie Hammen) - book \/ album - Folio<\/title>\n<meta name=\"description\" content=\"Wejd\u017a i kup ksi\u0105\u017ck\u0119 Sheer. Yves Saint Laurent autorstwa Emilie Hammen wydan\u0105 przez Thames &amp; Hudson (2024-02-20) w formacie 20,5 x 26,9 cm (ISBN: 9780500028001). Zapraszamy!\" \/>\n<meta name=\"robots\" content=\"index, follow, max-snippet:-1, max-image-preview:large, max-video-preview:-1\" \/>\n<link rel=\"canonical\" href=\"https:\/\/foliobooks.pl\/en\/shop\/sheer-yves-saint-laurent\/\" \/>\n<meta property=\"og:locale\" content=\"en_US\" \/>\n<meta property=\"og:type\" content=\"article\" \/>\n<meta property=\"og:title\" content=\"Sheer. Yves Saint Laurent (Emilie Hammen) - book \/ album - Folio\" \/>\n<meta property=\"og:description\" content=\"Wejd\u017a i kup ksi\u0105\u017ck\u0119 Sheer. Yves Saint Laurent autorstwa Emilie Hammen wydan\u0105 przez Thames &amp; Hudson (2024-02-20) w formacie 20,5 x 26,9 cm (ISBN: 9780500028001). Zapraszamy!\" \/>\n<meta property=\"og:url\" content=\"https:\/\/foliobooks.pl\/en\/shop\/sheer-yves-saint-laurent\/\" \/>\n<meta property=\"og:site_name\" content=\"Folio\" \/>\n<meta property=\"article:modified_time\" content=\"2026-04-20T14:13:33+00:00\" \/>\n<meta property=\"og:image\" content=\"https:\/\/foliobooks.pl\/wp-content\/uploads\/2024\/03\/9780500028001.png\" \/>\n\t<meta property=\"og:image:width\" content=\"570\" \/>\n\t<meta property=\"og:image:height\" content=\"708\" \/>\n\t<meta property=\"og:image:type\" content=\"image\/png\" \/>\n<meta name=\"twitter:card\" content=\"summary_large_image\" \/>\n<meta name=\"twitter:label1\" content=\"Est. reading time\" \/>\n\t<meta name=\"twitter:data1\" content=\"2 minutes\" \/>\n<script type=\"application\/ld+json\" class=\"yoast-schema-graph\">{\"@context\":\"https:\\\/\\\/schema.org\",\"@graph\":[{\"@type\":\"WebPage\",\"@id\":\"https:\\\/\\\/foliobooks.pl\\\/en\\\/shop\\\/sheer-yves-saint-laurent\\\/\",\"url\":\"https:\\\/\\\/foliobooks.pl\\\/en\\\/shop\\\/sheer-yves-saint-laurent\\\/\",\"name\":\"Sheer. Yves Saint Laurent (Emilie Hammen) - book \\\/ album - Folio\",\"isPartOf\":{\"@id\":\"https:\\\/\\\/foliobooks.pl\\\/en\\\/#website\"},\"primaryImageOfPage\":{\"@id\":\"https:\\\/\\\/foliobooks.pl\\\/en\\\/shop\\\/sheer-yves-saint-laurent\\\/#primaryimage\"},\"image\":{\"@id\":\"https:\\\/\\\/foliobooks.pl\\\/en\\\/shop\\\/sheer-yves-saint-laurent\\\/#primaryimage\"},\"thumbnailUrl\":\"https:\\\/\\\/foliobooks.pl\\\/wp-content\\\/uploads\\\/2024\\\/03\\\/9780500028001.png\",\"datePublished\":\"2024-03-22T19:12:09+00:00\",\"dateModified\":\"2026-04-20T14:13:33+00:00\",\"description\":\"Wejd\u017a i kup ksi\u0105\u017ck\u0119 Sheer. Yves Saint Laurent autorstwa Emilie Hammen wydan\u0105 przez Thames &amp; Hudson (2024-02-20) w formacie 20,5 x 26,9 cm (ISBN: 9780500028001). Zapraszamy!\",\"breadcrumb\":{\"@id\":\"https:\\\/\\\/foliobooks.pl\\\/en\\\/shop\\\/sheer-yves-saint-laurent\\\/#breadcrumb\"},\"inLanguage\":\"en-US\",\"potentialAction\":[{\"@type\":\"ReadAction\",\"target\":[\"https:\\\/\\\/foliobooks.pl\\\/en\\\/shop\\\/sheer-yves-saint-laurent\\\/\"]}]},{\"@type\":\"ImageObject\",\"inLanguage\":\"en-US\",\"@id\":\"https:\\\/\\\/foliobooks.pl\\\/en\\\/shop\\\/sheer-yves-saint-laurent\\\/#primaryimage\",\"url\":\"https:\\\/\\\/foliobooks.pl\\\/wp-content\\\/uploads\\\/2024\\\/03\\\/9780500028001.png\",\"contentUrl\":\"https:\\\/\\\/foliobooks.pl\\\/wp-content\\\/uploads\\\/2024\\\/03\\\/9780500028001.png\",\"width\":570,\"height\":708},{\"@type\":\"BreadcrumbList\",\"@id\":\"https:\\\/\\\/foliobooks.pl\\\/en\\\/shop\\\/sheer-yves-saint-laurent\\\/#breadcrumb\",\"itemListElement\":[{\"@type\":\"ListItem\",\"position\":1,\"name\":\"Strona g\u0142\u00f3wna\",\"item\":\"https:\\\/\\\/foliobooks.pl\\\/en\\\/\"},{\"@type\":\"ListItem\",\"position\":2,\"name\":\"Shop\",\"item\":\"https:\\\/\\\/foliobooks.pl\\\/en\\\/shop\\\/\"},{\"@type\":\"ListItem\",\"position\":3,\"name\":\"Sheer. Yves Saint Laurent\"}]},{\"@type\":\"WebSite\",\"@id\":\"https:\\\/\\\/foliobooks.pl\\\/en\\\/#website\",\"url\":\"https:\\\/\\\/foliobooks.pl\\\/en\\\/\",\"name\":\"Folio\",\"description\":\"Ksi\u0119garnia internetowa\",\"potentialAction\":[{\"@type\":\"SearchAction\",\"target\":{\"@type\":\"EntryPoint\",\"urlTemplate\":\"https:\\\/\\\/foliobooks.pl\\\/en\\\/?s={search_term_string}\"},\"query-input\":{\"@type\":\"PropertyValueSpecification\",\"valueRequired\":true,\"valueName\":\"search_term_string\"}}],\"inLanguage\":\"en-US\"}]}<\/script>\n<!-- \/ Yoast SEO plugin. -->","yoast_head_json":{"title":"Sheer. Yves Saint Laurent (Emilie Hammen) - book \/ album - Folio","description":"Wejd\u017a i kup ksi\u0105\u017ck\u0119 Sheer. Yves Saint Laurent autorstwa Emilie Hammen wydan\u0105 przez Thames &amp; Hudson (2024-02-20) w formacie 20,5 x 26,9 cm (ISBN: 9780500028001). Zapraszamy!","robots":{"index":"index","follow":"follow","max-snippet":"max-snippet:-1","max-image-preview":"max-image-preview:large","max-video-preview":"max-video-preview:-1"},"canonical":"https:\/\/foliobooks.pl\/en\/shop\/sheer-yves-saint-laurent\/","og_locale":"en_US","og_type":"article","og_title":"Sheer. Yves Saint Laurent (Emilie Hammen) - book \/ album - Folio","og_description":"Wejd\u017a i kup ksi\u0105\u017ck\u0119 Sheer. Yves Saint Laurent autorstwa Emilie Hammen wydan\u0105 przez Thames &amp; Hudson (2024-02-20) w formacie 20,5 x 26,9 cm (ISBN: 9780500028001). Zapraszamy!","og_url":"https:\/\/foliobooks.pl\/en\/shop\/sheer-yves-saint-laurent\/","og_site_name":"Folio","article_modified_time":"2026-04-20T14:13:33+00:00","og_image":[{"width":570,"height":708,"url":"https:\/\/foliobooks.pl\/wp-content\/uploads\/2024\/03\/9780500028001.png","type":"image\/png"}],"twitter_card":"summary_large_image","twitter_misc":{"Est. reading time":"2 minutes"},"schema":{"@context":"https:\/\/schema.org","@graph":[{"@type":"WebPage","@id":"https:\/\/foliobooks.pl\/en\/shop\/sheer-yves-saint-laurent\/","url":"https:\/\/foliobooks.pl\/en\/shop\/sheer-yves-saint-laurent\/","name":"Sheer. Yves Saint Laurent (Emilie Hammen) - book \/ album - Folio","isPartOf":{"@id":"https:\/\/foliobooks.pl\/en\/#website"},"primaryImageOfPage":{"@id":"https:\/\/foliobooks.pl\/en\/shop\/sheer-yves-saint-laurent\/#primaryimage"},"image":{"@id":"https:\/\/foliobooks.pl\/en\/shop\/sheer-yves-saint-laurent\/#primaryimage"},"thumbnailUrl":"https:\/\/foliobooks.pl\/wp-content\/uploads\/2024\/03\/9780500028001.png","datePublished":"2024-03-22T19:12:09+00:00","dateModified":"2026-04-20T14:13:33+00:00","description":"Wejd\u017a i kup ksi\u0105\u017ck\u0119 Sheer. Yves Saint Laurent autorstwa Emilie Hammen wydan\u0105 przez Thames &amp; Hudson (2024-02-20) w formacie 20,5 x 26,9 cm (ISBN: 9780500028001). Zapraszamy!","breadcrumb":{"@id":"https:\/\/foliobooks.pl\/en\/shop\/sheer-yves-saint-laurent\/#breadcrumb"},"inLanguage":"en-US","potentialAction":[{"@type":"ReadAction","target":["https:\/\/foliobooks.pl\/en\/shop\/sheer-yves-saint-laurent\/"]}]},{"@type":"ImageObject","inLanguage":"en-US","@id":"https:\/\/foliobooks.pl\/en\/shop\/sheer-yves-saint-laurent\/#primaryimage","url":"https:\/\/foliobooks.pl\/wp-content\/uploads\/2024\/03\/9780500028001.png","contentUrl":"https:\/\/foliobooks.pl\/wp-content\/uploads\/2024\/03\/9780500028001.png","width":570,"height":708},{"@type":"BreadcrumbList","@id":"https:\/\/foliobooks.pl\/en\/shop\/sheer-yves-saint-laurent\/#breadcrumb","itemListElement":[{"@type":"ListItem","position":1,"name":"Strona g\u0142\u00f3wna","item":"https:\/\/foliobooks.pl\/en\/"},{"@type":"ListItem","position":2,"name":"Shop","item":"https:\/\/foliobooks.pl\/en\/shop\/"},{"@type":"ListItem","position":3,"name":"Sheer. Yves Saint Laurent"}]},{"@type":"WebSite","@id":"https:\/\/foliobooks.pl\/en\/#website","url":"https:\/\/foliobooks.pl\/en\/","name":"Folio","description":"Ksi\u0119garnia internetowa","potentialAction":[{"@type":"SearchAction","target":{"@type":"EntryPoint","urlTemplate":"https:\/\/foliobooks.pl\/en\/?s={search_term_string}"},"query-input":{"@type":"PropertyValueSpecification","valueRequired":true,"valueName":"search_term_string"}}],"inLanguage":"en-US"}]}},"_links":{"self":[{"href":"https:\/\/foliobooks.pl\/en\/wp-json\/wp\/v2\/product\/101403","targetHints":{"allow":["GET"]}}],"collection":[{"href":"https:\/\/foliobooks.pl\/en\/wp-json\/wp\/v2\/product"}],"about":[{"href":"https:\/\/foliobooks.pl\/en\/wp-json\/wp\/v2\/types\/product"}],"replies":[{"embeddable":true,"href":"https:\/\/foliobooks.pl\/en\/wp-json\/wp\/v2\/comments?post=101403"}],"wp:featuredmedia":[{"embeddable":true,"href":"https:\/\/foliobooks.pl\/en\/wp-json\/wp\/v2\/media\/101386"}],"wp:attachment":[{"href":"https:\/\/foliobooks.pl\/en\/wp-json\/wp\/v2\/media?parent=101403"}],"wp:term":[{"taxonomy":"product_brand","embeddable":true,"href":"https:\/\/foliobooks.pl\/en\/wp-json\/wp\/v2\/product_brand?post=101403"},{"taxonomy":"product_cat","embeddable":true,"href":"https:\/\/foliobooks.pl\/en\/wp-json\/wp\/v2\/product_cat?post=101403"},{"taxonomy":"product_tag","embeddable":true,"href":"https:\/\/foliobooks.pl\/en\/wp-json\/wp\/v2\/product_tag?post=101403"}],"curies":[{"name":"wp","href":"https:\/\/api.w.org\/{rel}","templated":true}]}}