{"id":101351,"date":"2024-03-22T19:55:19","date_gmt":"2024-03-22T18:55:19","guid":{"rendered":"https:\/\/foliobooks.pl\/sklep\/ralph-lauren-a-way-of-living\/"},"modified":"2025-05-23T13:54:13","modified_gmt":"2025-05-23T11:54:13","slug":"ralph-lauren-a-way-of-living","status":"publish","type":"product","link":"https:\/\/foliobooks.pl\/en\/shop\/ralph-lauren-a-way-of-living\/","title":{"rendered":"Ralph Lauren A Way of Living"},"content":{"rendered":"<p>A stunning celebration of Ralph Lauren\u2019s signature home collections\u2014including the designer\u2019s own homes\u2014which have inspired the world of interior design for nearly half a century.<\/p>\n<p>The cinematic vision of Ralph Lauren is brought to life with a stunning and intimately written book that spans decades of innovation and influence by the iconic American designer. Ralph Lauren: A Way of Living, published by Rizzoli New York, commemorates the 40th anniversary of the home collection with the first comprehensive volume dedicated to the signature style of Ralph Lauren and his pioneering lifestyle approach to design. From trailblazing innovations that revolutionized the home industry to conceptualizing residential retailing and perfecting the art of hospitality, Lauren has created a multifaceted world that evokes emotion and inspires a more beautiful way of life.<\/p>\n<p>This special volume presents a visual timeline of Ralph Lauren\u2019s remarkable history as a lifestyle innovator. Lauren\u2019s unparalleled ability to seamlessly blend fashion and the home is illustrated with the groundbreaking designs and innovative use of materials that have distinguished the home collection since its inception in 1983: menswear-inspired Oxford Cloth bedding that required the creation of special looms and took two years to refine; the sleek RL-CF1 chair, crafted of carbon fiber and inspired by Lauren\u2019s McLaren F1 racecar; and an appreciation for a timeworn, weathered aesthetic, as exemplified in the iconic Writer\u2019s Chair with its hand-burnished leather and rich patina. Historic achievements such as the opening of his first New York City flagship on Madison Avenue \u2013 which invited guests to experience the complete World of Ralph Lauren in a residential environment \u2013 and his renowned restaurants that offer the epitome of gracious hospitality, demonstrate the magnitude of Ralph Lauren\u2019s influence on the worlds of lifestyle design and hospitality. The timeline is complete with quotes from distinguished members of the design world and prominent figures of our culture including Oprah Winfrey, Hillary Rodham Clinton, and architecture critic Paul Goldberger.<\/p>\n<p>Ralph Lauren\u2019s signature ability to create transportive environments begins with his private homes that inspire his iconic lifestyle collections. Ralph Lauren: A Way of Living offers an in-depth look at all the places Lauren calls home, from a sprawling ranch in Colorado and an island retreat in Jamaica, to a Fifth Avenue penthouse overlooking Manhattan\u2019s Central Park, a seaside home in Montauk and a country estate in Bedford. Lauren\u2019s homes are deeply personal expressions of his vision for living; captivating imagery is complemented by essays and descriptions written in his own words that intimately express the meaning of home and share inspiration and anecdotes for each residence. The photos of Lauren\u2019s captivating homes are followed by a celebration of Ralph Lauren Home\u2019s lifestyle collections \u2013 cinematic worlds that are brought to life with iconic imagery showcasing Lauren\u2019s pioneering lifestyle approach and all-encompassing home collection.<\/p>\n","protected":false},"excerpt":{"rendered":"<p>A stunning celebration of Ralph Lauren\u2019s signature home collections\u2014including the designer\u2019s own homes\u2014which have inspired the world of interior design for nearly half a century. The cinematic vision of Ralph Lauren is brought to life with a stunning and intimately written book that spans decades of innovation and influence by the iconic American designer. Ralph&#8230;<\/p>\n","protected":false},"featured_media":101350,"comment_status":"closed","ping_status":"closed","template":"","meta":[],"product_brand":[],"product_cat":[4516,4523,4526,4517],"product_tag":[4524,157,290,6104],"class_list":{"0":"post-101351","1":"product","2":"type-product","3":"status-publish","4":"has-post-thumbnail","6":"product_cat-architecture-en","7":"product_cat-design-en-en","8":"product_cat-industrial-design","9":"product_cat-photography-en","10":"product_tag-design-en-en","11":"product_tag-designers","12":"product_tag-interiors-en","13":"product_tag-lifestyle","14":"pa_author_att-ralph-lauren-en","15":"pa_cover-hardcover","16":"pa_format-236-x-312-cm-en","17":"pa_isbn-9780847872145-en","18":"pa_language-eng","19":"pa_pages-544-en","20":"pa_published-2023-09-26-en","21":"pa_publisher-rizzoli-en","23":"first","24":"instock","25":"sold-individually","26":"shipping-taxable","27":"purchasable","28":"product-type-simple"},"yoast_head":"<!-- This site is optimized with the Yoast SEO plugin v27.4 - https:\/\/yoast.com\/product\/yoast-seo-wordpress\/ -->\n<title>Ralph Lauren A Way of Living (Ralph Lauren) - book \/ album - Folio<\/title>\n<meta name=\"description\" content=\"Wejd\u017a i kup ksi\u0105\u017ck\u0119 Ralph Lauren A Way of Living autorstwa Ralph Lauren wydan\u0105 przez Rizzoli (2023-09-26) w formacie 23,6 x 31,2 cm (ISBN: 9780847872145). Zapraszamy!\" \/>\n<meta name=\"robots\" content=\"index, follow, max-snippet:-1, max-image-preview:large, max-video-preview:-1\" \/>\n<link rel=\"canonical\" href=\"https:\/\/foliobooks.pl\/en\/shop\/ralph-lauren-a-way-of-living\/\" \/>\n<meta property=\"og:locale\" content=\"en_US\" \/>\n<meta property=\"og:type\" content=\"article\" \/>\n<meta property=\"og:title\" content=\"Ralph Lauren A Way of Living (Ralph Lauren) - book \/ album - Folio\" \/>\n<meta property=\"og:description\" content=\"Wejd\u017a i kup ksi\u0105\u017ck\u0119 Ralph Lauren A Way of Living autorstwa Ralph Lauren wydan\u0105 przez Rizzoli (2023-09-26) w formacie 23,6 x 31,2 cm (ISBN: 9780847872145). Zapraszamy!\" \/>\n<meta property=\"og:url\" content=\"https:\/\/foliobooks.pl\/en\/shop\/ralph-lauren-a-way-of-living\/\" \/>\n<meta property=\"og:site_name\" content=\"Folio\" \/>\n<meta property=\"article:modified_time\" content=\"2025-05-23T11:54:13+00:00\" \/>\n<meta property=\"og:image\" content=\"https:\/\/foliobooks.pl\/wp-content\/uploads\/2024\/03\/9780847872145.png\" \/>\n\t<meta property=\"og:image:width\" content=\"570\" \/>\n\t<meta property=\"og:image:height\" content=\"708\" \/>\n\t<meta property=\"og:image:type\" content=\"image\/png\" \/>\n<meta name=\"twitter:card\" content=\"summary_large_image\" \/>\n<meta name=\"twitter:label1\" content=\"Est. reading time\" \/>\n\t<meta name=\"twitter:data1\" content=\"3 minutes\" \/>\n<script type=\"application\/ld+json\" class=\"yoast-schema-graph\">{\"@context\":\"https:\\\/\\\/schema.org\",\"@graph\":[{\"@type\":\"WebPage\",\"@id\":\"https:\\\/\\\/foliobooks.pl\\\/en\\\/shop\\\/ralph-lauren-a-way-of-living\\\/\",\"url\":\"https:\\\/\\\/foliobooks.pl\\\/en\\\/shop\\\/ralph-lauren-a-way-of-living\\\/\",\"name\":\"Ralph Lauren A Way of Living (Ralph Lauren) - book \\\/ album - Folio\",\"isPartOf\":{\"@id\":\"https:\\\/\\\/foliobooks.pl\\\/en\\\/#website\"},\"primaryImageOfPage\":{\"@id\":\"https:\\\/\\\/foliobooks.pl\\\/en\\\/shop\\\/ralph-lauren-a-way-of-living\\\/#primaryimage\"},\"image\":{\"@id\":\"https:\\\/\\\/foliobooks.pl\\\/en\\\/shop\\\/ralph-lauren-a-way-of-living\\\/#primaryimage\"},\"thumbnailUrl\":\"https:\\\/\\\/foliobooks.pl\\\/wp-content\\\/uploads\\\/2024\\\/03\\\/9780847872145.png\",\"datePublished\":\"2024-03-22T18:55:19+00:00\",\"dateModified\":\"2025-05-23T11:54:13+00:00\",\"description\":\"Wejd\u017a i kup ksi\u0105\u017ck\u0119 Ralph Lauren A Way of Living autorstwa Ralph Lauren wydan\u0105 przez Rizzoli (2023-09-26) w formacie 23,6 x 31,2 cm (ISBN: 9780847872145). Zapraszamy!\",\"breadcrumb\":{\"@id\":\"https:\\\/\\\/foliobooks.pl\\\/en\\\/shop\\\/ralph-lauren-a-way-of-living\\\/#breadcrumb\"},\"inLanguage\":\"en-US\",\"potentialAction\":[{\"@type\":\"ReadAction\",\"target\":[\"https:\\\/\\\/foliobooks.pl\\\/en\\\/shop\\\/ralph-lauren-a-way-of-living\\\/\"]}]},{\"@type\":\"ImageObject\",\"inLanguage\":\"en-US\",\"@id\":\"https:\\\/\\\/foliobooks.pl\\\/en\\\/shop\\\/ralph-lauren-a-way-of-living\\\/#primaryimage\",\"url\":\"https:\\\/\\\/foliobooks.pl\\\/wp-content\\\/uploads\\\/2024\\\/03\\\/9780847872145.png\",\"contentUrl\":\"https:\\\/\\\/foliobooks.pl\\\/wp-content\\\/uploads\\\/2024\\\/03\\\/9780847872145.png\",\"width\":570,\"height\":708},{\"@type\":\"BreadcrumbList\",\"@id\":\"https:\\\/\\\/foliobooks.pl\\\/en\\\/shop\\\/ralph-lauren-a-way-of-living\\\/#breadcrumb\",\"itemListElement\":[{\"@type\":\"ListItem\",\"position\":1,\"name\":\"Strona g\u0142\u00f3wna\",\"item\":\"https:\\\/\\\/foliobooks.pl\\\/en\\\/\"},{\"@type\":\"ListItem\",\"position\":2,\"name\":\"Shop\",\"item\":\"https:\\\/\\\/foliobooks.pl\\\/en\\\/shop\\\/\"},{\"@type\":\"ListItem\",\"position\":3,\"name\":\"Ralph Lauren A Way of Living\"}]},{\"@type\":\"WebSite\",\"@id\":\"https:\\\/\\\/foliobooks.pl\\\/en\\\/#website\",\"url\":\"https:\\\/\\\/foliobooks.pl\\\/en\\\/\",\"name\":\"Folio\",\"description\":\"Ksi\u0119garnia internetowa\",\"potentialAction\":[{\"@type\":\"SearchAction\",\"target\":{\"@type\":\"EntryPoint\",\"urlTemplate\":\"https:\\\/\\\/foliobooks.pl\\\/en\\\/?s={search_term_string}\"},\"query-input\":{\"@type\":\"PropertyValueSpecification\",\"valueRequired\":true,\"valueName\":\"search_term_string\"}}],\"inLanguage\":\"en-US\"}]}<\/script>\n<!-- \/ Yoast SEO plugin. -->","yoast_head_json":{"title":"Ralph Lauren A Way of Living (Ralph Lauren) - book \/ album - Folio","description":"Wejd\u017a i kup ksi\u0105\u017ck\u0119 Ralph Lauren A Way of Living autorstwa Ralph Lauren wydan\u0105 przez Rizzoli (2023-09-26) w formacie 23,6 x 31,2 cm (ISBN: 9780847872145). Zapraszamy!","robots":{"index":"index","follow":"follow","max-snippet":"max-snippet:-1","max-image-preview":"max-image-preview:large","max-video-preview":"max-video-preview:-1"},"canonical":"https:\/\/foliobooks.pl\/en\/shop\/ralph-lauren-a-way-of-living\/","og_locale":"en_US","og_type":"article","og_title":"Ralph Lauren A Way of Living (Ralph Lauren) - book \/ album - Folio","og_description":"Wejd\u017a i kup ksi\u0105\u017ck\u0119 Ralph Lauren A Way of Living autorstwa Ralph Lauren wydan\u0105 przez Rizzoli (2023-09-26) w formacie 23,6 x 31,2 cm (ISBN: 9780847872145). Zapraszamy!","og_url":"https:\/\/foliobooks.pl\/en\/shop\/ralph-lauren-a-way-of-living\/","og_site_name":"Folio","article_modified_time":"2025-05-23T11:54:13+00:00","og_image":[{"width":570,"height":708,"url":"https:\/\/foliobooks.pl\/wp-content\/uploads\/2024\/03\/9780847872145.png","type":"image\/png"}],"twitter_card":"summary_large_image","twitter_misc":{"Est. reading time":"3 minutes"},"schema":{"@context":"https:\/\/schema.org","@graph":[{"@type":"WebPage","@id":"https:\/\/foliobooks.pl\/en\/shop\/ralph-lauren-a-way-of-living\/","url":"https:\/\/foliobooks.pl\/en\/shop\/ralph-lauren-a-way-of-living\/","name":"Ralph Lauren A Way of Living (Ralph Lauren) - book \/ album - Folio","isPartOf":{"@id":"https:\/\/foliobooks.pl\/en\/#website"},"primaryImageOfPage":{"@id":"https:\/\/foliobooks.pl\/en\/shop\/ralph-lauren-a-way-of-living\/#primaryimage"},"image":{"@id":"https:\/\/foliobooks.pl\/en\/shop\/ralph-lauren-a-way-of-living\/#primaryimage"},"thumbnailUrl":"https:\/\/foliobooks.pl\/wp-content\/uploads\/2024\/03\/9780847872145.png","datePublished":"2024-03-22T18:55:19+00:00","dateModified":"2025-05-23T11:54:13+00:00","description":"Wejd\u017a i kup ksi\u0105\u017ck\u0119 Ralph Lauren A Way of Living autorstwa Ralph Lauren wydan\u0105 przez Rizzoli (2023-09-26) w formacie 23,6 x 31,2 cm (ISBN: 9780847872145). Zapraszamy!","breadcrumb":{"@id":"https:\/\/foliobooks.pl\/en\/shop\/ralph-lauren-a-way-of-living\/#breadcrumb"},"inLanguage":"en-US","potentialAction":[{"@type":"ReadAction","target":["https:\/\/foliobooks.pl\/en\/shop\/ralph-lauren-a-way-of-living\/"]}]},{"@type":"ImageObject","inLanguage":"en-US","@id":"https:\/\/foliobooks.pl\/en\/shop\/ralph-lauren-a-way-of-living\/#primaryimage","url":"https:\/\/foliobooks.pl\/wp-content\/uploads\/2024\/03\/9780847872145.png","contentUrl":"https:\/\/foliobooks.pl\/wp-content\/uploads\/2024\/03\/9780847872145.png","width":570,"height":708},{"@type":"BreadcrumbList","@id":"https:\/\/foliobooks.pl\/en\/shop\/ralph-lauren-a-way-of-living\/#breadcrumb","itemListElement":[{"@type":"ListItem","position":1,"name":"Strona g\u0142\u00f3wna","item":"https:\/\/foliobooks.pl\/en\/"},{"@type":"ListItem","position":2,"name":"Shop","item":"https:\/\/foliobooks.pl\/en\/shop\/"},{"@type":"ListItem","position":3,"name":"Ralph Lauren A Way of Living"}]},{"@type":"WebSite","@id":"https:\/\/foliobooks.pl\/en\/#website","url":"https:\/\/foliobooks.pl\/en\/","name":"Folio","description":"Ksi\u0119garnia internetowa","potentialAction":[{"@type":"SearchAction","target":{"@type":"EntryPoint","urlTemplate":"https:\/\/foliobooks.pl\/en\/?s={search_term_string}"},"query-input":{"@type":"PropertyValueSpecification","valueRequired":true,"valueName":"search_term_string"}}],"inLanguage":"en-US"}]}},"_links":{"self":[{"href":"https:\/\/foliobooks.pl\/en\/wp-json\/wp\/v2\/product\/101351","targetHints":{"allow":["GET"]}}],"collection":[{"href":"https:\/\/foliobooks.pl\/en\/wp-json\/wp\/v2\/product"}],"about":[{"href":"https:\/\/foliobooks.pl\/en\/wp-json\/wp\/v2\/types\/product"}],"replies":[{"embeddable":true,"href":"https:\/\/foliobooks.pl\/en\/wp-json\/wp\/v2\/comments?post=101351"}],"wp:featuredmedia":[{"embeddable":true,"href":"https:\/\/foliobooks.pl\/en\/wp-json\/wp\/v2\/media\/101350"}],"wp:attachment":[{"href":"https:\/\/foliobooks.pl\/en\/wp-json\/wp\/v2\/media?parent=101351"}],"wp:term":[{"taxonomy":"product_brand","embeddable":true,"href":"https:\/\/foliobooks.pl\/en\/wp-json\/wp\/v2\/product_brand?post=101351"},{"taxonomy":"product_cat","embeddable":true,"href":"https:\/\/foliobooks.pl\/en\/wp-json\/wp\/v2\/product_cat?post=101351"},{"taxonomy":"product_tag","embeddable":true,"href":"https:\/\/foliobooks.pl\/en\/wp-json\/wp\/v2\/product_tag?post=101351"}],"curies":[{"name":"wp","href":"https:\/\/api.w.org\/{rel}","templated":true}]}}