{"id":101304,"date":"2024-03-22T14:55:58","date_gmt":"2024-03-22T13:55:58","guid":{"rendered":"https:\/\/foliobooks.pl\/sklep\/mexico-city\/"},"modified":"2025-03-12T13:40:57","modified_gmt":"2025-03-12T12:40:57","slug":"mexico-city","status":"publish","type":"product","link":"https:\/\/foliobooks.pl\/en\/shop\/mexico-city\/","title":{"rendered":"Mexico City"},"content":{"rendered":"<p>We begin from above, a bird\u2019s-eye view. The unending landscape of Mexico City extends out below, barely contained by the surrounding mountains. The spirit of the eternal city is revealed as we move closer, zooming in on a single block where there are buildings from numerous eras, a timeline made physical. A vivid journey through the avenues and side streets, through the markets and museums, through the local cuisine and art scene, awaits readers in Mexico City . An origin story stretching back to the fourteenth century, filled with conquest and adventure, grand volcanoes and ethereal gardens. This indigenous pre-Hispanic past is still evident, although now it is mixed with colonial architecture and a Spanish-baroque aesthetic, realized with local materials\u2014all combining to create a distinct style in the city. These rich legends and mythologies, along with materials such as cantera and tezontle , offer creatives in Mexico City no shortage of inspiration. From Diego Rivera\u2019s Anahuacalli Museum to architect Juan O\u2019Gorman\u2019s Cave House, structures in Mexico City proudly boast their singularity and their dramatic histories. Today, Mexico City is the setting for cinematic genius, drawing the country\u2019s top filmmakers to its streets, including Alejandro Gonz\u00e1lez I\u00f1\u00e1rritu, Alfonso Cuar\u00f3n and Michel Franco, to name a few. Let Mexico City ignite the senses and open the door to a city of wonders. About the authors: Born in Mexico City, Aleph Molinari is an editor, writer, art director and photographer. He is the co\u2013editor in chief of Purple magazine, as well as a contributor to Materia Press, Art Observed and other publications. His work focuses on materializing culture through publications, exhibitions and campaigns. Among his projects, he co-curated the Purple Festival at the Palais Galliera in Paris, created a botanical sculpture for Soundwalk Collective and Patti Smith\u2019s exhibition Evidence at the Centre Pompidou, and worked on the programming for Soundwalk Collective\u2019s<\/p>\n","protected":false},"excerpt":{"rendered":"<p>We begin from above, a bird\u2019s-eye view. The unending landscape of Mexico City extends out below, barely contained by the surrounding mountains. The spirit of the eternal city is revealed as we move closer, zooming in on a single block where there are buildings from numerous eras, a timeline made physical. A vivid journey through&#8230;<\/p>\n","protected":false},"featured_media":101303,"comment_status":"closed","ping_status":"closed","template":"","meta":[],"product_brand":[],"product_cat":[13533,4517],"product_tag":[6143,516],"class_list":{"0":"post-101304","1":"product","2":"type-product","3":"status-publish","4":"has-post-thumbnail","6":"product_cat-books","7":"product_cat-photography-en","8":"product_tag-city","9":"product_tag-places-en","10":"pa_author_att-aleph-molinari-en","11":"pa_cover-hardcover","12":"pa_format-33-x-254-cm-en","13":"pa_isbn-9781649802514-en","14":"pa_language-eng","15":"pa_pages-312-en-2","16":"pa_published-2023-10-30-en","17":"pa_publisher-assouline-en","19":"first","20":"outofstock","21":"sold-individually","22":"shipping-taxable","23":"purchasable","24":"product-type-simple"},"yoast_head":"<!-- This site is optimized with the Yoast SEO plugin v27.4 - https:\/\/yoast.com\/product\/yoast-seo-wordpress\/ -->\n<title>Mexico City (Aleph Molinari) - book \/ album - Folio<\/title>\n<meta name=\"description\" content=\"Wejd\u017a i kup ksi\u0105\u017ck\u0119 Mexico City autorstwa Aleph Molinari wydan\u0105 przez Assouline (2023-10-30) w formacie 33 x 25,4 cm (ISBN: 9781649802514). Zapraszamy!\" \/>\n<meta name=\"robots\" content=\"index, follow, max-snippet:-1, max-image-preview:large, max-video-preview:-1\" \/>\n<link rel=\"canonical\" href=\"https:\/\/foliobooks.pl\/en\/shop\/mexico-city\/\" \/>\n<meta property=\"og:locale\" content=\"en_US\" \/>\n<meta property=\"og:type\" content=\"article\" \/>\n<meta property=\"og:title\" content=\"Mexico City (Aleph Molinari) - book \/ album - Folio\" \/>\n<meta property=\"og:description\" content=\"Wejd\u017a i kup ksi\u0105\u017ck\u0119 Mexico City autorstwa Aleph Molinari wydan\u0105 przez Assouline (2023-10-30) w formacie 33 x 25,4 cm (ISBN: 9781649802514). Zapraszamy!\" \/>\n<meta property=\"og:url\" content=\"https:\/\/foliobooks.pl\/en\/shop\/mexico-city\/\" \/>\n<meta property=\"og:site_name\" content=\"Folio\" \/>\n<meta property=\"article:modified_time\" content=\"2025-03-12T12:40:57+00:00\" \/>\n<meta property=\"og:image\" content=\"https:\/\/foliobooks.pl\/wp-content\/uploads\/2024\/03\/9781649802514.png\" \/>\n\t<meta property=\"og:image:width\" content=\"570\" \/>\n\t<meta property=\"og:image:height\" content=\"708\" \/>\n\t<meta property=\"og:image:type\" content=\"image\/png\" \/>\n<meta name=\"twitter:card\" content=\"summary_large_image\" \/>\n<meta name=\"twitter:label1\" content=\"Est. reading time\" \/>\n\t<meta name=\"twitter:data1\" content=\"3 minutes\" \/>\n<script type=\"application\/ld+json\" class=\"yoast-schema-graph\">{\"@context\":\"https:\\\/\\\/schema.org\",\"@graph\":[{\"@type\":\"WebPage\",\"@id\":\"https:\\\/\\\/foliobooks.pl\\\/en\\\/shop\\\/mexico-city\\\/\",\"url\":\"https:\\\/\\\/foliobooks.pl\\\/en\\\/shop\\\/mexico-city\\\/\",\"name\":\"Mexico City (Aleph Molinari) - book \\\/ album - Folio\",\"isPartOf\":{\"@id\":\"https:\\\/\\\/foliobooks.pl\\\/en\\\/#website\"},\"primaryImageOfPage\":{\"@id\":\"https:\\\/\\\/foliobooks.pl\\\/en\\\/shop\\\/mexico-city\\\/#primaryimage\"},\"image\":{\"@id\":\"https:\\\/\\\/foliobooks.pl\\\/en\\\/shop\\\/mexico-city\\\/#primaryimage\"},\"thumbnailUrl\":\"https:\\\/\\\/foliobooks.pl\\\/wp-content\\\/uploads\\\/2024\\\/03\\\/9781649802514.png\",\"datePublished\":\"2024-03-22T13:55:58+00:00\",\"dateModified\":\"2025-03-12T12:40:57+00:00\",\"description\":\"Wejd\u017a i kup ksi\u0105\u017ck\u0119 Mexico City autorstwa Aleph Molinari wydan\u0105 przez Assouline (2023-10-30) w formacie 33 x 25,4 cm (ISBN: 9781649802514). Zapraszamy!\",\"breadcrumb\":{\"@id\":\"https:\\\/\\\/foliobooks.pl\\\/en\\\/shop\\\/mexico-city\\\/#breadcrumb\"},\"inLanguage\":\"en-US\",\"potentialAction\":[{\"@type\":\"ReadAction\",\"target\":[\"https:\\\/\\\/foliobooks.pl\\\/en\\\/shop\\\/mexico-city\\\/\"]}]},{\"@type\":\"ImageObject\",\"inLanguage\":\"en-US\",\"@id\":\"https:\\\/\\\/foliobooks.pl\\\/en\\\/shop\\\/mexico-city\\\/#primaryimage\",\"url\":\"https:\\\/\\\/foliobooks.pl\\\/wp-content\\\/uploads\\\/2024\\\/03\\\/9781649802514.png\",\"contentUrl\":\"https:\\\/\\\/foliobooks.pl\\\/wp-content\\\/uploads\\\/2024\\\/03\\\/9781649802514.png\",\"width\":570,\"height\":708},{\"@type\":\"BreadcrumbList\",\"@id\":\"https:\\\/\\\/foliobooks.pl\\\/en\\\/shop\\\/mexico-city\\\/#breadcrumb\",\"itemListElement\":[{\"@type\":\"ListItem\",\"position\":1,\"name\":\"Strona g\u0142\u00f3wna\",\"item\":\"https:\\\/\\\/foliobooks.pl\\\/en\\\/\"},{\"@type\":\"ListItem\",\"position\":2,\"name\":\"Shop\",\"item\":\"https:\\\/\\\/foliobooks.pl\\\/en\\\/shop\\\/\"},{\"@type\":\"ListItem\",\"position\":3,\"name\":\"Mexico City\"}]},{\"@type\":\"WebSite\",\"@id\":\"https:\\\/\\\/foliobooks.pl\\\/en\\\/#website\",\"url\":\"https:\\\/\\\/foliobooks.pl\\\/en\\\/\",\"name\":\"Folio\",\"description\":\"Ksi\u0119garnia internetowa\",\"potentialAction\":[{\"@type\":\"SearchAction\",\"target\":{\"@type\":\"EntryPoint\",\"urlTemplate\":\"https:\\\/\\\/foliobooks.pl\\\/en\\\/?s={search_term_string}\"},\"query-input\":{\"@type\":\"PropertyValueSpecification\",\"valueRequired\":true,\"valueName\":\"search_term_string\"}}],\"inLanguage\":\"en-US\"}]}<\/script>\n<!-- \/ Yoast SEO plugin. -->","yoast_head_json":{"title":"Mexico City (Aleph Molinari) - book \/ album - Folio","description":"Wejd\u017a i kup ksi\u0105\u017ck\u0119 Mexico City autorstwa Aleph Molinari wydan\u0105 przez Assouline (2023-10-30) w formacie 33 x 25,4 cm (ISBN: 9781649802514). Zapraszamy!","robots":{"index":"index","follow":"follow","max-snippet":"max-snippet:-1","max-image-preview":"max-image-preview:large","max-video-preview":"max-video-preview:-1"},"canonical":"https:\/\/foliobooks.pl\/en\/shop\/mexico-city\/","og_locale":"en_US","og_type":"article","og_title":"Mexico City (Aleph Molinari) - book \/ album - Folio","og_description":"Wejd\u017a i kup ksi\u0105\u017ck\u0119 Mexico City autorstwa Aleph Molinari wydan\u0105 przez Assouline (2023-10-30) w formacie 33 x 25,4 cm (ISBN: 9781649802514). Zapraszamy!","og_url":"https:\/\/foliobooks.pl\/en\/shop\/mexico-city\/","og_site_name":"Folio","article_modified_time":"2025-03-12T12:40:57+00:00","og_image":[{"width":570,"height":708,"url":"https:\/\/foliobooks.pl\/wp-content\/uploads\/2024\/03\/9781649802514.png","type":"image\/png"}],"twitter_card":"summary_large_image","twitter_misc":{"Est. reading time":"3 minutes"},"schema":{"@context":"https:\/\/schema.org","@graph":[{"@type":"WebPage","@id":"https:\/\/foliobooks.pl\/en\/shop\/mexico-city\/","url":"https:\/\/foliobooks.pl\/en\/shop\/mexico-city\/","name":"Mexico City (Aleph Molinari) - book \/ album - Folio","isPartOf":{"@id":"https:\/\/foliobooks.pl\/en\/#website"},"primaryImageOfPage":{"@id":"https:\/\/foliobooks.pl\/en\/shop\/mexico-city\/#primaryimage"},"image":{"@id":"https:\/\/foliobooks.pl\/en\/shop\/mexico-city\/#primaryimage"},"thumbnailUrl":"https:\/\/foliobooks.pl\/wp-content\/uploads\/2024\/03\/9781649802514.png","datePublished":"2024-03-22T13:55:58+00:00","dateModified":"2025-03-12T12:40:57+00:00","description":"Wejd\u017a i kup ksi\u0105\u017ck\u0119 Mexico City autorstwa Aleph Molinari wydan\u0105 przez Assouline (2023-10-30) w formacie 33 x 25,4 cm (ISBN: 9781649802514). Zapraszamy!","breadcrumb":{"@id":"https:\/\/foliobooks.pl\/en\/shop\/mexico-city\/#breadcrumb"},"inLanguage":"en-US","potentialAction":[{"@type":"ReadAction","target":["https:\/\/foliobooks.pl\/en\/shop\/mexico-city\/"]}]},{"@type":"ImageObject","inLanguage":"en-US","@id":"https:\/\/foliobooks.pl\/en\/shop\/mexico-city\/#primaryimage","url":"https:\/\/foliobooks.pl\/wp-content\/uploads\/2024\/03\/9781649802514.png","contentUrl":"https:\/\/foliobooks.pl\/wp-content\/uploads\/2024\/03\/9781649802514.png","width":570,"height":708},{"@type":"BreadcrumbList","@id":"https:\/\/foliobooks.pl\/en\/shop\/mexico-city\/#breadcrumb","itemListElement":[{"@type":"ListItem","position":1,"name":"Strona g\u0142\u00f3wna","item":"https:\/\/foliobooks.pl\/en\/"},{"@type":"ListItem","position":2,"name":"Shop","item":"https:\/\/foliobooks.pl\/en\/shop\/"},{"@type":"ListItem","position":3,"name":"Mexico City"}]},{"@type":"WebSite","@id":"https:\/\/foliobooks.pl\/en\/#website","url":"https:\/\/foliobooks.pl\/en\/","name":"Folio","description":"Ksi\u0119garnia internetowa","potentialAction":[{"@type":"SearchAction","target":{"@type":"EntryPoint","urlTemplate":"https:\/\/foliobooks.pl\/en\/?s={search_term_string}"},"query-input":{"@type":"PropertyValueSpecification","valueRequired":true,"valueName":"search_term_string"}}],"inLanguage":"en-US"}]}},"_links":{"self":[{"href":"https:\/\/foliobooks.pl\/en\/wp-json\/wp\/v2\/product\/101304","targetHints":{"allow":["GET"]}}],"collection":[{"href":"https:\/\/foliobooks.pl\/en\/wp-json\/wp\/v2\/product"}],"about":[{"href":"https:\/\/foliobooks.pl\/en\/wp-json\/wp\/v2\/types\/product"}],"replies":[{"embeddable":true,"href":"https:\/\/foliobooks.pl\/en\/wp-json\/wp\/v2\/comments?post=101304"}],"wp:featuredmedia":[{"embeddable":true,"href":"https:\/\/foliobooks.pl\/en\/wp-json\/wp\/v2\/media\/101303"}],"wp:attachment":[{"href":"https:\/\/foliobooks.pl\/en\/wp-json\/wp\/v2\/media?parent=101304"}],"wp:term":[{"taxonomy":"product_brand","embeddable":true,"href":"https:\/\/foliobooks.pl\/en\/wp-json\/wp\/v2\/product_brand?post=101304"},{"taxonomy":"product_cat","embeddable":true,"href":"https:\/\/foliobooks.pl\/en\/wp-json\/wp\/v2\/product_cat?post=101304"},{"taxonomy":"product_tag","embeddable":true,"href":"https:\/\/foliobooks.pl\/en\/wp-json\/wp\/v2\/product_tag?post=101304"}],"curies":[{"name":"wp","href":"https:\/\/api.w.org\/{rel}","templated":true}]}}