{"id":101268,"date":"2024-03-22T14:34:23","date_gmt":"2024-03-22T13:34:23","guid":{"rendered":"https:\/\/foliobooks.pl\/sklep\/little-book-of-bottega-veneta\/"},"modified":"2024-03-22T14:34:23","modified_gmt":"2024-03-22T13:34:23","slug":"little-book-of-bottega-veneta","status":"publish","type":"product","link":"https:\/\/foliobooks.pl\/en\/shop\/little-book-of-bottega-veneta\/","title":{"rendered":"Little Book of Bottega Veneta"},"content":{"rendered":"<p>Synonymous with fine craftsmanship and understated elegance, the House of Bottega Veneta is the go-to brand for those who love effortless chic.<\/p>\n<p>Since 1966, Bottega Veneta has stood out from the crowd, unique in its blend of timeless sophistication and contemporary edge. Known for the distinctive Intrecciato woven design and statement green, this Milan-based luxury brand is renowned for beautifully crafted leather goods such as the Cabat, Veneta, and iconic clutch Knot bags and increasingly famous footwear and jewellery collections.<\/p>\n<p>Cultural relevance remains at the heart of this ultra-cool brand with the likes of Nicole Kidman, Cameron Diaz and Rihanna seen in exquisite hand-finished dresses, oversized clutches and quilted shoes. Under Creative Director, Matthiew Blazy, there&#8217;s no denying that Bottega Veneta is one of the most exciting brands in the fashion world.<\/p>\n","protected":false},"excerpt":{"rendered":"<p>Synonymous with fine craftsmanship and understated elegance, the House of Bottega Veneta is the go-to brand for those who love effortless chic. Since 1966, Bottega Veneta has stood out from the crowd, unique in its blend of timeless sophistication and contemporary edge. Known for the distinctive Intrecciato woven design and statement green, this Milan-based luxury&#8230;<\/p>\n","protected":false},"featured_media":101251,"comment_status":"closed","ping_status":"closed","template":"","meta":[],"product_brand":[],"product_cat":[13533,4519],"product_tag":[6125],"class_list":{"0":"post-101268","1":"product","2":"type-product","3":"status-publish","4":"has-post-thumbnail","6":"product_cat-books","7":"product_cat-fashion-en-en","8":"product_tag-fashion","9":"pa_author_att-frances-sola-santiago-en","10":"pa_cover-hardcover","11":"pa_format-128-x-184-cm-en","12":"pa_isbn-9781802796421-en","13":"pa_language-eng","14":"pa_pages-160-en-2","15":"pa_published-2024-02-28-en","16":"pa_publisher-welbeck-publishing-en","18":"first","19":"instock","20":"sold-individually","21":"shipping-taxable","22":"purchasable","23":"product-type-simple"},"yoast_head":"<!-- This site is optimized with the Yoast SEO plugin v27.4 - https:\/\/yoast.com\/product\/yoast-seo-wordpress\/ -->\n<title>Little Book of Bottega Veneta (Frances Sol\u00e1-Santiago) - book \/ album - Folio<\/title>\n<meta name=\"description\" content=\"Wejd\u017a i kup ksi\u0105\u017ck\u0119 Little Book of Bottega Veneta autorstwa Frances Sol\u00e1-Santiago wydan\u0105 przez Welbeck Publishing (2024-02-28) w formacie 12,8 x 18,4 cm (ISBN: 9781802796421). Zapraszamy!\" \/>\n<meta name=\"robots\" content=\"index, follow, max-snippet:-1, max-image-preview:large, max-video-preview:-1\" \/>\n<link rel=\"canonical\" href=\"https:\/\/foliobooks.pl\/en\/shop\/little-book-of-bottega-veneta\/\" \/>\n<meta property=\"og:locale\" content=\"en_US\" \/>\n<meta property=\"og:type\" content=\"article\" \/>\n<meta property=\"og:title\" content=\"Little Book of Bottega Veneta (Frances Sol\u00e1-Santiago) - book \/ album - Folio\" \/>\n<meta property=\"og:description\" content=\"Wejd\u017a i kup ksi\u0105\u017ck\u0119 Little Book of Bottega Veneta autorstwa Frances Sol\u00e1-Santiago wydan\u0105 przez Welbeck Publishing (2024-02-28) w formacie 12,8 x 18,4 cm (ISBN: 9781802796421). Zapraszamy!\" \/>\n<meta property=\"og:url\" content=\"https:\/\/foliobooks.pl\/en\/shop\/little-book-of-bottega-veneta\/\" \/>\n<meta property=\"og:site_name\" content=\"Folio\" \/>\n<meta property=\"og:image\" content=\"https:\/\/foliobooks.pl\/wp-content\/uploads\/2024\/03\/9781802796421.png\" \/>\n\t<meta property=\"og:image:width\" content=\"570\" \/>\n\t<meta property=\"og:image:height\" content=\"708\" \/>\n\t<meta property=\"og:image:type\" content=\"image\/png\" \/>\n<meta name=\"twitter:card\" content=\"summary_large_image\" \/>\n<meta name=\"twitter:label1\" content=\"Est. reading time\" \/>\n\t<meta name=\"twitter:data1\" content=\"1 minute\" \/>\n<script type=\"application\/ld+json\" class=\"yoast-schema-graph\">{\"@context\":\"https:\\\/\\\/schema.org\",\"@graph\":[{\"@type\":\"WebPage\",\"@id\":\"https:\\\/\\\/foliobooks.pl\\\/en\\\/shop\\\/little-book-of-bottega-veneta\\\/\",\"url\":\"https:\\\/\\\/foliobooks.pl\\\/en\\\/shop\\\/little-book-of-bottega-veneta\\\/\",\"name\":\"Little Book of Bottega Veneta (Frances Sol\u00e1-Santiago) - book \\\/ album - Folio\",\"isPartOf\":{\"@id\":\"https:\\\/\\\/foliobooks.pl\\\/en\\\/#website\"},\"primaryImageOfPage\":{\"@id\":\"https:\\\/\\\/foliobooks.pl\\\/en\\\/shop\\\/little-book-of-bottega-veneta\\\/#primaryimage\"},\"image\":{\"@id\":\"https:\\\/\\\/foliobooks.pl\\\/en\\\/shop\\\/little-book-of-bottega-veneta\\\/#primaryimage\"},\"thumbnailUrl\":\"https:\\\/\\\/foliobooks.pl\\\/wp-content\\\/uploads\\\/2024\\\/03\\\/9781802796421.png\",\"datePublished\":\"2024-03-22T13:34:23+00:00\",\"description\":\"Wejd\u017a i kup ksi\u0105\u017ck\u0119 Little Book of Bottega Veneta autorstwa Frances Sol\u00e1-Santiago wydan\u0105 przez Welbeck Publishing (2024-02-28) w formacie 12,8 x 18,4 cm (ISBN: 9781802796421). Zapraszamy!\",\"breadcrumb\":{\"@id\":\"https:\\\/\\\/foliobooks.pl\\\/en\\\/shop\\\/little-book-of-bottega-veneta\\\/#breadcrumb\"},\"inLanguage\":\"en-US\",\"potentialAction\":[{\"@type\":\"ReadAction\",\"target\":[\"https:\\\/\\\/foliobooks.pl\\\/en\\\/shop\\\/little-book-of-bottega-veneta\\\/\"]}]},{\"@type\":\"ImageObject\",\"inLanguage\":\"en-US\",\"@id\":\"https:\\\/\\\/foliobooks.pl\\\/en\\\/shop\\\/little-book-of-bottega-veneta\\\/#primaryimage\",\"url\":\"https:\\\/\\\/foliobooks.pl\\\/wp-content\\\/uploads\\\/2024\\\/03\\\/9781802796421.png\",\"contentUrl\":\"https:\\\/\\\/foliobooks.pl\\\/wp-content\\\/uploads\\\/2024\\\/03\\\/9781802796421.png\",\"width\":570,\"height\":708},{\"@type\":\"BreadcrumbList\",\"@id\":\"https:\\\/\\\/foliobooks.pl\\\/en\\\/shop\\\/little-book-of-bottega-veneta\\\/#breadcrumb\",\"itemListElement\":[{\"@type\":\"ListItem\",\"position\":1,\"name\":\"Strona g\u0142\u00f3wna\",\"item\":\"https:\\\/\\\/foliobooks.pl\\\/en\\\/\"},{\"@type\":\"ListItem\",\"position\":2,\"name\":\"Shop\",\"item\":\"https:\\\/\\\/foliobooks.pl\\\/en\\\/shop\\\/\"},{\"@type\":\"ListItem\",\"position\":3,\"name\":\"Little Book of Bottega Veneta\"}]},{\"@type\":\"WebSite\",\"@id\":\"https:\\\/\\\/foliobooks.pl\\\/en\\\/#website\",\"url\":\"https:\\\/\\\/foliobooks.pl\\\/en\\\/\",\"name\":\"Folio\",\"description\":\"Ksi\u0119garnia internetowa\",\"potentialAction\":[{\"@type\":\"SearchAction\",\"target\":{\"@type\":\"EntryPoint\",\"urlTemplate\":\"https:\\\/\\\/foliobooks.pl\\\/en\\\/?s={search_term_string}\"},\"query-input\":{\"@type\":\"PropertyValueSpecification\",\"valueRequired\":true,\"valueName\":\"search_term_string\"}}],\"inLanguage\":\"en-US\"}]}<\/script>\n<!-- \/ Yoast SEO plugin. -->","yoast_head_json":{"title":"Little Book of Bottega Veneta (Frances Sol\u00e1-Santiago) - book \/ album - Folio","description":"Wejd\u017a i kup ksi\u0105\u017ck\u0119 Little Book of Bottega Veneta autorstwa Frances Sol\u00e1-Santiago wydan\u0105 przez Welbeck Publishing (2024-02-28) w formacie 12,8 x 18,4 cm (ISBN: 9781802796421). Zapraszamy!","robots":{"index":"index","follow":"follow","max-snippet":"max-snippet:-1","max-image-preview":"max-image-preview:large","max-video-preview":"max-video-preview:-1"},"canonical":"https:\/\/foliobooks.pl\/en\/shop\/little-book-of-bottega-veneta\/","og_locale":"en_US","og_type":"article","og_title":"Little Book of Bottega Veneta (Frances Sol\u00e1-Santiago) - book \/ album - Folio","og_description":"Wejd\u017a i kup ksi\u0105\u017ck\u0119 Little Book of Bottega Veneta autorstwa Frances Sol\u00e1-Santiago wydan\u0105 przez Welbeck Publishing (2024-02-28) w formacie 12,8 x 18,4 cm (ISBN: 9781802796421). Zapraszamy!","og_url":"https:\/\/foliobooks.pl\/en\/shop\/little-book-of-bottega-veneta\/","og_site_name":"Folio","og_image":[{"width":570,"height":708,"url":"https:\/\/foliobooks.pl\/wp-content\/uploads\/2024\/03\/9781802796421.png","type":"image\/png"}],"twitter_card":"summary_large_image","twitter_misc":{"Est. reading time":"1 minute"},"schema":{"@context":"https:\/\/schema.org","@graph":[{"@type":"WebPage","@id":"https:\/\/foliobooks.pl\/en\/shop\/little-book-of-bottega-veneta\/","url":"https:\/\/foliobooks.pl\/en\/shop\/little-book-of-bottega-veneta\/","name":"Little Book of Bottega Veneta (Frances Sol\u00e1-Santiago) - book \/ album - Folio","isPartOf":{"@id":"https:\/\/foliobooks.pl\/en\/#website"},"primaryImageOfPage":{"@id":"https:\/\/foliobooks.pl\/en\/shop\/little-book-of-bottega-veneta\/#primaryimage"},"image":{"@id":"https:\/\/foliobooks.pl\/en\/shop\/little-book-of-bottega-veneta\/#primaryimage"},"thumbnailUrl":"https:\/\/foliobooks.pl\/wp-content\/uploads\/2024\/03\/9781802796421.png","datePublished":"2024-03-22T13:34:23+00:00","description":"Wejd\u017a i kup ksi\u0105\u017ck\u0119 Little Book of Bottega Veneta autorstwa Frances Sol\u00e1-Santiago wydan\u0105 przez Welbeck Publishing (2024-02-28) w formacie 12,8 x 18,4 cm (ISBN: 9781802796421). Zapraszamy!","breadcrumb":{"@id":"https:\/\/foliobooks.pl\/en\/shop\/little-book-of-bottega-veneta\/#breadcrumb"},"inLanguage":"en-US","potentialAction":[{"@type":"ReadAction","target":["https:\/\/foliobooks.pl\/en\/shop\/little-book-of-bottega-veneta\/"]}]},{"@type":"ImageObject","inLanguage":"en-US","@id":"https:\/\/foliobooks.pl\/en\/shop\/little-book-of-bottega-veneta\/#primaryimage","url":"https:\/\/foliobooks.pl\/wp-content\/uploads\/2024\/03\/9781802796421.png","contentUrl":"https:\/\/foliobooks.pl\/wp-content\/uploads\/2024\/03\/9781802796421.png","width":570,"height":708},{"@type":"BreadcrumbList","@id":"https:\/\/foliobooks.pl\/en\/shop\/little-book-of-bottega-veneta\/#breadcrumb","itemListElement":[{"@type":"ListItem","position":1,"name":"Strona g\u0142\u00f3wna","item":"https:\/\/foliobooks.pl\/en\/"},{"@type":"ListItem","position":2,"name":"Shop","item":"https:\/\/foliobooks.pl\/en\/shop\/"},{"@type":"ListItem","position":3,"name":"Little Book of Bottega Veneta"}]},{"@type":"WebSite","@id":"https:\/\/foliobooks.pl\/en\/#website","url":"https:\/\/foliobooks.pl\/en\/","name":"Folio","description":"Ksi\u0119garnia internetowa","potentialAction":[{"@type":"SearchAction","target":{"@type":"EntryPoint","urlTemplate":"https:\/\/foliobooks.pl\/en\/?s={search_term_string}"},"query-input":{"@type":"PropertyValueSpecification","valueRequired":true,"valueName":"search_term_string"}}],"inLanguage":"en-US"}]}},"_links":{"self":[{"href":"https:\/\/foliobooks.pl\/en\/wp-json\/wp\/v2\/product\/101268","targetHints":{"allow":["GET"]}}],"collection":[{"href":"https:\/\/foliobooks.pl\/en\/wp-json\/wp\/v2\/product"}],"about":[{"href":"https:\/\/foliobooks.pl\/en\/wp-json\/wp\/v2\/types\/product"}],"replies":[{"embeddable":true,"href":"https:\/\/foliobooks.pl\/en\/wp-json\/wp\/v2\/comments?post=101268"}],"wp:featuredmedia":[{"embeddable":true,"href":"https:\/\/foliobooks.pl\/en\/wp-json\/wp\/v2\/media\/101251"}],"wp:attachment":[{"href":"https:\/\/foliobooks.pl\/en\/wp-json\/wp\/v2\/media?parent=101268"}],"wp:term":[{"taxonomy":"product_brand","embeddable":true,"href":"https:\/\/foliobooks.pl\/en\/wp-json\/wp\/v2\/product_brand?post=101268"},{"taxonomy":"product_cat","embeddable":true,"href":"https:\/\/foliobooks.pl\/en\/wp-json\/wp\/v2\/product_cat?post=101268"},{"taxonomy":"product_tag","embeddable":true,"href":"https:\/\/foliobooks.pl\/en\/wp-json\/wp\/v2\/product_tag?post=101268"}],"curies":[{"name":"wp","href":"https:\/\/api.w.org\/{rel}","templated":true}]}}