{"id":101248,"date":"2024-03-22T14:29:15","date_gmt":"2024-03-22T13:29:15","guid":{"rendered":"https:\/\/foliobooks.pl\/sklep\/leave-the-light-on\/"},"modified":"2025-07-01T18:18:03","modified_gmt":"2025-07-01T16:18:03","slug":"leave-the-light-on","status":"publish","type":"product","link":"https:\/\/foliobooks.pl\/en\/shop\/leave-the-light-on\/","title":{"rendered":"Leave the Light On"},"content":{"rendered":"<p>Leave the Light on is Annelore Desmet\u2019s tribute to women. Her captivating images are like poetry without words, but their beauty goes beyond the pretty picture. Suggestive and mysterious, these photographs tell a compelling story of authenticity, seduction and feminine power. Annelore Desmet knows better than anyone that beauty is more than skin deep.<\/p>\n<p>With her trusted camera and light as her sole ally, she manages to meticulously capture every model\u2019s essence, uniqueness and energy. For Annelore, photography is more than a craft. It is an intuitive journey wherein she completely surrenders to her instincts and embraces the moment. Or, as Henri Cartier-Bresson once said: &#8220;It is an illusion that photos are made with the camera&#8230; they are made with the eye, heart and head.&#8221;<\/p>\n","protected":false},"excerpt":{"rendered":"<p>Leave the Light on is Annelore Desmet\u2019s tribute to women. Her captivating images are like poetry without words, but their beauty goes beyond the pretty picture. Suggestive and mysterious, these photographs tell a compelling story of authenticity, seduction and feminine power. Annelore Desmet knows better than anyone that beauty is more than skin deep. With&#8230;<\/p>\n","protected":false},"featured_media":101235,"comment_status":"closed","ping_status":"closed","template":"","meta":[],"product_brand":[],"product_cat":[13533,4517],"product_tag":[1647,1710,6121,151],"class_list":{"0":"post-101248","1":"product","2":"type-product","3":"status-publish","4":"has-post-thumbnail","6":"product_cat-books","7":"product_cat-photography-en","8":"product_tag-erotica","9":"product_tag-models","10":"product_tag-photography","11":"product_tag-women","12":"pa_author_att-annelore-desmet-en","13":"pa_cover-hardcover","14":"pa_format-277-x-389-cm-en","15":"pa_isbn-9789058567079-en","16":"pa_language-eng","17":"pa_pages-144-en","18":"pa_published-2023-12-26-2-en","19":"pa_publisher-stichting-kunstboek-en","21":"first","22":"outofstock","23":"sold-individually","24":"shipping-taxable","25":"purchasable","26":"product-type-simple"},"yoast_head":"<!-- This site is optimized with the Yoast SEO plugin v27.4 - https:\/\/yoast.com\/product\/yoast-seo-wordpress\/ -->\n<title>Leave the Light On (Annelore Desmet) - book \/ album - Folio<\/title>\n<meta name=\"description\" content=\"Wejd\u017a i kup ksi\u0105\u017ck\u0119 Leave the Light On autorstwa Annelore Desmet wydan\u0105 przez Stichting Kunstboek (2023-12-26) w formacie 27,7 x 38,9 cm (ISBN: 9789058567079). Zapraszamy!\" \/>\n<meta name=\"robots\" content=\"index, follow, max-snippet:-1, max-image-preview:large, max-video-preview:-1\" \/>\n<link rel=\"canonical\" href=\"https:\/\/foliobooks.pl\/en\/shop\/leave-the-light-on\/\" \/>\n<meta property=\"og:locale\" content=\"en_US\" \/>\n<meta property=\"og:type\" content=\"article\" \/>\n<meta property=\"og:title\" content=\"Leave the Light On (Annelore Desmet) - book \/ album - Folio\" \/>\n<meta property=\"og:description\" content=\"Wejd\u017a i kup ksi\u0105\u017ck\u0119 Leave the Light On autorstwa Annelore Desmet wydan\u0105 przez Stichting Kunstboek (2023-12-26) w formacie 27,7 x 38,9 cm (ISBN: 9789058567079). Zapraszamy!\" \/>\n<meta property=\"og:url\" content=\"https:\/\/foliobooks.pl\/en\/shop\/leave-the-light-on\/\" \/>\n<meta property=\"og:site_name\" content=\"Folio\" \/>\n<meta property=\"article:modified_time\" content=\"2025-07-01T16:18:03+00:00\" \/>\n<meta property=\"og:image\" content=\"https:\/\/foliobooks.pl\/wp-content\/uploads\/2024\/03\/9789058567079.png\" \/>\n\t<meta property=\"og:image:width\" content=\"570\" \/>\n\t<meta property=\"og:image:height\" content=\"708\" \/>\n\t<meta property=\"og:image:type\" content=\"image\/png\" \/>\n<meta name=\"twitter:card\" content=\"summary_large_image\" \/>\n<meta name=\"twitter:label1\" content=\"Est. reading time\" \/>\n\t<meta name=\"twitter:data1\" content=\"1 minute\" \/>\n<script type=\"application\/ld+json\" class=\"yoast-schema-graph\">{\"@context\":\"https:\\\/\\\/schema.org\",\"@graph\":[{\"@type\":\"WebPage\",\"@id\":\"https:\\\/\\\/foliobooks.pl\\\/en\\\/shop\\\/leave-the-light-on\\\/\",\"url\":\"https:\\\/\\\/foliobooks.pl\\\/en\\\/shop\\\/leave-the-light-on\\\/\",\"name\":\"Leave the Light On (Annelore Desmet) - book \\\/ album - Folio\",\"isPartOf\":{\"@id\":\"https:\\\/\\\/foliobooks.pl\\\/en\\\/#website\"},\"primaryImageOfPage\":{\"@id\":\"https:\\\/\\\/foliobooks.pl\\\/en\\\/shop\\\/leave-the-light-on\\\/#primaryimage\"},\"image\":{\"@id\":\"https:\\\/\\\/foliobooks.pl\\\/en\\\/shop\\\/leave-the-light-on\\\/#primaryimage\"},\"thumbnailUrl\":\"https:\\\/\\\/foliobooks.pl\\\/wp-content\\\/uploads\\\/2024\\\/03\\\/9789058567079.png\",\"datePublished\":\"2024-03-22T13:29:15+00:00\",\"dateModified\":\"2025-07-01T16:18:03+00:00\",\"description\":\"Wejd\u017a i kup ksi\u0105\u017ck\u0119 Leave the Light On autorstwa Annelore Desmet wydan\u0105 przez Stichting Kunstboek (2023-12-26) w formacie 27,7 x 38,9 cm (ISBN: 9789058567079). Zapraszamy!\",\"breadcrumb\":{\"@id\":\"https:\\\/\\\/foliobooks.pl\\\/en\\\/shop\\\/leave-the-light-on\\\/#breadcrumb\"},\"inLanguage\":\"en-US\",\"potentialAction\":[{\"@type\":\"ReadAction\",\"target\":[\"https:\\\/\\\/foliobooks.pl\\\/en\\\/shop\\\/leave-the-light-on\\\/\"]}]},{\"@type\":\"ImageObject\",\"inLanguage\":\"en-US\",\"@id\":\"https:\\\/\\\/foliobooks.pl\\\/en\\\/shop\\\/leave-the-light-on\\\/#primaryimage\",\"url\":\"https:\\\/\\\/foliobooks.pl\\\/wp-content\\\/uploads\\\/2024\\\/03\\\/9789058567079.png\",\"contentUrl\":\"https:\\\/\\\/foliobooks.pl\\\/wp-content\\\/uploads\\\/2024\\\/03\\\/9789058567079.png\",\"width\":570,\"height\":708},{\"@type\":\"BreadcrumbList\",\"@id\":\"https:\\\/\\\/foliobooks.pl\\\/en\\\/shop\\\/leave-the-light-on\\\/#breadcrumb\",\"itemListElement\":[{\"@type\":\"ListItem\",\"position\":1,\"name\":\"Strona g\u0142\u00f3wna\",\"item\":\"https:\\\/\\\/foliobooks.pl\\\/en\\\/\"},{\"@type\":\"ListItem\",\"position\":2,\"name\":\"Shop\",\"item\":\"https:\\\/\\\/foliobooks.pl\\\/en\\\/shop\\\/\"},{\"@type\":\"ListItem\",\"position\":3,\"name\":\"Leave the Light On\"}]},{\"@type\":\"WebSite\",\"@id\":\"https:\\\/\\\/foliobooks.pl\\\/en\\\/#website\",\"url\":\"https:\\\/\\\/foliobooks.pl\\\/en\\\/\",\"name\":\"Folio\",\"description\":\"Ksi\u0119garnia internetowa\",\"potentialAction\":[{\"@type\":\"SearchAction\",\"target\":{\"@type\":\"EntryPoint\",\"urlTemplate\":\"https:\\\/\\\/foliobooks.pl\\\/en\\\/?s={search_term_string}\"},\"query-input\":{\"@type\":\"PropertyValueSpecification\",\"valueRequired\":true,\"valueName\":\"search_term_string\"}}],\"inLanguage\":\"en-US\"}]}<\/script>\n<!-- \/ Yoast SEO plugin. -->","yoast_head_json":{"title":"Leave the Light On (Annelore Desmet) - book \/ album - Folio","description":"Wejd\u017a i kup ksi\u0105\u017ck\u0119 Leave the Light On autorstwa Annelore Desmet wydan\u0105 przez Stichting Kunstboek (2023-12-26) w formacie 27,7 x 38,9 cm (ISBN: 9789058567079). Zapraszamy!","robots":{"index":"index","follow":"follow","max-snippet":"max-snippet:-1","max-image-preview":"max-image-preview:large","max-video-preview":"max-video-preview:-1"},"canonical":"https:\/\/foliobooks.pl\/en\/shop\/leave-the-light-on\/","og_locale":"en_US","og_type":"article","og_title":"Leave the Light On (Annelore Desmet) - book \/ album - Folio","og_description":"Wejd\u017a i kup ksi\u0105\u017ck\u0119 Leave the Light On autorstwa Annelore Desmet wydan\u0105 przez Stichting Kunstboek (2023-12-26) w formacie 27,7 x 38,9 cm (ISBN: 9789058567079). Zapraszamy!","og_url":"https:\/\/foliobooks.pl\/en\/shop\/leave-the-light-on\/","og_site_name":"Folio","article_modified_time":"2025-07-01T16:18:03+00:00","og_image":[{"width":570,"height":708,"url":"https:\/\/foliobooks.pl\/wp-content\/uploads\/2024\/03\/9789058567079.png","type":"image\/png"}],"twitter_card":"summary_large_image","twitter_misc":{"Est. reading time":"1 minute"},"schema":{"@context":"https:\/\/schema.org","@graph":[{"@type":"WebPage","@id":"https:\/\/foliobooks.pl\/en\/shop\/leave-the-light-on\/","url":"https:\/\/foliobooks.pl\/en\/shop\/leave-the-light-on\/","name":"Leave the Light On (Annelore Desmet) - book \/ album - Folio","isPartOf":{"@id":"https:\/\/foliobooks.pl\/en\/#website"},"primaryImageOfPage":{"@id":"https:\/\/foliobooks.pl\/en\/shop\/leave-the-light-on\/#primaryimage"},"image":{"@id":"https:\/\/foliobooks.pl\/en\/shop\/leave-the-light-on\/#primaryimage"},"thumbnailUrl":"https:\/\/foliobooks.pl\/wp-content\/uploads\/2024\/03\/9789058567079.png","datePublished":"2024-03-22T13:29:15+00:00","dateModified":"2025-07-01T16:18:03+00:00","description":"Wejd\u017a i kup ksi\u0105\u017ck\u0119 Leave the Light On autorstwa Annelore Desmet wydan\u0105 przez Stichting Kunstboek (2023-12-26) w formacie 27,7 x 38,9 cm (ISBN: 9789058567079). Zapraszamy!","breadcrumb":{"@id":"https:\/\/foliobooks.pl\/en\/shop\/leave-the-light-on\/#breadcrumb"},"inLanguage":"en-US","potentialAction":[{"@type":"ReadAction","target":["https:\/\/foliobooks.pl\/en\/shop\/leave-the-light-on\/"]}]},{"@type":"ImageObject","inLanguage":"en-US","@id":"https:\/\/foliobooks.pl\/en\/shop\/leave-the-light-on\/#primaryimage","url":"https:\/\/foliobooks.pl\/wp-content\/uploads\/2024\/03\/9789058567079.png","contentUrl":"https:\/\/foliobooks.pl\/wp-content\/uploads\/2024\/03\/9789058567079.png","width":570,"height":708},{"@type":"BreadcrumbList","@id":"https:\/\/foliobooks.pl\/en\/shop\/leave-the-light-on\/#breadcrumb","itemListElement":[{"@type":"ListItem","position":1,"name":"Strona g\u0142\u00f3wna","item":"https:\/\/foliobooks.pl\/en\/"},{"@type":"ListItem","position":2,"name":"Shop","item":"https:\/\/foliobooks.pl\/en\/shop\/"},{"@type":"ListItem","position":3,"name":"Leave the Light On"}]},{"@type":"WebSite","@id":"https:\/\/foliobooks.pl\/en\/#website","url":"https:\/\/foliobooks.pl\/en\/","name":"Folio","description":"Ksi\u0119garnia internetowa","potentialAction":[{"@type":"SearchAction","target":{"@type":"EntryPoint","urlTemplate":"https:\/\/foliobooks.pl\/en\/?s={search_term_string}"},"query-input":{"@type":"PropertyValueSpecification","valueRequired":true,"valueName":"search_term_string"}}],"inLanguage":"en-US"}]}},"_links":{"self":[{"href":"https:\/\/foliobooks.pl\/en\/wp-json\/wp\/v2\/product\/101248","targetHints":{"allow":["GET"]}}],"collection":[{"href":"https:\/\/foliobooks.pl\/en\/wp-json\/wp\/v2\/product"}],"about":[{"href":"https:\/\/foliobooks.pl\/en\/wp-json\/wp\/v2\/types\/product"}],"replies":[{"embeddable":true,"href":"https:\/\/foliobooks.pl\/en\/wp-json\/wp\/v2\/comments?post=101248"}],"wp:featuredmedia":[{"embeddable":true,"href":"https:\/\/foliobooks.pl\/en\/wp-json\/wp\/v2\/media\/101235"}],"wp:attachment":[{"href":"https:\/\/foliobooks.pl\/en\/wp-json\/wp\/v2\/media?parent=101248"}],"wp:term":[{"taxonomy":"product_brand","embeddable":true,"href":"https:\/\/foliobooks.pl\/en\/wp-json\/wp\/v2\/product_brand?post=101248"},{"taxonomy":"product_cat","embeddable":true,"href":"https:\/\/foliobooks.pl\/en\/wp-json\/wp\/v2\/product_cat?post=101248"},{"taxonomy":"product_tag","embeddable":true,"href":"https:\/\/foliobooks.pl\/en\/wp-json\/wp\/v2\/product_tag?post=101248"}],"curies":[{"name":"wp","href":"https:\/\/api.w.org\/{rel}","templated":true}]}}