{"id":101232,"date":"2024-03-22T14:23:59","date_gmt":"2024-03-22T13:23:59","guid":{"rendered":"https:\/\/foliobooks.pl\/sklep\/karl-lagerfeld-a-life-in-houses\/"},"modified":"2024-06-28T15:50:17","modified_gmt":"2024-06-28T13:50:17","slug":"karl-lagerfeld-a-life-in-houses","status":"publish","type":"product","link":"https:\/\/foliobooks.pl\/en\/shop\/karl-lagerfeld-a-life-in-houses\/","title":{"rendered":"Karl Lagerfeld. A Life in Houses"},"content":{"rendered":"<p>The first publication dedicated to Karl Lagerfeld&#8217;s glamorous homes, known for their eclectic interiors, ranging from the Art Deco to the ultramodern.<\/p>\n<p>While Karl Lagerfeld was famous for being at the very centre of the fashion industry for over half a century, he was equally opinionated when it came to interiors, which acted as a private creative outlet alongside his fashion designs.<\/p>\n<p>Following an overview by Patrick Mauri\u00e8s, each house is introduced by a short text by Marie Kalt unveiling its history and identifying key designers and pieces. The homes are documented by date, beginning with rare photography of Lagerfeld\u2019s early addresses in the 1960s and 1970s, through to his final house purchase in 2009. From the elegant Art-Deco inspired apartment in Saint-Sulpice, Paris, to the incredibly ornate 18th-century mansion, H\u00f4tel Pozzo di Borgo (his muse and collaborator Amanda Harlech described Lagerfeld as having \u2018a Versailles complex\u2019) \u2013 Lagerfeld\u2019s houses reveal he was a collector of a Renaissance scale, and showed spectacular range in his decorating styles. Lagerfeld would balance the old with the new, humorously describing the minimalist decor of his 200-year old apartment in Quai Voltaire, Paris as \u2018like floating in your own spaceship over a very civilised past\u2019, and moved from one atmosphere to the next, leaving a Memphis-designed apartment in Monte Carlo for a Grand-Tour themed Roman pied-\u00e0-terre, followed by bucolic French country houses and even a majestic Nordic villa in his native Hamburg.<\/p>\n<p>Presented in a large, elegant format, Karl Lagerfeld: A Life in Houses will be a rich source of inspiration for those interested in interior design, and will appeal to fans of the decorative arts and the fashion designer himself.<\/p>\n","protected":false},"excerpt":{"rendered":"<p>The first publication dedicated to Karl Lagerfeld&#8217;s glamorous homes, known for their eclectic interiors, ranging from the Art Deco to the ultramodern. While Karl Lagerfeld was famous for being at the very centre of the fashion industry for over half a century, he was equally opinionated when it came to interiors, which acted as a&#8230;<\/p>\n","protected":false},"featured_media":101217,"comment_status":"closed","ping_status":"closed","template":"","meta":[],"product_brand":[],"product_cat":[4516,13533],"product_tag":[1122,290],"class_list":{"0":"post-101232","1":"product","2":"type-product","3":"status-publish","4":"has-post-thumbnail","6":"product_cat-architecture-en","7":"product_cat-books","8":"product_tag-houses-en","9":"product_tag-interiors-en","10":"pa_author_att-marie-kalt-en","11":"pa_author_att-patrick-mauries-en","12":"pa_cover-hardcover","13":"pa_format-29-x-363-cm-en","14":"pa_isbn-9780500025840-en","15":"pa_language-eng","16":"pa_pages-240-en","17":"pa_published-2023-12-14-en","18":"pa_publisher-thames-hudson-en","20":"first","21":"outofstock","22":"sold-individually","23":"shipping-taxable","24":"purchasable","25":"product-type-simple"},"yoast_head":"<!-- This site is optimized with the Yoast SEO plugin v27.4 - https:\/\/yoast.com\/product\/yoast-seo-wordpress\/ -->\n<title>Karl Lagerfeld. A Life in Houses (Marie Kalt, Patrick Mauri\u00e8s) - book \/ album - Folio<\/title>\n<meta name=\"description\" content=\"Wejd\u017a i kup ksi\u0105\u017ck\u0119 Karl Lagerfeld. A Life in Houses autorstwa Marie Kalt, Patrick Mauri\u00e8s wydan\u0105 przez Thames &amp; Hudson (2023-12-14) w formacie 29 x 36,3 cm (ISBN: 9780500025840). Zapraszamy!\" \/>\n<meta name=\"robots\" content=\"index, follow, max-snippet:-1, max-image-preview:large, max-video-preview:-1\" \/>\n<link rel=\"canonical\" href=\"https:\/\/foliobooks.pl\/en\/shop\/karl-lagerfeld-a-life-in-houses\/\" \/>\n<meta property=\"og:locale\" content=\"en_US\" \/>\n<meta property=\"og:type\" content=\"article\" \/>\n<meta property=\"og:title\" content=\"Karl Lagerfeld. A Life in Houses (Marie Kalt, Patrick Mauri\u00e8s) - book \/ album - Folio\" \/>\n<meta property=\"og:description\" content=\"Wejd\u017a i kup ksi\u0105\u017ck\u0119 Karl Lagerfeld. A Life in Houses autorstwa Marie Kalt, Patrick Mauri\u00e8s wydan\u0105 przez Thames &amp; Hudson (2023-12-14) w formacie 29 x 36,3 cm (ISBN: 9780500025840). Zapraszamy!\" \/>\n<meta property=\"og:url\" content=\"https:\/\/foliobooks.pl\/en\/shop\/karl-lagerfeld-a-life-in-houses\/\" \/>\n<meta property=\"og:site_name\" content=\"Folio\" \/>\n<meta property=\"article:modified_time\" content=\"2024-06-28T13:50:17+00:00\" \/>\n<meta property=\"og:image\" content=\"https:\/\/foliobooks.pl\/wp-content\/uploads\/2024\/03\/9780500025840.png\" \/>\n\t<meta property=\"og:image:width\" content=\"570\" \/>\n\t<meta property=\"og:image:height\" content=\"708\" \/>\n\t<meta property=\"og:image:type\" content=\"image\/png\" \/>\n<meta name=\"twitter:card\" content=\"summary_large_image\" \/>\n<meta name=\"twitter:label1\" content=\"Est. reading time\" \/>\n\t<meta name=\"twitter:data1\" content=\"2 minutes\" \/>\n<script type=\"application\/ld+json\" class=\"yoast-schema-graph\">{\"@context\":\"https:\\\/\\\/schema.org\",\"@graph\":[{\"@type\":\"WebPage\",\"@id\":\"https:\\\/\\\/foliobooks.pl\\\/en\\\/shop\\\/karl-lagerfeld-a-life-in-houses\\\/\",\"url\":\"https:\\\/\\\/foliobooks.pl\\\/en\\\/shop\\\/karl-lagerfeld-a-life-in-houses\\\/\",\"name\":\"Karl Lagerfeld. A Life in Houses (Marie Kalt, Patrick Mauri\u00e8s) - book \\\/ album - Folio\",\"isPartOf\":{\"@id\":\"https:\\\/\\\/foliobooks.pl\\\/en\\\/#website\"},\"primaryImageOfPage\":{\"@id\":\"https:\\\/\\\/foliobooks.pl\\\/en\\\/shop\\\/karl-lagerfeld-a-life-in-houses\\\/#primaryimage\"},\"image\":{\"@id\":\"https:\\\/\\\/foliobooks.pl\\\/en\\\/shop\\\/karl-lagerfeld-a-life-in-houses\\\/#primaryimage\"},\"thumbnailUrl\":\"https:\\\/\\\/foliobooks.pl\\\/wp-content\\\/uploads\\\/2024\\\/03\\\/9780500025840.png\",\"datePublished\":\"2024-03-22T13:23:59+00:00\",\"dateModified\":\"2024-06-28T13:50:17+00:00\",\"description\":\"Wejd\u017a i kup ksi\u0105\u017ck\u0119 Karl Lagerfeld. A Life in Houses autorstwa Marie Kalt, Patrick Mauri\u00e8s wydan\u0105 przez Thames &amp; Hudson (2023-12-14) w formacie 29 x 36,3 cm (ISBN: 9780500025840). Zapraszamy!\",\"breadcrumb\":{\"@id\":\"https:\\\/\\\/foliobooks.pl\\\/en\\\/shop\\\/karl-lagerfeld-a-life-in-houses\\\/#breadcrumb\"},\"inLanguage\":\"en-US\",\"potentialAction\":[{\"@type\":\"ReadAction\",\"target\":[\"https:\\\/\\\/foliobooks.pl\\\/en\\\/shop\\\/karl-lagerfeld-a-life-in-houses\\\/\"]}]},{\"@type\":\"ImageObject\",\"inLanguage\":\"en-US\",\"@id\":\"https:\\\/\\\/foliobooks.pl\\\/en\\\/shop\\\/karl-lagerfeld-a-life-in-houses\\\/#primaryimage\",\"url\":\"https:\\\/\\\/foliobooks.pl\\\/wp-content\\\/uploads\\\/2024\\\/03\\\/9780500025840.png\",\"contentUrl\":\"https:\\\/\\\/foliobooks.pl\\\/wp-content\\\/uploads\\\/2024\\\/03\\\/9780500025840.png\",\"width\":570,\"height\":708},{\"@type\":\"BreadcrumbList\",\"@id\":\"https:\\\/\\\/foliobooks.pl\\\/en\\\/shop\\\/karl-lagerfeld-a-life-in-houses\\\/#breadcrumb\",\"itemListElement\":[{\"@type\":\"ListItem\",\"position\":1,\"name\":\"Strona g\u0142\u00f3wna\",\"item\":\"https:\\\/\\\/foliobooks.pl\\\/en\\\/\"},{\"@type\":\"ListItem\",\"position\":2,\"name\":\"Shop\",\"item\":\"https:\\\/\\\/foliobooks.pl\\\/en\\\/shop\\\/\"},{\"@type\":\"ListItem\",\"position\":3,\"name\":\"Karl Lagerfeld. A Life in Houses\"}]},{\"@type\":\"WebSite\",\"@id\":\"https:\\\/\\\/foliobooks.pl\\\/en\\\/#website\",\"url\":\"https:\\\/\\\/foliobooks.pl\\\/en\\\/\",\"name\":\"Folio\",\"description\":\"Ksi\u0119garnia internetowa\",\"potentialAction\":[{\"@type\":\"SearchAction\",\"target\":{\"@type\":\"EntryPoint\",\"urlTemplate\":\"https:\\\/\\\/foliobooks.pl\\\/en\\\/?s={search_term_string}\"},\"query-input\":{\"@type\":\"PropertyValueSpecification\",\"valueRequired\":true,\"valueName\":\"search_term_string\"}}],\"inLanguage\":\"en-US\"}]}<\/script>\n<!-- \/ Yoast SEO plugin. -->","yoast_head_json":{"title":"Karl Lagerfeld. A Life in Houses (Marie Kalt, Patrick Mauri\u00e8s) - book \/ album - Folio","description":"Wejd\u017a i kup ksi\u0105\u017ck\u0119 Karl Lagerfeld. A Life in Houses autorstwa Marie Kalt, Patrick Mauri\u00e8s wydan\u0105 przez Thames &amp; Hudson (2023-12-14) w formacie 29 x 36,3 cm (ISBN: 9780500025840). Zapraszamy!","robots":{"index":"index","follow":"follow","max-snippet":"max-snippet:-1","max-image-preview":"max-image-preview:large","max-video-preview":"max-video-preview:-1"},"canonical":"https:\/\/foliobooks.pl\/en\/shop\/karl-lagerfeld-a-life-in-houses\/","og_locale":"en_US","og_type":"article","og_title":"Karl Lagerfeld. A Life in Houses (Marie Kalt, Patrick Mauri\u00e8s) - book \/ album - Folio","og_description":"Wejd\u017a i kup ksi\u0105\u017ck\u0119 Karl Lagerfeld. A Life in Houses autorstwa Marie Kalt, Patrick Mauri\u00e8s wydan\u0105 przez Thames &amp; Hudson (2023-12-14) w formacie 29 x 36,3 cm (ISBN: 9780500025840). Zapraszamy!","og_url":"https:\/\/foliobooks.pl\/en\/shop\/karl-lagerfeld-a-life-in-houses\/","og_site_name":"Folio","article_modified_time":"2024-06-28T13:50:17+00:00","og_image":[{"width":570,"height":708,"url":"https:\/\/foliobooks.pl\/wp-content\/uploads\/2024\/03\/9780500025840.png","type":"image\/png"}],"twitter_card":"summary_large_image","twitter_misc":{"Est. reading time":"2 minutes"},"schema":{"@context":"https:\/\/schema.org","@graph":[{"@type":"WebPage","@id":"https:\/\/foliobooks.pl\/en\/shop\/karl-lagerfeld-a-life-in-houses\/","url":"https:\/\/foliobooks.pl\/en\/shop\/karl-lagerfeld-a-life-in-houses\/","name":"Karl Lagerfeld. A Life in Houses (Marie Kalt, Patrick Mauri\u00e8s) - book \/ album - Folio","isPartOf":{"@id":"https:\/\/foliobooks.pl\/en\/#website"},"primaryImageOfPage":{"@id":"https:\/\/foliobooks.pl\/en\/shop\/karl-lagerfeld-a-life-in-houses\/#primaryimage"},"image":{"@id":"https:\/\/foliobooks.pl\/en\/shop\/karl-lagerfeld-a-life-in-houses\/#primaryimage"},"thumbnailUrl":"https:\/\/foliobooks.pl\/wp-content\/uploads\/2024\/03\/9780500025840.png","datePublished":"2024-03-22T13:23:59+00:00","dateModified":"2024-06-28T13:50:17+00:00","description":"Wejd\u017a i kup ksi\u0105\u017ck\u0119 Karl Lagerfeld. A Life in Houses autorstwa Marie Kalt, Patrick Mauri\u00e8s wydan\u0105 przez Thames &amp; Hudson (2023-12-14) w formacie 29 x 36,3 cm (ISBN: 9780500025840). Zapraszamy!","breadcrumb":{"@id":"https:\/\/foliobooks.pl\/en\/shop\/karl-lagerfeld-a-life-in-houses\/#breadcrumb"},"inLanguage":"en-US","potentialAction":[{"@type":"ReadAction","target":["https:\/\/foliobooks.pl\/en\/shop\/karl-lagerfeld-a-life-in-houses\/"]}]},{"@type":"ImageObject","inLanguage":"en-US","@id":"https:\/\/foliobooks.pl\/en\/shop\/karl-lagerfeld-a-life-in-houses\/#primaryimage","url":"https:\/\/foliobooks.pl\/wp-content\/uploads\/2024\/03\/9780500025840.png","contentUrl":"https:\/\/foliobooks.pl\/wp-content\/uploads\/2024\/03\/9780500025840.png","width":570,"height":708},{"@type":"BreadcrumbList","@id":"https:\/\/foliobooks.pl\/en\/shop\/karl-lagerfeld-a-life-in-houses\/#breadcrumb","itemListElement":[{"@type":"ListItem","position":1,"name":"Strona g\u0142\u00f3wna","item":"https:\/\/foliobooks.pl\/en\/"},{"@type":"ListItem","position":2,"name":"Shop","item":"https:\/\/foliobooks.pl\/en\/shop\/"},{"@type":"ListItem","position":3,"name":"Karl Lagerfeld. A Life in Houses"}]},{"@type":"WebSite","@id":"https:\/\/foliobooks.pl\/en\/#website","url":"https:\/\/foliobooks.pl\/en\/","name":"Folio","description":"Ksi\u0119garnia internetowa","potentialAction":[{"@type":"SearchAction","target":{"@type":"EntryPoint","urlTemplate":"https:\/\/foliobooks.pl\/en\/?s={search_term_string}"},"query-input":{"@type":"PropertyValueSpecification","valueRequired":true,"valueName":"search_term_string"}}],"inLanguage":"en-US"}]}},"_links":{"self":[{"href":"https:\/\/foliobooks.pl\/en\/wp-json\/wp\/v2\/product\/101232","targetHints":{"allow":["GET"]}}],"collection":[{"href":"https:\/\/foliobooks.pl\/en\/wp-json\/wp\/v2\/product"}],"about":[{"href":"https:\/\/foliobooks.pl\/en\/wp-json\/wp\/v2\/types\/product"}],"replies":[{"embeddable":true,"href":"https:\/\/foliobooks.pl\/en\/wp-json\/wp\/v2\/comments?post=101232"}],"wp:featuredmedia":[{"embeddable":true,"href":"https:\/\/foliobooks.pl\/en\/wp-json\/wp\/v2\/media\/101217"}],"wp:attachment":[{"href":"https:\/\/foliobooks.pl\/en\/wp-json\/wp\/v2\/media?parent=101232"}],"wp:term":[{"taxonomy":"product_brand","embeddable":true,"href":"https:\/\/foliobooks.pl\/en\/wp-json\/wp\/v2\/product_brand?post=101232"},{"taxonomy":"product_cat","embeddable":true,"href":"https:\/\/foliobooks.pl\/en\/wp-json\/wp\/v2\/product_cat?post=101232"},{"taxonomy":"product_tag","embeddable":true,"href":"https:\/\/foliobooks.pl\/en\/wp-json\/wp\/v2\/product_tag?post=101232"}],"curies":[{"name":"wp","href":"https:\/\/api.w.org\/{rel}","templated":true}]}}