{"id":101152,"date":"2024-03-22T12:49:36","date_gmt":"2024-03-22T11:49:36","guid":{"rendered":"https:\/\/foliobooks.pl\/sklep\/eco-materials-decorating-with-ecological-materials\/"},"modified":"2024-03-22T12:49:36","modified_gmt":"2024-03-22T11:49:36","slug":"eco-materials-decorating-with-ecological-materials","status":"publish","type":"product","link":"https:\/\/foliobooks.pl\/en\/shop\/eco-materials-decorating-with-ecological-materials\/","title":{"rendered":"Eco Materials. Decorating with Ecological Materials"},"content":{"rendered":"<p>It is no longer a secret that a trip to nature can work wonders. As a lightning-like mood enhancer, we instantly feel more relaxed and alive; after all, nature has served us as a retreat to gather strength since time immemorial. The new coffee table book Eco Materials shows how we can bring this calming energy from outdoors indoors: with the help of a wide variety of eco-materials, a feel-good atmosphere \u00e0 la Mother Nature can easily be recreated within our own four walls. Cork, bamboo and the like create<\/p>\n","protected":false},"excerpt":{"rendered":"<p>It is no longer a secret that a trip to nature can work wonders. As a lightning-like mood enhancer, we instantly feel more relaxed and alive; after all, nature has served us as a retreat to gather strength since time immemorial. The new coffee table book Eco Materials shows how we can bring this calming&#8230;<\/p>\n","protected":false},"featured_media":101135,"comment_status":"closed","ping_status":"closed","template":"","meta":[],"product_brand":[],"product_cat":[4516,13533],"product_tag":[6124,1605,290,18135],"class_list":{"0":"post-101152","1":"product","2":"type-product","3":"status-publish","4":"has-post-thumbnail","6":"product_cat-architecture-en","7":"product_cat-books","8":"product_tag-architecture-en","9":"product_tag-ecology","10":"product_tag-interiors-en","11":"product_tag-wystroj-wnetrz-en","12":"pa_author_att-claire-bingham-en","13":"pa_cover-hardcover","14":"pa_format-198-x-246-cm-en","15":"pa_isbn-9783961715015-en","16":"pa_language-eng","17":"pa_pages-192-en","18":"pa_published-2023-11-30-en","19":"pa_publisher-teneues-en","21":"first","22":"instock","23":"sold-individually","24":"shipping-taxable","25":"purchasable","26":"product-type-simple"},"yoast_head":"<!-- This site is optimized with the Yoast SEO plugin v27.4 - https:\/\/yoast.com\/product\/yoast-seo-wordpress\/ -->\n<title>Eco Materials. Decorating with Ecological Materials (Claire Bingham) - book \/ album - Folio<\/title>\n<meta name=\"description\" content=\"Wejd\u017a i kup ksi\u0105\u017ck\u0119 Eco Materials. Decorating with Ecological Materials autorstwa Claire Bingham wydan\u0105 przez teNeues (2023-11-30) w formacie 19,8 x 24,6 cm (ISBN: 9783961715015). Zapraszamy!\" \/>\n<meta name=\"robots\" content=\"index, follow, max-snippet:-1, max-image-preview:large, max-video-preview:-1\" \/>\n<link rel=\"canonical\" href=\"https:\/\/foliobooks.pl\/en\/shop\/eco-materials-decorating-with-ecological-materials\/\" \/>\n<meta property=\"og:locale\" content=\"en_US\" \/>\n<meta property=\"og:type\" content=\"article\" \/>\n<meta property=\"og:title\" content=\"Eco Materials. Decorating with Ecological Materials (Claire Bingham) - book \/ album - Folio\" \/>\n<meta property=\"og:description\" content=\"Wejd\u017a i kup ksi\u0105\u017ck\u0119 Eco Materials. Decorating with Ecological Materials autorstwa Claire Bingham wydan\u0105 przez teNeues (2023-11-30) w formacie 19,8 x 24,6 cm (ISBN: 9783961715015). Zapraszamy!\" \/>\n<meta property=\"og:url\" content=\"https:\/\/foliobooks.pl\/en\/shop\/eco-materials-decorating-with-ecological-materials\/\" \/>\n<meta property=\"og:site_name\" content=\"Folio\" \/>\n<meta property=\"og:image\" content=\"https:\/\/foliobooks.pl\/wp-content\/uploads\/2024\/03\/9783961715015.png\" \/>\n\t<meta property=\"og:image:width\" content=\"570\" \/>\n\t<meta property=\"og:image:height\" content=\"708\" \/>\n\t<meta property=\"og:image:type\" content=\"image\/png\" \/>\n<meta name=\"twitter:card\" content=\"summary_large_image\" \/>\n<meta name=\"twitter:label1\" content=\"Est. reading time\" \/>\n\t<meta name=\"twitter:data1\" content=\"1 minute\" \/>\n<script type=\"application\/ld+json\" class=\"yoast-schema-graph\">{\"@context\":\"https:\\\/\\\/schema.org\",\"@graph\":[{\"@type\":\"WebPage\",\"@id\":\"https:\\\/\\\/foliobooks.pl\\\/en\\\/shop\\\/eco-materials-decorating-with-ecological-materials\\\/\",\"url\":\"https:\\\/\\\/foliobooks.pl\\\/en\\\/shop\\\/eco-materials-decorating-with-ecological-materials\\\/\",\"name\":\"Eco Materials. Decorating with Ecological Materials (Claire Bingham) - book \\\/ album - Folio\",\"isPartOf\":{\"@id\":\"https:\\\/\\\/foliobooks.pl\\\/en\\\/#website\"},\"primaryImageOfPage\":{\"@id\":\"https:\\\/\\\/foliobooks.pl\\\/en\\\/shop\\\/eco-materials-decorating-with-ecological-materials\\\/#primaryimage\"},\"image\":{\"@id\":\"https:\\\/\\\/foliobooks.pl\\\/en\\\/shop\\\/eco-materials-decorating-with-ecological-materials\\\/#primaryimage\"},\"thumbnailUrl\":\"https:\\\/\\\/foliobooks.pl\\\/wp-content\\\/uploads\\\/2024\\\/03\\\/9783961715015.png\",\"datePublished\":\"2024-03-22T11:49:36+00:00\",\"description\":\"Wejd\u017a i kup ksi\u0105\u017ck\u0119 Eco Materials. Decorating with Ecological Materials autorstwa Claire Bingham wydan\u0105 przez teNeues (2023-11-30) w formacie 19,8 x 24,6 cm (ISBN: 9783961715015). Zapraszamy!\",\"breadcrumb\":{\"@id\":\"https:\\\/\\\/foliobooks.pl\\\/en\\\/shop\\\/eco-materials-decorating-with-ecological-materials\\\/#breadcrumb\"},\"inLanguage\":\"en-US\",\"potentialAction\":[{\"@type\":\"ReadAction\",\"target\":[\"https:\\\/\\\/foliobooks.pl\\\/en\\\/shop\\\/eco-materials-decorating-with-ecological-materials\\\/\"]}]},{\"@type\":\"ImageObject\",\"inLanguage\":\"en-US\",\"@id\":\"https:\\\/\\\/foliobooks.pl\\\/en\\\/shop\\\/eco-materials-decorating-with-ecological-materials\\\/#primaryimage\",\"url\":\"https:\\\/\\\/foliobooks.pl\\\/wp-content\\\/uploads\\\/2024\\\/03\\\/9783961715015.png\",\"contentUrl\":\"https:\\\/\\\/foliobooks.pl\\\/wp-content\\\/uploads\\\/2024\\\/03\\\/9783961715015.png\",\"width\":570,\"height\":708},{\"@type\":\"BreadcrumbList\",\"@id\":\"https:\\\/\\\/foliobooks.pl\\\/en\\\/shop\\\/eco-materials-decorating-with-ecological-materials\\\/#breadcrumb\",\"itemListElement\":[{\"@type\":\"ListItem\",\"position\":1,\"name\":\"Strona g\u0142\u00f3wna\",\"item\":\"https:\\\/\\\/foliobooks.pl\\\/en\\\/\"},{\"@type\":\"ListItem\",\"position\":2,\"name\":\"Shop\",\"item\":\"https:\\\/\\\/foliobooks.pl\\\/en\\\/shop\\\/\"},{\"@type\":\"ListItem\",\"position\":3,\"name\":\"Eco Materials. Decorating with Ecological Materials\"}]},{\"@type\":\"WebSite\",\"@id\":\"https:\\\/\\\/foliobooks.pl\\\/en\\\/#website\",\"url\":\"https:\\\/\\\/foliobooks.pl\\\/en\\\/\",\"name\":\"Folio\",\"description\":\"Ksi\u0119garnia internetowa\",\"potentialAction\":[{\"@type\":\"SearchAction\",\"target\":{\"@type\":\"EntryPoint\",\"urlTemplate\":\"https:\\\/\\\/foliobooks.pl\\\/en\\\/?s={search_term_string}\"},\"query-input\":{\"@type\":\"PropertyValueSpecification\",\"valueRequired\":true,\"valueName\":\"search_term_string\"}}],\"inLanguage\":\"en-US\"}]}<\/script>\n<!-- \/ Yoast SEO plugin. -->","yoast_head_json":{"title":"Eco Materials. Decorating with Ecological Materials (Claire Bingham) - book \/ album - Folio","description":"Wejd\u017a i kup ksi\u0105\u017ck\u0119 Eco Materials. Decorating with Ecological Materials autorstwa Claire Bingham wydan\u0105 przez teNeues (2023-11-30) w formacie 19,8 x 24,6 cm (ISBN: 9783961715015). Zapraszamy!","robots":{"index":"index","follow":"follow","max-snippet":"max-snippet:-1","max-image-preview":"max-image-preview:large","max-video-preview":"max-video-preview:-1"},"canonical":"https:\/\/foliobooks.pl\/en\/shop\/eco-materials-decorating-with-ecological-materials\/","og_locale":"en_US","og_type":"article","og_title":"Eco Materials. Decorating with Ecological Materials (Claire Bingham) - book \/ album - Folio","og_description":"Wejd\u017a i kup ksi\u0105\u017ck\u0119 Eco Materials. Decorating with Ecological Materials autorstwa Claire Bingham wydan\u0105 przez teNeues (2023-11-30) w formacie 19,8 x 24,6 cm (ISBN: 9783961715015). Zapraszamy!","og_url":"https:\/\/foliobooks.pl\/en\/shop\/eco-materials-decorating-with-ecological-materials\/","og_site_name":"Folio","og_image":[{"width":570,"height":708,"url":"https:\/\/foliobooks.pl\/wp-content\/uploads\/2024\/03\/9783961715015.png","type":"image\/png"}],"twitter_card":"summary_large_image","twitter_misc":{"Est. reading time":"1 minute"},"schema":{"@context":"https:\/\/schema.org","@graph":[{"@type":"WebPage","@id":"https:\/\/foliobooks.pl\/en\/shop\/eco-materials-decorating-with-ecological-materials\/","url":"https:\/\/foliobooks.pl\/en\/shop\/eco-materials-decorating-with-ecological-materials\/","name":"Eco Materials. Decorating with Ecological Materials (Claire Bingham) - book \/ album - Folio","isPartOf":{"@id":"https:\/\/foliobooks.pl\/en\/#website"},"primaryImageOfPage":{"@id":"https:\/\/foliobooks.pl\/en\/shop\/eco-materials-decorating-with-ecological-materials\/#primaryimage"},"image":{"@id":"https:\/\/foliobooks.pl\/en\/shop\/eco-materials-decorating-with-ecological-materials\/#primaryimage"},"thumbnailUrl":"https:\/\/foliobooks.pl\/wp-content\/uploads\/2024\/03\/9783961715015.png","datePublished":"2024-03-22T11:49:36+00:00","description":"Wejd\u017a i kup ksi\u0105\u017ck\u0119 Eco Materials. Decorating with Ecological Materials autorstwa Claire Bingham wydan\u0105 przez teNeues (2023-11-30) w formacie 19,8 x 24,6 cm (ISBN: 9783961715015). Zapraszamy!","breadcrumb":{"@id":"https:\/\/foliobooks.pl\/en\/shop\/eco-materials-decorating-with-ecological-materials\/#breadcrumb"},"inLanguage":"en-US","potentialAction":[{"@type":"ReadAction","target":["https:\/\/foliobooks.pl\/en\/shop\/eco-materials-decorating-with-ecological-materials\/"]}]},{"@type":"ImageObject","inLanguage":"en-US","@id":"https:\/\/foliobooks.pl\/en\/shop\/eco-materials-decorating-with-ecological-materials\/#primaryimage","url":"https:\/\/foliobooks.pl\/wp-content\/uploads\/2024\/03\/9783961715015.png","contentUrl":"https:\/\/foliobooks.pl\/wp-content\/uploads\/2024\/03\/9783961715015.png","width":570,"height":708},{"@type":"BreadcrumbList","@id":"https:\/\/foliobooks.pl\/en\/shop\/eco-materials-decorating-with-ecological-materials\/#breadcrumb","itemListElement":[{"@type":"ListItem","position":1,"name":"Strona g\u0142\u00f3wna","item":"https:\/\/foliobooks.pl\/en\/"},{"@type":"ListItem","position":2,"name":"Shop","item":"https:\/\/foliobooks.pl\/en\/shop\/"},{"@type":"ListItem","position":3,"name":"Eco Materials. Decorating with Ecological Materials"}]},{"@type":"WebSite","@id":"https:\/\/foliobooks.pl\/en\/#website","url":"https:\/\/foliobooks.pl\/en\/","name":"Folio","description":"Ksi\u0119garnia internetowa","potentialAction":[{"@type":"SearchAction","target":{"@type":"EntryPoint","urlTemplate":"https:\/\/foliobooks.pl\/en\/?s={search_term_string}"},"query-input":{"@type":"PropertyValueSpecification","valueRequired":true,"valueName":"search_term_string"}}],"inLanguage":"en-US"}]}},"_links":{"self":[{"href":"https:\/\/foliobooks.pl\/en\/wp-json\/wp\/v2\/product\/101152","targetHints":{"allow":["GET"]}}],"collection":[{"href":"https:\/\/foliobooks.pl\/en\/wp-json\/wp\/v2\/product"}],"about":[{"href":"https:\/\/foliobooks.pl\/en\/wp-json\/wp\/v2\/types\/product"}],"replies":[{"embeddable":true,"href":"https:\/\/foliobooks.pl\/en\/wp-json\/wp\/v2\/comments?post=101152"}],"wp:featuredmedia":[{"embeddable":true,"href":"https:\/\/foliobooks.pl\/en\/wp-json\/wp\/v2\/media\/101135"}],"wp:attachment":[{"href":"https:\/\/foliobooks.pl\/en\/wp-json\/wp\/v2\/media?parent=101152"}],"wp:term":[{"taxonomy":"product_brand","embeddable":true,"href":"https:\/\/foliobooks.pl\/en\/wp-json\/wp\/v2\/product_brand?post=101152"},{"taxonomy":"product_cat","embeddable":true,"href":"https:\/\/foliobooks.pl\/en\/wp-json\/wp\/v2\/product_cat?post=101152"},{"taxonomy":"product_tag","embeddable":true,"href":"https:\/\/foliobooks.pl\/en\/wp-json\/wp\/v2\/product_tag?post=101152"}],"curies":[{"name":"wp","href":"https:\/\/api.w.org\/{rel}","templated":true}]}}