{"id":101131,"date":"2024-03-22T12:41:53","date_gmt":"2024-03-22T11:41:53","guid":{"rendered":"https:\/\/foliobooks.pl\/sklep\/cartier-le-voyage-recommence-high-jewelry-and-precious-objects\/"},"modified":"2025-11-03T15:57:18","modified_gmt":"2025-11-03T14:57:18","slug":"cartier-le-voyage-recommence-high-jewelry-and-precious-objects","status":"publish","type":"product","link":"https:\/\/foliobooks.pl\/en\/shop\/cartier-le-voyage-recommence-high-jewelry-and-precious-objects\/","title":{"rendered":"Cartier. Le Voyage Recommenc\u00e9: High Jewelry and Precious Objects"},"content":{"rendered":"<p>A refined volume documenting the new collection of high jewelry from Cartier.<br \/>\nThrough Le Voyage Recommenc\u00e9, its latest collection of high jewelry and precious objects, Cartier pays tribute to the richness of its style. Embarking readers on a prodigious journey, the jewelry showcased in this book explores the Maison&#8217;s iconic fields of expression: essential lines, geometry, colors, flora and fauna, and influences from world cultures, to name but a few. The renowned jeweler continually pushes the boundaries of creation to discover new horizons.<\/p>\n<p>Accompanied by text focusing on the concept of style in the arts, the pieces presented in this richly illustrated volume take us on a renewed journey&#8211;a voyage recommenc\u00e9&#8211;into the heart of the Cartier style, where creative imagination and superlative savoir faire transform precious stones and materials into magnificent jewelry.<\/p>\n","protected":false},"excerpt":{"rendered":"<p>A refined volume documenting the new collection of high jewelry from Cartier. Through Le Voyage Recommenc\u00e9, its latest collection of high jewelry and precious objects, Cartier pays tribute to the richness of its style. Embarking readers on a prodigious journey, the jewelry showcased in this book explores the Maison&#8217;s iconic fields of expression: essential lines,&#8230;<\/p>\n","protected":false},"featured_media":101116,"comment_status":"closed","ping_status":"closed","template":"","meta":[],"product_brand":[],"product_cat":[13533,4519],"product_tag":[6125,522],"class_list":{"0":"post-101131","1":"product","2":"type-product","3":"status-publish","4":"has-post-thumbnail","6":"product_cat-books","7":"product_cat-fashion-en-en","8":"product_tag-fashion","9":"product_tag-jewelry-en","10":"pa_author_att-chaille-francois-en","11":"pa_author_att-kelmachter-helene-en","12":"pa_cover-hardcover","13":"pa_format-261-x-306-cm-en","14":"pa_isbn-9782080430533-en","15":"pa_language-eng","16":"pa_pages-256-2-en","17":"pa_published-2023-11-09-en","18":"pa_publisher-thames-hudson-en","20":"first","21":"instock","22":"sold-individually","23":"shipping-taxable","24":"purchasable","25":"product-type-simple"},"yoast_head":"<!-- This site is optimized with the Yoast SEO plugin v27.4 - https:\/\/yoast.com\/product\/yoast-seo-wordpress\/ -->\n<title>Cartier. Le Voyage Recommenc\u00e9: High Jewelry and Precious Objects (Chaille Francois, Kelmachter H\u00e9l\u00e8ne) - book \/ album - Folio<\/title>\n<meta name=\"description\" content=\"Wejd\u017a i kup ksi\u0105\u017ck\u0119 Cartier. Le Voyage Recommenc\u00e9: High Jewelry and Precious Objects autorstwa Chaille Francois, Kelmachter H\u00e9l\u00e8ne wydan\u0105 przez Thames &amp; Hudson (2023-11-09) w formacie 26,1 x 30,6 cm (ISBN: 9782080430533). Zapraszamy!\" \/>\n<meta name=\"robots\" content=\"index, follow, max-snippet:-1, max-image-preview:large, max-video-preview:-1\" \/>\n<link rel=\"canonical\" href=\"https:\/\/foliobooks.pl\/en\/shop\/cartier-le-voyage-recommence-high-jewelry-and-precious-objects\/\" \/>\n<meta property=\"og:locale\" content=\"en_US\" \/>\n<meta property=\"og:type\" content=\"article\" \/>\n<meta property=\"og:title\" content=\"Cartier. Le Voyage Recommenc\u00e9: High Jewelry and Precious Objects (Chaille Francois, Kelmachter H\u00e9l\u00e8ne) - book \/ album - Folio\" \/>\n<meta property=\"og:description\" content=\"Wejd\u017a i kup ksi\u0105\u017ck\u0119 Cartier. Le Voyage Recommenc\u00e9: High Jewelry and Precious Objects autorstwa Chaille Francois, Kelmachter H\u00e9l\u00e8ne wydan\u0105 przez Thames &amp; Hudson (2023-11-09) w formacie 26,1 x 30,6 cm (ISBN: 9782080430533). Zapraszamy!\" \/>\n<meta property=\"og:url\" content=\"https:\/\/foliobooks.pl\/en\/shop\/cartier-le-voyage-recommence-high-jewelry-and-precious-objects\/\" \/>\n<meta property=\"og:site_name\" content=\"Folio\" \/>\n<meta property=\"article:modified_time\" content=\"2025-11-03T14:57:18+00:00\" \/>\n<meta property=\"og:image\" content=\"https:\/\/foliobooks.pl\/wp-content\/uploads\/2024\/03\/9782080430533.png\" \/>\n\t<meta property=\"og:image:width\" content=\"570\" \/>\n\t<meta property=\"og:image:height\" content=\"708\" \/>\n\t<meta property=\"og:image:type\" content=\"image\/png\" \/>\n<meta name=\"twitter:card\" content=\"summary_large_image\" \/>\n<meta name=\"twitter:label1\" content=\"Est. reading time\" \/>\n\t<meta name=\"twitter:data1\" content=\"1 minute\" \/>\n<script type=\"application\/ld+json\" class=\"yoast-schema-graph\">{\"@context\":\"https:\\\/\\\/schema.org\",\"@graph\":[{\"@type\":\"WebPage\",\"@id\":\"https:\\\/\\\/foliobooks.pl\\\/en\\\/shop\\\/cartier-le-voyage-recommence-high-jewelry-and-precious-objects\\\/\",\"url\":\"https:\\\/\\\/foliobooks.pl\\\/en\\\/shop\\\/cartier-le-voyage-recommence-high-jewelry-and-precious-objects\\\/\",\"name\":\"Cartier. Le Voyage Recommenc\u00e9: High Jewelry and Precious Objects (Chaille Francois, Kelmachter H\u00e9l\u00e8ne) - book \\\/ album - Folio\",\"isPartOf\":{\"@id\":\"https:\\\/\\\/foliobooks.pl\\\/en\\\/#website\"},\"primaryImageOfPage\":{\"@id\":\"https:\\\/\\\/foliobooks.pl\\\/en\\\/shop\\\/cartier-le-voyage-recommence-high-jewelry-and-precious-objects\\\/#primaryimage\"},\"image\":{\"@id\":\"https:\\\/\\\/foliobooks.pl\\\/en\\\/shop\\\/cartier-le-voyage-recommence-high-jewelry-and-precious-objects\\\/#primaryimage\"},\"thumbnailUrl\":\"https:\\\/\\\/foliobooks.pl\\\/wp-content\\\/uploads\\\/2024\\\/03\\\/9782080430533.png\",\"datePublished\":\"2024-03-22T11:41:53+00:00\",\"dateModified\":\"2025-11-03T14:57:18+00:00\",\"description\":\"Wejd\u017a i kup ksi\u0105\u017ck\u0119 Cartier. Le Voyage Recommenc\u00e9: High Jewelry and Precious Objects autorstwa Chaille Francois, Kelmachter H\u00e9l\u00e8ne wydan\u0105 przez Thames &amp; Hudson (2023-11-09) w formacie 26,1 x 30,6 cm (ISBN: 9782080430533). Zapraszamy!\",\"breadcrumb\":{\"@id\":\"https:\\\/\\\/foliobooks.pl\\\/en\\\/shop\\\/cartier-le-voyage-recommence-high-jewelry-and-precious-objects\\\/#breadcrumb\"},\"inLanguage\":\"en-US\",\"potentialAction\":[{\"@type\":\"ReadAction\",\"target\":[\"https:\\\/\\\/foliobooks.pl\\\/en\\\/shop\\\/cartier-le-voyage-recommence-high-jewelry-and-precious-objects\\\/\"]}]},{\"@type\":\"ImageObject\",\"inLanguage\":\"en-US\",\"@id\":\"https:\\\/\\\/foliobooks.pl\\\/en\\\/shop\\\/cartier-le-voyage-recommence-high-jewelry-and-precious-objects\\\/#primaryimage\",\"url\":\"https:\\\/\\\/foliobooks.pl\\\/wp-content\\\/uploads\\\/2024\\\/03\\\/9782080430533.png\",\"contentUrl\":\"https:\\\/\\\/foliobooks.pl\\\/wp-content\\\/uploads\\\/2024\\\/03\\\/9782080430533.png\",\"width\":570,\"height\":708},{\"@type\":\"BreadcrumbList\",\"@id\":\"https:\\\/\\\/foliobooks.pl\\\/en\\\/shop\\\/cartier-le-voyage-recommence-high-jewelry-and-precious-objects\\\/#breadcrumb\",\"itemListElement\":[{\"@type\":\"ListItem\",\"position\":1,\"name\":\"Strona g\u0142\u00f3wna\",\"item\":\"https:\\\/\\\/foliobooks.pl\\\/en\\\/\"},{\"@type\":\"ListItem\",\"position\":2,\"name\":\"Shop\",\"item\":\"https:\\\/\\\/foliobooks.pl\\\/en\\\/shop\\\/\"},{\"@type\":\"ListItem\",\"position\":3,\"name\":\"Cartier. Le Voyage Recommenc\u00e9: High Jewelry and Precious Objects\"}]},{\"@type\":\"WebSite\",\"@id\":\"https:\\\/\\\/foliobooks.pl\\\/en\\\/#website\",\"url\":\"https:\\\/\\\/foliobooks.pl\\\/en\\\/\",\"name\":\"Folio\",\"description\":\"Ksi\u0119garnia internetowa\",\"potentialAction\":[{\"@type\":\"SearchAction\",\"target\":{\"@type\":\"EntryPoint\",\"urlTemplate\":\"https:\\\/\\\/foliobooks.pl\\\/en\\\/?s={search_term_string}\"},\"query-input\":{\"@type\":\"PropertyValueSpecification\",\"valueRequired\":true,\"valueName\":\"search_term_string\"}}],\"inLanguage\":\"en-US\"}]}<\/script>\n<!-- \/ Yoast SEO plugin. -->","yoast_head_json":{"title":"Cartier. Le Voyage Recommenc\u00e9: High Jewelry and Precious Objects (Chaille Francois, Kelmachter H\u00e9l\u00e8ne) - book \/ album - Folio","description":"Wejd\u017a i kup ksi\u0105\u017ck\u0119 Cartier. Le Voyage Recommenc\u00e9: High Jewelry and Precious Objects autorstwa Chaille Francois, Kelmachter H\u00e9l\u00e8ne wydan\u0105 przez Thames &amp; Hudson (2023-11-09) w formacie 26,1 x 30,6 cm (ISBN: 9782080430533). Zapraszamy!","robots":{"index":"index","follow":"follow","max-snippet":"max-snippet:-1","max-image-preview":"max-image-preview:large","max-video-preview":"max-video-preview:-1"},"canonical":"https:\/\/foliobooks.pl\/en\/shop\/cartier-le-voyage-recommence-high-jewelry-and-precious-objects\/","og_locale":"en_US","og_type":"article","og_title":"Cartier. Le Voyage Recommenc\u00e9: High Jewelry and Precious Objects (Chaille Francois, Kelmachter H\u00e9l\u00e8ne) - book \/ album - Folio","og_description":"Wejd\u017a i kup ksi\u0105\u017ck\u0119 Cartier. Le Voyage Recommenc\u00e9: High Jewelry and Precious Objects autorstwa Chaille Francois, Kelmachter H\u00e9l\u00e8ne wydan\u0105 przez Thames &amp; Hudson (2023-11-09) w formacie 26,1 x 30,6 cm (ISBN: 9782080430533). Zapraszamy!","og_url":"https:\/\/foliobooks.pl\/en\/shop\/cartier-le-voyage-recommence-high-jewelry-and-precious-objects\/","og_site_name":"Folio","article_modified_time":"2025-11-03T14:57:18+00:00","og_image":[{"width":570,"height":708,"url":"https:\/\/foliobooks.pl\/wp-content\/uploads\/2024\/03\/9782080430533.png","type":"image\/png"}],"twitter_card":"summary_large_image","twitter_misc":{"Est. reading time":"1 minute"},"schema":{"@context":"https:\/\/schema.org","@graph":[{"@type":"WebPage","@id":"https:\/\/foliobooks.pl\/en\/shop\/cartier-le-voyage-recommence-high-jewelry-and-precious-objects\/","url":"https:\/\/foliobooks.pl\/en\/shop\/cartier-le-voyage-recommence-high-jewelry-and-precious-objects\/","name":"Cartier. Le Voyage Recommenc\u00e9: High Jewelry and Precious Objects (Chaille Francois, Kelmachter H\u00e9l\u00e8ne) - book \/ album - Folio","isPartOf":{"@id":"https:\/\/foliobooks.pl\/en\/#website"},"primaryImageOfPage":{"@id":"https:\/\/foliobooks.pl\/en\/shop\/cartier-le-voyage-recommence-high-jewelry-and-precious-objects\/#primaryimage"},"image":{"@id":"https:\/\/foliobooks.pl\/en\/shop\/cartier-le-voyage-recommence-high-jewelry-and-precious-objects\/#primaryimage"},"thumbnailUrl":"https:\/\/foliobooks.pl\/wp-content\/uploads\/2024\/03\/9782080430533.png","datePublished":"2024-03-22T11:41:53+00:00","dateModified":"2025-11-03T14:57:18+00:00","description":"Wejd\u017a i kup ksi\u0105\u017ck\u0119 Cartier. Le Voyage Recommenc\u00e9: High Jewelry and Precious Objects autorstwa Chaille Francois, Kelmachter H\u00e9l\u00e8ne wydan\u0105 przez Thames &amp; Hudson (2023-11-09) w formacie 26,1 x 30,6 cm (ISBN: 9782080430533). Zapraszamy!","breadcrumb":{"@id":"https:\/\/foliobooks.pl\/en\/shop\/cartier-le-voyage-recommence-high-jewelry-and-precious-objects\/#breadcrumb"},"inLanguage":"en-US","potentialAction":[{"@type":"ReadAction","target":["https:\/\/foliobooks.pl\/en\/shop\/cartier-le-voyage-recommence-high-jewelry-and-precious-objects\/"]}]},{"@type":"ImageObject","inLanguage":"en-US","@id":"https:\/\/foliobooks.pl\/en\/shop\/cartier-le-voyage-recommence-high-jewelry-and-precious-objects\/#primaryimage","url":"https:\/\/foliobooks.pl\/wp-content\/uploads\/2024\/03\/9782080430533.png","contentUrl":"https:\/\/foliobooks.pl\/wp-content\/uploads\/2024\/03\/9782080430533.png","width":570,"height":708},{"@type":"BreadcrumbList","@id":"https:\/\/foliobooks.pl\/en\/shop\/cartier-le-voyage-recommence-high-jewelry-and-precious-objects\/#breadcrumb","itemListElement":[{"@type":"ListItem","position":1,"name":"Strona g\u0142\u00f3wna","item":"https:\/\/foliobooks.pl\/en\/"},{"@type":"ListItem","position":2,"name":"Shop","item":"https:\/\/foliobooks.pl\/en\/shop\/"},{"@type":"ListItem","position":3,"name":"Cartier. Le Voyage Recommenc\u00e9: High Jewelry and Precious Objects"}]},{"@type":"WebSite","@id":"https:\/\/foliobooks.pl\/en\/#website","url":"https:\/\/foliobooks.pl\/en\/","name":"Folio","description":"Ksi\u0119garnia internetowa","potentialAction":[{"@type":"SearchAction","target":{"@type":"EntryPoint","urlTemplate":"https:\/\/foliobooks.pl\/en\/?s={search_term_string}"},"query-input":{"@type":"PropertyValueSpecification","valueRequired":true,"valueName":"search_term_string"}}],"inLanguage":"en-US"}]}},"_links":{"self":[{"href":"https:\/\/foliobooks.pl\/en\/wp-json\/wp\/v2\/product\/101131","targetHints":{"allow":["GET"]}}],"collection":[{"href":"https:\/\/foliobooks.pl\/en\/wp-json\/wp\/v2\/product"}],"about":[{"href":"https:\/\/foliobooks.pl\/en\/wp-json\/wp\/v2\/types\/product"}],"replies":[{"embeddable":true,"href":"https:\/\/foliobooks.pl\/en\/wp-json\/wp\/v2\/comments?post=101131"}],"wp:featuredmedia":[{"embeddable":true,"href":"https:\/\/foliobooks.pl\/en\/wp-json\/wp\/v2\/media\/101116"}],"wp:attachment":[{"href":"https:\/\/foliobooks.pl\/en\/wp-json\/wp\/v2\/media?parent=101131"}],"wp:term":[{"taxonomy":"product_brand","embeddable":true,"href":"https:\/\/foliobooks.pl\/en\/wp-json\/wp\/v2\/product_brand?post=101131"},{"taxonomy":"product_cat","embeddable":true,"href":"https:\/\/foliobooks.pl\/en\/wp-json\/wp\/v2\/product_cat?post=101131"},{"taxonomy":"product_tag","embeddable":true,"href":"https:\/\/foliobooks.pl\/en\/wp-json\/wp\/v2\/product_tag?post=101131"}],"curies":[{"name":"wp","href":"https:\/\/api.w.org\/{rel}","templated":true}]}}