{"id":101056,"date":"2024-03-21T11:55:49","date_gmt":"2024-03-21T10:55:49","guid":{"rendered":"https:\/\/foliobooks.pl\/sklep\/best-of-classic-driver-25th-anniversary-edition\/"},"modified":"2024-03-21T11:55:49","modified_gmt":"2024-03-21T10:55:49","slug":"best-of-classic-driver-25th-anniversary-edition","status":"publish","type":"product","link":"https:\/\/foliobooks.pl\/en\/shop\/best-of-classic-driver-25th-anniversary-edition\/","title":{"rendered":"Best of Classic Driver: 25th Anniversary Edition"},"content":{"rendered":"<p>Classic Driver is the online hub for lovers of classic cars and exclusive crafts: a marketplace for high-quality cars, motorbikes, boats and vintage collectibles. Besides special events and auctions for the finest classic cars, the platform offers an online magazine with informative articles worth reading from the world of luxury crafts. Now, the new yearbook compiles the greatest highlights: fascinating reports from insider circles and high-class photos of classic cars. This year sees the first Classic Driver annual: a book on classic cars for people with fuel in their veins, who appreciate historic cars just like the latest Gran Turismo. The high-quality coffee-table book is the perfect gift for dear friends and acquaintances or a jewel for your own shelf. Whether you wish to luxuriate in excellent photos of the most beautiful vintage cars worldwide or just learn something about car makers or the art of engineering \u2013 this book is the right thing for you!<\/p>\n","protected":false},"excerpt":{"rendered":"<p>Classic Driver is the online hub for lovers of classic cars and exclusive crafts: a marketplace for high-quality cars, motorbikes, boats and vintage collectibles. Besides special events and auctions for the finest classic cars, the platform offers an online magazine with informative articles worth reading from the world of luxury crafts. Now, the new yearbook&#8230;<\/p>\n","protected":false},"featured_media":101039,"comment_status":"closed","ping_status":"closed","template":"","meta":[],"product_brand":[],"product_cat":[13533,4520],"product_tag":[216],"class_list":{"0":"post-101056","1":"product","2":"type-product","3":"status-publish","4":"has-post-thumbnail","6":"product_cat-books","7":"product_cat-motorsport-en","8":"product_tag-cars-en","9":"pa_author_att-jan-karl-baedeker-en","10":"pa_cover-hardcover","11":"pa_format-267-x-292-cm-en","12":"pa_isbn-9783667127648-en","13":"pa_language-eng","14":"pa_pages-400-en","15":"pa_published-2023-11-23-en","16":"pa_publisher-acc-art-books-en","18":"first","19":"outofstock","20":"sold-individually","21":"shipping-taxable","22":"purchasable","23":"product-type-simple"},"yoast_head":"<!-- This site is optimized with the Yoast SEO plugin v27.4 - https:\/\/yoast.com\/product\/yoast-seo-wordpress\/ -->\n<title>Best of Classic Driver: 25th Anniversary Edition (Jan Karl Baedeker) - book \/ album - Folio<\/title>\n<meta name=\"description\" content=\"Wejd\u017a i kup ksi\u0105\u017ck\u0119 Best of Classic Driver: 25th Anniversary Edition autorstwa Jan Karl Baedeker wydan\u0105 przez ACC Art Books (2023-11-23) w formacie 26,7 x 29,2 cm (ISBN: 9783667127648). Zapraszamy!\" \/>\n<meta name=\"robots\" content=\"index, follow, max-snippet:-1, max-image-preview:large, max-video-preview:-1\" \/>\n<link rel=\"canonical\" href=\"https:\/\/foliobooks.pl\/en\/shop\/best-of-classic-driver-25th-anniversary-edition\/\" \/>\n<meta property=\"og:locale\" content=\"en_US\" \/>\n<meta property=\"og:type\" content=\"article\" \/>\n<meta property=\"og:title\" content=\"Best of Classic Driver: 25th Anniversary Edition (Jan Karl Baedeker) - book \/ album - Folio\" \/>\n<meta property=\"og:description\" content=\"Wejd\u017a i kup ksi\u0105\u017ck\u0119 Best of Classic Driver: 25th Anniversary Edition autorstwa Jan Karl Baedeker wydan\u0105 przez ACC Art Books (2023-11-23) w formacie 26,7 x 29,2 cm (ISBN: 9783667127648). Zapraszamy!\" \/>\n<meta property=\"og:url\" content=\"https:\/\/foliobooks.pl\/en\/shop\/best-of-classic-driver-25th-anniversary-edition\/\" \/>\n<meta property=\"og:site_name\" content=\"Folio\" \/>\n<meta property=\"og:image\" content=\"https:\/\/foliobooks.pl\/wp-content\/uploads\/2024\/03\/9783667127648.png\" \/>\n\t<meta property=\"og:image:width\" content=\"570\" \/>\n\t<meta property=\"og:image:height\" content=\"708\" \/>\n\t<meta property=\"og:image:type\" content=\"image\/png\" \/>\n<meta name=\"twitter:card\" content=\"summary_large_image\" \/>\n<meta name=\"twitter:label1\" content=\"Est. reading time\" \/>\n\t<meta name=\"twitter:data1\" content=\"2 minutes\" \/>\n<script type=\"application\/ld+json\" class=\"yoast-schema-graph\">{\"@context\":\"https:\\\/\\\/schema.org\",\"@graph\":[{\"@type\":\"WebPage\",\"@id\":\"https:\\\/\\\/foliobooks.pl\\\/en\\\/shop\\\/best-of-classic-driver-25th-anniversary-edition\\\/\",\"url\":\"https:\\\/\\\/foliobooks.pl\\\/en\\\/shop\\\/best-of-classic-driver-25th-anniversary-edition\\\/\",\"name\":\"Best of Classic Driver: 25th Anniversary Edition (Jan Karl Baedeker) - book \\\/ album - Folio\",\"isPartOf\":{\"@id\":\"https:\\\/\\\/foliobooks.pl\\\/en\\\/#website\"},\"primaryImageOfPage\":{\"@id\":\"https:\\\/\\\/foliobooks.pl\\\/en\\\/shop\\\/best-of-classic-driver-25th-anniversary-edition\\\/#primaryimage\"},\"image\":{\"@id\":\"https:\\\/\\\/foliobooks.pl\\\/en\\\/shop\\\/best-of-classic-driver-25th-anniversary-edition\\\/#primaryimage\"},\"thumbnailUrl\":\"https:\\\/\\\/foliobooks.pl\\\/wp-content\\\/uploads\\\/2024\\\/03\\\/9783667127648.png\",\"datePublished\":\"2024-03-21T10:55:49+00:00\",\"description\":\"Wejd\u017a i kup ksi\u0105\u017ck\u0119 Best of Classic Driver: 25th Anniversary Edition autorstwa Jan Karl Baedeker wydan\u0105 przez ACC Art Books (2023-11-23) w formacie 26,7 x 29,2 cm (ISBN: 9783667127648). Zapraszamy!\",\"breadcrumb\":{\"@id\":\"https:\\\/\\\/foliobooks.pl\\\/en\\\/shop\\\/best-of-classic-driver-25th-anniversary-edition\\\/#breadcrumb\"},\"inLanguage\":\"en-US\",\"potentialAction\":[{\"@type\":\"ReadAction\",\"target\":[\"https:\\\/\\\/foliobooks.pl\\\/en\\\/shop\\\/best-of-classic-driver-25th-anniversary-edition\\\/\"]}]},{\"@type\":\"ImageObject\",\"inLanguage\":\"en-US\",\"@id\":\"https:\\\/\\\/foliobooks.pl\\\/en\\\/shop\\\/best-of-classic-driver-25th-anniversary-edition\\\/#primaryimage\",\"url\":\"https:\\\/\\\/foliobooks.pl\\\/wp-content\\\/uploads\\\/2024\\\/03\\\/9783667127648.png\",\"contentUrl\":\"https:\\\/\\\/foliobooks.pl\\\/wp-content\\\/uploads\\\/2024\\\/03\\\/9783667127648.png\",\"width\":570,\"height\":708},{\"@type\":\"BreadcrumbList\",\"@id\":\"https:\\\/\\\/foliobooks.pl\\\/en\\\/shop\\\/best-of-classic-driver-25th-anniversary-edition\\\/#breadcrumb\",\"itemListElement\":[{\"@type\":\"ListItem\",\"position\":1,\"name\":\"Strona g\u0142\u00f3wna\",\"item\":\"https:\\\/\\\/foliobooks.pl\\\/en\\\/\"},{\"@type\":\"ListItem\",\"position\":2,\"name\":\"Shop\",\"item\":\"https:\\\/\\\/foliobooks.pl\\\/en\\\/shop\\\/\"},{\"@type\":\"ListItem\",\"position\":3,\"name\":\"Best of Classic Driver: 25th Anniversary Edition\"}]},{\"@type\":\"WebSite\",\"@id\":\"https:\\\/\\\/foliobooks.pl\\\/en\\\/#website\",\"url\":\"https:\\\/\\\/foliobooks.pl\\\/en\\\/\",\"name\":\"Folio\",\"description\":\"Ksi\u0119garnia internetowa\",\"potentialAction\":[{\"@type\":\"SearchAction\",\"target\":{\"@type\":\"EntryPoint\",\"urlTemplate\":\"https:\\\/\\\/foliobooks.pl\\\/en\\\/?s={search_term_string}\"},\"query-input\":{\"@type\":\"PropertyValueSpecification\",\"valueRequired\":true,\"valueName\":\"search_term_string\"}}],\"inLanguage\":\"en-US\"}]}<\/script>\n<!-- \/ Yoast SEO plugin. -->","yoast_head_json":{"title":"Best of Classic Driver: 25th Anniversary Edition (Jan Karl Baedeker) - book \/ album - Folio","description":"Wejd\u017a i kup ksi\u0105\u017ck\u0119 Best of Classic Driver: 25th Anniversary Edition autorstwa Jan Karl Baedeker wydan\u0105 przez ACC Art Books (2023-11-23) w formacie 26,7 x 29,2 cm (ISBN: 9783667127648). Zapraszamy!","robots":{"index":"index","follow":"follow","max-snippet":"max-snippet:-1","max-image-preview":"max-image-preview:large","max-video-preview":"max-video-preview:-1"},"canonical":"https:\/\/foliobooks.pl\/en\/shop\/best-of-classic-driver-25th-anniversary-edition\/","og_locale":"en_US","og_type":"article","og_title":"Best of Classic Driver: 25th Anniversary Edition (Jan Karl Baedeker) - book \/ album - Folio","og_description":"Wejd\u017a i kup ksi\u0105\u017ck\u0119 Best of Classic Driver: 25th Anniversary Edition autorstwa Jan Karl Baedeker wydan\u0105 przez ACC Art Books (2023-11-23) w formacie 26,7 x 29,2 cm (ISBN: 9783667127648). Zapraszamy!","og_url":"https:\/\/foliobooks.pl\/en\/shop\/best-of-classic-driver-25th-anniversary-edition\/","og_site_name":"Folio","og_image":[{"width":570,"height":708,"url":"https:\/\/foliobooks.pl\/wp-content\/uploads\/2024\/03\/9783667127648.png","type":"image\/png"}],"twitter_card":"summary_large_image","twitter_misc":{"Est. reading time":"2 minutes"},"schema":{"@context":"https:\/\/schema.org","@graph":[{"@type":"WebPage","@id":"https:\/\/foliobooks.pl\/en\/shop\/best-of-classic-driver-25th-anniversary-edition\/","url":"https:\/\/foliobooks.pl\/en\/shop\/best-of-classic-driver-25th-anniversary-edition\/","name":"Best of Classic Driver: 25th Anniversary Edition (Jan Karl Baedeker) - book \/ album - Folio","isPartOf":{"@id":"https:\/\/foliobooks.pl\/en\/#website"},"primaryImageOfPage":{"@id":"https:\/\/foliobooks.pl\/en\/shop\/best-of-classic-driver-25th-anniversary-edition\/#primaryimage"},"image":{"@id":"https:\/\/foliobooks.pl\/en\/shop\/best-of-classic-driver-25th-anniversary-edition\/#primaryimage"},"thumbnailUrl":"https:\/\/foliobooks.pl\/wp-content\/uploads\/2024\/03\/9783667127648.png","datePublished":"2024-03-21T10:55:49+00:00","description":"Wejd\u017a i kup ksi\u0105\u017ck\u0119 Best of Classic Driver: 25th Anniversary Edition autorstwa Jan Karl Baedeker wydan\u0105 przez ACC Art Books (2023-11-23) w formacie 26,7 x 29,2 cm (ISBN: 9783667127648). Zapraszamy!","breadcrumb":{"@id":"https:\/\/foliobooks.pl\/en\/shop\/best-of-classic-driver-25th-anniversary-edition\/#breadcrumb"},"inLanguage":"en-US","potentialAction":[{"@type":"ReadAction","target":["https:\/\/foliobooks.pl\/en\/shop\/best-of-classic-driver-25th-anniversary-edition\/"]}]},{"@type":"ImageObject","inLanguage":"en-US","@id":"https:\/\/foliobooks.pl\/en\/shop\/best-of-classic-driver-25th-anniversary-edition\/#primaryimage","url":"https:\/\/foliobooks.pl\/wp-content\/uploads\/2024\/03\/9783667127648.png","contentUrl":"https:\/\/foliobooks.pl\/wp-content\/uploads\/2024\/03\/9783667127648.png","width":570,"height":708},{"@type":"BreadcrumbList","@id":"https:\/\/foliobooks.pl\/en\/shop\/best-of-classic-driver-25th-anniversary-edition\/#breadcrumb","itemListElement":[{"@type":"ListItem","position":1,"name":"Strona g\u0142\u00f3wna","item":"https:\/\/foliobooks.pl\/en\/"},{"@type":"ListItem","position":2,"name":"Shop","item":"https:\/\/foliobooks.pl\/en\/shop\/"},{"@type":"ListItem","position":3,"name":"Best of Classic Driver: 25th Anniversary Edition"}]},{"@type":"WebSite","@id":"https:\/\/foliobooks.pl\/en\/#website","url":"https:\/\/foliobooks.pl\/en\/","name":"Folio","description":"Ksi\u0119garnia internetowa","potentialAction":[{"@type":"SearchAction","target":{"@type":"EntryPoint","urlTemplate":"https:\/\/foliobooks.pl\/en\/?s={search_term_string}"},"query-input":{"@type":"PropertyValueSpecification","valueRequired":true,"valueName":"search_term_string"}}],"inLanguage":"en-US"}]}},"_links":{"self":[{"href":"https:\/\/foliobooks.pl\/en\/wp-json\/wp\/v2\/product\/101056","targetHints":{"allow":["GET"]}}],"collection":[{"href":"https:\/\/foliobooks.pl\/en\/wp-json\/wp\/v2\/product"}],"about":[{"href":"https:\/\/foliobooks.pl\/en\/wp-json\/wp\/v2\/types\/product"}],"replies":[{"embeddable":true,"href":"https:\/\/foliobooks.pl\/en\/wp-json\/wp\/v2\/comments?post=101056"}],"wp:featuredmedia":[{"embeddable":true,"href":"https:\/\/foliobooks.pl\/en\/wp-json\/wp\/v2\/media\/101039"}],"wp:attachment":[{"href":"https:\/\/foliobooks.pl\/en\/wp-json\/wp\/v2\/media?parent=101056"}],"wp:term":[{"taxonomy":"product_brand","embeddable":true,"href":"https:\/\/foliobooks.pl\/en\/wp-json\/wp\/v2\/product_brand?post=101056"},{"taxonomy":"product_cat","embeddable":true,"href":"https:\/\/foliobooks.pl\/en\/wp-json\/wp\/v2\/product_cat?post=101056"},{"taxonomy":"product_tag","embeddable":true,"href":"https:\/\/foliobooks.pl\/en\/wp-json\/wp\/v2\/product_tag?post=101056"}],"curies":[{"name":"wp","href":"https:\/\/api.w.org\/{rel}","templated":true}]}}