{"id":101012,"date":"2024-03-21T09:24:11","date_gmt":"2024-03-21T08:24:11","guid":{"rendered":"https:\/\/foliobooks.pl\/sklep\/a-journey-into-the-style-and-music-of-my-icons-since-1969-the-year-of-the-big-bang\/"},"modified":"2024-03-21T09:24:11","modified_gmt":"2024-03-21T08:24:11","slug":"a-journey-into-the-style-and-music-of-my-icons-since-1969-the-year-of-the-big-bang","status":"publish","type":"product","link":"https:\/\/foliobooks.pl\/en\/shop\/a-journey-into-the-style-and-music-of-my-icons-since-1969-the-year-of-the-big-bang\/","title":{"rendered":"A Journey Into the Style and Music of My Icons Since 1969: The Year of the Big Bang"},"content":{"rendered":"<p>A dive into music history, from Joan Baez and Jimi Hendrix to Rihanna and Lady Gaga, exploring the eclectic interpretation of fashion and society.<\/p>\n<p>Frida Giannini\u2019s book travels through time, weaving between music and style from 1969 to today. It is an iconographic journey made up of visual evocations, comparisons and contrasts, testimonies, and anecdotes. The starting point is 1969, the year of Woodstock, David Bowie\u2019s \u201cSpace Oddity,\u201d and the first man on the moon. It passes through the stages, concerts, and moments that made the history not only of music, but also of fashion.<\/p>\n<p>The view that tells, approaches, and explores famous figures\u2014paying particular attention to the Thin White Duke\u2014eras, and fashion is that of Frida Giannini, an expert in both worlds, who has made fashion her profession and music her great passion. Music also accompanied her professionally in her creative inspirations and references, and in first-person encounters with the protagonists of the entertainment world in the 2000s.<\/p>\n","protected":false},"excerpt":{"rendered":"<p>A dive into music history, from Joan Baez and Jimi Hendrix to Rihanna and Lady Gaga, exploring the eclectic interpretation of fashion and society. Frida Giannini\u2019s book travels through time, weaving between music and style from 1969 to today. It is an iconographic journey made up of visual evocations, comparisons and contrasts, testimonies, and anecdotes&#8230;.<\/p>\n","protected":false},"featured_media":101011,"comment_status":"closed","ping_status":"closed","template":"","meta":[],"product_brand":[],"product_cat":[13533,4519],"product_tag":[6125,4900],"class_list":{"0":"post-101012","1":"product","2":"type-product","3":"status-publish","4":"has-post-thumbnail","6":"product_cat-books","7":"product_cat-fashion-en-en","8":"product_tag-fashion","9":"product_tag-style-en-en","10":"pa_author_att-frida-giannini-en","11":"pa_cover-hardcover","12":"pa_format-252-x-343-cm-en","13":"pa_isbn-9788891836809-en","14":"pa_language-eng","15":"pa_pages-240-en","16":"pa_published-2023-12-05-en","17":"pa_publisher-rizzoli-en","19":"first","20":"instock","21":"sold-individually","22":"shipping-taxable","23":"purchasable","24":"product-type-simple"},"yoast_head":"<!-- This site is optimized with the Yoast SEO plugin v27.4 - https:\/\/yoast.com\/product\/yoast-seo-wordpress\/ -->\n<title>A Journey Into the Style and Music of My Icons Since 1969: The Year of the Big Bang (Frida Giannini) - book \/ album - Folio<\/title>\n<meta name=\"description\" content=\"Wejd\u017a i kup ksi\u0105\u017ck\u0119 A Journey Into the Style and Music of My Icons Since 1969: The Year of the Big Bang autorstwa Frida Giannini wydan\u0105 przez Rizzoli (2023-12-05) w formacie 25,2 x 34,3 cm (ISBN: 9788891836809). Zapraszamy!\" \/>\n<meta name=\"robots\" content=\"index, follow, max-snippet:-1, max-image-preview:large, max-video-preview:-1\" \/>\n<link rel=\"canonical\" href=\"https:\/\/foliobooks.pl\/en\/shop\/a-journey-into-the-style-and-music-of-my-icons-since-1969-the-year-of-the-big-bang\/\" \/>\n<meta property=\"og:locale\" content=\"en_US\" \/>\n<meta property=\"og:type\" content=\"article\" \/>\n<meta property=\"og:title\" content=\"A Journey Into the Style and Music of My Icons Since 1969: The Year of the Big Bang (Frida Giannini) - book \/ album - Folio\" \/>\n<meta property=\"og:description\" content=\"Wejd\u017a i kup ksi\u0105\u017ck\u0119 A Journey Into the Style and Music of My Icons Since 1969: The Year of the Big Bang autorstwa Frida Giannini wydan\u0105 przez Rizzoli (2023-12-05) w formacie 25,2 x 34,3 cm (ISBN: 9788891836809). Zapraszamy!\" \/>\n<meta property=\"og:url\" content=\"https:\/\/foliobooks.pl\/en\/shop\/a-journey-into-the-style-and-music-of-my-icons-since-1969-the-year-of-the-big-bang\/\" \/>\n<meta property=\"og:site_name\" content=\"Folio\" \/>\n<meta property=\"og:image\" content=\"https:\/\/foliobooks.pl\/wp-content\/uploads\/2024\/03\/9788891836809.png\" \/>\n\t<meta property=\"og:image:width\" content=\"570\" \/>\n\t<meta property=\"og:image:height\" content=\"708\" \/>\n\t<meta property=\"og:image:type\" content=\"image\/png\" \/>\n<meta name=\"twitter:card\" content=\"summary_large_image\" \/>\n<meta name=\"twitter:label1\" content=\"Est. reading time\" \/>\n\t<meta name=\"twitter:data1\" content=\"2 minutes\" \/>\n<script type=\"application\/ld+json\" class=\"yoast-schema-graph\">{\"@context\":\"https:\\\/\\\/schema.org\",\"@graph\":[{\"@type\":\"WebPage\",\"@id\":\"https:\\\/\\\/foliobooks.pl\\\/en\\\/shop\\\/a-journey-into-the-style-and-music-of-my-icons-since-1969-the-year-of-the-big-bang\\\/\",\"url\":\"https:\\\/\\\/foliobooks.pl\\\/en\\\/shop\\\/a-journey-into-the-style-and-music-of-my-icons-since-1969-the-year-of-the-big-bang\\\/\",\"name\":\"A Journey Into the Style and Music of My Icons Since 1969: The Year of the Big Bang (Frida Giannini) - book \\\/ album - Folio\",\"isPartOf\":{\"@id\":\"https:\\\/\\\/foliobooks.pl\\\/en\\\/#website\"},\"primaryImageOfPage\":{\"@id\":\"https:\\\/\\\/foliobooks.pl\\\/en\\\/shop\\\/a-journey-into-the-style-and-music-of-my-icons-since-1969-the-year-of-the-big-bang\\\/#primaryimage\"},\"image\":{\"@id\":\"https:\\\/\\\/foliobooks.pl\\\/en\\\/shop\\\/a-journey-into-the-style-and-music-of-my-icons-since-1969-the-year-of-the-big-bang\\\/#primaryimage\"},\"thumbnailUrl\":\"https:\\\/\\\/foliobooks.pl\\\/wp-content\\\/uploads\\\/2024\\\/03\\\/9788891836809.png\",\"datePublished\":\"2024-03-21T08:24:11+00:00\",\"description\":\"Wejd\u017a i kup ksi\u0105\u017ck\u0119 A Journey Into the Style and Music of My Icons Since 1969: The Year of the Big Bang autorstwa Frida Giannini wydan\u0105 przez Rizzoli (2023-12-05) w formacie 25,2 x 34,3 cm (ISBN: 9788891836809). Zapraszamy!\",\"breadcrumb\":{\"@id\":\"https:\\\/\\\/foliobooks.pl\\\/en\\\/shop\\\/a-journey-into-the-style-and-music-of-my-icons-since-1969-the-year-of-the-big-bang\\\/#breadcrumb\"},\"inLanguage\":\"en-US\",\"potentialAction\":[{\"@type\":\"ReadAction\",\"target\":[\"https:\\\/\\\/foliobooks.pl\\\/en\\\/shop\\\/a-journey-into-the-style-and-music-of-my-icons-since-1969-the-year-of-the-big-bang\\\/\"]}]},{\"@type\":\"ImageObject\",\"inLanguage\":\"en-US\",\"@id\":\"https:\\\/\\\/foliobooks.pl\\\/en\\\/shop\\\/a-journey-into-the-style-and-music-of-my-icons-since-1969-the-year-of-the-big-bang\\\/#primaryimage\",\"url\":\"https:\\\/\\\/foliobooks.pl\\\/wp-content\\\/uploads\\\/2024\\\/03\\\/9788891836809.png\",\"contentUrl\":\"https:\\\/\\\/foliobooks.pl\\\/wp-content\\\/uploads\\\/2024\\\/03\\\/9788891836809.png\",\"width\":570,\"height\":708},{\"@type\":\"BreadcrumbList\",\"@id\":\"https:\\\/\\\/foliobooks.pl\\\/en\\\/shop\\\/a-journey-into-the-style-and-music-of-my-icons-since-1969-the-year-of-the-big-bang\\\/#breadcrumb\",\"itemListElement\":[{\"@type\":\"ListItem\",\"position\":1,\"name\":\"Strona g\u0142\u00f3wna\",\"item\":\"https:\\\/\\\/foliobooks.pl\\\/en\\\/\"},{\"@type\":\"ListItem\",\"position\":2,\"name\":\"Shop\",\"item\":\"https:\\\/\\\/foliobooks.pl\\\/en\\\/shop\\\/\"},{\"@type\":\"ListItem\",\"position\":3,\"name\":\"A Journey Into the Style and Music of My Icons Since 1969: The Year of the Big Bang\"}]},{\"@type\":\"WebSite\",\"@id\":\"https:\\\/\\\/foliobooks.pl\\\/en\\\/#website\",\"url\":\"https:\\\/\\\/foliobooks.pl\\\/en\\\/\",\"name\":\"Folio\",\"description\":\"Ksi\u0119garnia internetowa\",\"potentialAction\":[{\"@type\":\"SearchAction\",\"target\":{\"@type\":\"EntryPoint\",\"urlTemplate\":\"https:\\\/\\\/foliobooks.pl\\\/en\\\/?s={search_term_string}\"},\"query-input\":{\"@type\":\"PropertyValueSpecification\",\"valueRequired\":true,\"valueName\":\"search_term_string\"}}],\"inLanguage\":\"en-US\"}]}<\/script>\n<!-- \/ Yoast SEO plugin. -->","yoast_head_json":{"title":"A Journey Into the Style and Music of My Icons Since 1969: The Year of the Big Bang (Frida Giannini) - book \/ album - Folio","description":"Wejd\u017a i kup ksi\u0105\u017ck\u0119 A Journey Into the Style and Music of My Icons Since 1969: The Year of the Big Bang autorstwa Frida Giannini wydan\u0105 przez Rizzoli (2023-12-05) w formacie 25,2 x 34,3 cm (ISBN: 9788891836809). Zapraszamy!","robots":{"index":"index","follow":"follow","max-snippet":"max-snippet:-1","max-image-preview":"max-image-preview:large","max-video-preview":"max-video-preview:-1"},"canonical":"https:\/\/foliobooks.pl\/en\/shop\/a-journey-into-the-style-and-music-of-my-icons-since-1969-the-year-of-the-big-bang\/","og_locale":"en_US","og_type":"article","og_title":"A Journey Into the Style and Music of My Icons Since 1969: The Year of the Big Bang (Frida Giannini) - book \/ album - Folio","og_description":"Wejd\u017a i kup ksi\u0105\u017ck\u0119 A Journey Into the Style and Music of My Icons Since 1969: The Year of the Big Bang autorstwa Frida Giannini wydan\u0105 przez Rizzoli (2023-12-05) w formacie 25,2 x 34,3 cm (ISBN: 9788891836809). Zapraszamy!","og_url":"https:\/\/foliobooks.pl\/en\/shop\/a-journey-into-the-style-and-music-of-my-icons-since-1969-the-year-of-the-big-bang\/","og_site_name":"Folio","og_image":[{"width":570,"height":708,"url":"https:\/\/foliobooks.pl\/wp-content\/uploads\/2024\/03\/9788891836809.png","type":"image\/png"}],"twitter_card":"summary_large_image","twitter_misc":{"Est. reading time":"2 minutes"},"schema":{"@context":"https:\/\/schema.org","@graph":[{"@type":"WebPage","@id":"https:\/\/foliobooks.pl\/en\/shop\/a-journey-into-the-style-and-music-of-my-icons-since-1969-the-year-of-the-big-bang\/","url":"https:\/\/foliobooks.pl\/en\/shop\/a-journey-into-the-style-and-music-of-my-icons-since-1969-the-year-of-the-big-bang\/","name":"A Journey Into the Style and Music of My Icons Since 1969: The Year of the Big Bang (Frida Giannini) - book \/ album - Folio","isPartOf":{"@id":"https:\/\/foliobooks.pl\/en\/#website"},"primaryImageOfPage":{"@id":"https:\/\/foliobooks.pl\/en\/shop\/a-journey-into-the-style-and-music-of-my-icons-since-1969-the-year-of-the-big-bang\/#primaryimage"},"image":{"@id":"https:\/\/foliobooks.pl\/en\/shop\/a-journey-into-the-style-and-music-of-my-icons-since-1969-the-year-of-the-big-bang\/#primaryimage"},"thumbnailUrl":"https:\/\/foliobooks.pl\/wp-content\/uploads\/2024\/03\/9788891836809.png","datePublished":"2024-03-21T08:24:11+00:00","description":"Wejd\u017a i kup ksi\u0105\u017ck\u0119 A Journey Into the Style and Music of My Icons Since 1969: The Year of the Big Bang autorstwa Frida Giannini wydan\u0105 przez Rizzoli (2023-12-05) w formacie 25,2 x 34,3 cm (ISBN: 9788891836809). Zapraszamy!","breadcrumb":{"@id":"https:\/\/foliobooks.pl\/en\/shop\/a-journey-into-the-style-and-music-of-my-icons-since-1969-the-year-of-the-big-bang\/#breadcrumb"},"inLanguage":"en-US","potentialAction":[{"@type":"ReadAction","target":["https:\/\/foliobooks.pl\/en\/shop\/a-journey-into-the-style-and-music-of-my-icons-since-1969-the-year-of-the-big-bang\/"]}]},{"@type":"ImageObject","inLanguage":"en-US","@id":"https:\/\/foliobooks.pl\/en\/shop\/a-journey-into-the-style-and-music-of-my-icons-since-1969-the-year-of-the-big-bang\/#primaryimage","url":"https:\/\/foliobooks.pl\/wp-content\/uploads\/2024\/03\/9788891836809.png","contentUrl":"https:\/\/foliobooks.pl\/wp-content\/uploads\/2024\/03\/9788891836809.png","width":570,"height":708},{"@type":"BreadcrumbList","@id":"https:\/\/foliobooks.pl\/en\/shop\/a-journey-into-the-style-and-music-of-my-icons-since-1969-the-year-of-the-big-bang\/#breadcrumb","itemListElement":[{"@type":"ListItem","position":1,"name":"Strona g\u0142\u00f3wna","item":"https:\/\/foliobooks.pl\/en\/"},{"@type":"ListItem","position":2,"name":"Shop","item":"https:\/\/foliobooks.pl\/en\/shop\/"},{"@type":"ListItem","position":3,"name":"A Journey Into the Style and Music of My Icons Since 1969: The Year of the Big Bang"}]},{"@type":"WebSite","@id":"https:\/\/foliobooks.pl\/en\/#website","url":"https:\/\/foliobooks.pl\/en\/","name":"Folio","description":"Ksi\u0119garnia internetowa","potentialAction":[{"@type":"SearchAction","target":{"@type":"EntryPoint","urlTemplate":"https:\/\/foliobooks.pl\/en\/?s={search_term_string}"},"query-input":{"@type":"PropertyValueSpecification","valueRequired":true,"valueName":"search_term_string"}}],"inLanguage":"en-US"}]}},"_links":{"self":[{"href":"https:\/\/foliobooks.pl\/en\/wp-json\/wp\/v2\/product\/101012","targetHints":{"allow":["GET"]}}],"collection":[{"href":"https:\/\/foliobooks.pl\/en\/wp-json\/wp\/v2\/product"}],"about":[{"href":"https:\/\/foliobooks.pl\/en\/wp-json\/wp\/v2\/types\/product"}],"replies":[{"embeddable":true,"href":"https:\/\/foliobooks.pl\/en\/wp-json\/wp\/v2\/comments?post=101012"}],"wp:featuredmedia":[{"embeddable":true,"href":"https:\/\/foliobooks.pl\/en\/wp-json\/wp\/v2\/media\/101011"}],"wp:attachment":[{"href":"https:\/\/foliobooks.pl\/en\/wp-json\/wp\/v2\/media?parent=101012"}],"wp:term":[{"taxonomy":"product_brand","embeddable":true,"href":"https:\/\/foliobooks.pl\/en\/wp-json\/wp\/v2\/product_brand?post=101012"},{"taxonomy":"product_cat","embeddable":true,"href":"https:\/\/foliobooks.pl\/en\/wp-json\/wp\/v2\/product_cat?post=101012"},{"taxonomy":"product_tag","embeddable":true,"href":"https:\/\/foliobooks.pl\/en\/wp-json\/wp\/v2\/product_tag?post=101012"}],"curies":[{"name":"wp","href":"https:\/\/api.w.org\/{rel}","templated":true}]}}