{"id":100802,"date":"2024-01-19T13:45:13","date_gmt":"2024-01-19T12:45:13","guid":{"rendered":"https:\/\/foliobooks.pl\/sklep\/500-years-100-watches\/"},"modified":"2024-04-26T14:26:01","modified_gmt":"2024-04-26T12:26:01","slug":"500-years-100-watches","status":"publish","type":"product","link":"https:\/\/foliobooks.pl\/en\/shop\/500-years-100-watches\/","title":{"rendered":"500 Years, 100 Watches"},"content":{"rendered":"<p>From two of the world\u2019s leading experts on watch collecting, this supremely elegant and informative selection of one hundred watches traces the timepiece\u2019s evolution as it highlights unusual, important, and beautifully crafted watches of the past half a millennium.<\/p>\n<p>For centuries people have been captivated by watches\u2014whether for their technical precision, their unique design, or their historic importance. Each of the one hundred watches profiled in this elegant book stands out for one or more of these qualities. Organized chronologically and divided by century, the watches are presented in spacious, double-page spreads, featuring exquisite photography with engaging, incisive texts.<\/p>\n<p>Readers will discover examples of the earliest watch forms; an astonishing Elizabethan-era watch with astrolabic dial; an early 17th century watch encased in a single emerald; two of the earliest watches to incorporate the balance spring\u2014a feature that revolutionized the portable timekeeper; and some of the first repeating and perpetual calendar watches. These are followed by the first lever watch, invented by Thomas Mudge; important precision watches; early 19th century enamel and automaton watches; highly complex watches by Breguet and Patek Philippe; Sir Winston Churchill\u2019s yellow gold World Time Victory watch; a Rolex wristwatch made to commemorate Indian Republic Day; an Omega Speedmaster that went into space; and a Roger Smith wristwatch completed in 2023.<\/p>\n<p>Featuring exquisitely reproduced photographs that are appearing for the first time together in book form, this historic collection will appeal to sophisticated collectors, amateur watch enthusiasts, and anyone with an interest in the art and science of horology.<\/p>\n","protected":false},"excerpt":{"rendered":"<p>From two of the world\u2019s leading experts on watch collecting, this supremely elegant and informative selection of one hundred watches traces the timepiece\u2019s evolution as it highlights unusual, important, and beautifully crafted watches of the past half a millennium. For centuries people have been captivated by watches\u2014whether for their technical precision, their unique design, or&#8230;<\/p>\n","protected":false},"featured_media":100801,"comment_status":"closed","ping_status":"closed","template":"","meta":[],"product_brand":[],"product_cat":[13533,4519,4517],"product_tag":[12010],"class_list":{"0":"post-100802","1":"product","2":"type-product","3":"status-publish","4":"has-post-thumbnail","6":"product_cat-books","7":"product_cat-fashion-en-en","8":"product_cat-photography-en","9":"product_tag-watches-en","10":"pa_author_att-alexander-barter-en","11":"pa_cover-hardcover","12":"pa_format-245-x-305-cm-en","13":"pa_isbn-9783791379753-en","14":"pa_language-eng","15":"pa_pages-304-2-en","16":"pa_published-2024-01-09-en","17":"pa_publisher-prestel-en","19":"first","20":"outofstock","21":"shipping-taxable","22":"purchasable","23":"product-type-simple"},"yoast_head":"<!-- This site is optimized with the Yoast SEO plugin v27.4 - https:\/\/yoast.com\/product\/yoast-seo-wordpress\/ -->\n<title>500 Years, 100 Watches (Alexander Barter) - book \/ album - Folio<\/title>\n<meta name=\"description\" content=\"Wejd\u017a i kup ksi\u0105\u017ck\u0119 500 Years, 100 Watches autorstwa Alexander Barter wydan\u0105 przez PRESTEL (2024-01-09) w formacie 24,5 x 30,5 cm (ISBN: 9783791379753). Zapraszamy!\" \/>\n<meta name=\"robots\" content=\"index, follow, max-snippet:-1, max-image-preview:large, max-video-preview:-1\" \/>\n<link rel=\"canonical\" href=\"https:\/\/foliobooks.pl\/en\/shop\/500-years-100-watches\/\" \/>\n<meta property=\"og:locale\" content=\"en_US\" \/>\n<meta property=\"og:type\" content=\"article\" \/>\n<meta property=\"og:title\" content=\"500 Years, 100 Watches (Alexander Barter) - book \/ album - Folio\" \/>\n<meta property=\"og:description\" content=\"Wejd\u017a i kup ksi\u0105\u017ck\u0119 500 Years, 100 Watches autorstwa Alexander Barter wydan\u0105 przez PRESTEL (2024-01-09) w formacie 24,5 x 30,5 cm (ISBN: 9783791379753). Zapraszamy!\" \/>\n<meta property=\"og:url\" content=\"https:\/\/foliobooks.pl\/en\/shop\/500-years-100-watches\/\" \/>\n<meta property=\"og:site_name\" content=\"Folio\" \/>\n<meta property=\"article:modified_time\" content=\"2024-04-26T12:26:01+00:00\" \/>\n<meta property=\"og:image\" content=\"https:\/\/foliobooks.pl\/wp-content\/uploads\/2024\/01\/9783791379753png.png\" \/>\n\t<meta property=\"og:image:width\" content=\"570\" \/>\n\t<meta property=\"og:image:height\" content=\"708\" \/>\n\t<meta property=\"og:image:type\" content=\"image\/png\" \/>\n<meta name=\"twitter:card\" content=\"summary_large_image\" \/>\n<meta name=\"twitter:label1\" content=\"Est. reading time\" \/>\n\t<meta name=\"twitter:data1\" content=\"2 minutes\" \/>\n<script type=\"application\/ld+json\" class=\"yoast-schema-graph\">{\"@context\":\"https:\\\/\\\/schema.org\",\"@graph\":[{\"@type\":\"WebPage\",\"@id\":\"https:\\\/\\\/foliobooks.pl\\\/en\\\/shop\\\/500-years-100-watches\\\/\",\"url\":\"https:\\\/\\\/foliobooks.pl\\\/en\\\/shop\\\/500-years-100-watches\\\/\",\"name\":\"500 Years, 100 Watches (Alexander Barter) - book \\\/ album - Folio\",\"isPartOf\":{\"@id\":\"https:\\\/\\\/foliobooks.pl\\\/en\\\/#website\"},\"primaryImageOfPage\":{\"@id\":\"https:\\\/\\\/foliobooks.pl\\\/en\\\/shop\\\/500-years-100-watches\\\/#primaryimage\"},\"image\":{\"@id\":\"https:\\\/\\\/foliobooks.pl\\\/en\\\/shop\\\/500-years-100-watches\\\/#primaryimage\"},\"thumbnailUrl\":\"https:\\\/\\\/foliobooks.pl\\\/wp-content\\\/uploads\\\/2024\\\/01\\\/9783791379753png.png\",\"datePublished\":\"2024-01-19T12:45:13+00:00\",\"dateModified\":\"2024-04-26T12:26:01+00:00\",\"description\":\"Wejd\u017a i kup ksi\u0105\u017ck\u0119 500 Years, 100 Watches autorstwa Alexander Barter wydan\u0105 przez PRESTEL (2024-01-09) w formacie 24,5 x 30,5 cm (ISBN: 9783791379753). Zapraszamy!\",\"breadcrumb\":{\"@id\":\"https:\\\/\\\/foliobooks.pl\\\/en\\\/shop\\\/500-years-100-watches\\\/#breadcrumb\"},\"inLanguage\":\"en-US\",\"potentialAction\":[{\"@type\":\"ReadAction\",\"target\":[\"https:\\\/\\\/foliobooks.pl\\\/en\\\/shop\\\/500-years-100-watches\\\/\"]}]},{\"@type\":\"ImageObject\",\"inLanguage\":\"en-US\",\"@id\":\"https:\\\/\\\/foliobooks.pl\\\/en\\\/shop\\\/500-years-100-watches\\\/#primaryimage\",\"url\":\"https:\\\/\\\/foliobooks.pl\\\/wp-content\\\/uploads\\\/2024\\\/01\\\/9783791379753png.png\",\"contentUrl\":\"https:\\\/\\\/foliobooks.pl\\\/wp-content\\\/uploads\\\/2024\\\/01\\\/9783791379753png.png\",\"width\":570,\"height\":708},{\"@type\":\"BreadcrumbList\",\"@id\":\"https:\\\/\\\/foliobooks.pl\\\/en\\\/shop\\\/500-years-100-watches\\\/#breadcrumb\",\"itemListElement\":[{\"@type\":\"ListItem\",\"position\":1,\"name\":\"Strona g\u0142\u00f3wna\",\"item\":\"https:\\\/\\\/foliobooks.pl\\\/en\\\/\"},{\"@type\":\"ListItem\",\"position\":2,\"name\":\"Shop\",\"item\":\"https:\\\/\\\/foliobooks.pl\\\/en\\\/shop\\\/\"},{\"@type\":\"ListItem\",\"position\":3,\"name\":\"500 Years, 100 Watches\"}]},{\"@type\":\"WebSite\",\"@id\":\"https:\\\/\\\/foliobooks.pl\\\/en\\\/#website\",\"url\":\"https:\\\/\\\/foliobooks.pl\\\/en\\\/\",\"name\":\"Folio\",\"description\":\"Ksi\u0119garnia internetowa\",\"potentialAction\":[{\"@type\":\"SearchAction\",\"target\":{\"@type\":\"EntryPoint\",\"urlTemplate\":\"https:\\\/\\\/foliobooks.pl\\\/en\\\/?s={search_term_string}\"},\"query-input\":{\"@type\":\"PropertyValueSpecification\",\"valueRequired\":true,\"valueName\":\"search_term_string\"}}],\"inLanguage\":\"en-US\"}]}<\/script>\n<!-- \/ Yoast SEO plugin. -->","yoast_head_json":{"title":"500 Years, 100 Watches (Alexander Barter) - book \/ album - Folio","description":"Wejd\u017a i kup ksi\u0105\u017ck\u0119 500 Years, 100 Watches autorstwa Alexander Barter wydan\u0105 przez PRESTEL (2024-01-09) w formacie 24,5 x 30,5 cm (ISBN: 9783791379753). Zapraszamy!","robots":{"index":"index","follow":"follow","max-snippet":"max-snippet:-1","max-image-preview":"max-image-preview:large","max-video-preview":"max-video-preview:-1"},"canonical":"https:\/\/foliobooks.pl\/en\/shop\/500-years-100-watches\/","og_locale":"en_US","og_type":"article","og_title":"500 Years, 100 Watches (Alexander Barter) - book \/ album - Folio","og_description":"Wejd\u017a i kup ksi\u0105\u017ck\u0119 500 Years, 100 Watches autorstwa Alexander Barter wydan\u0105 przez PRESTEL (2024-01-09) w formacie 24,5 x 30,5 cm (ISBN: 9783791379753). Zapraszamy!","og_url":"https:\/\/foliobooks.pl\/en\/shop\/500-years-100-watches\/","og_site_name":"Folio","article_modified_time":"2024-04-26T12:26:01+00:00","og_image":[{"width":570,"height":708,"url":"https:\/\/foliobooks.pl\/wp-content\/uploads\/2024\/01\/9783791379753png.png","type":"image\/png"}],"twitter_card":"summary_large_image","twitter_misc":{"Est. reading time":"2 minutes"},"schema":{"@context":"https:\/\/schema.org","@graph":[{"@type":"WebPage","@id":"https:\/\/foliobooks.pl\/en\/shop\/500-years-100-watches\/","url":"https:\/\/foliobooks.pl\/en\/shop\/500-years-100-watches\/","name":"500 Years, 100 Watches (Alexander Barter) - book \/ album - Folio","isPartOf":{"@id":"https:\/\/foliobooks.pl\/en\/#website"},"primaryImageOfPage":{"@id":"https:\/\/foliobooks.pl\/en\/shop\/500-years-100-watches\/#primaryimage"},"image":{"@id":"https:\/\/foliobooks.pl\/en\/shop\/500-years-100-watches\/#primaryimage"},"thumbnailUrl":"https:\/\/foliobooks.pl\/wp-content\/uploads\/2024\/01\/9783791379753png.png","datePublished":"2024-01-19T12:45:13+00:00","dateModified":"2024-04-26T12:26:01+00:00","description":"Wejd\u017a i kup ksi\u0105\u017ck\u0119 500 Years, 100 Watches autorstwa Alexander Barter wydan\u0105 przez PRESTEL (2024-01-09) w formacie 24,5 x 30,5 cm (ISBN: 9783791379753). Zapraszamy!","breadcrumb":{"@id":"https:\/\/foliobooks.pl\/en\/shop\/500-years-100-watches\/#breadcrumb"},"inLanguage":"en-US","potentialAction":[{"@type":"ReadAction","target":["https:\/\/foliobooks.pl\/en\/shop\/500-years-100-watches\/"]}]},{"@type":"ImageObject","inLanguage":"en-US","@id":"https:\/\/foliobooks.pl\/en\/shop\/500-years-100-watches\/#primaryimage","url":"https:\/\/foliobooks.pl\/wp-content\/uploads\/2024\/01\/9783791379753png.png","contentUrl":"https:\/\/foliobooks.pl\/wp-content\/uploads\/2024\/01\/9783791379753png.png","width":570,"height":708},{"@type":"BreadcrumbList","@id":"https:\/\/foliobooks.pl\/en\/shop\/500-years-100-watches\/#breadcrumb","itemListElement":[{"@type":"ListItem","position":1,"name":"Strona g\u0142\u00f3wna","item":"https:\/\/foliobooks.pl\/en\/"},{"@type":"ListItem","position":2,"name":"Shop","item":"https:\/\/foliobooks.pl\/en\/shop\/"},{"@type":"ListItem","position":3,"name":"500 Years, 100 Watches"}]},{"@type":"WebSite","@id":"https:\/\/foliobooks.pl\/en\/#website","url":"https:\/\/foliobooks.pl\/en\/","name":"Folio","description":"Ksi\u0119garnia internetowa","potentialAction":[{"@type":"SearchAction","target":{"@type":"EntryPoint","urlTemplate":"https:\/\/foliobooks.pl\/en\/?s={search_term_string}"},"query-input":{"@type":"PropertyValueSpecification","valueRequired":true,"valueName":"search_term_string"}}],"inLanguage":"en-US"}]}},"_links":{"self":[{"href":"https:\/\/foliobooks.pl\/en\/wp-json\/wp\/v2\/product\/100802","targetHints":{"allow":["GET"]}}],"collection":[{"href":"https:\/\/foliobooks.pl\/en\/wp-json\/wp\/v2\/product"}],"about":[{"href":"https:\/\/foliobooks.pl\/en\/wp-json\/wp\/v2\/types\/product"}],"replies":[{"embeddable":true,"href":"https:\/\/foliobooks.pl\/en\/wp-json\/wp\/v2\/comments?post=100802"}],"wp:featuredmedia":[{"embeddable":true,"href":"https:\/\/foliobooks.pl\/en\/wp-json\/wp\/v2\/media\/100801"}],"wp:attachment":[{"href":"https:\/\/foliobooks.pl\/en\/wp-json\/wp\/v2\/media?parent=100802"}],"wp:term":[{"taxonomy":"product_brand","embeddable":true,"href":"https:\/\/foliobooks.pl\/en\/wp-json\/wp\/v2\/product_brand?post=100802"},{"taxonomy":"product_cat","embeddable":true,"href":"https:\/\/foliobooks.pl\/en\/wp-json\/wp\/v2\/product_cat?post=100802"},{"taxonomy":"product_tag","embeddable":true,"href":"https:\/\/foliobooks.pl\/en\/wp-json\/wp\/v2\/product_tag?post=100802"}],"curies":[{"name":"wp","href":"https:\/\/api.w.org\/{rel}","templated":true}]}}