{"id":100798,"date":"2024-01-19T13:39:25","date_gmt":"2024-01-19T12:39:25","guid":{"rendered":"https:\/\/foliobooks.pl\/sklep\/vanity-fair-oscar-night-sessions\/"},"modified":"2024-04-09T15:35:34","modified_gmt":"2024-04-09T13:35:34","slug":"vanity-fair-oscar-night-sessions","status":"publish","type":"product","link":"https:\/\/foliobooks.pl\/en\/shop\/vanity-fair-oscar-night-sessions\/","title":{"rendered":"Vanity Fair. Oscar Night Sessions"},"content":{"rendered":"<p>For the past decade, photographer Mark Seliger has set up an elaborate pop-up studio inside the annual Vanity Fair after-party on Oscar night, producing exquisite portraits of Hollywood\u2019s A-list personalities in the immediate afterglow of cinema\u2019s biggest event of the year. This book gathers the best of these portraits, along with a foreword by Vanity Fair editor in chief Radhika Jones and an afterword by actor Alan Cumming, who sheds light on what it\u2019s like to be in front of Seliger\u2019s lens on the night of nights.<\/p>\n<p>With some 200 color portraits, featuring Oscar-winning actors, directors, and musicians, Hollywood power couples, and luminaries of all stripes, including Lady Gaga, Robert De Niro, Spike Lee, Regina King, Jessica Chastain, Taika Waititi, Timoth\u00e9e Chalamet, Donald Glover, and many more, this over-the-top volume will delight anyone interested in exquisite photography and Hollywood glamour.<\/p>\n","protected":false},"excerpt":{"rendered":"<p>For the past decade, photographer Mark Seliger has set up an elaborate pop-up studio inside the annual Vanity Fair after-party on Oscar night, producing exquisite portraits of Hollywood\u2019s A-list personalities in the immediate afterglow of cinema\u2019s biggest event of the year. This book gathers the best of these portraits, along with a foreword by Vanity&#8230;<\/p>\n","protected":false},"featured_media":100783,"comment_status":"closed","ping_status":"closed","template":"","meta":[],"product_brand":[],"product_cat":[13533,4517],"product_tag":[18063,1676],"class_list":{"0":"post-100798","1":"product","2":"type-product","3":"status-publish","4":"has-post-thumbnail","6":"product_cat-books","7":"product_cat-photography-en","8":"product_tag-film-en","9":"product_tag-movie-stars","10":"pa_author_att-mark-seliger-en","11":"pa_cover-hardcover","12":"pa_format-34-x-26-cm-en","13":"pa_isbn-9781419754784-en","14":"pa_language-eng","15":"pa_pages-256-en-en","16":"pa_published-2023-11-14-en","17":"pa_publisher-harry-n-abrams-en","19":"first","20":"outofstock","21":"shipping-taxable","22":"purchasable","23":"product-type-simple"},"yoast_head":"<!-- This site is optimized with the Yoast SEO plugin v27.4 - https:\/\/yoast.com\/product\/yoast-seo-wordpress\/ -->\n<title>Vanity Fair. Oscar Night Sessions (Mark Seliger) - book \/ album - Folio<\/title>\n<meta name=\"description\" content=\"Wejd\u017a i kup ksi\u0105\u017ck\u0119 Vanity Fair. Oscar Night Sessions autorstwa Mark Seliger wydan\u0105 przez Harry N. Abrams (2023-11-14) w formacie 34 x 26 cm (ISBN: 9781419754784). Zapraszamy!\" \/>\n<meta name=\"robots\" content=\"index, follow, max-snippet:-1, max-image-preview:large, max-video-preview:-1\" \/>\n<link rel=\"canonical\" href=\"https:\/\/foliobooks.pl\/en\/shop\/vanity-fair-oscar-night-sessions\/\" \/>\n<meta property=\"og:locale\" content=\"en_US\" \/>\n<meta property=\"og:type\" content=\"article\" \/>\n<meta property=\"og:title\" content=\"Vanity Fair. Oscar Night Sessions (Mark Seliger) - book \/ album - Folio\" \/>\n<meta property=\"og:description\" content=\"Wejd\u017a i kup ksi\u0105\u017ck\u0119 Vanity Fair. Oscar Night Sessions autorstwa Mark Seliger wydan\u0105 przez Harry N. Abrams (2023-11-14) w formacie 34 x 26 cm (ISBN: 9781419754784). Zapraszamy!\" \/>\n<meta property=\"og:url\" content=\"https:\/\/foliobooks.pl\/en\/shop\/vanity-fair-oscar-night-sessions\/\" \/>\n<meta property=\"og:site_name\" content=\"Folio\" \/>\n<meta property=\"article:modified_time\" content=\"2024-04-09T13:35:34+00:00\" \/>\n<meta property=\"og:image\" content=\"https:\/\/foliobooks.pl\/wp-content\/uploads\/2024\/01\/9781419754784.png\" \/>\n\t<meta property=\"og:image:width\" content=\"570\" \/>\n\t<meta property=\"og:image:height\" content=\"708\" \/>\n\t<meta property=\"og:image:type\" content=\"image\/png\" \/>\n<meta name=\"twitter:card\" content=\"summary_large_image\" \/>\n<meta name=\"twitter:label1\" content=\"Est. reading time\" \/>\n\t<meta name=\"twitter:data1\" content=\"2 minutes\" \/>\n<script type=\"application\/ld+json\" class=\"yoast-schema-graph\">{\"@context\":\"https:\\\/\\\/schema.org\",\"@graph\":[{\"@type\":\"WebPage\",\"@id\":\"https:\\\/\\\/foliobooks.pl\\\/en\\\/shop\\\/vanity-fair-oscar-night-sessions\\\/\",\"url\":\"https:\\\/\\\/foliobooks.pl\\\/en\\\/shop\\\/vanity-fair-oscar-night-sessions\\\/\",\"name\":\"Vanity Fair. Oscar Night Sessions (Mark Seliger) - book \\\/ album - Folio\",\"isPartOf\":{\"@id\":\"https:\\\/\\\/foliobooks.pl\\\/en\\\/#website\"},\"primaryImageOfPage\":{\"@id\":\"https:\\\/\\\/foliobooks.pl\\\/en\\\/shop\\\/vanity-fair-oscar-night-sessions\\\/#primaryimage\"},\"image\":{\"@id\":\"https:\\\/\\\/foliobooks.pl\\\/en\\\/shop\\\/vanity-fair-oscar-night-sessions\\\/#primaryimage\"},\"thumbnailUrl\":\"https:\\\/\\\/foliobooks.pl\\\/wp-content\\\/uploads\\\/2024\\\/01\\\/9781419754784.png\",\"datePublished\":\"2024-01-19T12:39:25+00:00\",\"dateModified\":\"2024-04-09T13:35:34+00:00\",\"description\":\"Wejd\u017a i kup ksi\u0105\u017ck\u0119 Vanity Fair. Oscar Night Sessions autorstwa Mark Seliger wydan\u0105 przez Harry N. Abrams (2023-11-14) w formacie 34 x 26 cm (ISBN: 9781419754784). Zapraszamy!\",\"breadcrumb\":{\"@id\":\"https:\\\/\\\/foliobooks.pl\\\/en\\\/shop\\\/vanity-fair-oscar-night-sessions\\\/#breadcrumb\"},\"inLanguage\":\"en-US\",\"potentialAction\":[{\"@type\":\"ReadAction\",\"target\":[\"https:\\\/\\\/foliobooks.pl\\\/en\\\/shop\\\/vanity-fair-oscar-night-sessions\\\/\"]}]},{\"@type\":\"ImageObject\",\"inLanguage\":\"en-US\",\"@id\":\"https:\\\/\\\/foliobooks.pl\\\/en\\\/shop\\\/vanity-fair-oscar-night-sessions\\\/#primaryimage\",\"url\":\"https:\\\/\\\/foliobooks.pl\\\/wp-content\\\/uploads\\\/2024\\\/01\\\/9781419754784.png\",\"contentUrl\":\"https:\\\/\\\/foliobooks.pl\\\/wp-content\\\/uploads\\\/2024\\\/01\\\/9781419754784.png\",\"width\":570,\"height\":708},{\"@type\":\"BreadcrumbList\",\"@id\":\"https:\\\/\\\/foliobooks.pl\\\/en\\\/shop\\\/vanity-fair-oscar-night-sessions\\\/#breadcrumb\",\"itemListElement\":[{\"@type\":\"ListItem\",\"position\":1,\"name\":\"Strona g\u0142\u00f3wna\",\"item\":\"https:\\\/\\\/foliobooks.pl\\\/en\\\/\"},{\"@type\":\"ListItem\",\"position\":2,\"name\":\"Shop\",\"item\":\"https:\\\/\\\/foliobooks.pl\\\/en\\\/shop\\\/\"},{\"@type\":\"ListItem\",\"position\":3,\"name\":\"Vanity Fair. Oscar Night Sessions\"}]},{\"@type\":\"WebSite\",\"@id\":\"https:\\\/\\\/foliobooks.pl\\\/en\\\/#website\",\"url\":\"https:\\\/\\\/foliobooks.pl\\\/en\\\/\",\"name\":\"Folio\",\"description\":\"Ksi\u0119garnia internetowa\",\"potentialAction\":[{\"@type\":\"SearchAction\",\"target\":{\"@type\":\"EntryPoint\",\"urlTemplate\":\"https:\\\/\\\/foliobooks.pl\\\/en\\\/?s={search_term_string}\"},\"query-input\":{\"@type\":\"PropertyValueSpecification\",\"valueRequired\":true,\"valueName\":\"search_term_string\"}}],\"inLanguage\":\"en-US\"}]}<\/script>\n<!-- \/ Yoast SEO plugin. -->","yoast_head_json":{"title":"Vanity Fair. Oscar Night Sessions (Mark Seliger) - book \/ album - Folio","description":"Wejd\u017a i kup ksi\u0105\u017ck\u0119 Vanity Fair. Oscar Night Sessions autorstwa Mark Seliger wydan\u0105 przez Harry N. Abrams (2023-11-14) w formacie 34 x 26 cm (ISBN: 9781419754784). Zapraszamy!","robots":{"index":"index","follow":"follow","max-snippet":"max-snippet:-1","max-image-preview":"max-image-preview:large","max-video-preview":"max-video-preview:-1"},"canonical":"https:\/\/foliobooks.pl\/en\/shop\/vanity-fair-oscar-night-sessions\/","og_locale":"en_US","og_type":"article","og_title":"Vanity Fair. Oscar Night Sessions (Mark Seliger) - book \/ album - Folio","og_description":"Wejd\u017a i kup ksi\u0105\u017ck\u0119 Vanity Fair. Oscar Night Sessions autorstwa Mark Seliger wydan\u0105 przez Harry N. Abrams (2023-11-14) w formacie 34 x 26 cm (ISBN: 9781419754784). Zapraszamy!","og_url":"https:\/\/foliobooks.pl\/en\/shop\/vanity-fair-oscar-night-sessions\/","og_site_name":"Folio","article_modified_time":"2024-04-09T13:35:34+00:00","og_image":[{"width":570,"height":708,"url":"https:\/\/foliobooks.pl\/wp-content\/uploads\/2024\/01\/9781419754784.png","type":"image\/png"}],"twitter_card":"summary_large_image","twitter_misc":{"Est. reading time":"2 minutes"},"schema":{"@context":"https:\/\/schema.org","@graph":[{"@type":"WebPage","@id":"https:\/\/foliobooks.pl\/en\/shop\/vanity-fair-oscar-night-sessions\/","url":"https:\/\/foliobooks.pl\/en\/shop\/vanity-fair-oscar-night-sessions\/","name":"Vanity Fair. Oscar Night Sessions (Mark Seliger) - book \/ album - Folio","isPartOf":{"@id":"https:\/\/foliobooks.pl\/en\/#website"},"primaryImageOfPage":{"@id":"https:\/\/foliobooks.pl\/en\/shop\/vanity-fair-oscar-night-sessions\/#primaryimage"},"image":{"@id":"https:\/\/foliobooks.pl\/en\/shop\/vanity-fair-oscar-night-sessions\/#primaryimage"},"thumbnailUrl":"https:\/\/foliobooks.pl\/wp-content\/uploads\/2024\/01\/9781419754784.png","datePublished":"2024-01-19T12:39:25+00:00","dateModified":"2024-04-09T13:35:34+00:00","description":"Wejd\u017a i kup ksi\u0105\u017ck\u0119 Vanity Fair. Oscar Night Sessions autorstwa Mark Seliger wydan\u0105 przez Harry N. Abrams (2023-11-14) w formacie 34 x 26 cm (ISBN: 9781419754784). Zapraszamy!","breadcrumb":{"@id":"https:\/\/foliobooks.pl\/en\/shop\/vanity-fair-oscar-night-sessions\/#breadcrumb"},"inLanguage":"en-US","potentialAction":[{"@type":"ReadAction","target":["https:\/\/foliobooks.pl\/en\/shop\/vanity-fair-oscar-night-sessions\/"]}]},{"@type":"ImageObject","inLanguage":"en-US","@id":"https:\/\/foliobooks.pl\/en\/shop\/vanity-fair-oscar-night-sessions\/#primaryimage","url":"https:\/\/foliobooks.pl\/wp-content\/uploads\/2024\/01\/9781419754784.png","contentUrl":"https:\/\/foliobooks.pl\/wp-content\/uploads\/2024\/01\/9781419754784.png","width":570,"height":708},{"@type":"BreadcrumbList","@id":"https:\/\/foliobooks.pl\/en\/shop\/vanity-fair-oscar-night-sessions\/#breadcrumb","itemListElement":[{"@type":"ListItem","position":1,"name":"Strona g\u0142\u00f3wna","item":"https:\/\/foliobooks.pl\/en\/"},{"@type":"ListItem","position":2,"name":"Shop","item":"https:\/\/foliobooks.pl\/en\/shop\/"},{"@type":"ListItem","position":3,"name":"Vanity Fair. Oscar Night Sessions"}]},{"@type":"WebSite","@id":"https:\/\/foliobooks.pl\/en\/#website","url":"https:\/\/foliobooks.pl\/en\/","name":"Folio","description":"Ksi\u0119garnia internetowa","potentialAction":[{"@type":"SearchAction","target":{"@type":"EntryPoint","urlTemplate":"https:\/\/foliobooks.pl\/en\/?s={search_term_string}"},"query-input":{"@type":"PropertyValueSpecification","valueRequired":true,"valueName":"search_term_string"}}],"inLanguage":"en-US"}]}},"_links":{"self":[{"href":"https:\/\/foliobooks.pl\/en\/wp-json\/wp\/v2\/product\/100798","targetHints":{"allow":["GET"]}}],"collection":[{"href":"https:\/\/foliobooks.pl\/en\/wp-json\/wp\/v2\/product"}],"about":[{"href":"https:\/\/foliobooks.pl\/en\/wp-json\/wp\/v2\/types\/product"}],"replies":[{"embeddable":true,"href":"https:\/\/foliobooks.pl\/en\/wp-json\/wp\/v2\/comments?post=100798"}],"wp:featuredmedia":[{"embeddable":true,"href":"https:\/\/foliobooks.pl\/en\/wp-json\/wp\/v2\/media\/100783"}],"wp:attachment":[{"href":"https:\/\/foliobooks.pl\/en\/wp-json\/wp\/v2\/media?parent=100798"}],"wp:term":[{"taxonomy":"product_brand","embeddable":true,"href":"https:\/\/foliobooks.pl\/en\/wp-json\/wp\/v2\/product_brand?post=100798"},{"taxonomy":"product_cat","embeddable":true,"href":"https:\/\/foliobooks.pl\/en\/wp-json\/wp\/v2\/product_cat?post=100798"},{"taxonomy":"product_tag","embeddable":true,"href":"https:\/\/foliobooks.pl\/en\/wp-json\/wp\/v2\/product_tag?post=100798"}],"curies":[{"name":"wp","href":"https:\/\/api.w.org\/{rel}","templated":true}]}}