{"id":711,"date":"2014-11-28T10:05:10","date_gmt":"2014-11-28T09:05:10","guid":{"rendered":"http:\/\/foliobooks.pl\/kategorie-2\/"},"modified":"2018-09-19T11:18:49","modified_gmt":"2018-09-19T09:18:49","slug":"categories","status":"publish","type":"page","link":"https:\/\/foliobooks.pl\/en\/categories\/","title":{"rendered":"Books &#038; Beautiful Things"},"content":{"rendered":"<div class=\"wpb-content-wrapper\"><p>[vc_row][vc_column]<div class=\"row\"><div class=\"categories_grid\">\r\n\t\t\t<div class=\"category_four_cat_1\">\r\n\t\t\t\t<div class=\"category_grid_box\">\r\n\t\t\t\t\t<span class=\"category_item_bkg\" style=\"background-image:url(https:\/\/foliobooks.pl\/wp-content\/uploads\/2015\/09\/loqi.jpeg)\"><\/span>\r\n\t\t\t\t\t<a href=\"https:\/\/foliobooks.pl\/en\/product-category\/beautifulthings\/\" class=\"category_item\" >\r\n\t\t\t\t\t\t<h3 class=\"category_name\">Beautiful Things<\/h3>\r\n\t\t\t\t\t<\/a>\r\n\t\t\t\t<\/div>\r\n\t\t\t<\/div>\r\n\r\n\t\t\t\r\n\t\t\t<div class=\"category_four_cat_2\">\r\n\t\t\t\t<div class=\"category_grid_box\">\r\n\t\t\t\t\t<span class=\"category_item_bkg\" style=\"background-image:url(https:\/\/foliobooks.pl\/wp-content\/uploads\/2018\/09\/books1.jpg)\"><\/span>\r\n\t\t\t\t\t<a href=\"https:\/\/foliobooks.pl\/en\/product-category\/books\/\" class=\"category_item\" >\r\n\t\t\t\t\t\t<h3 class=\"category_name\">Books<\/h3>\r\n\t\t\t\t\t<\/a>\r\n\t\t\t\t<\/div>\r\n\t\t\t<\/div>\r\n\r\n\t\t\t\r\n\t\t\t<div class=\"category_four_cat_3\">\r\n\t\t\t\t<div class=\"category_grid_box\">\r\n\t\t\t\t\t<span class=\"category_item_bkg\" style=\"background-image:url(https:\/\/foliobooks.pl\/wp-content\/uploads\/2014\/12\/cat_sr2.jpg)\"><\/span>\r\n\t\t\t\t\t<a href=\"https:\/\/foliobooks.pl\/en\/product-category\/silva-rerum-en-en\/\" class=\"category_item\" >\r\n\t\t\t\t\t\t<h3 class=\"category_name\">Silva rerum<\/h3>\r\n\t\t\t\t\t<\/a>\r\n\t\t\t\t<\/div>\r\n\t\t\t<\/div>\r\n\r\n\t\t\t\r\n\t\t\t<div class=\"category_four_cat_4\">\r\n\t\t\t\t<div class=\"category_grid_box\">\r\n\t\t\t\t\t<span class=\"category_item_bkg\" style=\"background-image:url()\"><\/span>\r\n\t\t\t\t\t<a href=\"https:\/\/foliobooks.pl\/en\/product-category\/uncategorized\/\" class=\"category_item\" >\r\n\t\t\t\t\t\t<h3 class=\"category_name\">Uncategorized<\/h3>\r\n\t\t\t\t\t<\/a>\r\n\t\t\t\t<\/div>\r\n\t\t\t<\/div>\r\n\r\n\t\t\t\r\n\t\t\t<div class=\"clearfix\"><\/div>\r\n\r\n\t\t<\/div><\/div>[\/vc_column][\/vc_row]<\/p>\n<\/div>","protected":false},"excerpt":{"rendered":"<p>[vc_row][vc_column][\/vc_column][\/vc_row]<\/p>\n","protected":false},"author":1,"featured_media":0,"parent":0,"menu_order":0,"comment_status":"closed","ping_status":"open","template":"","meta":{"footnotes":""},"class_list":["post-711","page","type-page","status-publish","hentry"],"yoast_head":"<!-- This site is optimized with the Yoast SEO plugin v27.4 - https:\/\/yoast.com\/product\/yoast-seo-wordpress\/ -->\n<title>Albumy fotograficzne - Folio<\/title>\n<meta name=\"description\" content=\"Ksi\u0119garnia internetowa Folio oferuje Pa\u0144stwu szereg ksi\u0105\u017cek i album\u00f3w w kategoriach m.in. architektura, fotografia, kulinaria, moda, motoryzacja, sztuka i wzornictwo\" \/>\n<meta name=\"robots\" content=\"index, follow, max-snippet:-1, max-image-preview:large, max-video-preview:-1\" \/>\n<link rel=\"canonical\" href=\"https:\/\/foliobooks.pl\/en\/categories\/\" \/>\n<meta property=\"og:locale\" content=\"en_US\" \/>\n<meta property=\"og:type\" content=\"article\" \/>\n<meta property=\"og:title\" content=\"Albumy fotograficzne - Folio\" \/>\n<meta property=\"og:description\" content=\"Ksi\u0119garnia internetowa Folio oferuje Pa\u0144stwu szereg ksi\u0105\u017cek i album\u00f3w w kategoriach m.in. architektura, fotografia, kulinaria, moda, motoryzacja, sztuka i wzornictwo\" \/>\n<meta property=\"og:url\" content=\"https:\/\/foliobooks.pl\/en\/categories\/\" \/>\n<meta property=\"og:site_name\" content=\"Folio\" \/>\n<meta property=\"article:modified_time\" content=\"2018-09-19T09:18:49+00:00\" \/>\n<meta name=\"twitter:card\" content=\"summary_large_image\" \/>\n<script type=\"application\/ld+json\" class=\"yoast-schema-graph\">{\"@context\":\"https:\\\/\\\/schema.org\",\"@graph\":[{\"@type\":\"WebPage\",\"@id\":\"https:\\\/\\\/foliobooks.pl\\\/en\\\/categories\\\/\",\"url\":\"https:\\\/\\\/foliobooks.pl\\\/en\\\/categories\\\/\",\"name\":\"Albumy fotograficzne - Folio\",\"isPartOf\":{\"@id\":\"https:\\\/\\\/foliobooks.pl\\\/en\\\/#website\"},\"datePublished\":\"2014-11-28T09:05:10+00:00\",\"dateModified\":\"2018-09-19T09:18:49+00:00\",\"description\":\"Ksi\u0119garnia internetowa Folio oferuje Pa\u0144stwu szereg ksi\u0105\u017cek i album\u00f3w w kategoriach m.in. architektura, fotografia, kulinaria, moda, motoryzacja, sztuka i wzornictwo\",\"breadcrumb\":{\"@id\":\"https:\\\/\\\/foliobooks.pl\\\/en\\\/categories\\\/#breadcrumb\"},\"inLanguage\":\"en-US\",\"potentialAction\":[{\"@type\":\"ReadAction\",\"target\":[\"https:\\\/\\\/foliobooks.pl\\\/en\\\/categories\\\/\"]}]},{\"@type\":\"BreadcrumbList\",\"@id\":\"https:\\\/\\\/foliobooks.pl\\\/en\\\/categories\\\/#breadcrumb\",\"itemListElement\":[{\"@type\":\"ListItem\",\"position\":1,\"name\":\"Strona g\u0142\u00f3wna\",\"item\":\"https:\\\/\\\/foliobooks.pl\\\/en\\\/\"},{\"@type\":\"ListItem\",\"position\":2,\"name\":\"Books &#038; Beautiful Things\"}]},{\"@type\":\"WebSite\",\"@id\":\"https:\\\/\\\/foliobooks.pl\\\/en\\\/#website\",\"url\":\"https:\\\/\\\/foliobooks.pl\\\/en\\\/\",\"name\":\"Folio\",\"description\":\"Ksi\u0119garnia internetowa\",\"potentialAction\":[{\"@type\":\"SearchAction\",\"target\":{\"@type\":\"EntryPoint\",\"urlTemplate\":\"https:\\\/\\\/foliobooks.pl\\\/en\\\/?s={search_term_string}\"},\"query-input\":{\"@type\":\"PropertyValueSpecification\",\"valueRequired\":true,\"valueName\":\"search_term_string\"}}],\"inLanguage\":\"en-US\"}]}<\/script>\n<!-- \/ Yoast SEO plugin. -->","yoast_head_json":{"title":"Albumy fotograficzne - Folio","description":"Ksi\u0119garnia internetowa Folio oferuje Pa\u0144stwu szereg ksi\u0105\u017cek i album\u00f3w w kategoriach m.in. architektura, fotografia, kulinaria, moda, motoryzacja, sztuka i wzornictwo","robots":{"index":"index","follow":"follow","max-snippet":"max-snippet:-1","max-image-preview":"max-image-preview:large","max-video-preview":"max-video-preview:-1"},"canonical":"https:\/\/foliobooks.pl\/en\/categories\/","og_locale":"en_US","og_type":"article","og_title":"Albumy fotograficzne - Folio","og_description":"Ksi\u0119garnia internetowa Folio oferuje Pa\u0144stwu szereg ksi\u0105\u017cek i album\u00f3w w kategoriach m.in. architektura, fotografia, kulinaria, moda, motoryzacja, sztuka i wzornictwo","og_url":"https:\/\/foliobooks.pl\/en\/categories\/","og_site_name":"Folio","article_modified_time":"2018-09-19T09:18:49+00:00","twitter_card":"summary_large_image","schema":{"@context":"https:\/\/schema.org","@graph":[{"@type":"WebPage","@id":"https:\/\/foliobooks.pl\/en\/categories\/","url":"https:\/\/foliobooks.pl\/en\/categories\/","name":"Albumy fotograficzne - Folio","isPartOf":{"@id":"https:\/\/foliobooks.pl\/en\/#website"},"datePublished":"2014-11-28T09:05:10+00:00","dateModified":"2018-09-19T09:18:49+00:00","description":"Ksi\u0119garnia internetowa Folio oferuje Pa\u0144stwu szereg ksi\u0105\u017cek i album\u00f3w w kategoriach m.in. architektura, fotografia, kulinaria, moda, motoryzacja, sztuka i wzornictwo","breadcrumb":{"@id":"https:\/\/foliobooks.pl\/en\/categories\/#breadcrumb"},"inLanguage":"en-US","potentialAction":[{"@type":"ReadAction","target":["https:\/\/foliobooks.pl\/en\/categories\/"]}]},{"@type":"BreadcrumbList","@id":"https:\/\/foliobooks.pl\/en\/categories\/#breadcrumb","itemListElement":[{"@type":"ListItem","position":1,"name":"Strona g\u0142\u00f3wna","item":"https:\/\/foliobooks.pl\/en\/"},{"@type":"ListItem","position":2,"name":"Books &#038; Beautiful Things"}]},{"@type":"WebSite","@id":"https:\/\/foliobooks.pl\/en\/#website","url":"https:\/\/foliobooks.pl\/en\/","name":"Folio","description":"Ksi\u0119garnia internetowa","potentialAction":[{"@type":"SearchAction","target":{"@type":"EntryPoint","urlTemplate":"https:\/\/foliobooks.pl\/en\/?s={search_term_string}"},"query-input":{"@type":"PropertyValueSpecification","valueRequired":true,"valueName":"search_term_string"}}],"inLanguage":"en-US"}]}},"_links":{"self":[{"href":"https:\/\/foliobooks.pl\/en\/wp-json\/wp\/v2\/pages\/711","targetHints":{"allow":["GET"]}}],"collection":[{"href":"https:\/\/foliobooks.pl\/en\/wp-json\/wp\/v2\/pages"}],"about":[{"href":"https:\/\/foliobooks.pl\/en\/wp-json\/wp\/v2\/types\/page"}],"author":[{"embeddable":true,"href":"https:\/\/foliobooks.pl\/en\/wp-json\/wp\/v2\/users\/1"}],"replies":[{"embeddable":true,"href":"https:\/\/foliobooks.pl\/en\/wp-json\/wp\/v2\/comments?post=711"}],"version-history":[{"count":0,"href":"https:\/\/foliobooks.pl\/en\/wp-json\/wp\/v2\/pages\/711\/revisions"}],"wp:attachment":[{"href":"https:\/\/foliobooks.pl\/en\/wp-json\/wp\/v2\/media?parent=711"}],"curies":[{"name":"wp","href":"https:\/\/api.w.org\/{rel}","templated":true}]}}